{"id":1029,"date":"2021-08-20T20:22:20","date_gmt":"2021-08-20T20:22:20","guid":{"rendered":"https:\/\/wroclaw-info.pl\/?page_id=1029"},"modified":"2021-11-27T20:48:39","modified_gmt":"2021-11-27T20:48:39","slug":"krasnale","status":"publish","type":"page","link":"https:\/\/wroclaw-info.pl\/en\/dla-dzieci\/krasnale\/","title":{"rendered":"Krasnale"},"content":{"rendered":"<div data-elementor-type=\"wp-page\" data-elementor-id=\"1029\" class=\"elementor elementor-1029\" data-elementor-settings=\"[]\">\n\t\t\t\t\t\t\t<div class=\"elementor-section-wrap\">\n\t\t\t\t\t\t\t<section class=\"elementor-section elementor-top-section elementor-element elementor-element-d4a1c32 elementor-section-height-min-height elementor-section-boxed elementor-section-height-default elementor-section-items-middle\" data-id=\"d4a1c32\" data-element_type=\"section\" data-settings=\"{&quot;background_background&quot;:&quot;classic&quot;}\">\n\t\t\t\t\t\t\t<div class=\"elementor-background-overlay\"><\/div>\n\t\t\t\t\t\t\t<div class=\"elementor-container elementor-column-gap-extended\">\n\t\t\t\t\t<div class=\"elementor-column elementor-col-50 elementor-top-column elementor-element elementor-element-2c5a59a\" data-id=\"2c5a59a\" data-element_type=\"column\">\n\t\t\t<div class=\"elementor-widget-wrap elementor-element-populated\">\n\t\t\t\t\t\t\t\t<div class=\"elementor-element elementor-element-cbcdb86 elementor-widget elementor-widget-image\" data-id=\"cbcdb86\" data-element_type=\"widget\" data-widget_type=\"image.default\">\n\t\t\t\t<div class=\"elementor-widget-container\">\n\t\t\t\t\t\t\t\t\t\t\t\t\t\t\t<img decoding=\"async\" src=\"https:\/\/wroclaw-info.pl\/wp-content\/uploads\/elementor\/thumbs\/261903411_220914843516853_6427088824016488395_n-pgp3vmwnyqo7sjamkracdyete9ub4fkxri182yekls.png\" title=\"261903411_220914843516853_6427088824016488395_n\" alt=\"261903411_220914843516853_6427088824016488395_n\" \/>\t\t\t\t\t\t\t\t\t\t\t\t\t\t\t<\/div>\n\t\t\t\t<\/div>\n\t\t\t\t\t<\/div>\n\t\t<\/div>\n\t\t\t\t<div class=\"elementor-column elementor-col-50 elementor-top-column elementor-element elementor-element-6901f91\" data-id=\"6901f91\" data-element_type=\"column\">\n\t\t\t<div class=\"elementor-widget-wrap elementor-element-populated\">\n\t\t\t\t\t\t\t\t<div class=\"elementor-element elementor-element-0c0e9b5 elementor-widget elementor-widget-heading\" data-id=\"0c0e9b5\" data-element_type=\"widget\" data-widget_type=\"heading.default\">\n\t\t\t\t<div class=\"elementor-widget-container\">\n\t\t\t<h2 class=\"elementor-heading-title elementor-size-large\">Krasnale Wroc\u0142awskie\n<\/h2>\t\t<\/div>\n\t\t\t\t<\/div>\n\t\t\t\t<div class=\"elementor-element elementor-element-0c0e92d elementor-widget elementor-widget-text-editor\" data-id=\"0c0e92d\" data-element_type=\"widget\" data-widget_type=\"text-editor.default\">\n\t\t\t\t<div class=\"elementor-widget-container\">\n\t\t\t\t\t\t\t\t<p><span style=\"font-weight: 400;\">Witajcie w \u015awiecie Wroc\u0142awskich Krasnali!<\/span><\/p><p><span style=\"font-weight: 400;\"> Krasnale wroc\u0142awskie zacz\u0119\u0142y wpisywa\u0107 si\u0119 w kultur\u0119 miasta i stawa\u0107 si\u0119 jego nieod\u0142\u0105czn\u0105 cz\u0119\u015bci\u0105 ju\u017c w 2001 roku, kiedy to ich przyw\u00f3dca Papa Krasnal jako pierwszy pojawi\u0142 si\u0119 na ulicy \u015awidnickiej. Jednak sama historia krasnali wroc\u0142awskich si\u0119ga w przesz\u0142o\u015b\u0107 nieco g\u0142\u0119biej&#8230;<\/span><\/p>\t\t\t\t\t\t<\/div>\n\t\t\t\t<\/div>\n\t\t\t\t\t<\/div>\n\t\t<\/div>\n\t\t\t\t\t\t\t<\/div>\n\t\t<\/section>\n\t\t\t\t<section class=\"elementor-section elementor-top-section elementor-element elementor-element-fbfc5ec elementor-section-boxed elementor-section-height-default elementor-section-height-default\" data-id=\"fbfc5ec\" data-element_type=\"section\" data-settings=\"{&quot;motion_fx_motion_fx_scrolling&quot;:&quot;yes&quot;,&quot;motion_fx_devices&quot;:[&quot;desktop&quot;]}\">\n\t\t\t\t\t\t<div class=\"elementor-container elementor-column-gap-default\">\n\t\t\t\t\t<div class=\"elementor-column elementor-col-100 elementor-top-column elementor-element elementor-element-26b4907\" data-id=\"26b4907\" data-element_type=\"column\">\n\t\t\t<div class=\"elementor-widget-wrap elementor-element-populated\">\n\t\t\t\t\t\t\t\t<div class=\"elementor-element elementor-element-d71ee29 elementor-widget elementor-widget-spacer\" data-id=\"d71ee29\" data-element_type=\"widget\" data-widget_type=\"spacer.default\">\n\t\t\t\t<div class=\"elementor-widget-container\">\n\t\t\t\t\t<div class=\"elementor-spacer\">\n\t\t\t<div class=\"elementor-spacer-inner\"><\/div>\n\t\t<\/div>\n\t\t\t\t<\/div>\n\t\t\t\t<\/div>\n\t\t\t\t<div class=\"elementor-element elementor-element-3e27ce3 elementor-widget elementor-widget-spacer\" data-id=\"3e27ce3\" data-element_type=\"widget\" data-widget_type=\"spacer.default\">\n\t\t\t\t<div class=\"elementor-widget-container\">\n\t\t\t\t\t<div class=\"elementor-spacer\">\n\t\t\t<div class=\"elementor-spacer-inner\"><\/div>\n\t\t<\/div>\n\t\t\t\t<\/div>\n\t\t\t\t<\/div>\n\t\t\t\t<section class=\"elementor-section elementor-inner-section elementor-element elementor-element-5e9619c elementor-section-boxed elementor-section-height-default elementor-section-height-default\" data-id=\"5e9619c\" data-element_type=\"section\">\n\t\t\t\t\t\t<div class=\"elementor-container elementor-column-gap-default\">\n\t\t\t\t\t<div class=\"elementor-column elementor-col-100 elementor-inner-column elementor-element elementor-element-3477c4e\" data-id=\"3477c4e\" data-element_type=\"column\">\n\t\t\t<div class=\"elementor-widget-wrap elementor-element-populated\">\n\t\t\t\t\t\t\t\t<div class=\"elementor-element elementor-element-475b225 elementor-widget elementor-widget-heading\" data-id=\"475b225\" data-element_type=\"widget\" data-widget_type=\"heading.default\">\n\t\t\t\t<div class=\"elementor-widget-container\">\n\t\t\t<h2 class=\"elementor-heading-title elementor-size-xl\">Historia Krasnali <\/h2>\t\t<\/div>\n\t\t\t\t<\/div>\n\t\t\t\t<div class=\"elementor-element elementor-element-a4241ba elementor-widget elementor-widget-text-editor\" data-id=\"a4241ba\" data-element_type=\"widget\" data-widget_type=\"text-editor.default\">\n\t\t\t\t<div class=\"elementor-widget-container\">\n\t\t\t\t\t\t\t\t<p><span style=\"font-weight: 400;\">Historia krasnali wroc\u0142awskich rozpoczyna si\u0119 w latach 80 XX wieku, w okresie kiedy w Polsce panowa\u0142 ustr\u00f3j komunistyczny. W tym czasie dzia\u0142ania wroc\u0142awskiej opozycji w tym Pomara\u0144czowej Alternatywy<img loading=\"lazy\" decoding=\"async\" class=\"alignleft wp-image-995 size-medium\" src=\"https:\/\/wroclaw-info.pl\/wp-content\/uploads\/2021\/08\/wroclawski-krasnalek-225x300.png\" alt=\"\" width=\"225\" height=\"300\" data-wp-editing=\"1\" srcset=\"https:\/\/wroclaw-info.pl\/wp-content\/uploads\/2021\/08\/wroclawski-krasnalek-225x300.png 225w, https:\/\/wroclaw-info.pl\/wp-content\/uploads\/2021\/08\/wroclawski-krasnalek-9x12.png 9w, https:\/\/wroclaw-info.pl\/wp-content\/uploads\/2021\/08\/wroclawski-krasnalek.png 709w\" sizes=\"auto, (max-width: 225px) 100vw, 225px\" \/>\u00a0skupia\u0142y si\u0119 na organizacji r\u00f3\u017cnego rodzaju happening\u00f3w, wydarze\u0144, strajk\u00f3w i manifestacji, w kt\u00f3rych brali udzia\u0142 mieszka\u0144cy miasta. Jedn\u0105 z form manifestowania pogl\u0105d\u00f3w by\u0142o malowanie surrealistycznych postaci krasnoludk\u00f3w na \u015bcianach budynk\u00f3w, na kt\u00f3rych wcze\u015bniej w\u0142adza zmazywa\u0142a napisy takie jak \u201cSolidarno\u015b\u0107 g\u00f3r\u0105\u201d. W p\u00f3\u017aniejszych latach w\u0142adze miasta postanowi\u0142y upami\u0119tni\u0107 te wydarzenia, stawiaj\u0105c we Wroc\u0142awiu pierwsz\u0105 figurk\u0119 krasnala.\u00a0<\/span><\/p><p><strong>Ile jest krasnali we Wroc\u0142awiu?<\/strong><\/p><p><span style=\"font-weight: 400;\">Krasnali we Wroc\u0142awiu wci\u0105\u017c przybywa. W tej chwili jest ich ju\u017c ponad 600 i ci\u0105gle powstaj\u0105 nowe! Aby je znale\u017a\u0107 z pewno\u015bci\u0105 przyda si\u0119 Wroc\u0142awska Mapa Krasnali! Dla ma\u0142ych poszukiwaczy tych uroczych figurek przygotowali\u015bmy specjalne mapy \u201cNa tropie wroc\u0142awskich Krasnali\u201d. Znajd\u017a je wszystkie, zdob\u0105d\u017a potrzebne piecz\u0105tki i sta\u0144 si\u0119 najlepszym przyjacielem wroc\u0142awskich Krasnali!\u00a0<\/span><\/p>\t\t\t\t\t\t<\/div>\n\t\t\t\t<\/div>\n\t\t\t\t\t<\/div>\n\t\t<\/div>\n\t\t\t\t\t\t\t<\/div>\n\t\t<\/section>\n\t\t\t\t\t<\/div>\n\t\t<\/div>\n\t\t\t\t\t\t\t<\/div>\n\t\t<\/section>\n\t\t\t\t<section class=\"elementor-section elementor-top-section elementor-element elementor-element-37cf3be elementor-section-boxed elementor-section-height-default elementor-section-height-default\" data-id=\"37cf3be\" data-element_type=\"section\">\n\t\t\t\t\t\t<div class=\"elementor-container elementor-column-gap-default\">\n\t\t\t\t\t<div class=\"elementor-column elementor-col-100 elementor-top-column elementor-element elementor-element-083c7e8\" data-id=\"083c7e8\" data-element_type=\"column\">\n\t\t\t<div class=\"elementor-widget-wrap elementor-element-populated\">\n\t\t\t\t\t\t\t\t<div class=\"elementor-element elementor-element-0f319c6 elementor-widget elementor-widget-gallery\" data-id=\"0f319c6\" data-element_type=\"widget\" data-settings=\"{&quot;columns&quot;:2,&quot;gap&quot;:{&quot;unit&quot;:&quot;px&quot;,&quot;size&quot;:15,&quot;sizes&quot;:[]},&quot;gap_mobile&quot;:{&quot;unit&quot;:&quot;px&quot;,&quot;size&quot;:20,&quot;sizes&quot;:[]},&quot;lazyload&quot;:&quot;yes&quot;,&quot;gallery_layout&quot;:&quot;grid&quot;,&quot;columns_tablet&quot;:2,&quot;columns_mobile&quot;:1,&quot;gap_tablet&quot;:{&quot;unit&quot;:&quot;px&quot;,&quot;size&quot;:10,&quot;sizes&quot;:[]},&quot;link_to&quot;:&quot;file&quot;,&quot;aspect_ratio&quot;:&quot;3:2&quot;,&quot;overlay_background&quot;:&quot;yes&quot;,&quot;content_hover_animation&quot;:&quot;fade-in&quot;}\" data-widget_type=\"gallery.default\">\n\t\t\t\t<div class=\"elementor-widget-container\">\n\t\t\t\t\t<div class=\"elementor-gallery__container\">\n\t\t\t\t\t\t\t<a class=\"e-gallery-item elementor-gallery-item elementor-animated-content\" href=\"https:\/\/wroclaw-info.pl\/wp-content\/uploads\/2021\/07\/krasnal-wroclawski.jpg\" data-elementor-open-lightbox=\"yes\" data-elementor-lightbox-slideshow=\"all-0f319c6\" data-elementor-lightbox-title=\"krasnal-wroclawski\">\n\t\t\t\t\t<div class=\"e-gallery-image elementor-gallery-item__image\" data-thumbnail=\"https:\/\/wroclaw-info.pl\/wp-content\/uploads\/2021\/07\/krasnal-wroclawski-768x512.jpg\" data-width=\"768\" data-height=\"512\" alt=\"\" ><\/div>\n\t\t\t\t\t\t\t\t\t\t<div class=\"elementor-gallery-item__overlay\"><\/div>\n\t\t\t\t\t\t\t\t\t\t\t\t\t\t<\/a>\n\t\t\t\t\t\t\t<a class=\"e-gallery-item elementor-gallery-item elementor-animated-content\" href=\"https:\/\/wroclaw-info.pl\/wp-content\/uploads\/2021\/07\/krasnal-962528_1920.jpg\" data-elementor-open-lightbox=\"yes\" data-elementor-lightbox-slideshow=\"all-0f319c6\" data-elementor-lightbox-title=\"krasnal-962528_1920\">\n\t\t\t\t\t<div class=\"e-gallery-image elementor-gallery-item__image\" data-thumbnail=\"https:\/\/wroclaw-info.pl\/wp-content\/uploads\/2021\/07\/krasnal-962528_1920-768x508.jpg\" data-width=\"768\" data-height=\"508\" alt=\"\" ><\/div>\n\t\t\t\t\t\t\t\t\t\t<div class=\"elementor-gallery-item__overlay\"><\/div>\n\t\t\t\t\t\t\t\t\t\t\t\t\t\t<\/a>\n\t\t\t\t\t\t\t<a class=\"e-gallery-item elementor-gallery-item elementor-animated-content\" href=\"https:\/\/wroclaw-info.pl\/wp-content\/uploads\/2021\/07\/krasnal-2470733_1920.jpg\" data-elementor-open-lightbox=\"yes\" data-elementor-lightbox-slideshow=\"all-0f319c6\" data-elementor-lightbox-title=\"krasnal-2470733_1920\">\n\t\t\t\t\t<div class=\"e-gallery-image elementor-gallery-item__image\" data-thumbnail=\"https:\/\/wroclaw-info.pl\/wp-content\/uploads\/2021\/07\/krasnal-2470733_1920-768x576.jpg\" data-width=\"768\" data-height=\"576\" alt=\"\" ><\/div>\n\t\t\t\t\t\t\t\t\t\t<div class=\"elementor-gallery-item__overlay\"><\/div>\n\t\t\t\t\t\t\t\t\t\t\t\t\t\t<\/a>\n\t\t\t\t\t<\/div>\n\t\t\t<\/div>\n\t\t\t\t<\/div>\n\t\t\t\t\t<\/div>\n\t\t<\/div>\n\t\t\t\t\t\t\t<\/div>\n\t\t<\/section>\n\t\t\t\t<section class=\"elementor-section elementor-top-section elementor-element elementor-element-1ecac9f elementor-section-boxed elementor-section-height-default elementor-section-height-default\" data-id=\"1ecac9f\" data-element_type=\"section\" data-settings=\"{&quot;motion_fx_motion_fx_scrolling&quot;:&quot;yes&quot;,&quot;motion_fx_devices&quot;:[&quot;desktop&quot;]}\">\n\t\t\t\t\t\t<div class=\"elementor-container elementor-column-gap-default\">\n\t\t\t\t\t<div class=\"elementor-column elementor-col-100 elementor-top-column elementor-element elementor-element-16cd158\" data-id=\"16cd158\" data-element_type=\"column\">\n\t\t\t<div class=\"elementor-widget-wrap elementor-element-populated\">\n\t\t\t\t\t\t\t\t<div class=\"elementor-element elementor-element-817ac51 animated-slow elementor-widget-divider--separator-type-pattern elementor-widget-divider--view-line elementor-invisible elementor-widget elementor-widget-divider\" data-id=\"817ac51\" data-element_type=\"widget\" data-settings=\"{&quot;_animation&quot;:&quot;fadeIn&quot;}\" data-widget_type=\"divider.default\">\n\t\t\t\t<div class=\"elementor-widget-container\">\n\t\t\t\t\t<div class=\"elementor-divider\" style=\"--divider-pattern-url: url(&quot;data:image\/svg+xml,%3Csvg xmlns=&#039;http:\/\/www.w3.org\/2000\/svg&#039; preserveAspectRatio=&#039;none&#039; overflow=&#039;visible&#039; height=&#039;100%&#039; viewBox=&#039;0 0 24 24&#039; fill=&#039;none&#039; stroke=&#039;black&#039; stroke-width=&#039;1&#039; stroke-linecap=&#039;square&#039; stroke-miterlimit=&#039;10&#039;%3E%3Cpolyline points=&#039;0,18 12,6 24,18 &#039;\/%3E%3C\/svg%3E&quot;);\">\n\t\t\t<span class=\"elementor-divider-separator\">\n\t\t\t\t\t\t<\/span>\n\t\t<\/div>\n\t\t\t\t<\/div>\n\t\t\t\t<\/div>\n\t\t\t\t<div class=\"elementor-element elementor-element-eca09c7 elementor-widget elementor-widget-spacer\" data-id=\"eca09c7\" data-element_type=\"widget\" data-widget_type=\"spacer.default\">\n\t\t\t\t<div class=\"elementor-widget-container\">\n\t\t\t\t\t<div class=\"elementor-spacer\">\n\t\t\t<div class=\"elementor-spacer-inner\"><\/div>\n\t\t<\/div>\n\t\t\t\t<\/div>\n\t\t\t\t<\/div>\n\t\t\t\t\t<\/div>\n\t\t<\/div>\n\t\t\t\t\t\t\t<\/div>\n\t\t<\/section>\n\t\t\t\t\t\t<\/div>\n\t\t\t\t\t<\/div>","protected":false},"excerpt":{"rendered":"<p>Krasnale Wroc\u0142awskie Witajcie w \u015awiecie Wroc\u0142awskich Krasnali! Krasnale wroc\u0142awskie zacz\u0119\u0142y wpisywa\u0107 si\u0119 w kultur\u0119 miasta i stawa\u0107 si\u0119 jego nieod\u0142\u0105czn\u0105 cz\u0119\u015bci\u0105 ju\u017c w 2001 roku, kiedy to ich przyw\u00f3dca Papa&hellip;&nbsp;<a href=\"https:\/\/wroclaw-info.pl\/en\/dla-dzieci\/krasnale\/\" class=\"\" rel=\"bookmark\">Read More &raquo;<span class=\"screen-reader-text\">Krasnale<\/span><\/a><\/p>","protected":false},"author":1,"featured_media":0,"parent":2,"menu_order":0,"comment_status":"closed","ping_status":"closed","template":"elementor_header_footer","meta":{"neve_meta_sidebar":"full-width","neve_meta_container":"","neve_meta_enable_content_width":"on","neve_meta_content_width":100,"neve_meta_title_alignment":"","neve_meta_author_avatar":"","neve_post_elements_order":"","neve_meta_disable_header":"","neve_meta_disable_footer":"","neve_meta_disable_title":"","_themeisle_gutenberg_block_has_review":false,"_ti_tpc_template_sync":false,"_ti_tpc_template_id":"","footnotes":""},"class_list":["post-1029","page","type-page","status-publish","hentry"],"yoast_head":"<!-- This site is optimized with the Yoast SEO Premium plugin v16.3 (Yoast SEO v21.7) - https:\/\/yoast.com\/wordpress\/plugins\/seo\/ -->\n<title>Krasnale - Centrum Informacji Turystycznej<\/title>\n<meta name=\"robots\" content=\"index, follow, max-snippet:-1, max-image-preview:large, max-video-preview:-1\" \/>\n<link rel=\"canonical\" href=\"https:\/\/wroclaw-info.pl\/en\/dla-dzieci\/krasnale\/\" \/>\n<meta property=\"og:locale\" content=\"en_GB\" \/>\n<meta property=\"og:type\" content=\"article\" \/>\n<meta property=\"og:title\" content=\"Krasnale - Centrum Informacji Turystycznej\" \/>\n<meta property=\"og:description\" content=\"Krasnale Wroc\u0142awskie Witajcie w \u015awiecie Wroc\u0142awskich Krasnali! Krasnale wroc\u0142awskie zacz\u0119\u0142y wpisywa\u0107 si\u0119 w kultur\u0119 miasta i stawa\u0107 si\u0119 jego nieod\u0142\u0105czn\u0105 cz\u0119\u015bci\u0105 ju\u017c w 2001 roku, kiedy to ich przyw\u00f3dca Papa&hellip;&nbsp;Read More &raquo;Krasnale\" \/>\n<meta property=\"og:url\" content=\"https:\/\/wroclaw-info.pl\/en\/dla-dzieci\/krasnale\/\" \/>\n<meta property=\"og:site_name\" content=\"Centrum Informacji Turystycznej\" \/>\n<meta property=\"article:modified_time\" content=\"2021-11-27T20:48:39+00:00\" \/>\n<meta property=\"og:image\" content=\"https:\/\/wroclaw-info.pl\/wp-content\/uploads\/elementor\/thumbs\/261903411_220914843516853_6427088824016488395_n-pgp3vmwnyqo7sjamkracdyete9ub4fkxri182yekls.png\" \/>\n<meta name=\"twitter:card\" content=\"summary_large_image\" \/>\n<meta name=\"twitter:label1\" content=\"Estimated reading time\" \/>\n\t<meta name=\"twitter:data1\" content=\"2 minutes\" \/>\n<script type=\"application\/ld+json\" class=\"yoast-schema-graph\">{\"@context\":\"https:\/\/schema.org\",\"@graph\":[{\"@type\":\"WebPage\",\"@id\":\"https:\/\/wroclaw-info.pl\/dla-dzieci\/krasnale\/\",\"url\":\"https:\/\/wroclaw-info.pl\/dla-dzieci\/krasnale\/\",\"name\":\"Krasnale - Centrum Informacji Turystycznej\",\"isPartOf\":{\"@id\":\"https:\/\/wroclaw-info.pl\/#website\"},\"datePublished\":\"2021-08-20T20:22:20+00:00\",\"dateModified\":\"2021-11-27T20:48:39+00:00\",\"breadcrumb\":{\"@id\":\"https:\/\/wroclaw-info.pl\/dla-dzieci\/krasnale\/#breadcrumb\"},\"inLanguage\":\"en-GB\",\"potentialAction\":[{\"@type\":\"ReadAction\",\"target\":[\"https:\/\/wroclaw-info.pl\/dla-dzieci\/krasnale\/\"]}]},{\"@type\":\"BreadcrumbList\",\"@id\":\"https:\/\/wroclaw-info.pl\/dla-dzieci\/krasnale\/#breadcrumb\",\"itemListElement\":[{\"@type\":\"ListItem\",\"position\":1,\"name\":\"Home\",\"item\":\"https:\/\/wroclaw-info.pl\/\"},{\"@type\":\"ListItem\",\"position\":2,\"name\":\"Dla Dzieci\",\"item\":\"https:\/\/wroclaw-info.pl\/dla-dzieci\/\"},{\"@type\":\"ListItem\",\"position\":3,\"name\":\"Krasnale\"}]},{\"@type\":\"WebSite\",\"@id\":\"https:\/\/wroclaw-info.pl\/#website\",\"url\":\"https:\/\/wroclaw-info.pl\/\",\"name\":\"Centrum Informacji Turystycznej\",\"description\":\"Centrum Informacji Turystycznej we Wroc\u0142awiu\",\"publisher\":{\"@id\":\"https:\/\/wroclaw-info.pl\/#organization\"},\"potentialAction\":[{\"@type\":\"SearchAction\",\"target\":{\"@type\":\"EntryPoint\",\"urlTemplate\":\"https:\/\/wroclaw-info.pl\/?s={search_term_string}\"},\"query-input\":\"required name=search_term_string\"}],\"inLanguage\":\"en-GB\"},{\"@type\":\"Organization\",\"@id\":\"https:\/\/wroclaw-info.pl\/#organization\",\"name\":\"Centrum Informacji Turystycznej\",\"url\":\"https:\/\/wroclaw-info.pl\/\",\"logo\":{\"@type\":\"ImageObject\",\"inLanguage\":\"en-GB\",\"@id\":\"https:\/\/wroclaw-info.pl\/#\/schema\/logo\/image\/\",\"url\":\"https:\/\/wroclaw-info.pl\/wp-content\/uploads\/2021\/05\/Wroclaw_info.png\",\"contentUrl\":\"https:\/\/wroclaw-info.pl\/wp-content\/uploads\/2021\/05\/Wroclaw_info.png\",\"width\":591,\"height\":591,\"caption\":\"Centrum Informacji Turystycznej\"},\"image\":{\"@id\":\"https:\/\/wroclaw-info.pl\/#\/schema\/logo\/image\/\"}}]}<\/script>\n<!-- \/ Yoast SEO Premium plugin. -->","yoast_head_json":{"title":"Krasnale - Centrum Informacji Turystycznej","robots":{"index":"index","follow":"follow","max-snippet":"max-snippet:-1","max-image-preview":"max-image-preview:large","max-video-preview":"max-video-preview:-1"},"canonical":"https:\/\/wroclaw-info.pl\/en\/dla-dzieci\/krasnale\/","og_locale":"en_GB","og_type":"article","og_title":"Krasnale - Centrum Informacji Turystycznej","og_description":"Krasnale Wroc\u0142awskie Witajcie w \u015awiecie Wroc\u0142awskich Krasnali! Krasnale wroc\u0142awskie zacz\u0119\u0142y wpisywa\u0107 si\u0119 w kultur\u0119 miasta i stawa\u0107 si\u0119 jego nieod\u0142\u0105czn\u0105 cz\u0119\u015bci\u0105 ju\u017c w 2001 roku, kiedy to ich przyw\u00f3dca Papa&hellip;&nbsp;Read More &raquo;Krasnale","og_url":"https:\/\/wroclaw-info.pl\/en\/dla-dzieci\/krasnale\/","og_site_name":"Centrum Informacji Turystycznej","article_modified_time":"2021-11-27T20:48:39+00:00","og_image":[{"url":"https:\/\/wroclaw-info.pl\/wp-content\/uploads\/elementor\/thumbs\/261903411_220914843516853_6427088824016488395_n-pgp3vmwnyqo7sjamkracdyete9ub4fkxri182yekls.png"}],"twitter_card":"summary_large_image","twitter_misc":{"Estimated reading time":"2 minutes"},"schema":{"@context":"https:\/\/schema.org","@graph":[{"@type":"WebPage","@id":"https:\/\/wroclaw-info.pl\/dla-dzieci\/krasnale\/","url":"https:\/\/wroclaw-info.pl\/dla-dzieci\/krasnale\/","name":"Krasnale - Centrum Informacji Turystycznej","isPartOf":{"@id":"https:\/\/wroclaw-info.pl\/#website"},"datePublished":"2021-08-20T20:22:20+00:00","dateModified":"2021-11-27T20:48:39+00:00","breadcrumb":{"@id":"https:\/\/wroclaw-info.pl\/dla-dzieci\/krasnale\/#breadcrumb"},"inLanguage":"en-GB","potentialAction":[{"@type":"ReadAction","target":["https:\/\/wroclaw-info.pl\/dla-dzieci\/krasnale\/"]}]},{"@type":"BreadcrumbList","@id":"https:\/\/wroclaw-info.pl\/dla-dzieci\/krasnale\/#breadcrumb","itemListElement":[{"@type":"ListItem","position":1,"name":"Home","item":"https:\/\/wroclaw-info.pl\/"},{"@type":"ListItem","position":2,"name":"Dla Dzieci","item":"https:\/\/wroclaw-info.pl\/dla-dzieci\/"},{"@type":"ListItem","position":3,"name":"Krasnale"}]},{"@type":"WebSite","@id":"https:\/\/wroclaw-info.pl\/#website","url":"https:\/\/wroclaw-info.pl\/","name":"Centrum Informacji Turystycznej","description":"Centrum Informacji Turystycznej we Wroc\u0142awiu","publisher":{"@id":"https:\/\/wroclaw-info.pl\/#organization"},"potentialAction":[{"@type":"SearchAction","target":{"@type":"EntryPoint","urlTemplate":"https:\/\/wroclaw-info.pl\/?s={search_term_string}"},"query-input":"required name=search_term_string"}],"inLanguage":"en-GB"},{"@type":"Organization","@id":"https:\/\/wroclaw-info.pl\/#organization","name":"Centrum Informacji Turystycznej","url":"https:\/\/wroclaw-info.pl\/","logo":{"@type":"ImageObject","inLanguage":"en-GB","@id":"https:\/\/wroclaw-info.pl\/#\/schema\/logo\/image\/","url":"https:\/\/wroclaw-info.pl\/wp-content\/uploads\/2021\/05\/Wroclaw_info.png","contentUrl":"https:\/\/wroclaw-info.pl\/wp-content\/uploads\/2021\/05\/Wroclaw_info.png","width":591,"height":591,"caption":"Centrum Informacji Turystycznej"},"image":{"@id":"https:\/\/wroclaw-info.pl\/#\/schema\/logo\/image\/"}}]}},"_links":{"self":[{"href":"https:\/\/wroclaw-info.pl\/en\/wp-json\/wp\/v2\/pages\/1029","targetHints":{"allow":["GET"]}}],"collection":[{"href":"https:\/\/wroclaw-info.pl\/en\/wp-json\/wp\/v2\/pages"}],"about":[{"href":"https:\/\/wroclaw-info.pl\/en\/wp-json\/wp\/v2\/types\/page"}],"author":[{"embeddable":true,"href":"https:\/\/wroclaw-info.pl\/en\/wp-json\/wp\/v2\/users\/1"}],"replies":[{"embeddable":true,"href":"https:\/\/wroclaw-info.pl\/en\/wp-json\/wp\/v2\/comments?post=1029"}],"version-history":[{"count":12,"href":"https:\/\/wroclaw-info.pl\/en\/wp-json\/wp\/v2\/pages\/1029\/revisions"}],"predecessor-version":[{"id":1381,"href":"https:\/\/wroclaw-info.pl\/en\/wp-json\/wp\/v2\/pages\/1029\/revisions\/1381"}],"up":[{"embeddable":true,"href":"https:\/\/wroclaw-info.pl\/en\/wp-json\/wp\/v2\/pages\/2"}],"wp:attachment":[{"href":"https:\/\/wroclaw-info.pl\/en\/wp-json\/wp\/v2\/media?parent=1029"}],"curies":[{"name":"wp","href":"https:\/\/api.w.org\/{rel}","templated":true}]}}