{"id":1031,"date":"2021-08-20T20:23:36","date_gmt":"2021-08-20T20:23:36","guid":{"rendered":"https:\/\/wroclaw-info.pl\/?page_id=1031"},"modified":"2021-11-28T12:25:40","modified_gmt":"2021-11-28T12:25:40","slug":"zwiedzaj-meleksem","status":"publish","type":"page","link":"https:\/\/wroclaw-info.pl\/en\/zaplanuj-pobyt\/przewodnicy-po-wroclawiu\/zwiedzaj-meleksem\/","title":{"rendered":"Zwiedzaj meleksem"},"content":{"rendered":"<div data-elementor-type=\"wp-page\" data-elementor-id=\"1031\" class=\"elementor elementor-1031\" data-elementor-settings=\"[]\">\n\t\t\t\t\t\t\t<div class=\"elementor-section-wrap\">\n\t\t\t\t\t\t\t<section class=\"elementor-section elementor-top-section elementor-element elementor-element-33374cf elementor-section-height-min-height elementor-section-boxed elementor-section-height-default elementor-section-items-middle\" data-id=\"33374cf\" data-element_type=\"section\" data-settings=\"{&quot;background_background&quot;:&quot;classic&quot;}\">\n\t\t\t\t\t\t\t<div class=\"elementor-background-overlay\"><\/div>\n\t\t\t\t\t\t\t<div class=\"elementor-container elementor-column-gap-extended\">\n\t\t\t\t\t<div class=\"elementor-column elementor-col-50 elementor-top-column elementor-element elementor-element-b568924\" data-id=\"b568924\" data-element_type=\"column\">\n\t\t\t<div class=\"elementor-widget-wrap elementor-element-populated\">\n\t\t\t\t\t\t\t\t<div class=\"elementor-element elementor-element-84434ec elementor-widget elementor-widget-image\" data-id=\"84434ec\" data-element_type=\"widget\" data-widget_type=\"image.default\">\n\t\t\t\t<div class=\"elementor-widget-container\">\n\t\t\t\t\t\t\t\t\t\t\t\t\t\t\t<img decoding=\"async\" src=\"https:\/\/wroclaw-info.pl\/wp-content\/uploads\/elementor\/thumbs\/261939764_4807186365959218_8460267652190598523_n-pgp55tp5snwgaq7bv81dest88w6mczy3s4361fx4uo.png\" title=\"261939764_4807186365959218_8460267652190598523_n\" alt=\"261939764_4807186365959218_8460267652190598523_n\" \/>\t\t\t\t\t\t\t\t\t\t\t\t\t\t\t<\/div>\n\t\t\t\t<\/div>\n\t\t\t\t\t<\/div>\n\t\t<\/div>\n\t\t\t\t<div class=\"elementor-column elementor-col-50 elementor-top-column elementor-element elementor-element-92d8b19\" data-id=\"92d8b19\" data-element_type=\"column\">\n\t\t\t<div class=\"elementor-widget-wrap elementor-element-populated\">\n\t\t\t\t\t\t\t\t<div class=\"elementor-element elementor-element-e261d53 elementor-widget elementor-widget-heading\" data-id=\"e261d53\" data-element_type=\"widget\" data-widget_type=\"heading.default\">\n\t\t\t\t<div class=\"elementor-widget-container\">\n\t\t\t<h2 class=\"elementor-heading-title elementor-size-large\">Wroc\u0142aw meleksem<\/h2>\t\t<\/div>\n\t\t\t\t<\/div>\n\t\t\t\t<div class=\"elementor-element elementor-element-5a9c005 elementor-widget elementor-widget-text-editor\" data-id=\"5a9c005\" data-element_type=\"widget\" data-widget_type=\"text-editor.default\">\n\t\t\t\t<div class=\"elementor-widget-container\">\n\t\t\t\t\t\t\t\t<p><span style=\"font-weight: 400;\">Zale\u017cy Ci na szybkim zwiedzaniu miasta w \u201cpigu\u0142ce\u201d? Zapraszamy na przeja\u017cd\u017ck\u0119 wroc\u0142awskimi meleksami!<\/span><\/p>\t\t\t\t\t\t<\/div>\n\t\t\t\t<\/div>\n\t\t\t\t\t<\/div>\n\t\t<\/div>\n\t\t\t\t\t\t\t<\/div>\n\t\t<\/section>\n\t\t\t\t<section class=\"elementor-section elementor-top-section elementor-element elementor-element-fbfc5ec elementor-section-boxed elementor-section-height-default elementor-section-height-default\" data-id=\"fbfc5ec\" data-element_type=\"section\" data-settings=\"{&quot;motion_fx_motion_fx_scrolling&quot;:&quot;yes&quot;,&quot;motion_fx_devices&quot;:[&quot;desktop&quot;]}\">\n\t\t\t\t\t\t<div class=\"elementor-container elementor-column-gap-default\">\n\t\t\t\t\t<div class=\"elementor-column elementor-col-100 elementor-top-column elementor-element elementor-element-26b4907\" data-id=\"26b4907\" data-element_type=\"column\">\n\t\t\t<div class=\"elementor-widget-wrap elementor-element-populated\">\n\t\t\t\t\t\t\t\t<div class=\"elementor-element elementor-element-d71ee29 elementor-widget elementor-widget-spacer\" data-id=\"d71ee29\" data-element_type=\"widget\" data-widget_type=\"spacer.default\">\n\t\t\t\t<div class=\"elementor-widget-container\">\n\t\t\t\t\t<div class=\"elementor-spacer\">\n\t\t\t<div class=\"elementor-spacer-inner\"><\/div>\n\t\t<\/div>\n\t\t\t\t<\/div>\n\t\t\t\t<\/div>\n\t\t\t\t<div class=\"elementor-element elementor-element-86eedcb elementor-widget-divider--view-line_icon animated-slow elementor-view-default elementor-widget-divider--element-align-center elementor-invisible elementor-widget elementor-widget-divider\" data-id=\"86eedcb\" data-element_type=\"widget\" data-settings=\"{&quot;_animation&quot;:&quot;fadeIn&quot;,&quot;_animation_delay&quot;:300}\" data-widget_type=\"divider.default\">\n\t\t\t\t<div class=\"elementor-widget-container\">\n\t\t\t\t\t<div class=\"elementor-divider\">\n\t\t\t<span class=\"elementor-divider-separator\">\n\t\t\t\t\t\t\t<div class=\"elementor-icon elementor-divider__element\">\n\t\t\t\t\t<i aria-hidden=\"true\" class=\"fas fa-chevron-down\"><\/i><\/div>\n\t\t\t\t\t\t<\/span>\n\t\t<\/div>\n\t\t\t\t<\/div>\n\t\t\t\t<\/div>\n\t\t\t\t<div class=\"elementor-element elementor-element-539612b elementor-widget elementor-widget-image\" data-id=\"539612b\" data-element_type=\"widget\" data-widget_type=\"image.default\">\n\t\t\t\t<div class=\"elementor-widget-container\">\n\t\t\t\t\t\t\t\t\t\t\t\t\t\t\t\t<a href=\"https:\/\/bestcitytours.pl\/\">\n\t\t\t\t\t\t\t<img loading=\"lazy\" decoding=\"async\" width=\"741\" height=\"185\" src=\"https:\/\/wroclaw-info.pl\/wp-content\/uploads\/2021\/10\/DT-banner-741x185-v1-16c-en.gif\" class=\"attachment-large size-large\" alt=\"\" \/>\t\t\t\t\t\t\t\t<\/a>\n\t\t\t\t\t\t\t\t\t\t\t\t\t\t\t<\/div>\n\t\t\t\t<\/div>\n\t\t\t\t<div class=\"elementor-element elementor-element-3e27ce3 elementor-widget elementor-widget-spacer\" data-id=\"3e27ce3\" data-element_type=\"widget\" data-widget_type=\"spacer.default\">\n\t\t\t\t<div class=\"elementor-widget-container\">\n\t\t\t\t\t<div class=\"elementor-spacer\">\n\t\t\t<div class=\"elementor-spacer-inner\"><\/div>\n\t\t<\/div>\n\t\t\t\t<\/div>\n\t\t\t\t<\/div>\n\t\t\t\t<section class=\"elementor-section elementor-inner-section elementor-element elementor-element-e513da3 elementor-section-boxed elementor-section-height-default elementor-section-height-default\" data-id=\"e513da3\" data-element_type=\"section\">\n\t\t\t\t\t\t<div class=\"elementor-container elementor-column-gap-default\">\n\t\t\t\t\t<div class=\"elementor-column elementor-col-100 elementor-inner-column elementor-element elementor-element-fa86e2c\" data-id=\"fa86e2c\" data-element_type=\"column\">\n\t\t\t<div class=\"elementor-widget-wrap elementor-element-populated\">\n\t\t\t\t\t\t\t\t<div class=\"elementor-element elementor-element-c9c11c9 elementor-widget elementor-widget-heading\" data-id=\"c9c11c9\" data-element_type=\"widget\" data-widget_type=\"heading.default\">\n\t\t\t\t<div class=\"elementor-widget-container\">\n\t\t\t<h2 class=\"elementor-heading-title elementor-size-xl\">Meleksem przez Wroc\u0142aw<\/h2>\t\t<\/div>\n\t\t\t\t<\/div>\n\t\t\t\t<div class=\"elementor-element elementor-element-e1ff946 elementor-widget elementor-widget-text-editor\" data-id=\"e1ff946\" data-element_type=\"widget\" data-widget_type=\"text-editor.default\">\n\t\t\t\t<div class=\"elementor-widget-container\">\n\t\t\t\t\t\t\t\t<p><span style=\"font-weight: 400;\">Firma Best City Tours zapewnia:<\/span><\/p><ol><li><span style=\"font-weight: 400;\">Wybrany j\u0119zyk zwiedzania &#8211; wysokiej klasy system audio pozwala pozna\u0107 histori\u0119 miasta w wybranym j\u0119zyku, m.in.: polskim, angielskim, niemieckim, hiszpa\u0144skim, w\u0142oskim, francuskim czy rosyjskim.\u00a0<\/span><\/li><li><span style=\"font-weight: 400;\">Komfort i wygod\u0119 &#8211; odbi\u00f3r mo\u017ce nast\u0105pi\u0107 z hotelu, kierowca zatrzymuje si\u0119, by m\u00f3c wykona\u0107 pami\u0105tkowe zdj\u0119cia oraz zwiedzi\u0107 wybrane zabytki,<\/span><\/li><li><span style=\"font-weight: 400;\">Bezpiecze\u0144stwo &#8211; ekologiczne pojazdy s\u0105 nowoczesne, bezpieczne i prowadzone przez do\u015bwiadczonych kierowc\u00f3w,<\/span><\/li><li><span style=\"font-weight: 400;\">Dyspozycyjno\u015b\u0107 &#8211; 7 dni w tygodniu, przy ka\u017cdej pogodzie. Na wyposa\u017ceniu meleksa os\u0142ony chroni\u0105ce przed deszczem i wiatrem.<\/span><\/li><\/ol><p>\u00a0<\/p><p><b>Trasa I<\/b><span style=\"font-weight: 400;\"> &#8211; 1 godzina: <\/span><span style=\"font-weight: 400;\">Stare Miasto + Ostr\u00f3w Tumski<\/span><\/p><p><b>Trasa II<\/b><span style=\"font-weight: 400;\"> &#8211; 2 godziny: <\/span><span style=\"font-weight: 400;\">Stare Miasto + Ostr\u00f3w Tumski + Hala Stulecia + Ogr\u00f3d Japo\u0144ski + Fontanna Multimedialna<\/span><\/p><p><b>Trasa III <\/b><span style=\"font-weight: 400;\">&#8211; 3 godziny: <\/span><span style=\"font-weight: 400;\">Wyd\u0142u\u017cona trasa, dodatkowy czas zwiedzania<\/span><\/p>\t\t\t\t\t\t<\/div>\n\t\t\t\t<\/div>\n\t\t\t\t\t<\/div>\n\t\t<\/div>\n\t\t\t\t\t\t\t<\/div>\n\t\t<\/section>\n\t\t\t\t\t<\/div>\n\t\t<\/div>\n\t\t\t\t\t\t\t<\/div>\n\t\t<\/section>\n\t\t\t\t<section class=\"elementor-section elementor-top-section elementor-element elementor-element-63d7e3e elementor-section-boxed elementor-section-height-default elementor-section-height-default\" data-id=\"63d7e3e\" data-element_type=\"section\">\n\t\t\t\t\t\t<div class=\"elementor-container elementor-column-gap-default\">\n\t\t\t\t\t<div class=\"elementor-column elementor-col-100 elementor-top-column elementor-element elementor-element-a40a616\" data-id=\"a40a616\" data-element_type=\"column\">\n\t\t\t<div class=\"elementor-widget-wrap elementor-element-populated\">\n\t\t\t\t\t\t\t\t<div class=\"elementor-element elementor-element-fd0d4a7 elementor-widget elementor-widget-gallery\" data-id=\"fd0d4a7\" data-element_type=\"widget\" data-settings=\"{&quot;columns&quot;:2,&quot;gap&quot;:{&quot;unit&quot;:&quot;px&quot;,&quot;size&quot;:15,&quot;sizes&quot;:[]},&quot;gap_mobile&quot;:{&quot;unit&quot;:&quot;px&quot;,&quot;size&quot;:20,&quot;sizes&quot;:[]},&quot;lazyload&quot;:&quot;yes&quot;,&quot;gallery_layout&quot;:&quot;grid&quot;,&quot;columns_tablet&quot;:2,&quot;columns_mobile&quot;:1,&quot;gap_tablet&quot;:{&quot;unit&quot;:&quot;px&quot;,&quot;size&quot;:10,&quot;sizes&quot;:[]},&quot;link_to&quot;:&quot;file&quot;,&quot;aspect_ratio&quot;:&quot;3:2&quot;,&quot;overlay_background&quot;:&quot;yes&quot;,&quot;content_hover_animation&quot;:&quot;fade-in&quot;}\" data-widget_type=\"gallery.default\">\n\t\t\t\t<div class=\"elementor-widget-container\">\n\t\t\t\t\t<div class=\"elementor-gallery__container\">\n\t\t\t\t\t\t\t<a class=\"e-gallery-item elementor-gallery-item elementor-animated-content\" href=\"https:\/\/wroclaw-info.pl\/wp-content\/uploads\/2021\/11\/XXX.jpg\" data-elementor-open-lightbox=\"yes\" data-elementor-lightbox-slideshow=\"all-fd0d4a7\" data-elementor-lightbox-title=\"XXX\">\n\t\t\t\t\t<div class=\"e-gallery-image elementor-gallery-item__image\" data-thumbnail=\"https:\/\/wroclaw-info.pl\/wp-content\/uploads\/2021\/11\/XXX-768x512.jpg\" data-width=\"768\" data-height=\"512\" alt=\"\" ><\/div>\n\t\t\t\t\t\t\t\t\t\t<div class=\"elementor-gallery-item__overlay\"><\/div>\n\t\t\t\t\t\t\t\t\t\t\t\t\t\t<\/a>\n\t\t\t\t\t\t\t<a class=\"e-gallery-item elementor-gallery-item elementor-animated-content\" href=\"https:\/\/wroclaw-info.pl\/wp-content\/uploads\/2021\/11\/IMG_0621-98924-1.jpg\" data-elementor-open-lightbox=\"yes\" data-elementor-lightbox-slideshow=\"all-fd0d4a7\" data-elementor-lightbox-title=\"IMG_0621-98924 (1)\">\n\t\t\t\t\t<div class=\"e-gallery-image elementor-gallery-item__image\" data-thumbnail=\"https:\/\/wroclaw-info.pl\/wp-content\/uploads\/2021\/11\/IMG_0621-98924-1-768x512.jpg\" data-width=\"768\" data-height=\"512\" alt=\"\" ><\/div>\n\t\t\t\t\t\t\t\t\t\t<div class=\"elementor-gallery-item__overlay\"><\/div>\n\t\t\t\t\t\t\t\t\t\t\t\t\t\t<\/a>\n\t\t\t\t\t\t\t<a class=\"e-gallery-item elementor-gallery-item elementor-animated-content\" href=\"https:\/\/wroclaw-info.pl\/wp-content\/uploads\/2021\/11\/AdobeStock_214091520-18039.jpg\" data-elementor-open-lightbox=\"yes\" data-elementor-lightbox-slideshow=\"all-fd0d4a7\" data-elementor-lightbox-title=\"AdobeStock_214091520-18039\">\n\t\t\t\t\t<div class=\"e-gallery-image elementor-gallery-item__image\" data-thumbnail=\"https:\/\/wroclaw-info.pl\/wp-content\/uploads\/2021\/11\/AdobeStock_214091520-18039-768x512.jpg\" data-width=\"768\" data-height=\"512\" alt=\"\" ><\/div>\n\t\t\t\t\t\t\t\t\t\t<div class=\"elementor-gallery-item__overlay\"><\/div>\n\t\t\t\t\t\t\t\t\t\t\t\t\t\t<\/a>\n\t\t\t\t\t\t\t<a class=\"e-gallery-item elementor-gallery-item elementor-animated-content\" href=\"https:\/\/wroclaw-info.pl\/wp-content\/uploads\/2021\/11\/shutterstock_120514240-66209-1.jpg\" data-elementor-open-lightbox=\"yes\" data-elementor-lightbox-slideshow=\"all-fd0d4a7\" data-elementor-lightbox-title=\"shutterstock_120514240-66209 (1)\">\n\t\t\t\t\t<div class=\"e-gallery-image elementor-gallery-item__image\" data-thumbnail=\"https:\/\/wroclaw-info.pl\/wp-content\/uploads\/2021\/11\/shutterstock_120514240-66209-1-768x512.jpg\" data-width=\"768\" data-height=\"512\" alt=\"\" ><\/div>\n\t\t\t\t\t\t\t\t\t\t<div class=\"elementor-gallery-item__overlay\"><\/div>\n\t\t\t\t\t\t\t\t\t\t\t\t\t\t<\/a>\n\t\t\t\t\t\t\t<a class=\"e-gallery-item elementor-gallery-item elementor-animated-content\" href=\"https:\/\/wroclaw-info.pl\/wp-content\/uploads\/2021\/11\/fot-11797.jpg\" data-elementor-open-lightbox=\"yes\" data-elementor-lightbox-slideshow=\"all-fd0d4a7\" data-elementor-lightbox-title=\"fot-11797\">\n\t\t\t\t\t<div class=\"e-gallery-image elementor-gallery-item__image\" data-thumbnail=\"https:\/\/wroclaw-info.pl\/wp-content\/uploads\/2021\/11\/fot-11797-768x1152.jpg\" data-width=\"768\" data-height=\"1152\" alt=\"\" ><\/div>\n\t\t\t\t\t\t\t\t\t\t<div class=\"elementor-gallery-item__overlay\"><\/div>\n\t\t\t\t\t\t\t\t\t\t\t\t\t\t<\/a>\n\t\t\t\t\t\t\t<a class=\"e-gallery-item elementor-gallery-item elementor-animated-content\" href=\"https:\/\/wroclaw-info.pl\/wp-content\/uploads\/2021\/11\/AdobeStock_168033376.jpg\" data-elementor-open-lightbox=\"yes\" data-elementor-lightbox-slideshow=\"all-fd0d4a7\" data-elementor-lightbox-title=\"AdobeStock_168033376\">\n\t\t\t\t\t<div class=\"e-gallery-image elementor-gallery-item__image\" data-thumbnail=\"https:\/\/wroclaw-info.pl\/wp-content\/uploads\/2021\/11\/AdobeStock_168033376-768x512.jpg\" data-width=\"768\" data-height=\"512\" alt=\"\" ><\/div>\n\t\t\t\t\t\t\t\t\t\t<div class=\"elementor-gallery-item__overlay\"><\/div>\n\t\t\t\t\t\t\t\t\t\t\t\t\t\t<\/a>\n\t\t\t\t\t<\/div>\n\t\t\t<\/div>\n\t\t\t\t<\/div>\n\t\t\t\t\t<\/div>\n\t\t<\/div>\n\t\t\t\t\t\t\t<\/div>\n\t\t<\/section>\n\t\t\t\t<section class=\"elementor-section elementor-top-section elementor-element elementor-element-1ecac9f elementor-section-boxed elementor-section-height-default elementor-section-height-default\" data-id=\"1ecac9f\" data-element_type=\"section\" data-settings=\"{&quot;motion_fx_motion_fx_scrolling&quot;:&quot;yes&quot;,&quot;motion_fx_devices&quot;:[&quot;desktop&quot;]}\">\n\t\t\t\t\t\t<div class=\"elementor-container elementor-column-gap-default\">\n\t\t\t\t\t<div class=\"elementor-column elementor-col-100 elementor-top-column elementor-element elementor-element-16cd158\" data-id=\"16cd158\" data-element_type=\"column\">\n\t\t\t<div class=\"elementor-widget-wrap elementor-element-populated\">\n\t\t\t\t\t\t\t\t<div class=\"elementor-element elementor-element-817ac51 animated-slow elementor-widget-divider--separator-type-pattern elementor-widget-divider--view-line elementor-invisible elementor-widget elementor-widget-divider\" data-id=\"817ac51\" data-element_type=\"widget\" data-settings=\"{&quot;_animation&quot;:&quot;fadeIn&quot;}\" data-widget_type=\"divider.default\">\n\t\t\t\t<div class=\"elementor-widget-container\">\n\t\t\t\t\t<div class=\"elementor-divider\" style=\"--divider-pattern-url: url(&quot;data:image\/svg+xml,%3Csvg xmlns=&#039;http:\/\/www.w3.org\/2000\/svg&#039; preserveAspectRatio=&#039;none&#039; overflow=&#039;visible&#039; height=&#039;100%&#039; viewBox=&#039;0 0 24 24&#039; fill=&#039;none&#039; stroke=&#039;black&#039; stroke-width=&#039;1&#039; stroke-linecap=&#039;square&#039; stroke-miterlimit=&#039;10&#039;%3E%3Cpolyline points=&#039;0,18 12,6 24,18 &#039;\/%3E%3C\/svg%3E&quot;);\">\n\t\t\t<span class=\"elementor-divider-separator\">\n\t\t\t\t\t\t<\/span>\n\t\t<\/div>\n\t\t\t\t<\/div>\n\t\t\t\t<\/div>\n\t\t\t\t<div class=\"elementor-element elementor-element-eca09c7 elementor-widget elementor-widget-spacer\" data-id=\"eca09c7\" data-element_type=\"widget\" data-widget_type=\"spacer.default\">\n\t\t\t\t<div class=\"elementor-widget-container\">\n\t\t\t\t\t<div class=\"elementor-spacer\">\n\t\t\t<div class=\"elementor-spacer-inner\"><\/div>\n\t\t<\/div>\n\t\t\t\t<\/div>\n\t\t\t\t<\/div>\n\t\t\t\t\t<\/div>\n\t\t<\/div>\n\t\t\t\t\t\t\t<\/div>\n\t\t<\/section>\n\t\t\t\t\t\t<\/div>\n\t\t\t\t\t<\/div>","protected":false},"excerpt":{"rendered":"<p>Wroc\u0142aw meleksem Zale\u017cy Ci na szybkim zwiedzaniu miasta w \u201cpigu\u0142ce\u201d? Zapraszamy na przeja\u017cd\u017ck\u0119 wroc\u0142awskimi meleksami! Meleksem przez Wroc\u0142aw Firma Best City Tours zapewnia: Wybrany j\u0119zyk zwiedzania &#8211; wysokiej klasy system&hellip;&nbsp;<a href=\"https:\/\/wroclaw-info.pl\/en\/zaplanuj-pobyt\/przewodnicy-po-wroclawiu\/zwiedzaj-meleksem\/\" class=\"\" rel=\"bookmark\">Read More &raquo;<span class=\"screen-reader-text\">Zwiedzaj meleksem<\/span><\/a><\/p>","protected":false},"author":1,"featured_media":0,"parent":899,"menu_order":0,"comment_status":"closed","ping_status":"closed","template":"elementor_header_footer","meta":{"neve_meta_sidebar":"full-width","neve_meta_container":"","neve_meta_enable_content_width":"on","neve_meta_content_width":100,"neve_meta_title_alignment":"","neve_meta_author_avatar":"","neve_post_elements_order":"","neve_meta_disable_header":"","neve_meta_disable_footer":"","neve_meta_disable_title":"","_themeisle_gutenberg_block_has_review":false,"_ti_tpc_template_sync":false,"_ti_tpc_template_id":"","footnotes":""},"class_list":["post-1031","page","type-page","status-publish","hentry"],"yoast_head":"<!-- This site is optimized with the Yoast SEO Premium plugin v16.3 (Yoast SEO v21.7) - https:\/\/yoast.com\/wordpress\/plugins\/seo\/ -->\n<title>Zwiedzaj meleksem - Centrum Informacji Turystycznej<\/title>\n<meta name=\"robots\" content=\"index, follow, max-snippet:-1, max-image-preview:large, max-video-preview:-1\" \/>\n<link rel=\"canonical\" href=\"https:\/\/wroclaw-info.pl\/en\/zaplanuj-pobyt\/przewodnicy-po-wroclawiu\/zwiedzaj-meleksem\/\" \/>\n<meta property=\"og:locale\" content=\"en_GB\" \/>\n<meta property=\"og:type\" content=\"article\" \/>\n<meta property=\"og:title\" content=\"Zwiedzaj meleksem - Centrum Informacji Turystycznej\" \/>\n<meta property=\"og:description\" content=\"Wroc\u0142aw meleksem Zale\u017cy Ci na szybkim zwiedzaniu miasta w \u201cpigu\u0142ce\u201d? Zapraszamy na przeja\u017cd\u017ck\u0119 wroc\u0142awskimi meleksami! Meleksem przez Wroc\u0142aw Firma Best City Tours zapewnia: Wybrany j\u0119zyk zwiedzania &#8211; wysokiej klasy system&hellip;&nbsp;Read More &raquo;Zwiedzaj meleksem\" \/>\n<meta property=\"og:url\" content=\"https:\/\/wroclaw-info.pl\/en\/zaplanuj-pobyt\/przewodnicy-po-wroclawiu\/zwiedzaj-meleksem\/\" \/>\n<meta property=\"og:site_name\" content=\"Centrum Informacji Turystycznej\" \/>\n<meta property=\"article:modified_time\" content=\"2021-11-28T12:25:40+00:00\" \/>\n<meta property=\"og:image\" content=\"https:\/\/wroclaw-info.pl\/wp-content\/uploads\/elementor\/thumbs\/261939764_4807186365959218_8460267652190598523_n-pgp55tp5snwgaq7bv81dest88w6mczy3s4361fx4uo.png\" \/>\n<meta name=\"twitter:card\" content=\"summary_large_image\" \/>\n<meta name=\"twitter:label1\" content=\"Estimated reading time\" \/>\n\t<meta name=\"twitter:data1\" content=\"1 minute\" \/>\n<script type=\"application\/ld+json\" class=\"yoast-schema-graph\">{\"@context\":\"https:\/\/schema.org\",\"@graph\":[{\"@type\":\"WebPage\",\"@id\":\"https:\/\/wroclaw-info.pl\/zaplanuj-pobyt\/przewodnicy-po-wroclawiu\/zwiedzaj-meleksem\/\",\"url\":\"https:\/\/wroclaw-info.pl\/zaplanuj-pobyt\/przewodnicy-po-wroclawiu\/zwiedzaj-meleksem\/\",\"name\":\"Zwiedzaj meleksem - Centrum Informacji Turystycznej\",\"isPartOf\":{\"@id\":\"https:\/\/wroclaw-info.pl\/#website\"},\"datePublished\":\"2021-08-20T20:23:36+00:00\",\"dateModified\":\"2021-11-28T12:25:40+00:00\",\"breadcrumb\":{\"@id\":\"https:\/\/wroclaw-info.pl\/zaplanuj-pobyt\/przewodnicy-po-wroclawiu\/zwiedzaj-meleksem\/#breadcrumb\"},\"inLanguage\":\"en-GB\",\"potentialAction\":[{\"@type\":\"ReadAction\",\"target\":[\"https:\/\/wroclaw-info.pl\/zaplanuj-pobyt\/przewodnicy-po-wroclawiu\/zwiedzaj-meleksem\/\"]}]},{\"@type\":\"BreadcrumbList\",\"@id\":\"https:\/\/wroclaw-info.pl\/zaplanuj-pobyt\/przewodnicy-po-wroclawiu\/zwiedzaj-meleksem\/#breadcrumb\",\"itemListElement\":[{\"@type\":\"ListItem\",\"position\":1,\"name\":\"Home\",\"item\":\"https:\/\/wroclaw-info.pl\/\"},{\"@type\":\"ListItem\",\"position\":2,\"name\":\"Zaplanuj Pobyt\",\"item\":\"https:\/\/wroclaw-info.pl\/zaplanuj-pobyt\/\"},{\"@type\":\"ListItem\",\"position\":3,\"name\":\"Przewodnicy\",\"item\":\"https:\/\/wroclaw-info.pl\/zaplanuj-pobyt\/przewodnicy-po-wroclawiu\/\"},{\"@type\":\"ListItem\",\"position\":4,\"name\":\"Zwiedzaj meleksem\"}]},{\"@type\":\"WebSite\",\"@id\":\"https:\/\/wroclaw-info.pl\/#website\",\"url\":\"https:\/\/wroclaw-info.pl\/\",\"name\":\"Centrum Informacji Turystycznej\",\"description\":\"Centrum Informacji Turystycznej we Wroc\u0142awiu\",\"publisher\":{\"@id\":\"https:\/\/wroclaw-info.pl\/#organization\"},\"potentialAction\":[{\"@type\":\"SearchAction\",\"target\":{\"@type\":\"EntryPoint\",\"urlTemplate\":\"https:\/\/wroclaw-info.pl\/?s={search_term_string}\"},\"query-input\":\"required name=search_term_string\"}],\"inLanguage\":\"en-GB\"},{\"@type\":\"Organization\",\"@id\":\"https:\/\/wroclaw-info.pl\/#organization\",\"name\":\"Centrum Informacji Turystycznej\",\"url\":\"https:\/\/wroclaw-info.pl\/\",\"logo\":{\"@type\":\"ImageObject\",\"inLanguage\":\"en-GB\",\"@id\":\"https:\/\/wroclaw-info.pl\/#\/schema\/logo\/image\/\",\"url\":\"https:\/\/wroclaw-info.pl\/wp-content\/uploads\/2021\/05\/Wroclaw_info.png\",\"contentUrl\":\"https:\/\/wroclaw-info.pl\/wp-content\/uploads\/2021\/05\/Wroclaw_info.png\",\"width\":591,\"height\":591,\"caption\":\"Centrum Informacji Turystycznej\"},\"image\":{\"@id\":\"https:\/\/wroclaw-info.pl\/#\/schema\/logo\/image\/\"}}]}<\/script>\n<!-- \/ Yoast SEO Premium plugin. -->","yoast_head_json":{"title":"Zwiedzaj meleksem - Centrum Informacji Turystycznej","robots":{"index":"index","follow":"follow","max-snippet":"max-snippet:-1","max-image-preview":"max-image-preview:large","max-video-preview":"max-video-preview:-1"},"canonical":"https:\/\/wroclaw-info.pl\/en\/zaplanuj-pobyt\/przewodnicy-po-wroclawiu\/zwiedzaj-meleksem\/","og_locale":"en_GB","og_type":"article","og_title":"Zwiedzaj meleksem - Centrum Informacji Turystycznej","og_description":"Wroc\u0142aw meleksem Zale\u017cy Ci na szybkim zwiedzaniu miasta w \u201cpigu\u0142ce\u201d? Zapraszamy na przeja\u017cd\u017ck\u0119 wroc\u0142awskimi meleksami! Meleksem przez Wroc\u0142aw Firma Best City Tours zapewnia: Wybrany j\u0119zyk zwiedzania &#8211; wysokiej klasy system&hellip;&nbsp;Read More &raquo;Zwiedzaj meleksem","og_url":"https:\/\/wroclaw-info.pl\/en\/zaplanuj-pobyt\/przewodnicy-po-wroclawiu\/zwiedzaj-meleksem\/","og_site_name":"Centrum Informacji Turystycznej","article_modified_time":"2021-11-28T12:25:40+00:00","og_image":[{"url":"https:\/\/wroclaw-info.pl\/wp-content\/uploads\/elementor\/thumbs\/261939764_4807186365959218_8460267652190598523_n-pgp55tp5snwgaq7bv81dest88w6mczy3s4361fx4uo.png"}],"twitter_card":"summary_large_image","twitter_misc":{"Estimated reading time":"1 minute"},"schema":{"@context":"https:\/\/schema.org","@graph":[{"@type":"WebPage","@id":"https:\/\/wroclaw-info.pl\/zaplanuj-pobyt\/przewodnicy-po-wroclawiu\/zwiedzaj-meleksem\/","url":"https:\/\/wroclaw-info.pl\/zaplanuj-pobyt\/przewodnicy-po-wroclawiu\/zwiedzaj-meleksem\/","name":"Zwiedzaj meleksem - Centrum Informacji Turystycznej","isPartOf":{"@id":"https:\/\/wroclaw-info.pl\/#website"},"datePublished":"2021-08-20T20:23:36+00:00","dateModified":"2021-11-28T12:25:40+00:00","breadcrumb":{"@id":"https:\/\/wroclaw-info.pl\/zaplanuj-pobyt\/przewodnicy-po-wroclawiu\/zwiedzaj-meleksem\/#breadcrumb"},"inLanguage":"en-GB","potentialAction":[{"@type":"ReadAction","target":["https:\/\/wroclaw-info.pl\/zaplanuj-pobyt\/przewodnicy-po-wroclawiu\/zwiedzaj-meleksem\/"]}]},{"@type":"BreadcrumbList","@id":"https:\/\/wroclaw-info.pl\/zaplanuj-pobyt\/przewodnicy-po-wroclawiu\/zwiedzaj-meleksem\/#breadcrumb","itemListElement":[{"@type":"ListItem","position":1,"name":"Home","item":"https:\/\/wroclaw-info.pl\/"},{"@type":"ListItem","position":2,"name":"Zaplanuj Pobyt","item":"https:\/\/wroclaw-info.pl\/zaplanuj-pobyt\/"},{"@type":"ListItem","position":3,"name":"Przewodnicy","item":"https:\/\/wroclaw-info.pl\/zaplanuj-pobyt\/przewodnicy-po-wroclawiu\/"},{"@type":"ListItem","position":4,"name":"Zwiedzaj meleksem"}]},{"@type":"WebSite","@id":"https:\/\/wroclaw-info.pl\/#website","url":"https:\/\/wroclaw-info.pl\/","name":"Centrum Informacji Turystycznej","description":"Centrum Informacji Turystycznej we Wroc\u0142awiu","publisher":{"@id":"https:\/\/wroclaw-info.pl\/#organization"},"potentialAction":[{"@type":"SearchAction","target":{"@type":"EntryPoint","urlTemplate":"https:\/\/wroclaw-info.pl\/?s={search_term_string}"},"query-input":"required name=search_term_string"}],"inLanguage":"en-GB"},{"@type":"Organization","@id":"https:\/\/wroclaw-info.pl\/#organization","name":"Centrum Informacji Turystycznej","url":"https:\/\/wroclaw-info.pl\/","logo":{"@type":"ImageObject","inLanguage":"en-GB","@id":"https:\/\/wroclaw-info.pl\/#\/schema\/logo\/image\/","url":"https:\/\/wroclaw-info.pl\/wp-content\/uploads\/2021\/05\/Wroclaw_info.png","contentUrl":"https:\/\/wroclaw-info.pl\/wp-content\/uploads\/2021\/05\/Wroclaw_info.png","width":591,"height":591,"caption":"Centrum Informacji Turystycznej"},"image":{"@id":"https:\/\/wroclaw-info.pl\/#\/schema\/logo\/image\/"}}]}},"_links":{"self":[{"href":"https:\/\/wroclaw-info.pl\/en\/wp-json\/wp\/v2\/pages\/1031","targetHints":{"allow":["GET"]}}],"collection":[{"href":"https:\/\/wroclaw-info.pl\/en\/wp-json\/wp\/v2\/pages"}],"about":[{"href":"https:\/\/wroclaw-info.pl\/en\/wp-json\/wp\/v2\/types\/page"}],"author":[{"embeddable":true,"href":"https:\/\/wroclaw-info.pl\/en\/wp-json\/wp\/v2\/users\/1"}],"replies":[{"embeddable":true,"href":"https:\/\/wroclaw-info.pl\/en\/wp-json\/wp\/v2\/comments?post=1031"}],"version-history":[{"count":15,"href":"https:\/\/wroclaw-info.pl\/en\/wp-json\/wp\/v2\/pages\/1031\/revisions"}],"predecessor-version":[{"id":1490,"href":"https:\/\/wroclaw-info.pl\/en\/wp-json\/wp\/v2\/pages\/1031\/revisions\/1490"}],"up":[{"embeddable":true,"href":"https:\/\/wroclaw-info.pl\/en\/wp-json\/wp\/v2\/pages\/899"}],"wp:attachment":[{"href":"https:\/\/wroclaw-info.pl\/en\/wp-json\/wp\/v2\/media?parent=1031"}],"curies":[{"name":"wp","href":"https:\/\/api.w.org\/{rel}","templated":true}]}}