{"id":1032,"date":"2021-08-20T20:23:43","date_gmt":"2021-08-20T20:23:43","guid":{"rendered":"https:\/\/wroclaw-info.pl\/?page_id=1032"},"modified":"2021-11-28T12:28:15","modified_gmt":"2021-11-28T12:28:15","slug":"zwiedzaj-pieszo","status":"publish","type":"page","link":"https:\/\/wroclaw-info.pl\/en\/zaplanuj-pobyt\/przewodnicy-po-wroclawiu\/zwiedzaj-pieszo\/","title":{"rendered":"Zwiedzaj pieszo"},"content":{"rendered":"<div data-elementor-type=\"wp-page\" data-elementor-id=\"1032\" class=\"elementor elementor-1032\" data-elementor-settings=\"[]\">\n\t\t\t\t\t\t\t<div class=\"elementor-section-wrap\">\n\t\t\t\t\t\t\t<section class=\"elementor-section elementor-top-section elementor-element elementor-element-e976c18 elementor-section-height-min-height elementor-section-boxed elementor-section-height-default elementor-section-items-middle\" data-id=\"e976c18\" data-element_type=\"section\" data-settings=\"{&quot;background_background&quot;:&quot;classic&quot;}\">\n\t\t\t\t\t\t\t<div class=\"elementor-background-overlay\"><\/div>\n\t\t\t\t\t\t\t<div class=\"elementor-container elementor-column-gap-extended\">\n\t\t\t\t\t<div class=\"elementor-column elementor-col-50 elementor-top-column elementor-element elementor-element-efaad38\" data-id=\"efaad38\" data-element_type=\"column\">\n\t\t\t<div class=\"elementor-widget-wrap elementor-element-populated\">\n\t\t\t\t\t\t\t\t<div class=\"elementor-element elementor-element-9f1e5b3 elementor-widget elementor-widget-image\" data-id=\"9f1e5b3\" data-element_type=\"widget\" data-widget_type=\"image.default\">\n\t\t\t\t<div class=\"elementor-widget-container\">\n\t\t\t\t\t\t\t\t\t\t\t\t\t\t\t<img decoding=\"async\" src=\"https:\/\/wroclaw-info.pl\/wp-content\/uploads\/elementor\/thumbs\/261939764_4807186365959218_8460267652190598523_n-pgp55tp5snwgaq7bv81dest88w6mczy3s4361fx4uo.png\" title=\"261939764_4807186365959218_8460267652190598523_n\" alt=\"261939764_4807186365959218_8460267652190598523_n\" \/>\t\t\t\t\t\t\t\t\t\t\t\t\t\t\t<\/div>\n\t\t\t\t<\/div>\n\t\t\t\t\t<\/div>\n\t\t<\/div>\n\t\t\t\t<div class=\"elementor-column elementor-col-50 elementor-top-column elementor-element elementor-element-463cc26\" data-id=\"463cc26\" data-element_type=\"column\">\n\t\t\t<div class=\"elementor-widget-wrap elementor-element-populated\">\n\t\t\t\t\t\t\t\t<div class=\"elementor-element elementor-element-ba37e2c elementor-widget elementor-widget-heading\" data-id=\"ba37e2c\" data-element_type=\"widget\" data-widget_type=\"heading.default\">\n\t\t\t\t<div class=\"elementor-widget-container\">\n\t\t\t<h2 class=\"elementor-heading-title elementor-size-large\">Zwiedzaj pieszo<\/h2>\t\t<\/div>\n\t\t\t\t<\/div>\n\t\t\t\t<div class=\"elementor-element elementor-element-4804276 elementor-widget elementor-widget-text-editor\" data-id=\"4804276\" data-element_type=\"widget\" data-widget_type=\"text-editor.default\">\n\t\t\t\t<div class=\"elementor-widget-container\">\n\t\t\t\t\t\t\t\t<p>Jeste\u015b typem aktywnego turysty lubi\u0105cego &#8222;dotkn\u0105\u0107&#8221; ka\u017cdy zabytek? Sprawd\u017a nasze propozycje zwiedzania pieszego i poznaj Wroc\u0142aw w kr\u00f3tkim czasie!<\/p>\t\t\t\t\t\t<\/div>\n\t\t\t\t<\/div>\n\t\t\t\t\t<\/div>\n\t\t<\/div>\n\t\t\t\t\t\t\t<\/div>\n\t\t<\/section>\n\t\t\t\t<section class=\"elementor-section elementor-top-section elementor-element elementor-element-fbfc5ec elementor-section-boxed elementor-section-height-default elementor-section-height-default\" data-id=\"fbfc5ec\" data-element_type=\"section\" data-settings=\"{&quot;motion_fx_motion_fx_scrolling&quot;:&quot;yes&quot;,&quot;motion_fx_devices&quot;:[&quot;desktop&quot;]}\">\n\t\t\t\t\t\t<div class=\"elementor-container elementor-column-gap-default\">\n\t\t\t\t\t<div class=\"elementor-column elementor-col-100 elementor-top-column elementor-element elementor-element-26b4907\" data-id=\"26b4907\" data-element_type=\"column\">\n\t\t\t<div class=\"elementor-widget-wrap elementor-element-populated\">\n\t\t\t\t\t\t\t\t<div class=\"elementor-element elementor-element-d71ee29 elementor-widget elementor-widget-spacer\" data-id=\"d71ee29\" data-element_type=\"widget\" data-widget_type=\"spacer.default\">\n\t\t\t\t<div class=\"elementor-widget-container\">\n\t\t\t\t\t<div class=\"elementor-spacer\">\n\t\t\t<div class=\"elementor-spacer-inner\"><\/div>\n\t\t<\/div>\n\t\t\t\t<\/div>\n\t\t\t\t<\/div>\n\t\t\t\t<div class=\"elementor-element elementor-element-86eedcb elementor-widget-divider--view-line_icon animated-slow elementor-view-default elementor-widget-divider--element-align-center elementor-invisible elementor-widget elementor-widget-divider\" data-id=\"86eedcb\" data-element_type=\"widget\" data-settings=\"{&quot;_animation&quot;:&quot;fadeIn&quot;,&quot;_animation_delay&quot;:300}\" data-widget_type=\"divider.default\">\n\t\t\t\t<div class=\"elementor-widget-container\">\n\t\t\t\t\t<div class=\"elementor-divider\">\n\t\t\t<span class=\"elementor-divider-separator\">\n\t\t\t\t\t\t\t<div class=\"elementor-icon elementor-divider__element\">\n\t\t\t\t\t<i aria-hidden=\"true\" class=\"fas fa-chevron-down\"><\/i><\/div>\n\t\t\t\t\t\t<\/span>\n\t\t<\/div>\n\t\t\t\t<\/div>\n\t\t\t\t<\/div>\n\t\t\t\t<div class=\"elementor-element elementor-element-3e27ce3 elementor-widget elementor-widget-spacer\" data-id=\"3e27ce3\" data-element_type=\"widget\" data-widget_type=\"spacer.default\">\n\t\t\t\t<div class=\"elementor-widget-container\">\n\t\t\t\t\t<div class=\"elementor-spacer\">\n\t\t\t<div class=\"elementor-spacer-inner\"><\/div>\n\t\t<\/div>\n\t\t\t\t<\/div>\n\t\t\t\t<\/div>\n\t\t\t\t<section class=\"elementor-section elementor-inner-section elementor-element elementor-element-5e9619c elementor-section-boxed elementor-section-height-default elementor-section-height-default\" data-id=\"5e9619c\" data-element_type=\"section\">\n\t\t\t\t\t\t<div class=\"elementor-container elementor-column-gap-default\">\n\t\t\t\t\t<div class=\"elementor-column elementor-col-100 elementor-inner-column elementor-element elementor-element-3477c4e\" data-id=\"3477c4e\" data-element_type=\"column\">\n\t\t\t<div class=\"elementor-widget-wrap elementor-element-populated\">\n\t\t\t\t\t\t\t\t<div class=\"elementor-element elementor-element-475b225 elementor-widget elementor-widget-heading\" data-id=\"475b225\" data-element_type=\"widget\" data-widget_type=\"heading.default\">\n\t\t\t\t<div class=\"elementor-widget-container\">\n\t\t\t<h2 class=\"elementor-heading-title elementor-size-xl\">Wroc\u0142aw pieszo<\/h2>\t\t<\/div>\n\t\t\t\t<\/div>\n\t\t\t\t<div class=\"elementor-element elementor-element-a4241ba elementor-widget elementor-widget-text-editor\" data-id=\"a4241ba\" data-element_type=\"widget\" data-widget_type=\"text-editor.default\">\n\t\t\t\t<div class=\"elementor-widget-container\">\n\t\t\t\t\t\t\t\t<p>1. Lubisz zwiedzanie nowych zak\u0105tk\u00f3w na w\u0142asn\u0105 r\u0119k\u0119? Skorzystaj z naszych propozycji, w zale\u017cno\u015bci od ilo\u015bci czasu, kt\u00f3rym dysponujesz.<\/p><p><strong><a href=\"https:\/\/wroclaw-info.pl\/en\/poznaj-wroclaw\/wroclaw-1-dzien\/\">-&gt; Wroc\u0142aw w 1 dzie\u0144<\/a><\/strong><br \/><strong>-&gt; <a href=\"https:\/\/wroclaw-info.pl\/en\/poznaj-wroclaw\/wroclaw-2-dni\/\">Wroc\u0142aw w 2 dni<\/a><\/strong><br \/><strong>-&gt; <a href=\"https:\/\/wroclaw-info.pl\/en\/poznaj-wroclaw\/wroclaw-3-dni\/\">Wroc\u0142aw w 3 dni<\/a><\/strong><\/p><p>Szukasz przewodnika dla grupy zorganizowanej? Napisz do nas: <strong>info@itwroclaw.pl<\/strong>, a my zajmiemy si\u0119 reszt\u0105!<\/p><p><span style=\"font-weight: 400;\">2. Jeste\u015b zapalonym turyst\u0105 lubi\u0105cym d\u0142u\u017csze w\u0119dr\u00f3wki? Lubisz zg\u0142\u0119bia\u0107 histori\u0119 w przyst\u0119pny spos\u00f3b? Polecamy spacery z licencjonowanymi przewodnikami! Firma Free Walkative Tour \u015bwiadcz\u0105ca us\u0142ugi od 2007 roku zaprasza na spacery tematyczne: Stare Miasto, Dzielnica Czterech Wyzna\u0144, Mosty i Wyspy, oraz cykl wycieczek Wroc\u0142aw Krok po Kroku. Wycieczki organizowane s\u0105 w j\u0119zykach: polski, angielski, niemiecki i hiszpa\u0144ski.<\/span><\/p><p><strong><a href=\"https:\/\/freewalkingtour.com\/pl\/find-a-tour\/wroclaw-polska\">-&gt; Sprawd\u017a wycieczki od Free Walkative Tours<\/a><\/strong><\/p><p>3. <span style=\"font-weight: 400;\">Sezonowo zapraszamy r\u00f3wnie\u017c na wycieczki organizowane przez Stowarzyszenie Tu i Tam, <br \/>nr telefonu: <a href=\"https:\/\/www.google.com\/search?q=stowarzyszene+tuitam&amp;oq=stowarzyszene+tuitam&amp;aqs=chrome..69i57j0i19.5903j0j4&amp;sourceid=chrome&amp;ie=UTF-8#\" data-dtype=\"d3ifr\" data-local-attribute=\"d3ph\" data-ved=\"2ahUKEwiatJb8hLv0AhV-7rsIHcFtDEIQkAgoAHoECFIQAw\"><span aria-label=\"Llamar al n\u00famero de tel\u00e9fono 661 172 250\">661 172 250<\/span><\/a><\/span><\/p>\t\t\t\t\t\t<\/div>\n\t\t\t\t<\/div>\n\t\t\t\t\t<\/div>\n\t\t<\/div>\n\t\t\t\t\t\t\t<\/div>\n\t\t<\/section>\n\t\t\t\t\t<\/div>\n\t\t<\/div>\n\t\t\t\t\t\t\t<\/div>\n\t\t<\/section>\n\t\t\t\t<section class=\"elementor-section elementor-top-section elementor-element elementor-element-37cf3be elementor-section-boxed elementor-section-height-default elementor-section-height-default\" data-id=\"37cf3be\" data-element_type=\"section\">\n\t\t\t\t\t\t<div class=\"elementor-container elementor-column-gap-default\">\n\t\t\t\t\t<div class=\"elementor-column elementor-col-100 elementor-top-column elementor-element elementor-element-083c7e8\" data-id=\"083c7e8\" data-element_type=\"column\">\n\t\t\t<div class=\"elementor-widget-wrap elementor-element-populated\">\n\t\t\t\t\t\t\t\t<div class=\"elementor-element elementor-element-0f319c6 elementor-widget elementor-widget-gallery\" data-id=\"0f319c6\" data-element_type=\"widget\" data-settings=\"{&quot;columns&quot;:3,&quot;gap&quot;:{&quot;unit&quot;:&quot;px&quot;,&quot;size&quot;:15,&quot;sizes&quot;:[]},&quot;gap_mobile&quot;:{&quot;unit&quot;:&quot;px&quot;,&quot;size&quot;:20,&quot;sizes&quot;:[]},&quot;lazyload&quot;:&quot;yes&quot;,&quot;gallery_layout&quot;:&quot;grid&quot;,&quot;columns_tablet&quot;:2,&quot;columns_mobile&quot;:1,&quot;gap_tablet&quot;:{&quot;unit&quot;:&quot;px&quot;,&quot;size&quot;:10,&quot;sizes&quot;:[]},&quot;link_to&quot;:&quot;file&quot;,&quot;aspect_ratio&quot;:&quot;3:2&quot;,&quot;overlay_background&quot;:&quot;yes&quot;,&quot;content_hover_animation&quot;:&quot;fade-in&quot;}\" data-widget_type=\"gallery.default\">\n\t\t\t\t<div class=\"elementor-widget-container\">\n\t\t\t\t\t<div class=\"elementor-gallery__container\">\n\t\t\t\t\t\t\t<a class=\"e-gallery-item elementor-gallery-item elementor-animated-content\" href=\"https:\/\/wroclaw-info.pl\/wp-content\/uploads\/2021\/11\/AdobeStock_214091520-18039.jpg\" data-elementor-open-lightbox=\"yes\" data-elementor-lightbox-slideshow=\"all-0f319c6\" data-elementor-lightbox-title=\"AdobeStock_214091520-18039\">\n\t\t\t\t\t<div class=\"e-gallery-image elementor-gallery-item__image\" data-thumbnail=\"https:\/\/wroclaw-info.pl\/wp-content\/uploads\/2021\/11\/AdobeStock_214091520-18039-768x512.jpg\" data-width=\"768\" data-height=\"512\" alt=\"\" ><\/div>\n\t\t\t\t\t\t\t\t\t\t<div class=\"elementor-gallery-item__overlay\"><\/div>\n\t\t\t\t\t\t\t\t\t\t\t\t\t\t<\/a>\n\t\t\t\t\t\t\t<a class=\"e-gallery-item elementor-gallery-item elementor-animated-content\" href=\"https:\/\/wroclaw-info.pl\/wp-content\/uploads\/2021\/11\/AdobeStock_168033376.jpg\" data-elementor-open-lightbox=\"yes\" data-elementor-lightbox-slideshow=\"all-0f319c6\" data-elementor-lightbox-title=\"AdobeStock_168033376\">\n\t\t\t\t\t<div class=\"e-gallery-image elementor-gallery-item__image\" data-thumbnail=\"https:\/\/wroclaw-info.pl\/wp-content\/uploads\/2021\/11\/AdobeStock_168033376-768x512.jpg\" data-width=\"768\" data-height=\"512\" alt=\"\" ><\/div>\n\t\t\t\t\t\t\t\t\t\t<div class=\"elementor-gallery-item__overlay\"><\/div>\n\t\t\t\t\t\t\t\t\t\t\t\t\t\t<\/a>\n\t\t\t\t\t\t\t<a class=\"e-gallery-item elementor-gallery-item elementor-animated-content\" href=\"https:\/\/wroclaw-info.pl\/wp-content\/uploads\/2021\/11\/iStock-917339746.jpg\" data-elementor-open-lightbox=\"yes\" data-elementor-lightbox-slideshow=\"all-0f319c6\" data-elementor-lightbox-title=\"iStock-917339746\">\n\t\t\t\t\t<div class=\"e-gallery-image elementor-gallery-item__image\" data-thumbnail=\"https:\/\/wroclaw-info.pl\/wp-content\/uploads\/2021\/11\/iStock-917339746-768x512.jpg\" data-width=\"768\" data-height=\"512\" alt=\"\" ><\/div>\n\t\t\t\t\t\t\t\t\t\t<div class=\"elementor-gallery-item__overlay\"><\/div>\n\t\t\t\t\t\t\t\t\t\t\t\t\t\t<\/a>\n\t\t\t\t\t<\/div>\n\t\t\t<\/div>\n\t\t\t\t<\/div>\n\t\t\t\t\t<\/div>\n\t\t<\/div>\n\t\t\t\t\t\t\t<\/div>\n\t\t<\/section>\n\t\t\t\t<section class=\"elementor-section elementor-top-section elementor-element elementor-element-1ecac9f elementor-section-boxed elementor-section-height-default elementor-section-height-default\" data-id=\"1ecac9f\" data-element_type=\"section\" data-settings=\"{&quot;motion_fx_motion_fx_scrolling&quot;:&quot;yes&quot;,&quot;motion_fx_devices&quot;:[&quot;desktop&quot;]}\">\n\t\t\t\t\t\t<div class=\"elementor-container elementor-column-gap-default\">\n\t\t\t\t\t<div class=\"elementor-column elementor-col-100 elementor-top-column elementor-element elementor-element-16cd158\" data-id=\"16cd158\" data-element_type=\"column\">\n\t\t\t<div class=\"elementor-widget-wrap elementor-element-populated\">\n\t\t\t\t\t\t\t\t<div class=\"elementor-element elementor-element-817ac51 animated-slow elementor-widget-divider--separator-type-pattern elementor-widget-divider--view-line elementor-invisible elementor-widget elementor-widget-divider\" data-id=\"817ac51\" data-element_type=\"widget\" data-settings=\"{&quot;_animation&quot;:&quot;fadeIn&quot;}\" data-widget_type=\"divider.default\">\n\t\t\t\t<div class=\"elementor-widget-container\">\n\t\t\t\t\t<div class=\"elementor-divider\" style=\"--divider-pattern-url: url(&quot;data:image\/svg+xml,%3Csvg xmlns=&#039;http:\/\/www.w3.org\/2000\/svg&#039; preserveAspectRatio=&#039;none&#039; overflow=&#039;visible&#039; height=&#039;100%&#039; viewBox=&#039;0 0 24 24&#039; fill=&#039;none&#039; stroke=&#039;black&#039; stroke-width=&#039;1&#039; stroke-linecap=&#039;square&#039; stroke-miterlimit=&#039;10&#039;%3E%3Cpolyline points=&#039;0,18 12,6 24,18 &#039;\/%3E%3C\/svg%3E&quot;);\">\n\t\t\t<span class=\"elementor-divider-separator\">\n\t\t\t\t\t\t<\/span>\n\t\t<\/div>\n\t\t\t\t<\/div>\n\t\t\t\t<\/div>\n\t\t\t\t<div class=\"elementor-element elementor-element-eca09c7 elementor-widget elementor-widget-spacer\" data-id=\"eca09c7\" data-element_type=\"widget\" data-widget_type=\"spacer.default\">\n\t\t\t\t<div class=\"elementor-widget-container\">\n\t\t\t\t\t<div class=\"elementor-spacer\">\n\t\t\t<div class=\"elementor-spacer-inner\"><\/div>\n\t\t<\/div>\n\t\t\t\t<\/div>\n\t\t\t\t<\/div>\n\t\t\t\t\t<\/div>\n\t\t<\/div>\n\t\t\t\t\t\t\t<\/div>\n\t\t<\/section>\n\t\t\t\t\t\t<\/div>\n\t\t\t\t\t<\/div>","protected":false},"excerpt":{"rendered":"<p>Zwiedzaj pieszo Jeste\u015b typem aktywnego turysty lubi\u0105cego &#8222;dotkn\u0105\u0107&#8221; ka\u017cdy zabytek? Sprawd\u017a nasze propozycje zwiedzania pieszego i poznaj Wroc\u0142aw w kr\u00f3tkim czasie! Wroc\u0142aw pieszo 1. Lubisz zwiedzanie nowych zak\u0105tk\u00f3w na w\u0142asn\u0105&hellip;&nbsp;<a href=\"https:\/\/wroclaw-info.pl\/en\/zaplanuj-pobyt\/przewodnicy-po-wroclawiu\/zwiedzaj-pieszo\/\" class=\"\" rel=\"bookmark\">Read More &raquo;<span class=\"screen-reader-text\">Zwiedzaj pieszo<\/span><\/a><\/p>","protected":false},"author":1,"featured_media":0,"parent":899,"menu_order":0,"comment_status":"closed","ping_status":"closed","template":"elementor_header_footer","meta":{"neve_meta_sidebar":"full-width","neve_meta_container":"","neve_meta_enable_content_width":"on","neve_meta_content_width":100,"neve_meta_title_alignment":"","neve_meta_author_avatar":"","neve_post_elements_order":"","neve_meta_disable_header":"","neve_meta_disable_footer":"","neve_meta_disable_title":"","_themeisle_gutenberg_block_has_review":false,"_ti_tpc_template_sync":false,"_ti_tpc_template_id":"","footnotes":""},"class_list":["post-1032","page","type-page","status-publish","hentry"],"yoast_head":"<!-- This site is optimized with the Yoast SEO Premium plugin v16.3 (Yoast SEO v21.7) - https:\/\/yoast.com\/wordpress\/plugins\/seo\/ -->\n<title>Zwiedzaj pieszo - Centrum Informacji Turystycznej<\/title>\n<meta name=\"robots\" content=\"index, follow, max-snippet:-1, max-image-preview:large, max-video-preview:-1\" \/>\n<link rel=\"canonical\" href=\"https:\/\/wroclaw-info.pl\/en\/zaplanuj-pobyt\/przewodnicy-po-wroclawiu\/zwiedzaj-pieszo\/\" \/>\n<meta property=\"og:locale\" content=\"en_GB\" \/>\n<meta property=\"og:type\" content=\"article\" \/>\n<meta property=\"og:title\" content=\"Zwiedzaj pieszo - Centrum Informacji Turystycznej\" \/>\n<meta property=\"og:description\" content=\"Zwiedzaj pieszo Jeste\u015b typem aktywnego turysty lubi\u0105cego &#8222;dotkn\u0105\u0107&#8221; ka\u017cdy zabytek? Sprawd\u017a nasze propozycje zwiedzania pieszego i poznaj Wroc\u0142aw w kr\u00f3tkim czasie! Wroc\u0142aw pieszo 1. Lubisz zwiedzanie nowych zak\u0105tk\u00f3w na w\u0142asn\u0105&hellip;&nbsp;Read More &raquo;Zwiedzaj pieszo\" \/>\n<meta property=\"og:url\" content=\"https:\/\/wroclaw-info.pl\/en\/zaplanuj-pobyt\/przewodnicy-po-wroclawiu\/zwiedzaj-pieszo\/\" \/>\n<meta property=\"og:site_name\" content=\"Centrum Informacji Turystycznej\" \/>\n<meta property=\"article:modified_time\" content=\"2021-11-28T12:28:15+00:00\" \/>\n<meta property=\"og:image\" content=\"https:\/\/wroclaw-info.pl\/wp-content\/uploads\/elementor\/thumbs\/261939764_4807186365959218_8460267652190598523_n-pgp55tp5snwgaq7bv81dest88w6mczy3s4361fx4uo.png\" \/>\n<meta name=\"twitter:card\" content=\"summary_large_image\" \/>\n<meta name=\"twitter:label1\" content=\"Estimated reading time\" \/>\n\t<meta name=\"twitter:data1\" content=\"1 minute\" \/>\n<script type=\"application\/ld+json\" class=\"yoast-schema-graph\">{\"@context\":\"https:\/\/schema.org\",\"@graph\":[{\"@type\":\"WebPage\",\"@id\":\"https:\/\/wroclaw-info.pl\/zaplanuj-pobyt\/przewodnicy-po-wroclawiu\/zwiedzaj-pieszo\/\",\"url\":\"https:\/\/wroclaw-info.pl\/zaplanuj-pobyt\/przewodnicy-po-wroclawiu\/zwiedzaj-pieszo\/\",\"name\":\"Zwiedzaj pieszo - Centrum Informacji Turystycznej\",\"isPartOf\":{\"@id\":\"https:\/\/wroclaw-info.pl\/#website\"},\"datePublished\":\"2021-08-20T20:23:43+00:00\",\"dateModified\":\"2021-11-28T12:28:15+00:00\",\"breadcrumb\":{\"@id\":\"https:\/\/wroclaw-info.pl\/zaplanuj-pobyt\/przewodnicy-po-wroclawiu\/zwiedzaj-pieszo\/#breadcrumb\"},\"inLanguage\":\"en-GB\",\"potentialAction\":[{\"@type\":\"ReadAction\",\"target\":[\"https:\/\/wroclaw-info.pl\/zaplanuj-pobyt\/przewodnicy-po-wroclawiu\/zwiedzaj-pieszo\/\"]}]},{\"@type\":\"BreadcrumbList\",\"@id\":\"https:\/\/wroclaw-info.pl\/zaplanuj-pobyt\/przewodnicy-po-wroclawiu\/zwiedzaj-pieszo\/#breadcrumb\",\"itemListElement\":[{\"@type\":\"ListItem\",\"position\":1,\"name\":\"Home\",\"item\":\"https:\/\/wroclaw-info.pl\/\"},{\"@type\":\"ListItem\",\"position\":2,\"name\":\"Zaplanuj Pobyt\",\"item\":\"https:\/\/wroclaw-info.pl\/zaplanuj-pobyt\/\"},{\"@type\":\"ListItem\",\"position\":3,\"name\":\"Przewodnicy\",\"item\":\"https:\/\/wroclaw-info.pl\/zaplanuj-pobyt\/przewodnicy-po-wroclawiu\/\"},{\"@type\":\"ListItem\",\"position\":4,\"name\":\"Zwiedzaj pieszo\"}]},{\"@type\":\"WebSite\",\"@id\":\"https:\/\/wroclaw-info.pl\/#website\",\"url\":\"https:\/\/wroclaw-info.pl\/\",\"name\":\"Centrum Informacji Turystycznej\",\"description\":\"Centrum Informacji Turystycznej we Wroc\u0142awiu\",\"publisher\":{\"@id\":\"https:\/\/wroclaw-info.pl\/#organization\"},\"potentialAction\":[{\"@type\":\"SearchAction\",\"target\":{\"@type\":\"EntryPoint\",\"urlTemplate\":\"https:\/\/wroclaw-info.pl\/?s={search_term_string}\"},\"query-input\":\"required name=search_term_string\"}],\"inLanguage\":\"en-GB\"},{\"@type\":\"Organization\",\"@id\":\"https:\/\/wroclaw-info.pl\/#organization\",\"name\":\"Centrum Informacji Turystycznej\",\"url\":\"https:\/\/wroclaw-info.pl\/\",\"logo\":{\"@type\":\"ImageObject\",\"inLanguage\":\"en-GB\",\"@id\":\"https:\/\/wroclaw-info.pl\/#\/schema\/logo\/image\/\",\"url\":\"https:\/\/wroclaw-info.pl\/wp-content\/uploads\/2021\/05\/Wroclaw_info.png\",\"contentUrl\":\"https:\/\/wroclaw-info.pl\/wp-content\/uploads\/2021\/05\/Wroclaw_info.png\",\"width\":591,\"height\":591,\"caption\":\"Centrum Informacji Turystycznej\"},\"image\":{\"@id\":\"https:\/\/wroclaw-info.pl\/#\/schema\/logo\/image\/\"}}]}<\/script>\n<!-- \/ Yoast SEO Premium plugin. -->","yoast_head_json":{"title":"Zwiedzaj pieszo - Centrum Informacji Turystycznej","robots":{"index":"index","follow":"follow","max-snippet":"max-snippet:-1","max-image-preview":"max-image-preview:large","max-video-preview":"max-video-preview:-1"},"canonical":"https:\/\/wroclaw-info.pl\/en\/zaplanuj-pobyt\/przewodnicy-po-wroclawiu\/zwiedzaj-pieszo\/","og_locale":"en_GB","og_type":"article","og_title":"Zwiedzaj pieszo - Centrum Informacji Turystycznej","og_description":"Zwiedzaj pieszo Jeste\u015b typem aktywnego turysty lubi\u0105cego &#8222;dotkn\u0105\u0107&#8221; ka\u017cdy zabytek? Sprawd\u017a nasze propozycje zwiedzania pieszego i poznaj Wroc\u0142aw w kr\u00f3tkim czasie! Wroc\u0142aw pieszo 1. Lubisz zwiedzanie nowych zak\u0105tk\u00f3w na w\u0142asn\u0105&hellip;&nbsp;Read More &raquo;Zwiedzaj pieszo","og_url":"https:\/\/wroclaw-info.pl\/en\/zaplanuj-pobyt\/przewodnicy-po-wroclawiu\/zwiedzaj-pieszo\/","og_site_name":"Centrum Informacji Turystycznej","article_modified_time":"2021-11-28T12:28:15+00:00","og_image":[{"url":"https:\/\/wroclaw-info.pl\/wp-content\/uploads\/elementor\/thumbs\/261939764_4807186365959218_8460267652190598523_n-pgp55tp5snwgaq7bv81dest88w6mczy3s4361fx4uo.png"}],"twitter_card":"summary_large_image","twitter_misc":{"Estimated reading time":"1 minute"},"schema":{"@context":"https:\/\/schema.org","@graph":[{"@type":"WebPage","@id":"https:\/\/wroclaw-info.pl\/zaplanuj-pobyt\/przewodnicy-po-wroclawiu\/zwiedzaj-pieszo\/","url":"https:\/\/wroclaw-info.pl\/zaplanuj-pobyt\/przewodnicy-po-wroclawiu\/zwiedzaj-pieszo\/","name":"Zwiedzaj pieszo - Centrum Informacji Turystycznej","isPartOf":{"@id":"https:\/\/wroclaw-info.pl\/#website"},"datePublished":"2021-08-20T20:23:43+00:00","dateModified":"2021-11-28T12:28:15+00:00","breadcrumb":{"@id":"https:\/\/wroclaw-info.pl\/zaplanuj-pobyt\/przewodnicy-po-wroclawiu\/zwiedzaj-pieszo\/#breadcrumb"},"inLanguage":"en-GB","potentialAction":[{"@type":"ReadAction","target":["https:\/\/wroclaw-info.pl\/zaplanuj-pobyt\/przewodnicy-po-wroclawiu\/zwiedzaj-pieszo\/"]}]},{"@type":"BreadcrumbList","@id":"https:\/\/wroclaw-info.pl\/zaplanuj-pobyt\/przewodnicy-po-wroclawiu\/zwiedzaj-pieszo\/#breadcrumb","itemListElement":[{"@type":"ListItem","position":1,"name":"Home","item":"https:\/\/wroclaw-info.pl\/"},{"@type":"ListItem","position":2,"name":"Zaplanuj Pobyt","item":"https:\/\/wroclaw-info.pl\/zaplanuj-pobyt\/"},{"@type":"ListItem","position":3,"name":"Przewodnicy","item":"https:\/\/wroclaw-info.pl\/zaplanuj-pobyt\/przewodnicy-po-wroclawiu\/"},{"@type":"ListItem","position":4,"name":"Zwiedzaj pieszo"}]},{"@type":"WebSite","@id":"https:\/\/wroclaw-info.pl\/#website","url":"https:\/\/wroclaw-info.pl\/","name":"Centrum Informacji Turystycznej","description":"Centrum Informacji Turystycznej we Wroc\u0142awiu","publisher":{"@id":"https:\/\/wroclaw-info.pl\/#organization"},"potentialAction":[{"@type":"SearchAction","target":{"@type":"EntryPoint","urlTemplate":"https:\/\/wroclaw-info.pl\/?s={search_term_string}"},"query-input":"required name=search_term_string"}],"inLanguage":"en-GB"},{"@type":"Organization","@id":"https:\/\/wroclaw-info.pl\/#organization","name":"Centrum Informacji Turystycznej","url":"https:\/\/wroclaw-info.pl\/","logo":{"@type":"ImageObject","inLanguage":"en-GB","@id":"https:\/\/wroclaw-info.pl\/#\/schema\/logo\/image\/","url":"https:\/\/wroclaw-info.pl\/wp-content\/uploads\/2021\/05\/Wroclaw_info.png","contentUrl":"https:\/\/wroclaw-info.pl\/wp-content\/uploads\/2021\/05\/Wroclaw_info.png","width":591,"height":591,"caption":"Centrum Informacji Turystycznej"},"image":{"@id":"https:\/\/wroclaw-info.pl\/#\/schema\/logo\/image\/"}}]}},"_links":{"self":[{"href":"https:\/\/wroclaw-info.pl\/en\/wp-json\/wp\/v2\/pages\/1032","targetHints":{"allow":["GET"]}}],"collection":[{"href":"https:\/\/wroclaw-info.pl\/en\/wp-json\/wp\/v2\/pages"}],"about":[{"href":"https:\/\/wroclaw-info.pl\/en\/wp-json\/wp\/v2\/types\/page"}],"author":[{"embeddable":true,"href":"https:\/\/wroclaw-info.pl\/en\/wp-json\/wp\/v2\/users\/1"}],"replies":[{"embeddable":true,"href":"https:\/\/wroclaw-info.pl\/en\/wp-json\/wp\/v2\/comments?post=1032"}],"version-history":[{"count":22,"href":"https:\/\/wroclaw-info.pl\/en\/wp-json\/wp\/v2\/pages\/1032\/revisions"}],"predecessor-version":[{"id":1493,"href":"https:\/\/wroclaw-info.pl\/en\/wp-json\/wp\/v2\/pages\/1032\/revisions\/1493"}],"up":[{"embeddable":true,"href":"https:\/\/wroclaw-info.pl\/en\/wp-json\/wp\/v2\/pages\/899"}],"wp:attachment":[{"href":"https:\/\/wroclaw-info.pl\/en\/wp-json\/wp\/v2\/media?parent=1032"}],"curies":[{"name":"wp","href":"https:\/\/api.w.org\/{rel}","templated":true}]}}