{"id":1066,"date":"2021-09-06T21:14:32","date_gmt":"2021-09-06T21:14:32","guid":{"rendered":"https:\/\/wroclaw-info.pl\/?page_id=1066"},"modified":"2021-09-06T21:17:27","modified_gmt":"2021-09-06T21:17:27","slug":"regulamin-konkursu","status":"publish","type":"page","link":"https:\/\/wroclaw-info.pl\/en\/regulamin-konkursu\/","title":{"rendered":"Regulamin konkursu"},"content":{"rendered":"<div data-elementor-type=\"wp-page\" data-elementor-id=\"1066\" class=\"elementor elementor-1066\" data-elementor-settings=\"[]\">\n\t\t\t\t\t\t\t<div class=\"elementor-section-wrap\">\n\t\t\t\t\t\t\t<section class=\"elementor-section elementor-top-section elementor-element elementor-element-ecaf0ba elementor-section-boxed elementor-section-height-default elementor-section-height-default\" data-id=\"ecaf0ba\" data-element_type=\"section\">\n\t\t\t\t\t\t<div class=\"elementor-container elementor-column-gap-default\">\n\t\t\t\t\t<div class=\"elementor-column elementor-col-100 elementor-top-column elementor-element elementor-element-13de6f75\" data-id=\"13de6f75\" data-element_type=\"column\">\n\t\t\t<div class=\"elementor-widget-wrap elementor-element-populated\">\n\t\t\t\t\t\t\t\t<div class=\"elementor-element elementor-element-214e5a39 elementor-widget elementor-widget-text-editor\" data-id=\"214e5a39\" data-element_type=\"widget\" data-widget_type=\"text-editor.default\">\n\t\t\t\t<div class=\"elementor-widget-container\">\n\t\t\t\t\t\t\t\t<!-- wp:heading -->\n<ul>\n<li><span style=\"font-weight: 400;\"> 1 POSTANOWIENIA OG\u00d3LNE<\/span><\/li>\n<\/ul>\n<ol>\n<li><span style=\"font-weight: 400;\"> Konkurs jest organizowany pod nazw\u0105 &#8222;Napisz opowiadanie pt.: \u201cWakacje Krasnala<\/span> <span style=\"font-weight: 400;\">Turysty\u201d i zgarnij nagrody!<\/span><\/li>\n<li><span style=\"font-weight: 400;\"> Organizatorem i fundatorem nagr\u00f3d w konkursie jest Centrum Informacji Turystycznej<\/span> <span style=\"font-weight: 400;\">3. Post konkursowy pojawi si\u0119 w Internecie, na stronie<\/span><\/li>\n<\/ol>\n<p><span style=\"font-weight: 400;\">https:\/\/www.facebook.com\/centruminformacjiturystycznejwroclaw<\/span><span style=\"font-weight: 400;\">\u00a0<\/span><\/p>\n<p><span style=\"font-weight: 400;\">oraz na profilu <\/span><span style=\"font-weight: 400;\">https:\/\/www.instagram.com\/it_wroclaw\/<\/span><span style=\"font-weight: 400;\">\u00a0<\/span><\/p>\n<ol start=\"4\">\n<li><span style=\"font-weight: 400;\"> Opowiadania nale\u017cy przesy\u0142a\u0107 wy\u0142\u0105cznie na adres info@itwroclaw.pl<\/span> <span style=\"font-weight: 400;\">5. Konkurs nie jest loteri\u0105 promocyjn\u0105 w rozumieniu Art. 2 ust. 1 pkt. 9 Ustawy o grach i<\/span> <span style=\"font-weight: 400;\">zak\u0142adach wzajemnych z dnia 29 lipca 1992r. (Dz. U. 04.4.27 z p\u00f3\u017an. zm.) i nie podlega<\/span> <span style=\"font-weight: 400;\">regu\u0142om zawartym w w\/w Ustawie oraz rozporz\u0105dzeniach wykonawczych do tej Ustawy.<\/span><\/li>\n<\/ol>\n<ul>\n<li><span style=\"font-weight: 400;\"> 2 WARUNKI I ZASADY UCZESTNICTWA W KONKURSIE<\/span><\/li>\n<\/ul>\n<ol>\n<li><span style=\"font-weight: 400;\"> Uczestnikiem Konkursu (\u201eUczestnik\u201d) mo\u017ce by\u0107 ka\u017cda osoba fizyczna, kt\u00f3ra:<\/span> <span style=\"font-weight: 400;\">a) posiada pe\u0142n\u0105 zdolno\u015b\u0107 do czynno\u015bci prawnych. Osoby ograniczone w zdolno\u015bci do<\/span> <span style=\"font-weight: 400;\">czynno\u015bci prawnych bior\u0105 udzia\u0142 w Konkursie za zgod\u0105 swojego przedstawiciela<\/span> <span style=\"font-weight: 400;\">ustawowego lub opiekuna prawnego.<\/span><\/li>\n<li><span style=\"font-weight: 400;\"> Warunkiem uczestnictwa w Konkursie jest \u0142\u0105czne spe\u0142nienie nast\u0119puj\u0105cych warunk\u00f3w:<\/span> <span style=\"font-weight: 400;\">a) zapoznanie z regulaminem konkursu na stronie www.wroclaw-info.pl<\/span> <span style=\"font-weight: 400;\">b) spe\u0142nienie warunk\u00f3w podanych w \u00a73 p.1<\/span><\/li>\n<\/ol>\n<ul>\n<li><span style=\"font-weight: 400;\"> 3 ZASADY KONKURSU I NAGRODY<\/span><\/li>\n<\/ul>\n<ol>\n<li><span style=\"font-weight: 400;\"> Przedmiotem konkursu jest przes\u0142anie opowiadania pt.: \u201cWakacje Krasnala Turysty\u201d<\/span> <span style=\"font-weight: 400;\">umieszczongo na Fanpagu strony Centrum Informacji Turystycznej Wroc\u0142aw za<\/span> <span style=\"font-weight: 400;\">po\u015brednictwem portalu Facebook.com.<\/span><\/li>\n<li><span style=\"font-weight: 400;\"> Zdobywc\u0105 nagrody w Konkursie jest Uczestnik, wy\u0142oniony przez Komisj\u0119 Konkursow\u0105,<\/span> <span style=\"font-weight: 400;\">kt\u00f3ry w czasie trwania konkursu, prze\u015ble opowiadanie na adres mailowy podany w po\u015bcie<\/span> <span style=\"font-weight: 400;\">konkursowym,<\/span><\/li>\n<li><span style=\"font-weight: 400;\"> Dopuszczalna ilo\u015b\u0107 miejsc do zaj\u0119cia: 3 (trzy).<\/span><\/li>\n<li><span style=\"font-weight: 400;\"> Nagrody b\u0119d\u0105 rozdawane na podstawie zaj\u0119tego przez Uczestnika miejsca. Za zaj\u0119cie:<\/span> <span style=\"font-weight: 400;\">&#8211; 1 miejsca przys\u0142uguje koszulka z wizerunkiem Krasnala Pomagajka,<\/span> <span style=\"font-weight: 400;\">&#8211; 2 miejsca przys\u0142uguje plecak\/worek z wizerunkiem Krasnala Pomagajka,<\/span> <span style=\"font-weight: 400;\">&#8211; 3 miejsca przys\u0142uguje brelok, notes i zak\u0142adka z wizerunkiem Krasnala Pomagajka.<\/span> <span style=\"font-weight: 400;\">5. Celem zapewnienia prawid\u0142owej organizacji Konkursu, Organizator powo\u0142uje komisj\u0119<\/span> <span style=\"font-weight: 400;\">konkursow\u0105. Wszelkie w\u0105tpliwo\u015bci dotycz\u0105ce zasad Konkursu, interpretacji i postanowie\u0144<\/span> <span style=\"font-weight: 400;\">tego Regulaminu rozstrzyga Organizator.<\/span><\/li>\n<li><span style=\"font-weight: 400;\"> Laureat Konkursu zostanie powiadomiony o wygranej na wskazany przez niego adres<\/span> <span style=\"font-weight: 400;\">mailowy do maksymalnie 5 (pi\u0119ciu) dni roboczych od zako\u0144czenia Konkursu.<\/span><\/li>\n<li><span style=\"font-weight: 400;\"> W my\u015bl niniejszego regulaminu, ka\u017cdy uczestnik zwalnia serwis Facebook z<\/span> <span style=\"font-weight: 400;\">odpowiedzialno\u015bci za konkurs prowadzony przez Centrum Informacji Turystycznej Wroc\u0142aw.<\/span> <span style=\"font-weight: 400;\">8. Konkurs nie jest w \u017caden spos\u00f3b sponsorowany, popierany, przeprowadzany przez serwis<\/span> <span style=\"font-weight: 400;\">Facebook, ani z nim zwi\u0105zany.<\/span><\/li>\n<\/ol>\n<ul>\n<li><span style=\"font-weight: 400;\"> 4 DANE OSOBOWE UCZESTNIK\u00d3W KONKURSU<\/span><\/li>\n<\/ul>\n<ol>\n<li><span style=\"font-weight: 400;\"> Warunkiem udzia\u0142u w Konkursie jest podanie przez Uczestnika Konkursu prawdziwych<\/span> <span style=\"font-weight: 400;\">danych osobowych, tj.: imienia, nazwiska, adresu konta poczty elektronicznej, niezb\u0119dnych<\/span> <span style=\"font-weight: 400;\">do przekazania nagrody.<\/span><\/li>\n<li><span style=\"font-weight: 400;\"> Przyst\u0119puj\u0105c do Konkursu i akceptuj\u0105c niniejszy regulamin Uczestnik wyra\u017ca zgod\u0119 na<\/span> <span style=\"font-weight: 400;\">przetwarzanie podanych przez niego danych osobowych przez Organizatora. Dane b\u0119d\u0105<\/span> <span style=\"font-weight: 400;\">przetwarzane wy\u0142\u0105cznie w celu przeprowadzenia Konkursu oraz w zwi\u0105zku z wydaniem<\/span> <span style=\"font-weight: 400;\">nagrody.<\/span><\/li>\n<\/ol>\n<ul>\n<li><span style=\"font-weight: 400;\"> 5 POSTANOWIENIA KO\u0143COWE<\/span><\/li>\n<\/ul>\n<p><span style=\"font-weight: 400;\">Organizator ma prawo do zmiany postanowie\u0144 niniejszego Regulaminu, o ile nie wp\u0142ynie to<\/span> <span style=\"font-weight: 400;\">na pogorszenie warunk\u00f3w uczestnictwa w Konkursie. Dotyczy to w szczeg\u00f3lno\u015bci zmian<\/span> <span style=\"font-weight: 400;\">termin\u00f3w poszczeg\u00f3lnych czynno\u015bci konkursowych. Zmieniony Regulamin obowi\u0105zuje od<\/span> <span style=\"font-weight: 400;\">czasu opublikowania go na stronie www.wroclaw-info.pl<\/span><\/p>\n<!-- \/wp:paragraph -->\t\t\t\t\t\t<\/div>\n\t\t\t\t<\/div>\n\t\t\t\t\t<\/div>\n\t\t<\/div>\n\t\t\t\t\t\t\t<\/div>\n\t\t<\/section>\n\t\t\t\t\t\t<\/div>\n\t\t\t\t\t<\/div>","protected":false},"excerpt":{"rendered":"<p>1 POSTANOWIENIA OG\u00d3LNE Konkurs jest organizowany pod nazw\u0105 &#8222;Napisz opowiadanie pt.: \u201cWakacje Krasnala Turysty\u201d i zgarnij nagrody! Organizatorem i fundatorem nagr\u00f3d w konkursie jest Centrum Informacji Turystycznej 3. Post konkursowy&hellip;&nbsp;<a href=\"https:\/\/wroclaw-info.pl\/en\/regulamin-konkursu\/\" class=\"\" rel=\"bookmark\">Read More &raquo;<span class=\"screen-reader-text\">Regulamin konkursu<\/span><\/a><\/p>","protected":false},"author":1,"featured_media":0,"parent":0,"menu_order":0,"comment_status":"closed","ping_status":"closed","template":"","meta":{"neve_meta_sidebar":"","neve_meta_container":"","neve_meta_enable_content_width":"","neve_meta_content_width":0,"neve_meta_title_alignment":"","neve_meta_author_avatar":"","neve_post_elements_order":"","neve_meta_disable_header":"","neve_meta_disable_footer":"","neve_meta_disable_title":"","_themeisle_gutenberg_block_has_review":false,"_ti_tpc_template_sync":false,"_ti_tpc_template_id":"","footnotes":""},"class_list":["post-1066","page","type-page","status-publish","hentry"],"yoast_head":"<!-- This site is optimized with the Yoast SEO Premium plugin v16.3 (Yoast SEO v21.7) - https:\/\/yoast.com\/wordpress\/plugins\/seo\/ -->\n<title>Regulamin konkursu - Centrum Informacji Turystycznej<\/title>\n<meta name=\"robots\" content=\"index, follow, max-snippet:-1, max-image-preview:large, max-video-preview:-1\" \/>\n<link rel=\"canonical\" href=\"https:\/\/wroclaw-info.pl\/en\/regulamin-konkursu\/\" \/>\n<meta property=\"og:locale\" content=\"en_GB\" \/>\n<meta property=\"og:type\" content=\"article\" \/>\n<meta property=\"og:title\" content=\"Regulamin konkursu - Centrum Informacji Turystycznej\" \/>\n<meta property=\"og:description\" content=\"1 POSTANOWIENIA OG\u00d3LNE Konkurs jest organizowany pod nazw\u0105 &#8222;Napisz opowiadanie pt.: \u201cWakacje Krasnala Turysty\u201d i zgarnij nagrody! Organizatorem i fundatorem nagr\u00f3d w konkursie jest Centrum Informacji Turystycznej 3. Post konkursowy&hellip;&nbsp;Read More &raquo;Regulamin konkursu\" \/>\n<meta property=\"og:url\" content=\"https:\/\/wroclaw-info.pl\/en\/regulamin-konkursu\/\" \/>\n<meta property=\"og:site_name\" content=\"Centrum Informacji Turystycznej\" \/>\n<meta property=\"article:modified_time\" content=\"2021-09-06T21:17:27+00:00\" \/>\n<meta name=\"twitter:card\" content=\"summary_large_image\" \/>\n<meta name=\"twitter:label1\" content=\"Estimated reading time\" \/>\n\t<meta name=\"twitter:data1\" content=\"2 minutes\" \/>\n<script type=\"application\/ld+json\" class=\"yoast-schema-graph\">{\"@context\":\"https:\/\/schema.org\",\"@graph\":[{\"@type\":\"WebPage\",\"@id\":\"https:\/\/wroclaw-info.pl\/en\/regulamin-konkursu\/\",\"url\":\"https:\/\/wroclaw-info.pl\/en\/regulamin-konkursu\/\",\"name\":\"Regulamin konkursu - Centrum Informacji Turystycznej\",\"isPartOf\":{\"@id\":\"https:\/\/wroclaw-info.pl\/#website\"},\"datePublished\":\"2021-09-06T21:14:32+00:00\",\"dateModified\":\"2021-09-06T21:17:27+00:00\",\"breadcrumb\":{\"@id\":\"https:\/\/wroclaw-info.pl\/en\/regulamin-konkursu\/#breadcrumb\"},\"inLanguage\":\"en-GB\",\"potentialAction\":[{\"@type\":\"ReadAction\",\"target\":[\"https:\/\/wroclaw-info.pl\/en\/regulamin-konkursu\/\"]}]},{\"@type\":\"BreadcrumbList\",\"@id\":\"https:\/\/wroclaw-info.pl\/en\/regulamin-konkursu\/#breadcrumb\",\"itemListElement\":[{\"@type\":\"ListItem\",\"position\":1,\"name\":\"Home\",\"item\":\"https:\/\/wroclaw-info.pl\/\"},{\"@type\":\"ListItem\",\"position\":2,\"name\":\"Regulamin konkursu\"}]},{\"@type\":\"WebSite\",\"@id\":\"https:\/\/wroclaw-info.pl\/#website\",\"url\":\"https:\/\/wroclaw-info.pl\/\",\"name\":\"Centrum Informacji Turystycznej\",\"description\":\"Centrum Informacji Turystycznej we Wroc\u0142awiu\",\"publisher\":{\"@id\":\"https:\/\/wroclaw-info.pl\/#organization\"},\"potentialAction\":[{\"@type\":\"SearchAction\",\"target\":{\"@type\":\"EntryPoint\",\"urlTemplate\":\"https:\/\/wroclaw-info.pl\/?s={search_term_string}\"},\"query-input\":\"required name=search_term_string\"}],\"inLanguage\":\"en-GB\"},{\"@type\":\"Organization\",\"@id\":\"https:\/\/wroclaw-info.pl\/#organization\",\"name\":\"Centrum Informacji Turystycznej\",\"url\":\"https:\/\/wroclaw-info.pl\/\",\"logo\":{\"@type\":\"ImageObject\",\"inLanguage\":\"en-GB\",\"@id\":\"https:\/\/wroclaw-info.pl\/#\/schema\/logo\/image\/\",\"url\":\"https:\/\/wroclaw-info.pl\/wp-content\/uploads\/2021\/05\/Wroclaw_info.png\",\"contentUrl\":\"https:\/\/wroclaw-info.pl\/wp-content\/uploads\/2021\/05\/Wroclaw_info.png\",\"width\":591,\"height\":591,\"caption\":\"Centrum Informacji Turystycznej\"},\"image\":{\"@id\":\"https:\/\/wroclaw-info.pl\/#\/schema\/logo\/image\/\"}}]}<\/script>\n<!-- \/ Yoast SEO Premium plugin. -->","yoast_head_json":{"title":"Regulamin konkursu - Centrum Informacji Turystycznej","robots":{"index":"index","follow":"follow","max-snippet":"max-snippet:-1","max-image-preview":"max-image-preview:large","max-video-preview":"max-video-preview:-1"},"canonical":"https:\/\/wroclaw-info.pl\/en\/regulamin-konkursu\/","og_locale":"en_GB","og_type":"article","og_title":"Regulamin konkursu - Centrum Informacji Turystycznej","og_description":"1 POSTANOWIENIA OG\u00d3LNE Konkurs jest organizowany pod nazw\u0105 &#8222;Napisz opowiadanie pt.: \u201cWakacje Krasnala Turysty\u201d i zgarnij nagrody! Organizatorem i fundatorem nagr\u00f3d w konkursie jest Centrum Informacji Turystycznej 3. Post konkursowy&hellip;&nbsp;Read More &raquo;Regulamin konkursu","og_url":"https:\/\/wroclaw-info.pl\/en\/regulamin-konkursu\/","og_site_name":"Centrum Informacji Turystycznej","article_modified_time":"2021-09-06T21:17:27+00:00","twitter_card":"summary_large_image","twitter_misc":{"Estimated reading time":"2 minutes"},"schema":{"@context":"https:\/\/schema.org","@graph":[{"@type":"WebPage","@id":"https:\/\/wroclaw-info.pl\/en\/regulamin-konkursu\/","url":"https:\/\/wroclaw-info.pl\/en\/regulamin-konkursu\/","name":"Regulamin konkursu - Centrum Informacji Turystycznej","isPartOf":{"@id":"https:\/\/wroclaw-info.pl\/#website"},"datePublished":"2021-09-06T21:14:32+00:00","dateModified":"2021-09-06T21:17:27+00:00","breadcrumb":{"@id":"https:\/\/wroclaw-info.pl\/en\/regulamin-konkursu\/#breadcrumb"},"inLanguage":"en-GB","potentialAction":[{"@type":"ReadAction","target":["https:\/\/wroclaw-info.pl\/en\/regulamin-konkursu\/"]}]},{"@type":"BreadcrumbList","@id":"https:\/\/wroclaw-info.pl\/en\/regulamin-konkursu\/#breadcrumb","itemListElement":[{"@type":"ListItem","position":1,"name":"Home","item":"https:\/\/wroclaw-info.pl\/"},{"@type":"ListItem","position":2,"name":"Regulamin konkursu"}]},{"@type":"WebSite","@id":"https:\/\/wroclaw-info.pl\/#website","url":"https:\/\/wroclaw-info.pl\/","name":"Centrum Informacji Turystycznej","description":"Centrum Informacji Turystycznej we Wroc\u0142awiu","publisher":{"@id":"https:\/\/wroclaw-info.pl\/#organization"},"potentialAction":[{"@type":"SearchAction","target":{"@type":"EntryPoint","urlTemplate":"https:\/\/wroclaw-info.pl\/?s={search_term_string}"},"query-input":"required name=search_term_string"}],"inLanguage":"en-GB"},{"@type":"Organization","@id":"https:\/\/wroclaw-info.pl\/#organization","name":"Centrum Informacji Turystycznej","url":"https:\/\/wroclaw-info.pl\/","logo":{"@type":"ImageObject","inLanguage":"en-GB","@id":"https:\/\/wroclaw-info.pl\/#\/schema\/logo\/image\/","url":"https:\/\/wroclaw-info.pl\/wp-content\/uploads\/2021\/05\/Wroclaw_info.png","contentUrl":"https:\/\/wroclaw-info.pl\/wp-content\/uploads\/2021\/05\/Wroclaw_info.png","width":591,"height":591,"caption":"Centrum Informacji Turystycznej"},"image":{"@id":"https:\/\/wroclaw-info.pl\/#\/schema\/logo\/image\/"}}]}},"_links":{"self":[{"href":"https:\/\/wroclaw-info.pl\/en\/wp-json\/wp\/v2\/pages\/1066","targetHints":{"allow":["GET"]}}],"collection":[{"href":"https:\/\/wroclaw-info.pl\/en\/wp-json\/wp\/v2\/pages"}],"about":[{"href":"https:\/\/wroclaw-info.pl\/en\/wp-json\/wp\/v2\/types\/page"}],"author":[{"embeddable":true,"href":"https:\/\/wroclaw-info.pl\/en\/wp-json\/wp\/v2\/users\/1"}],"replies":[{"embeddable":true,"href":"https:\/\/wroclaw-info.pl\/en\/wp-json\/wp\/v2\/comments?post=1066"}],"version-history":[{"count":4,"href":"https:\/\/wroclaw-info.pl\/en\/wp-json\/wp\/v2\/pages\/1066\/revisions"}],"predecessor-version":[{"id":1070,"href":"https:\/\/wroclaw-info.pl\/en\/wp-json\/wp\/v2\/pages\/1066\/revisions\/1070"}],"wp:attachment":[{"href":"https:\/\/wroclaw-info.pl\/en\/wp-json\/wp\/v2\/media?parent=1066"}],"curies":[{"name":"wp","href":"https:\/\/api.w.org\/{rel}","templated":true}]}}