{"id":1405,"date":"2021-11-28T10:32:43","date_gmt":"2021-11-28T10:32:43","guid":{"rendered":"https:\/\/wroclaw-info.pl\/?page_id=1405"},"modified":"2021-11-29T18:33:19","modified_gmt":"2021-11-29T18:33:19","slug":"mapa-krasnali","status":"publish","type":"page","link":"https:\/\/wroclaw-info.pl\/en\/dla-dzieci\/mapa-krasnali\/","title":{"rendered":"Mapa krasnali"},"content":{"rendered":"<div data-elementor-type=\"wp-page\" data-elementor-id=\"1405\" class=\"elementor elementor-1405\" data-elementor-settings=\"[]\">\n\t\t\t\t\t\t\t<div class=\"elementor-section-wrap\">\n\t\t\t\t\t\t\t<section class=\"elementor-section elementor-top-section elementor-element elementor-element-d4a1c32 elementor-section-height-min-height elementor-section-boxed elementor-section-height-default elementor-section-items-middle\" data-id=\"d4a1c32\" data-element_type=\"section\" data-settings=\"{&quot;background_background&quot;:&quot;classic&quot;}\">\n\t\t\t\t\t\t\t<div class=\"elementor-background-overlay\"><\/div>\n\t\t\t\t\t\t\t<div class=\"elementor-container elementor-column-gap-extended\">\n\t\t\t\t\t<div class=\"elementor-column elementor-col-50 elementor-top-column elementor-element elementor-element-2c5a59a\" data-id=\"2c5a59a\" data-element_type=\"column\">\n\t\t\t<div class=\"elementor-widget-wrap elementor-element-populated\">\n\t\t\t\t\t\t\t\t<div class=\"elementor-element elementor-element-cbcdb86 elementor-widget elementor-widget-image\" data-id=\"cbcdb86\" data-element_type=\"widget\" data-widget_type=\"image.default\">\n\t\t\t\t<div class=\"elementor-widget-container\">\n\t\t\t\t\t\t\t\t\t\t\t\t\t\t\t<img decoding=\"async\" src=\"https:\/\/wroclaw-info.pl\/wp-content\/uploads\/elementor\/thumbs\/261706407_479480540135401_1033540796158618264_n-pgp2kuhvrmmdvb9bsj6w9rgsvsgjyttxzwz433s2c0.png\" title=\"261706407_479480540135401_1033540796158618264_n\" alt=\"261706407_479480540135401_1033540796158618264_n\" \/>\t\t\t\t\t\t\t\t\t\t\t\t\t\t\t<\/div>\n\t\t\t\t<\/div>\n\t\t\t\t\t<\/div>\n\t\t<\/div>\n\t\t\t\t<div class=\"elementor-column elementor-col-50 elementor-top-column elementor-element elementor-element-6901f91\" data-id=\"6901f91\" data-element_type=\"column\">\n\t\t\t<div class=\"elementor-widget-wrap elementor-element-populated\">\n\t\t\t\t\t\t\t\t<div class=\"elementor-element elementor-element-0c0e9b5 elementor-widget elementor-widget-heading\" data-id=\"0c0e9b5\" data-element_type=\"widget\" data-widget_type=\"heading.default\">\n\t\t\t\t<div class=\"elementor-widget-container\">\n\t\t\t<h2 class=\"elementor-heading-title elementor-size-large\">MAPA KRASNALI\n<\/h2>\t\t<\/div>\n\t\t\t\t<\/div>\n\t\t\t\t<div class=\"elementor-element elementor-element-0c0e92d elementor-widget elementor-widget-text-editor\" data-id=\"0c0e92d\" data-element_type=\"widget\" data-widget_type=\"text-editor.default\">\n\t\t\t\t<div class=\"elementor-widget-container\">\n\t\t\t\t\t\t\t\t<p>Znajd\u017a najwa\u017cniejsze wroc\u0142awskie krasnale i do\u0142\u0105cz do zdobywc\u00f3w Odznaki Poszukiwaczy Krasnali!\u00a0<\/p>\t\t\t\t\t\t<\/div>\n\t\t\t\t<\/div>\n\t\t\t\t\t<\/div>\n\t\t<\/div>\n\t\t\t\t\t\t\t<\/div>\n\t\t<\/section>\n\t\t\t\t<section class=\"elementor-section elementor-top-section elementor-element elementor-element-fbfc5ec elementor-section-boxed elementor-section-height-default elementor-section-height-default\" data-id=\"fbfc5ec\" data-element_type=\"section\" data-settings=\"{&quot;motion_fx_motion_fx_scrolling&quot;:&quot;yes&quot;,&quot;motion_fx_devices&quot;:[&quot;desktop&quot;]}\">\n\t\t\t\t\t\t<div class=\"elementor-container elementor-column-gap-default\">\n\t\t\t\t\t<div class=\"elementor-column elementor-col-100 elementor-top-column elementor-element elementor-element-26b4907\" data-id=\"26b4907\" data-element_type=\"column\">\n\t\t\t<div class=\"elementor-widget-wrap elementor-element-populated\">\n\t\t\t\t\t\t\t\t<div class=\"elementor-element elementor-element-d71ee29 elementor-widget elementor-widget-spacer\" data-id=\"d71ee29\" data-element_type=\"widget\" data-widget_type=\"spacer.default\">\n\t\t\t\t<div class=\"elementor-widget-container\">\n\t\t\t\t\t<div class=\"elementor-spacer\">\n\t\t\t<div class=\"elementor-spacer-inner\"><\/div>\n\t\t<\/div>\n\t\t\t\t<\/div>\n\t\t\t\t<\/div>\n\t\t\t\t<div class=\"elementor-element elementor-element-3e27ce3 elementor-widget elementor-widget-spacer\" data-id=\"3e27ce3\" data-element_type=\"widget\" data-widget_type=\"spacer.default\">\n\t\t\t\t<div class=\"elementor-widget-container\">\n\t\t\t\t\t<div class=\"elementor-spacer\">\n\t\t\t<div class=\"elementor-spacer-inner\"><\/div>\n\t\t<\/div>\n\t\t\t\t<\/div>\n\t\t\t\t<\/div>\n\t\t\t\t<section class=\"elementor-section elementor-inner-section elementor-element elementor-element-5e9619c elementor-section-boxed elementor-section-height-default elementor-section-height-default\" data-id=\"5e9619c\" data-element_type=\"section\">\n\t\t\t\t\t\t<div class=\"elementor-container elementor-column-gap-default\">\n\t\t\t\t\t<div class=\"elementor-column elementor-col-100 elementor-inner-column elementor-element elementor-element-3477c4e\" data-id=\"3477c4e\" data-element_type=\"column\">\n\t\t\t<div class=\"elementor-widget-wrap elementor-element-populated\">\n\t\t\t\t\t\t\t\t<div class=\"elementor-element elementor-element-475b225 elementor-widget elementor-widget-heading\" data-id=\"475b225\" data-element_type=\"widget\" data-widget_type=\"heading.default\">\n\t\t\t\t<div class=\"elementor-widget-container\">\n\t\t\t<h2 class=\"elementor-heading-title elementor-size-xl\">Pod\u0105\u017caj szlakiem wroc\u0142awskich krasnali<\/h2>\t\t<\/div>\n\t\t\t\t<\/div>\n\t\t\t\t<div class=\"elementor-element elementor-element-a4241ba elementor-widget elementor-widget-text-editor\" data-id=\"a4241ba\" data-element_type=\"widget\" data-widget_type=\"text-editor.default\">\n\t\t\t\t<div class=\"elementor-widget-container\">\n\t\t\t\t\t\t\t\t<p>Jak my\u015blisz, ile krasnali zamieszka\u0142o ju\u017c we Wroc\u0142awiu? 300, 400? Ot\u00f3\u017c nie! Na t\u0105 chwil\u0119 jest ich ok. <strong>800<\/strong> i ta liczba ci\u0105gle ro\u015bnie! Chcia\u0142by\u015b postawi\u0107 w\u0142asnego krasnala? To nic trudnego! Jak podaj\u0105 oficjalne \u017ar\u00f3d\u0142a: nie potrzebna jest \u017cadna zgoda ze strony Urz\u0119du Miasta, wystarczy zgoda w\u0142a\u015bciciela terenu.<\/p><p><strong><a href=\"https:\/\/visitwroclaw.eu\/kto-wytwarza-krasnale\">SPRAWD\u0179 list\u0119 artyst\u00f3w wytwarzaj\u0105cych krasnale\u00a0<\/a><\/strong><\/p><p>Je\u015bli jeste\u015b fanem wroc\u0142awskich krasnali i chcia\u0142by\u015b znale\u017a\u0107 wi\u0119kszo\u015b\u0107 z nich: przychodzimy z pomoc\u0105! W Wasze r\u0119ce oddajemy unikaln\u0105 map\u0119 <strong>&#8222;Krasnale w centrum Wroc\u0142awia&#8221;<\/strong>, zawieraj\u0105c\u0105 60 kolorowych opis\u00f3w krasnali wraz z naklejkami!\u00a0<\/p><div dir=\"auto\">Z mapy mi\u0119dzy innymi dowiecie si\u0119:<\/div><div dir=\"auto\">&#8211; kiedy krasnale wprowadzi\u0142y si\u0119 do miasta,<\/div><div dir=\"auto\">&#8211; kto pilnuje wej\u015bcia do podziemnego \u015bwiata krasnali,<\/div><div dir=\"auto\">&#8211; kiedy swoje \u015bwi\u0119to obchodzi krasnal \u017byczliwek,<\/div><div dir=\"auto\">&#8211; jakie krasnalki zamieszkuj\u0105 najwy\u017cej po\u0142o\u017cony most we Wroc\u0142awiu,<\/div><div dir=\"auto\">&#8211; kt\u00f3ry z krasnali pomaga dzieciom z Wroc\u0142awskiego Hospicjum,<\/div><div dir=\"auto\">i wiele wi\u0119cej!<\/div><div dir=\"auto\">\u00a0<\/div><div dir=\"auto\">Zbierz wszystkie krasnale, odbierz nagrod\u0119 niespodziank\u0119 i do\u0142\u0105cz do zdobywc\u00f3w <strong>Odznaki Poszukiwaczy Krasnali!<\/strong><\/div><div dir=\"auto\">\u00a0<\/div><div dir=\"auto\">Map\u0119 <strong>&#8222;Krasnale w Centrum Wroc\u0142awia&#8221;<\/strong> mo\u017cecie zakupi\u0107 w naszych punktach: <strong>Centrum Informacji Turystycznej Rynek 14<\/strong> oraz <strong>Krasnal Info Sukiennice 12<\/strong>.<\/div><p>\u00a0<\/p>\t\t\t\t\t\t<\/div>\n\t\t\t\t<\/div>\n\t\t\t\t\t<\/div>\n\t\t<\/div>\n\t\t\t\t\t\t\t<\/div>\n\t\t<\/section>\n\t\t\t\t\t<\/div>\n\t\t<\/div>\n\t\t\t\t\t\t\t<\/div>\n\t\t<\/section>\n\t\t\t\t<section class=\"elementor-section elementor-top-section elementor-element elementor-element-37cf3be elementor-section-boxed elementor-section-height-default elementor-section-height-default\" data-id=\"37cf3be\" data-element_type=\"section\">\n\t\t\t\t\t\t<div class=\"elementor-container elementor-column-gap-default\">\n\t\t\t\t\t<div class=\"elementor-column elementor-col-100 elementor-top-column elementor-element elementor-element-083c7e8\" data-id=\"083c7e8\" data-element_type=\"column\">\n\t\t\t<div class=\"elementor-widget-wrap elementor-element-populated\">\n\t\t\t\t\t\t\t\t<div class=\"elementor-element elementor-element-0f319c6 elementor-widget elementor-widget-gallery\" data-id=\"0f319c6\" data-element_type=\"widget\" data-settings=\"{&quot;columns&quot;:2,&quot;gap&quot;:{&quot;unit&quot;:&quot;px&quot;,&quot;size&quot;:15,&quot;sizes&quot;:[]},&quot;gap_mobile&quot;:{&quot;unit&quot;:&quot;px&quot;,&quot;size&quot;:20,&quot;sizes&quot;:[]},&quot;lazyload&quot;:&quot;yes&quot;,&quot;gallery_layout&quot;:&quot;grid&quot;,&quot;columns_tablet&quot;:2,&quot;columns_mobile&quot;:1,&quot;gap_tablet&quot;:{&quot;unit&quot;:&quot;px&quot;,&quot;size&quot;:10,&quot;sizes&quot;:[]},&quot;link_to&quot;:&quot;file&quot;,&quot;aspect_ratio&quot;:&quot;3:2&quot;,&quot;overlay_background&quot;:&quot;yes&quot;,&quot;content_hover_animation&quot;:&quot;fade-in&quot;}\" data-widget_type=\"gallery.default\">\n\t\t\t\t<div class=\"elementor-widget-container\">\n\t\t\t\t\t<div class=\"elementor-gallery__container\">\n\t\t\t\t\t\t\t<a class=\"e-gallery-item elementor-gallery-item elementor-animated-content\" href=\"https:\/\/wroclaw-info.pl\/wp-content\/uploads\/2021\/11\/plakat-mapa_page-0001-1-e1638210749541.jpg\" data-elementor-open-lightbox=\"yes\" data-elementor-lightbox-slideshow=\"all-0f319c6\" data-elementor-lightbox-title=\"plakat mapa_page-0001\">\n\t\t\t\t\t<div class=\"e-gallery-image elementor-gallery-item__image\" data-thumbnail=\"https:\/\/wroclaw-info.pl\/wp-content\/uploads\/2021\/11\/plakat-mapa_page-0001-1-e1638210749541-768x1028.jpg\" data-width=\"768\" data-height=\"1028\" alt=\"\" ><\/div>\n\t\t\t\t\t\t\t\t\t\t<div class=\"elementor-gallery-item__overlay\"><\/div>\n\t\t\t\t\t\t\t\t\t\t\t\t\t\t<\/a>\n\t\t\t\t\t\t\t<a class=\"e-gallery-item elementor-gallery-item elementor-animated-content\" href=\"https:\/\/wroclaw-info.pl\/wp-content\/uploads\/2021\/07\/krasnal-wroclawski.jpg\" data-elementor-open-lightbox=\"yes\" data-elementor-lightbox-slideshow=\"all-0f319c6\" data-elementor-lightbox-title=\"krasnal-wroclawski\">\n\t\t\t\t\t<div class=\"e-gallery-image elementor-gallery-item__image\" data-thumbnail=\"https:\/\/wroclaw-info.pl\/wp-content\/uploads\/2021\/07\/krasnal-wroclawski-768x512.jpg\" data-width=\"768\" data-height=\"512\" alt=\"\" ><\/div>\n\t\t\t\t\t\t\t\t\t\t<div class=\"elementor-gallery-item__overlay\"><\/div>\n\t\t\t\t\t\t\t\t\t\t\t\t\t\t<\/a>\n\t\t\t\t\t\t\t<a class=\"e-gallery-item elementor-gallery-item elementor-animated-content\" href=\"https:\/\/wroclaw-info.pl\/wp-content\/uploads\/2021\/07\/krasnal-962528_1920.jpg\" data-elementor-open-lightbox=\"yes\" data-elementor-lightbox-slideshow=\"all-0f319c6\" data-elementor-lightbox-title=\"krasnal-962528_1920\">\n\t\t\t\t\t<div class=\"e-gallery-image elementor-gallery-item__image\" data-thumbnail=\"https:\/\/wroclaw-info.pl\/wp-content\/uploads\/2021\/07\/krasnal-962528_1920-768x508.jpg\" data-width=\"768\" data-height=\"508\" alt=\"\" ><\/div>\n\t\t\t\t\t\t\t\t\t\t<div class=\"elementor-gallery-item__overlay\"><\/div>\n\t\t\t\t\t\t\t\t\t\t\t\t\t\t<\/a>\n\t\t\t\t\t\t\t<a class=\"e-gallery-item elementor-gallery-item elementor-animated-content\" href=\"https:\/\/wroclaw-info.pl\/wp-content\/uploads\/2021\/07\/krasnal-2470733_1920.jpg\" data-elementor-open-lightbox=\"yes\" data-elementor-lightbox-slideshow=\"all-0f319c6\" data-elementor-lightbox-title=\"krasnal-2470733_1920\">\n\t\t\t\t\t<div class=\"e-gallery-image elementor-gallery-item__image\" data-thumbnail=\"https:\/\/wroclaw-info.pl\/wp-content\/uploads\/2021\/07\/krasnal-2470733_1920-768x576.jpg\" data-width=\"768\" data-height=\"576\" alt=\"\" ><\/div>\n\t\t\t\t\t\t\t\t\t\t<div class=\"elementor-gallery-item__overlay\"><\/div>\n\t\t\t\t\t\t\t\t\t\t\t\t\t\t<\/a>\n\t\t\t\t\t<\/div>\n\t\t\t<\/div>\n\t\t\t\t<\/div>\n\t\t\t\t\t<\/div>\n\t\t<\/div>\n\t\t\t\t\t\t\t<\/div>\n\t\t<\/section>\n\t\t\t\t<section class=\"elementor-section elementor-top-section elementor-element elementor-element-1ecac9f elementor-section-boxed elementor-section-height-default elementor-section-height-default\" data-id=\"1ecac9f\" data-element_type=\"section\" data-settings=\"{&quot;motion_fx_motion_fx_scrolling&quot;:&quot;yes&quot;,&quot;motion_fx_devices&quot;:[&quot;desktop&quot;]}\">\n\t\t\t\t\t\t<div class=\"elementor-container elementor-column-gap-default\">\n\t\t\t\t\t<div class=\"elementor-column elementor-col-100 elementor-top-column elementor-element elementor-element-16cd158\" data-id=\"16cd158\" data-element_type=\"column\">\n\t\t\t<div class=\"elementor-widget-wrap elementor-element-populated\">\n\t\t\t\t\t\t\t\t<div class=\"elementor-element elementor-element-817ac51 animated-slow elementor-widget-divider--separator-type-pattern elementor-widget-divider--view-line elementor-invisible elementor-widget elementor-widget-divider\" data-id=\"817ac51\" data-element_type=\"widget\" data-settings=\"{&quot;_animation&quot;:&quot;fadeIn&quot;}\" data-widget_type=\"divider.default\">\n\t\t\t\t<div class=\"elementor-widget-container\">\n\t\t\t\t\t<div class=\"elementor-divider\" style=\"--divider-pattern-url: url(&quot;data:image\/svg+xml,%3Csvg xmlns=&#039;http:\/\/www.w3.org\/2000\/svg&#039; preserveAspectRatio=&#039;none&#039; overflow=&#039;visible&#039; height=&#039;100%&#039; viewBox=&#039;0 0 24 24&#039; fill=&#039;none&#039; stroke=&#039;black&#039; stroke-width=&#039;1&#039; stroke-linecap=&#039;square&#039; stroke-miterlimit=&#039;10&#039;%3E%3Cpolyline points=&#039;0,18 12,6 24,18 &#039;\/%3E%3C\/svg%3E&quot;);\">\n\t\t\t<span class=\"elementor-divider-separator\">\n\t\t\t\t\t\t<\/span>\n\t\t<\/div>\n\t\t\t\t<\/div>\n\t\t\t\t<\/div>\n\t\t\t\t<div class=\"elementor-element elementor-element-eca09c7 elementor-widget elementor-widget-spacer\" data-id=\"eca09c7\" data-element_type=\"widget\" data-widget_type=\"spacer.default\">\n\t\t\t\t<div class=\"elementor-widget-container\">\n\t\t\t\t\t<div class=\"elementor-spacer\">\n\t\t\t<div class=\"elementor-spacer-inner\"><\/div>\n\t\t<\/div>\n\t\t\t\t<\/div>\n\t\t\t\t<\/div>\n\t\t\t\t\t<\/div>\n\t\t<\/div>\n\t\t\t\t\t\t\t<\/div>\n\t\t<\/section>\n\t\t\t\t\t\t<\/div>\n\t\t\t\t\t<\/div>","protected":false},"excerpt":{"rendered":"<p>MAPA KRASNALI Znajd\u017a najwa\u017cniejsze wroc\u0142awskie krasnale i do\u0142\u0105cz do zdobywc\u00f3w Odznaki Poszukiwaczy Krasnali!\u00a0 Pod\u0105\u017caj szlakiem wroc\u0142awskich krasnali Jak my\u015blisz, ile krasnali zamieszka\u0142o ju\u017c we Wroc\u0142awiu? 300, 400? Ot\u00f3\u017c nie! Na&hellip;&nbsp;<a href=\"https:\/\/wroclaw-info.pl\/en\/dla-dzieci\/mapa-krasnali\/\" class=\"\" rel=\"bookmark\">Read More &raquo;<span class=\"screen-reader-text\">Mapa krasnali<\/span><\/a><\/p>","protected":false},"author":1,"featured_media":0,"parent":2,"menu_order":0,"comment_status":"closed","ping_status":"closed","template":"elementor_header_footer","meta":{"neve_meta_sidebar":"full-width","neve_meta_container":"","neve_meta_enable_content_width":"on","neve_meta_content_width":100,"neve_meta_title_alignment":"","neve_meta_author_avatar":"","neve_post_elements_order":"","neve_meta_disable_header":"","neve_meta_disable_footer":"","neve_meta_disable_title":"","_themeisle_gutenberg_block_has_review":false,"_ti_tpc_template_sync":false,"_ti_tpc_template_id":"","footnotes":""},"class_list":["post-1405","page","type-page","status-publish","hentry"],"yoast_head":"<!-- This site is optimized with the Yoast SEO Premium plugin v16.3 (Yoast SEO v21.7) - https:\/\/yoast.com\/wordpress\/plugins\/seo\/ -->\n<title>Mapa krasnali - Centrum Informacji Turystycznej<\/title>\n<meta name=\"robots\" content=\"index, follow, max-snippet:-1, max-image-preview:large, max-video-preview:-1\" \/>\n<link rel=\"canonical\" href=\"https:\/\/wroclaw-info.pl\/en\/dla-dzieci\/mapa-krasnali\/\" \/>\n<meta property=\"og:locale\" content=\"en_GB\" \/>\n<meta property=\"og:type\" content=\"article\" \/>\n<meta property=\"og:title\" content=\"Mapa krasnali - Centrum Informacji Turystycznej\" \/>\n<meta property=\"og:description\" content=\"MAPA KRASNALI Znajd\u017a najwa\u017cniejsze wroc\u0142awskie krasnale i do\u0142\u0105cz do zdobywc\u00f3w Odznaki Poszukiwaczy Krasnali!\u00a0 Pod\u0105\u017caj szlakiem wroc\u0142awskich krasnali Jak my\u015blisz, ile krasnali zamieszka\u0142o ju\u017c we Wroc\u0142awiu? 300, 400? Ot\u00f3\u017c nie! Na&hellip;&nbsp;Read More &raquo;Mapa krasnali\" \/>\n<meta property=\"og:url\" content=\"https:\/\/wroclaw-info.pl\/en\/dla-dzieci\/mapa-krasnali\/\" \/>\n<meta property=\"og:site_name\" content=\"Centrum Informacji Turystycznej\" \/>\n<meta property=\"article:modified_time\" content=\"2021-11-29T18:33:19+00:00\" \/>\n<meta property=\"og:image\" content=\"https:\/\/wroclaw-info.pl\/wp-content\/uploads\/elementor\/thumbs\/261706407_479480540135401_1033540796158618264_n-pgp2kuhvrmmdvb9bsj6w9rgsvsgjyttxzwz433s2c0.png\" \/>\n<meta name=\"twitter:card\" content=\"summary_large_image\" \/>\n<meta name=\"twitter:label1\" content=\"Estimated reading time\" \/>\n\t<meta name=\"twitter:data1\" content=\"1 minute\" \/>\n<script type=\"application\/ld+json\" class=\"yoast-schema-graph\">{\"@context\":\"https:\/\/schema.org\",\"@graph\":[{\"@type\":\"WebPage\",\"@id\":\"https:\/\/wroclaw-info.pl\/dla-dzieci\/mapa-krasnali\/\",\"url\":\"https:\/\/wroclaw-info.pl\/dla-dzieci\/mapa-krasnali\/\",\"name\":\"Mapa krasnali - Centrum Informacji Turystycznej\",\"isPartOf\":{\"@id\":\"https:\/\/wroclaw-info.pl\/#website\"},\"datePublished\":\"2021-11-28T10:32:43+00:00\",\"dateModified\":\"2021-11-29T18:33:19+00:00\",\"breadcrumb\":{\"@id\":\"https:\/\/wroclaw-info.pl\/dla-dzieci\/mapa-krasnali\/#breadcrumb\"},\"inLanguage\":\"en-GB\",\"potentialAction\":[{\"@type\":\"ReadAction\",\"target\":[\"https:\/\/wroclaw-info.pl\/dla-dzieci\/mapa-krasnali\/\"]}]},{\"@type\":\"BreadcrumbList\",\"@id\":\"https:\/\/wroclaw-info.pl\/dla-dzieci\/mapa-krasnali\/#breadcrumb\",\"itemListElement\":[{\"@type\":\"ListItem\",\"position\":1,\"name\":\"Home\",\"item\":\"https:\/\/wroclaw-info.pl\/\"},{\"@type\":\"ListItem\",\"position\":2,\"name\":\"Dla Dzieci\",\"item\":\"https:\/\/wroclaw-info.pl\/dla-dzieci\/\"},{\"@type\":\"ListItem\",\"position\":3,\"name\":\"Mapa krasnali\"}]},{\"@type\":\"WebSite\",\"@id\":\"https:\/\/wroclaw-info.pl\/#website\",\"url\":\"https:\/\/wroclaw-info.pl\/\",\"name\":\"Centrum Informacji Turystycznej\",\"description\":\"Centrum Informacji Turystycznej we Wroc\u0142awiu\",\"publisher\":{\"@id\":\"https:\/\/wroclaw-info.pl\/#organization\"},\"potentialAction\":[{\"@type\":\"SearchAction\",\"target\":{\"@type\":\"EntryPoint\",\"urlTemplate\":\"https:\/\/wroclaw-info.pl\/?s={search_term_string}\"},\"query-input\":\"required name=search_term_string\"}],\"inLanguage\":\"en-GB\"},{\"@type\":\"Organization\",\"@id\":\"https:\/\/wroclaw-info.pl\/#organization\",\"name\":\"Centrum Informacji Turystycznej\",\"url\":\"https:\/\/wroclaw-info.pl\/\",\"logo\":{\"@type\":\"ImageObject\",\"inLanguage\":\"en-GB\",\"@id\":\"https:\/\/wroclaw-info.pl\/#\/schema\/logo\/image\/\",\"url\":\"https:\/\/wroclaw-info.pl\/wp-content\/uploads\/2021\/05\/Wroclaw_info.png\",\"contentUrl\":\"https:\/\/wroclaw-info.pl\/wp-content\/uploads\/2021\/05\/Wroclaw_info.png\",\"width\":591,\"height\":591,\"caption\":\"Centrum Informacji Turystycznej\"},\"image\":{\"@id\":\"https:\/\/wroclaw-info.pl\/#\/schema\/logo\/image\/\"}}]}<\/script>\n<!-- \/ Yoast SEO Premium plugin. -->","yoast_head_json":{"title":"Mapa krasnali - Centrum Informacji Turystycznej","robots":{"index":"index","follow":"follow","max-snippet":"max-snippet:-1","max-image-preview":"max-image-preview:large","max-video-preview":"max-video-preview:-1"},"canonical":"https:\/\/wroclaw-info.pl\/en\/dla-dzieci\/mapa-krasnali\/","og_locale":"en_GB","og_type":"article","og_title":"Mapa krasnali - Centrum Informacji Turystycznej","og_description":"MAPA KRASNALI Znajd\u017a najwa\u017cniejsze wroc\u0142awskie krasnale i do\u0142\u0105cz do zdobywc\u00f3w Odznaki Poszukiwaczy Krasnali!\u00a0 Pod\u0105\u017caj szlakiem wroc\u0142awskich krasnali Jak my\u015blisz, ile krasnali zamieszka\u0142o ju\u017c we Wroc\u0142awiu? 300, 400? Ot\u00f3\u017c nie! Na&hellip;&nbsp;Read More &raquo;Mapa krasnali","og_url":"https:\/\/wroclaw-info.pl\/en\/dla-dzieci\/mapa-krasnali\/","og_site_name":"Centrum Informacji Turystycznej","article_modified_time":"2021-11-29T18:33:19+00:00","og_image":[{"url":"https:\/\/wroclaw-info.pl\/wp-content\/uploads\/elementor\/thumbs\/261706407_479480540135401_1033540796158618264_n-pgp2kuhvrmmdvb9bsj6w9rgsvsgjyttxzwz433s2c0.png"}],"twitter_card":"summary_large_image","twitter_misc":{"Estimated reading time":"1 minute"},"schema":{"@context":"https:\/\/schema.org","@graph":[{"@type":"WebPage","@id":"https:\/\/wroclaw-info.pl\/dla-dzieci\/mapa-krasnali\/","url":"https:\/\/wroclaw-info.pl\/dla-dzieci\/mapa-krasnali\/","name":"Mapa krasnali - Centrum Informacji Turystycznej","isPartOf":{"@id":"https:\/\/wroclaw-info.pl\/#website"},"datePublished":"2021-11-28T10:32:43+00:00","dateModified":"2021-11-29T18:33:19+00:00","breadcrumb":{"@id":"https:\/\/wroclaw-info.pl\/dla-dzieci\/mapa-krasnali\/#breadcrumb"},"inLanguage":"en-GB","potentialAction":[{"@type":"ReadAction","target":["https:\/\/wroclaw-info.pl\/dla-dzieci\/mapa-krasnali\/"]}]},{"@type":"BreadcrumbList","@id":"https:\/\/wroclaw-info.pl\/dla-dzieci\/mapa-krasnali\/#breadcrumb","itemListElement":[{"@type":"ListItem","position":1,"name":"Home","item":"https:\/\/wroclaw-info.pl\/"},{"@type":"ListItem","position":2,"name":"Dla Dzieci","item":"https:\/\/wroclaw-info.pl\/dla-dzieci\/"},{"@type":"ListItem","position":3,"name":"Mapa krasnali"}]},{"@type":"WebSite","@id":"https:\/\/wroclaw-info.pl\/#website","url":"https:\/\/wroclaw-info.pl\/","name":"Centrum Informacji Turystycznej","description":"Centrum Informacji Turystycznej we Wroc\u0142awiu","publisher":{"@id":"https:\/\/wroclaw-info.pl\/#organization"},"potentialAction":[{"@type":"SearchAction","target":{"@type":"EntryPoint","urlTemplate":"https:\/\/wroclaw-info.pl\/?s={search_term_string}"},"query-input":"required name=search_term_string"}],"inLanguage":"en-GB"},{"@type":"Organization","@id":"https:\/\/wroclaw-info.pl\/#organization","name":"Centrum Informacji Turystycznej","url":"https:\/\/wroclaw-info.pl\/","logo":{"@type":"ImageObject","inLanguage":"en-GB","@id":"https:\/\/wroclaw-info.pl\/#\/schema\/logo\/image\/","url":"https:\/\/wroclaw-info.pl\/wp-content\/uploads\/2021\/05\/Wroclaw_info.png","contentUrl":"https:\/\/wroclaw-info.pl\/wp-content\/uploads\/2021\/05\/Wroclaw_info.png","width":591,"height":591,"caption":"Centrum Informacji Turystycznej"},"image":{"@id":"https:\/\/wroclaw-info.pl\/#\/schema\/logo\/image\/"}}]}},"_links":{"self":[{"href":"https:\/\/wroclaw-info.pl\/en\/wp-json\/wp\/v2\/pages\/1405","targetHints":{"allow":["GET"]}}],"collection":[{"href":"https:\/\/wroclaw-info.pl\/en\/wp-json\/wp\/v2\/pages"}],"about":[{"href":"https:\/\/wroclaw-info.pl\/en\/wp-json\/wp\/v2\/types\/page"}],"author":[{"embeddable":true,"href":"https:\/\/wroclaw-info.pl\/en\/wp-json\/wp\/v2\/users\/1"}],"replies":[{"embeddable":true,"href":"https:\/\/wroclaw-info.pl\/en\/wp-json\/wp\/v2\/comments?post=1405"}],"version-history":[{"count":20,"href":"https:\/\/wroclaw-info.pl\/en\/wp-json\/wp\/v2\/pages\/1405\/revisions"}],"predecessor-version":[{"id":1520,"href":"https:\/\/wroclaw-info.pl\/en\/wp-json\/wp\/v2\/pages\/1405\/revisions\/1520"}],"up":[{"embeddable":true,"href":"https:\/\/wroclaw-info.pl\/en\/wp-json\/wp\/v2\/pages\/2"}],"wp:attachment":[{"href":"https:\/\/wroclaw-info.pl\/en\/wp-json\/wp\/v2\/media?parent=1405"}],"curies":[{"name":"wp","href":"https:\/\/api.w.org\/{rel}","templated":true}]}}