{"id":279,"date":"2021-05-08T21:28:51","date_gmt":"2021-05-08T21:28:51","guid":{"rendered":"http:\/\/wroclaw-info.pl\/?page_id=279"},"modified":"2021-07-21T19:05:10","modified_gmt":"2021-07-21T19:05:10","slug":"rynek-we-wroclawiu","status":"publish","type":"page","link":"https:\/\/wroclaw-info.pl\/en\/top-10-we-wroclawiu\/rynek-we-wroclawiu\/","title":{"rendered":"Wroc\u0142awski Rynek"},"content":{"rendered":"<div data-elementor-type=\"wp-page\" data-elementor-id=\"279\" class=\"elementor elementor-279\" data-elementor-settings=\"[]\">\n\t\t\t\t\t\t\t<div class=\"elementor-section-wrap\">\n\t\t\t\t\t\t\t<section class=\"elementor-section elementor-top-section elementor-element elementor-element-48f919c elementor-section-height-min-height elementor-section-boxed elementor-section-height-default elementor-section-items-middle\" data-id=\"48f919c\" data-element_type=\"section\" data-settings=\"{&quot;background_background&quot;:&quot;classic&quot;}\">\n\t\t\t\t\t\t\t<div class=\"elementor-background-overlay\"><\/div>\n\t\t\t\t\t\t\t<div class=\"elementor-container elementor-column-gap-extended\">\n\t\t\t\t\t<div class=\"elementor-column elementor-col-100 elementor-top-column elementor-element elementor-element-858f1dc\" data-id=\"858f1dc\" data-element_type=\"column\" data-settings=\"{&quot;background_background&quot;:&quot;classic&quot;}\">\n\t\t\t<div class=\"elementor-widget-wrap elementor-element-populated\">\n\t\t\t\t\t\t\t\t<div class=\"elementor-element elementor-element-a3af426 elementor-widget elementor-widget-heading\" data-id=\"a3af426\" data-element_type=\"widget\" data-widget_type=\"heading.default\">\n\t\t\t\t<div class=\"elementor-widget-container\">\n\t\t\t<h2 class=\"elementor-heading-title elementor-size-xl\">Rynek we Wroc\u0142awiu<\/h2>\t\t<\/div>\n\t\t\t\t<\/div>\n\t\t\t\t<div class=\"elementor-element elementor-element-440c262 elementor-widget elementor-widget-text-editor\" data-id=\"440c262\" data-element_type=\"widget\" data-widget_type=\"text-editor.default\">\n\t\t\t\t<div class=\"elementor-widget-container\">\n\t\t\t\t\t\t\t\t<p><strong>Witaj w samym sercu miasta!<\/strong><\/p><p>Rynek we Wroc\u0142awiu to niezwyk\u0142e, zmieniaj\u0105ce si\u0119 przez wieki miejsce, kt\u00f3re przez lata szuka\u0142o swojej prawdziwej to\u017csamo\u015bci. Niewiele os\u00f3b wie, \u017ce Wroc\u0142aw by\u0142 miastem polskim, p\u00f3\u017aniej czeskim, austriackim, pruskim &#8211; niemieckim, by po wielu latach wr\u00f3ci\u0107 do korzeni i sta\u0107 si\u0119 ponownie miastem polskim.<strong><img loading=\"lazy\" decoding=\"async\" class=\"alignleft wp-image-574\" src=\"http:\/\/wroclaw-info.pl\/wp-content\/uploads\/2021\/07\/wroclaw-z-gory-1024x684.jpg\" alt=\"\" width=\"600\" height=\"401\" srcset=\"https:\/\/wroclaw-info.pl\/wp-content\/uploads\/2021\/07\/wroclaw-z-gory-1024x684.jpg 1024w, https:\/\/wroclaw-info.pl\/wp-content\/uploads\/2021\/07\/wroclaw-z-gory-300x200.jpg 300w, https:\/\/wroclaw-info.pl\/wp-content\/uploads\/2021\/07\/wroclaw-z-gory-768x513.jpg 768w, https:\/\/wroclaw-info.pl\/wp-content\/uploads\/2021\/07\/wroclaw-z-gory-1536x1026.jpg 1536w, https:\/\/wroclaw-info.pl\/wp-content\/uploads\/2021\/07\/wroclaw-z-gory-16x12.jpg 16w, https:\/\/wroclaw-info.pl\/wp-content\/uploads\/2021\/07\/wroclaw-z-gory-930x620.jpg 930w, https:\/\/wroclaw-info.pl\/wp-content\/uploads\/2021\/07\/wroclaw-z-gory.jpg 1920w\" sizes=\"auto, (max-width: 600px) 100vw, 600px\" \/><\/strong> Historia miasta jest niesamowita, a jej elementy mo\u017cemy odnale\u017a\u0107 we wszystkich jego zak\u0105tkach, a w szczeg\u00f3lno\u015bci na wroc\u0142awskim rynku i dzielnicy starego miasta. Pod wzgl\u0119dem wielko\u015bci Rynek wroc\u0142aw stanowi jeden z najwi\u0119kszych rynk\u00f3w w Polsce (zaraz po Olecku, Latowiczu, Krakowie i Tarnogrodzie). Wchodz\u0105c na rynek jako pierwszy rzuca si\u0119 w oczy przepi\u0119kny, gotycki Ratusz. Ratusz we Wroc\u0142awiu to budowla niezwykle wyj\u0105tkowa, cho\u0107by z uwagi na to, \u017ce niewiele budynk\u00f3w, kt\u00f3re spe\u0142nia\u0142yby funkcj\u0119 administracyjn\u0105 ze \u015bredniowiecznego okresu przetrwa\u0142o do naszych czas\u00f3w. Warto uda\u0107 si\u0119 do wn\u0119trza budynku &#8211; znajduje si\u0119 tam bowiem Muzeum Miejskie z ciekaw\u0105 i r\u00f3\u017cnorodn\u0105 list\u0105 eksponat\u00f3w oraz Galeria S\u0142awnych Wroc\u0142awian. \u00a0Przed Ratuszem znajduje si\u0119 &#8211; przywieziony po II wojnie ze Lwowa &#8211; pomnik komediopisarza Aleksandra Fredry. Spacer wok\u00f3\u0142 Ratusza we Wroc\u0142awiu to poszukiwanie ciekawych detali umieszczonych na fasadzie budynku. Id\u0105c w ten spos\u00f3b dojdziemy do Pr\u0119gierza &#8211; miejsca, kt\u00f3re z pewno\u015bci\u0105 widzia\u0142o du\u017co. Rynek we Wroc\u0142awiu otoczony jest przepi\u0119knymi, kolorowymi kamienicami &#8211; warto wiedzie\u0107, \u017ce najstarsze z nich pochodz\u0105 z XIII wieku! Zniszczone w ok. 50-70% podczas II wojny \u015bwiatowej, odbudowane, odzyska\u0142y sw\u00f3j dawny blask. Jedna z nich &#8211; Kamienica pod Siedmioma Elektorami bogato zdobiona, przedstawia Siedmiu Elektor\u00f3w. Kim wi\u0119c jest \u00f3sma osoba? Tu\u017c obok, pod numerem 6 znajdziecie Kamienic\u0119 Pod Z\u0142otym S\u0142o\u0144cem, kt\u00f3ra kryje w swoich wn\u0119trzach Muzeum Pana Tadeusza. Id\u0105c dalej, w kamienicy Dw\u00f3r Polski napotkamy pewn\u0105 ciekawostk\u0119\u2026 namalowane okno! Spr\u00f3buj je znale\u017a\u0107! Z Rynku we Wroc\u0142awiu wyprowadzaj\u0105 nas dwie urocze kamieniczki Ja\u015b i Ma\u0142gosia, kt\u00f3re stanowi\u0142y niegdy\u015b domy kupc\u00f3w i handlarzy. Wychodz\u0105c z rynku \u017cegna nas Krasnal Wroclovek.<\/p>\t\t\t\t\t\t<\/div>\n\t\t\t\t<\/div>\n\t\t\t\t<div class=\"elementor-element elementor-element-6d7cdffa elementor-align-center elementor-mobile-align-justify elementor-tablet-align-left elementor-widget elementor-widget-button\" data-id=\"6d7cdffa\" data-element_type=\"widget\" data-widget_type=\"button.default\">\n\t\t\t\t<div class=\"elementor-widget-container\">\n\t\t\t\t\t<div class=\"elementor-button-wrapper\">\n\t\t\t<a href=\"https:\/\/visitwroclaw.eu\/miejsce\/rynek-we-wroclawiu\" target=\"_blank\" class=\"elementor-button-link elementor-button elementor-size-lg\" role=\"button\">\n\t\t\t\t\t\t<span class=\"elementor-button-content-wrapper\">\n\t\t\t\t\t\t<span class=\"elementor-button-icon elementor-align-icon-left\">\n\t\t\t\t<i aria-hidden=\"true\" class=\"fas fa-search-location\"><\/i>\t\t\t<\/span>\n\t\t\t\t\t\t<span class=\"elementor-button-text\">Wi\u0119cej informacji<\/span>\n\t\t<\/span>\n\t\t\t\t\t<\/a>\n\t\t<\/div>\n\t\t\t\t<\/div>\n\t\t\t\t<\/div>\n\t\t\t\t\t<\/div>\n\t\t<\/div>\n\t\t\t\t\t\t\t<\/div>\n\t\t<\/section>\n\t\t\t\t<section class=\"elementor-section elementor-top-section elementor-element elementor-element-98fc40d elementor-section-boxed elementor-section-height-default elementor-section-height-default\" data-id=\"98fc40d\" data-element_type=\"section\" data-settings=\"{&quot;background_background&quot;:&quot;classic&quot;}\">\n\t\t\t\t\t\t<div class=\"elementor-container elementor-column-gap-default\">\n\t\t\t\t\t\t\t\t<\/div>\n\t\t<\/section>\n\t\t\t\t<section class=\"elementor-section elementor-top-section elementor-element elementor-element-9f050b1 elementor-section-boxed elementor-section-height-default elementor-section-height-default\" data-id=\"9f050b1\" data-element_type=\"section\">\n\t\t\t\t\t\t<div class=\"elementor-container elementor-column-gap-default\">\n\t\t\t\t\t<div class=\"elementor-column elementor-col-100 elementor-top-column elementor-element elementor-element-e6a152b\" data-id=\"e6a152b\" data-element_type=\"column\">\n\t\t\t<div class=\"elementor-widget-wrap elementor-element-populated\">\n\t\t\t\t\t\t\t\t<div class=\"elementor-element elementor-element-c3ba58b elementor-widget elementor-widget-spacer\" data-id=\"c3ba58b\" data-element_type=\"widget\" data-widget_type=\"spacer.default\">\n\t\t\t\t<div class=\"elementor-widget-container\">\n\t\t\t\t\t<div class=\"elementor-spacer\">\n\t\t\t<div class=\"elementor-spacer-inner\"><\/div>\n\t\t<\/div>\n\t\t\t\t<\/div>\n\t\t\t\t<\/div>\n\t\t\t\t<div class=\"elementor-element elementor-element-922744f elementor-view-default elementor-widget elementor-widget-icon\" data-id=\"922744f\" data-element_type=\"widget\" data-widget_type=\"icon.default\">\n\t\t\t\t<div class=\"elementor-widget-container\">\n\t\t\t\t\t<div class=\"elementor-icon-wrapper\">\n\t\t\t<div class=\"elementor-icon\">\n\t\t\t<i aria-hidden=\"true\" class=\"fas fa-map-marked-alt\"><\/i>\t\t\t<\/div>\n\t\t<\/div>\n\t\t\t\t<\/div>\n\t\t\t\t<\/div>\n\t\t\t\t<div class=\"elementor-element elementor-element-f337a79 elementor-widget elementor-widget-spacer\" data-id=\"f337a79\" data-element_type=\"widget\" data-widget_type=\"spacer.default\">\n\t\t\t\t<div class=\"elementor-widget-container\">\n\t\t\t\t\t<div class=\"elementor-spacer\">\n\t\t\t<div class=\"elementor-spacer-inner\"><\/div>\n\t\t<\/div>\n\t\t\t\t<\/div>\n\t\t\t\t<\/div>\n\t\t\t\t<div class=\"elementor-element elementor-element-299d04a elementor-widget elementor-widget-google_maps\" data-id=\"299d04a\" data-element_type=\"widget\" data-widget_type=\"google_maps.default\">\n\t\t\t\t<div class=\"elementor-widget-container\">\n\t\t\t<div class=\"elementor-custom-embed\"><iframe frameborder=\"0\" scrolling=\"no\" marginheight=\"0\" marginwidth=\"0\" src=\"https:\/\/maps.google.com\/maps?q=Rynek%20-%20Wroc%C5%82aw&amp;t=m&amp;z=14&amp;output=embed&amp;iwloc=near\" title=\"Rynek - Wroc\u0142aw\" aria-label=\"Rynek - Wroc\u0142aw\"><\/iframe><\/div>\t\t<\/div>\n\t\t\t\t<\/div>\n\t\t\t\t<div class=\"elementor-element elementor-element-1de0884 elementor-widget elementor-widget-spacer\" data-id=\"1de0884\" data-element_type=\"widget\" data-widget_type=\"spacer.default\">\n\t\t\t\t<div class=\"elementor-widget-container\">\n\t\t\t\t\t<div class=\"elementor-spacer\">\n\t\t\t<div class=\"elementor-spacer-inner\"><\/div>\n\t\t<\/div>\n\t\t\t\t<\/div>\n\t\t\t\t<\/div>\n\t\t\t\t\t<\/div>\n\t\t<\/div>\n\t\t\t\t\t\t\t<\/div>\n\t\t<\/section>\n\t\t\t\t\t\t<\/div>\n\t\t\t\t\t<\/div>","protected":false},"excerpt":{"rendered":"<p>Rynek we Wroc\u0142awiu Witaj w samym sercu miasta! Rynek we Wroc\u0142awiu to niezwyk\u0142e, zmieniaj\u0105ce si\u0119 przez wieki miejsce, kt\u00f3re przez lata szuka\u0142o swojej prawdziwej to\u017csamo\u015bci. Niewiele os\u00f3b wie, \u017ce Wroc\u0142aw&hellip;&nbsp;<a href=\"https:\/\/wroclaw-info.pl\/en\/top-10-we-wroclawiu\/rynek-we-wroclawiu\/\" class=\"\" rel=\"bookmark\">Read More &raquo;<span class=\"screen-reader-text\">Wroc\u0142awski Rynek<\/span><\/a><\/p>","protected":false},"author":1,"featured_media":0,"parent":476,"menu_order":-2,"comment_status":"closed","ping_status":"closed","template":"elementor_header_footer","meta":{"neve_meta_sidebar":"full-width","neve_meta_container":"","neve_meta_enable_content_width":"on","neve_meta_content_width":100,"neve_meta_title_alignment":"","neve_meta_author_avatar":"","neve_post_elements_order":"","neve_meta_disable_header":"","neve_meta_disable_footer":"","neve_meta_disable_title":"","_themeisle_gutenberg_block_has_review":false,"_ti_tpc_template_sync":false,"_ti_tpc_template_id":"","footnotes":""},"class_list":["post-279","page","type-page","status-publish","hentry"],"yoast_head":"<!-- This site is optimized with the Yoast SEO Premium plugin v16.3 (Yoast SEO v21.7) - https:\/\/yoast.com\/wordpress\/plugins\/seo\/ -->\n<title>Wroc\u0142awski Rynek - Centrum Informacji Turystycznej<\/title>\n<meta name=\"robots\" content=\"index, follow, max-snippet:-1, max-image-preview:large, max-video-preview:-1\" \/>\n<link rel=\"canonical\" href=\"https:\/\/wroclaw-info.pl\/en\/top-10-we-wroclawiu\/rynek-we-wroclawiu\/\" \/>\n<meta property=\"og:locale\" content=\"en_GB\" \/>\n<meta property=\"og:type\" content=\"article\" \/>\n<meta property=\"og:title\" content=\"Wroc\u0142awski Rynek - Centrum Informacji Turystycznej\" \/>\n<meta property=\"og:description\" content=\"Rynek we Wroc\u0142awiu Witaj w samym sercu miasta! Rynek we Wroc\u0142awiu to niezwyk\u0142e, zmieniaj\u0105ce si\u0119 przez wieki miejsce, kt\u00f3re przez lata szuka\u0142o swojej prawdziwej to\u017csamo\u015bci. Niewiele os\u00f3b wie, \u017ce Wroc\u0142aw&hellip;&nbsp;Read More &raquo;Wroc\u0142awski Rynek\" \/>\n<meta property=\"og:url\" content=\"https:\/\/wroclaw-info.pl\/en\/top-10-we-wroclawiu\/rynek-we-wroclawiu\/\" \/>\n<meta property=\"og:site_name\" content=\"Centrum Informacji Turystycznej\" \/>\n<meta property=\"article:modified_time\" content=\"2021-07-21T19:05:10+00:00\" \/>\n<meta property=\"og:image\" content=\"http:\/\/wroclaw-info.pl\/wp-content\/uploads\/2021\/07\/wroclaw-z-gory-1024x684.jpg\" \/>\n<meta name=\"twitter:card\" content=\"summary_large_image\" \/>\n<meta name=\"twitter:label1\" content=\"Estimated reading time\" \/>\n\t<meta name=\"twitter:data1\" content=\"2 minutes\" \/>\n<script type=\"application\/ld+json\" class=\"yoast-schema-graph\">{\"@context\":\"https:\/\/schema.org\",\"@graph\":[{\"@type\":\"WebPage\",\"@id\":\"https:\/\/wroclaw-info.pl\/top-10-we-wroclawiu\/rynek-we-wroclawiu\/\",\"url\":\"https:\/\/wroclaw-info.pl\/top-10-we-wroclawiu\/rynek-we-wroclawiu\/\",\"name\":\"Wroc\u0142awski Rynek - Centrum Informacji Turystycznej\",\"isPartOf\":{\"@id\":\"https:\/\/wroclaw-info.pl\/#website\"},\"datePublished\":\"2021-05-08T21:28:51+00:00\",\"dateModified\":\"2021-07-21T19:05:10+00:00\",\"breadcrumb\":{\"@id\":\"https:\/\/wroclaw-info.pl\/top-10-we-wroclawiu\/rynek-we-wroclawiu\/#breadcrumb\"},\"inLanguage\":\"en-GB\",\"potentialAction\":[{\"@type\":\"ReadAction\",\"target\":[\"https:\/\/wroclaw-info.pl\/top-10-we-wroclawiu\/rynek-we-wroclawiu\/\"]}]},{\"@type\":\"BreadcrumbList\",\"@id\":\"https:\/\/wroclaw-info.pl\/top-10-we-wroclawiu\/rynek-we-wroclawiu\/#breadcrumb\",\"itemListElement\":[{\"@type\":\"ListItem\",\"position\":1,\"name\":\"Home\",\"item\":\"https:\/\/wroclaw-info.pl\/\"},{\"@type\":\"ListItem\",\"position\":2,\"name\":\"Top 10\",\"item\":\"https:\/\/wroclaw-info.pl\/top-10-we-wroclawiu\/\"},{\"@type\":\"ListItem\",\"position\":3,\"name\":\"Wroc\u0142awski Rynek\"}]},{\"@type\":\"WebSite\",\"@id\":\"https:\/\/wroclaw-info.pl\/#website\",\"url\":\"https:\/\/wroclaw-info.pl\/\",\"name\":\"Centrum Informacji Turystycznej\",\"description\":\"Centrum Informacji Turystycznej we Wroc\u0142awiu\",\"publisher\":{\"@id\":\"https:\/\/wroclaw-info.pl\/#organization\"},\"potentialAction\":[{\"@type\":\"SearchAction\",\"target\":{\"@type\":\"EntryPoint\",\"urlTemplate\":\"https:\/\/wroclaw-info.pl\/?s={search_term_string}\"},\"query-input\":\"required name=search_term_string\"}],\"inLanguage\":\"en-GB\"},{\"@type\":\"Organization\",\"@id\":\"https:\/\/wroclaw-info.pl\/#organization\",\"name\":\"Centrum Informacji Turystycznej\",\"url\":\"https:\/\/wroclaw-info.pl\/\",\"logo\":{\"@type\":\"ImageObject\",\"inLanguage\":\"en-GB\",\"@id\":\"https:\/\/wroclaw-info.pl\/#\/schema\/logo\/image\/\",\"url\":\"https:\/\/wroclaw-info.pl\/wp-content\/uploads\/2021\/05\/Wroclaw_info.png\",\"contentUrl\":\"https:\/\/wroclaw-info.pl\/wp-content\/uploads\/2021\/05\/Wroclaw_info.png\",\"width\":591,\"height\":591,\"caption\":\"Centrum Informacji Turystycznej\"},\"image\":{\"@id\":\"https:\/\/wroclaw-info.pl\/#\/schema\/logo\/image\/\"}}]}<\/script>\n<!-- \/ Yoast SEO Premium plugin. -->","yoast_head_json":{"title":"Wroc\u0142awski Rynek - Centrum Informacji Turystycznej","robots":{"index":"index","follow":"follow","max-snippet":"max-snippet:-1","max-image-preview":"max-image-preview:large","max-video-preview":"max-video-preview:-1"},"canonical":"https:\/\/wroclaw-info.pl\/en\/top-10-we-wroclawiu\/rynek-we-wroclawiu\/","og_locale":"en_GB","og_type":"article","og_title":"Wroc\u0142awski Rynek - Centrum Informacji Turystycznej","og_description":"Rynek we Wroc\u0142awiu Witaj w samym sercu miasta! Rynek we Wroc\u0142awiu to niezwyk\u0142e, zmieniaj\u0105ce si\u0119 przez wieki miejsce, kt\u00f3re przez lata szuka\u0142o swojej prawdziwej to\u017csamo\u015bci. Niewiele os\u00f3b wie, \u017ce Wroc\u0142aw&hellip;&nbsp;Read More &raquo;Wroc\u0142awski Rynek","og_url":"https:\/\/wroclaw-info.pl\/en\/top-10-we-wroclawiu\/rynek-we-wroclawiu\/","og_site_name":"Centrum Informacji Turystycznej","article_modified_time":"2021-07-21T19:05:10+00:00","og_image":[{"url":"http:\/\/wroclaw-info.pl\/wp-content\/uploads\/2021\/07\/wroclaw-z-gory-1024x684.jpg"}],"twitter_card":"summary_large_image","twitter_misc":{"Estimated reading time":"2 minutes"},"schema":{"@context":"https:\/\/schema.org","@graph":[{"@type":"WebPage","@id":"https:\/\/wroclaw-info.pl\/top-10-we-wroclawiu\/rynek-we-wroclawiu\/","url":"https:\/\/wroclaw-info.pl\/top-10-we-wroclawiu\/rynek-we-wroclawiu\/","name":"Wroc\u0142awski Rynek - Centrum Informacji Turystycznej","isPartOf":{"@id":"https:\/\/wroclaw-info.pl\/#website"},"datePublished":"2021-05-08T21:28:51+00:00","dateModified":"2021-07-21T19:05:10+00:00","breadcrumb":{"@id":"https:\/\/wroclaw-info.pl\/top-10-we-wroclawiu\/rynek-we-wroclawiu\/#breadcrumb"},"inLanguage":"en-GB","potentialAction":[{"@type":"ReadAction","target":["https:\/\/wroclaw-info.pl\/top-10-we-wroclawiu\/rynek-we-wroclawiu\/"]}]},{"@type":"BreadcrumbList","@id":"https:\/\/wroclaw-info.pl\/top-10-we-wroclawiu\/rynek-we-wroclawiu\/#breadcrumb","itemListElement":[{"@type":"ListItem","position":1,"name":"Home","item":"https:\/\/wroclaw-info.pl\/"},{"@type":"ListItem","position":2,"name":"Top 10","item":"https:\/\/wroclaw-info.pl\/top-10-we-wroclawiu\/"},{"@type":"ListItem","position":3,"name":"Wroc\u0142awski Rynek"}]},{"@type":"WebSite","@id":"https:\/\/wroclaw-info.pl\/#website","url":"https:\/\/wroclaw-info.pl\/","name":"Centrum Informacji Turystycznej","description":"Centrum Informacji Turystycznej we Wroc\u0142awiu","publisher":{"@id":"https:\/\/wroclaw-info.pl\/#organization"},"potentialAction":[{"@type":"SearchAction","target":{"@type":"EntryPoint","urlTemplate":"https:\/\/wroclaw-info.pl\/?s={search_term_string}"},"query-input":"required name=search_term_string"}],"inLanguage":"en-GB"},{"@type":"Organization","@id":"https:\/\/wroclaw-info.pl\/#organization","name":"Centrum Informacji Turystycznej","url":"https:\/\/wroclaw-info.pl\/","logo":{"@type":"ImageObject","inLanguage":"en-GB","@id":"https:\/\/wroclaw-info.pl\/#\/schema\/logo\/image\/","url":"https:\/\/wroclaw-info.pl\/wp-content\/uploads\/2021\/05\/Wroclaw_info.png","contentUrl":"https:\/\/wroclaw-info.pl\/wp-content\/uploads\/2021\/05\/Wroclaw_info.png","width":591,"height":591,"caption":"Centrum Informacji Turystycznej"},"image":{"@id":"https:\/\/wroclaw-info.pl\/#\/schema\/logo\/image\/"}}]}},"_links":{"self":[{"href":"https:\/\/wroclaw-info.pl\/en\/wp-json\/wp\/v2\/pages\/279","targetHints":{"allow":["GET"]}}],"collection":[{"href":"https:\/\/wroclaw-info.pl\/en\/wp-json\/wp\/v2\/pages"}],"about":[{"href":"https:\/\/wroclaw-info.pl\/en\/wp-json\/wp\/v2\/types\/page"}],"author":[{"embeddable":true,"href":"https:\/\/wroclaw-info.pl\/en\/wp-json\/wp\/v2\/users\/1"}],"replies":[{"embeddable":true,"href":"https:\/\/wroclaw-info.pl\/en\/wp-json\/wp\/v2\/comments?post=279"}],"version-history":[{"count":54,"href":"https:\/\/wroclaw-info.pl\/en\/wp-json\/wp\/v2\/pages\/279\/revisions"}],"predecessor-version":[{"id":598,"href":"https:\/\/wroclaw-info.pl\/en\/wp-json\/wp\/v2\/pages\/279\/revisions\/598"}],"up":[{"embeddable":true,"href":"https:\/\/wroclaw-info.pl\/en\/wp-json\/wp\/v2\/pages\/476"}],"wp:attachment":[{"href":"https:\/\/wroclaw-info.pl\/en\/wp-json\/wp\/v2\/media?parent=279"}],"curies":[{"name":"wp","href":"https:\/\/api.w.org\/{rel}","templated":true}]}}