{"id":578,"date":"2021-07-21T12:50:26","date_gmt":"2021-07-21T12:50:26","guid":{"rendered":"http:\/\/wroclaw-info.pl\/?page_id=578"},"modified":"2021-07-21T12:52:47","modified_gmt":"2021-07-21T12:52:47","slug":"wroclaw-jeden-dzien","status":"publish","type":"page","link":"https:\/\/wroclaw-info.pl\/en\/zaplanuj-pobyt\/wroclaw-jeden-dzien\/","title":{"rendered":"Wroc\u0142aw w 1 dzie\u0144"},"content":{"rendered":"<div data-elementor-type=\"wp-page\" data-elementor-id=\"578\" class=\"elementor elementor-578\" data-elementor-settings=\"[]\">\n\t\t\t\t\t\t\t<div class=\"elementor-section-wrap\">\n\t\t\t\t\t\t\t<section class=\"elementor-section elementor-top-section elementor-element elementor-element-213f8c19 elementor-section-height-min-height elementor-section-boxed elementor-section-height-default elementor-section-items-middle\" data-id=\"213f8c19\" data-element_type=\"section\" data-settings=\"{&quot;background_background&quot;:&quot;classic&quot;}\">\n\t\t\t\t\t\t\t<div class=\"elementor-background-overlay\"><\/div>\n\t\t\t\t\t\t\t<div class=\"elementor-container elementor-column-gap-extended\">\n\t\t\t\t\t<div class=\"elementor-column elementor-col-50 elementor-top-column elementor-element elementor-element-17b806de\" data-id=\"17b806de\" data-element_type=\"column\">\n\t\t\t<div class=\"elementor-widget-wrap elementor-element-populated\">\n\t\t\t\t\t\t\t\t<div class=\"elementor-element elementor-element-6fd43fac elementor-widget elementor-widget-heading\" data-id=\"6fd43fac\" data-element_type=\"widget\" data-widget_type=\"heading.default\">\n\t\t\t\t<div class=\"elementor-widget-container\">\n\t\t\t<h1 class=\"elementor-heading-title elementor-size-large\">Odkryj Wroc\u0142aw w 1, 2 lub wi\u0119cej dni<\/h1>\t\t<\/div>\n\t\t\t\t<\/div>\n\t\t\t\t<div class=\"elementor-element elementor-element-682dc592 elementor-widget elementor-widget-text-editor\" data-id=\"682dc592\" data-element_type=\"widget\" data-widget_type=\"text-editor.default\">\n\t\t\t\t<div class=\"elementor-widget-container\">\n\t\t\t\t\t\t\t\t<p>Et fugiat semiotics, authentic cloud bread kickstarter dolore quinoa tousled labore health goth selvage irony. Dolore affogato aliqua migas cold-pressed ea williamsburg. Cold-pressed vapare tumeric fugiat, vexillologist marfa health goth austin letterpress polaroid seamcatcher.<\/p>\t\t\t\t\t\t<\/div>\n\t\t\t\t<\/div>\n\t\t\t\t\t<\/div>\n\t\t<\/div>\n\t\t\t\t<div class=\"elementor-column elementor-col-50 elementor-top-column elementor-element elementor-element-325bb9bf\" data-id=\"325bb9bf\" data-element_type=\"column\">\n\t\t\t<div class=\"elementor-widget-wrap elementor-element-populated\">\n\t\t\t\t\t\t\t\t<div class=\"elementor-element elementor-element-31940da2 elementor-widget elementor-widget-image\" data-id=\"31940da2\" data-element_type=\"widget\" data-widget_type=\"image.default\">\n\t\t\t\t<div class=\"elementor-widget-container\">\n\t\t\t\t\t\t\t\t\t\t\t\t\t\t\t<img loading=\"lazy\" decoding=\"async\" width=\"185\" height=\"185\" src=\"https:\/\/wroclaw-info.pl\/wp-content\/uploads\/2021\/05\/wroclaw-top-10-atrakcje.png\" class=\"attachment-full size-full\" alt=\"\" srcset=\"https:\/\/wroclaw-info.pl\/wp-content\/uploads\/2021\/05\/wroclaw-top-10-atrakcje.png 185w, https:\/\/wroclaw-info.pl\/wp-content\/uploads\/2021\/05\/wroclaw-top-10-atrakcje-150x150.png 150w, https:\/\/wroclaw-info.pl\/wp-content\/uploads\/2021\/05\/wroclaw-top-10-atrakcje-12x12.png 12w\" sizes=\"auto, (max-width: 185px) 100vw, 185px\" \/>\t\t\t\t\t\t\t\t\t\t\t\t\t\t\t<\/div>\n\t\t\t\t<\/div>\n\t\t\t\t\t<\/div>\n\t\t<\/div>\n\t\t\t\t\t\t\t<\/div>\n\t\t<\/section>\n\t\t\t\t<section class=\"elementor-section elementor-top-section elementor-element elementor-element-3ab12507 elementor-section-content-middle elementor-section-boxed elementor-section-height-default elementor-section-height-default\" data-id=\"3ab12507\" data-element_type=\"section\" data-settings=\"{&quot;background_background&quot;:&quot;classic&quot;}\">\n\t\t\t\t\t\t<div class=\"elementor-container elementor-column-gap-default\">\n\t\t\t\t\t<div class=\"elementor-column elementor-col-50 elementor-top-column elementor-element elementor-element-6e4d9626\" data-id=\"6e4d9626\" data-element_type=\"column\">\n\t\t\t<div class=\"elementor-widget-wrap elementor-element-populated\">\n\t\t\t\t\t\t\t\t<div class=\"elementor-element elementor-element-51396ba1 elementor-widget elementor-widget-heading\" data-id=\"51396ba1\" data-element_type=\"widget\" data-widget_type=\"heading.default\">\n\t\t\t\t<div class=\"elementor-widget-container\">\n\t\t\t<h1 class=\"elementor-heading-title elementor-size-xl\">1. Wroc\u0142aw w jeden dzie\u0144<\/h1>\t\t<\/div>\n\t\t\t\t<\/div>\n\t\t\t\t<div class=\"elementor-element elementor-element-7b5a06d8 elementor-widget elementor-widget-text-editor\" data-id=\"7b5a06d8\" data-element_type=\"widget\" data-widget_type=\"text-editor.default\">\n\t\t\t\t<div class=\"elementor-widget-container\">\n\t\t\t\t\t\t\t\t<p>Lorem ipsum dolor sit amet, consectetur adipiscing elit. Praesent iaculis sodales tellus, vel eleifend quam dictum at. Donec quis eros et justo malesuada malesuada. Mauris maximus purus in purus commodo eleifend. Cras orci justo, semper gravida lacus ac, porttitor dignissim enim. Cras eu mattis justo. Maecenas venenatis, turpis ut fermentum. (50s)<\/p>\t\t\t\t\t\t<\/div>\n\t\t\t\t<\/div>\n\t\t\t\t<section class=\"elementor-section elementor-inner-section elementor-element elementor-element-1241ec25 elementor-section-boxed elementor-section-height-default elementor-section-height-default\" data-id=\"1241ec25\" data-element_type=\"section\">\n\t\t\t\t\t\t<div class=\"elementor-container elementor-column-gap-default\">\n\t\t\t\t\t<div class=\"elementor-column elementor-col-50 elementor-inner-column elementor-element elementor-element-70872908\" data-id=\"70872908\" data-element_type=\"column\">\n\t\t\t<div class=\"elementor-widget-wrap elementor-element-populated\">\n\t\t\t\t\t\t\t\t<div class=\"elementor-element elementor-element-772a552d elementor-align-left elementor-mobile-align-justify elementor-tablet-align-right elementor-widget elementor-widget-button\" data-id=\"772a552d\" data-element_type=\"widget\" data-widget_type=\"button.default\">\n\t\t\t\t<div class=\"elementor-widget-container\">\n\t\t\t\t\t<div class=\"elementor-button-wrapper\">\n\t\t\t<a href=\"https:\/\/visitwroclaw.eu\/miejsce\/rynek-we-wroclawiu\" class=\"elementor-button-link elementor-button elementor-size-lg\" role=\"button\">\n\t\t\t\t\t\t<span class=\"elementor-button-content-wrapper\">\n\t\t\t\t\t\t<span class=\"elementor-button-icon elementor-align-icon-left\">\n\t\t\t\t<i aria-hidden=\"true\" class=\"fas fa-info-circle\"><\/i>\t\t\t<\/span>\n\t\t\t\t\t\t<span class=\"elementor-button-text\">Czytaj wi\u0119cej<\/span>\n\t\t<\/span>\n\t\t\t\t\t<\/a>\n\t\t<\/div>\n\t\t\t\t<\/div>\n\t\t\t\t<\/div>\n\t\t\t\t\t<\/div>\n\t\t<\/div>\n\t\t\t\t<div class=\"elementor-column elementor-col-50 elementor-inner-column elementor-element elementor-element-4ff00f2d\" data-id=\"4ff00f2d\" data-element_type=\"column\">\n\t\t\t<div class=\"elementor-widget-wrap elementor-element-populated\">\n\t\t\t\t\t\t\t\t<div class=\"elementor-element elementor-element-47b77e94 elementor-align-left elementor-mobile-align-justify elementor-tablet-align-left elementor-widget elementor-widget-button\" data-id=\"47b77e94\" data-element_type=\"widget\" data-widget_type=\"button.default\">\n\t\t\t\t<div class=\"elementor-widget-container\">\n\t\t\t\t\t<div class=\"elementor-button-wrapper\">\n\t\t\t<a href=\"https:\/\/www.google.com\/maps\/place\/Rynek,+50-529+Wroc%C5%82aw\/@51.1106992,17.0301775,17z\/data=!3m1!4b1!4m5!3m4!1s0x470fc275a5a6cf57:0x7b0ff0a81d3b2aa0!8m2!3d51.1106992!4d17.0323662\" target=\"_blank\" class=\"elementor-button-link elementor-button elementor-size-lg\" role=\"button\">\n\t\t\t\t\t\t<span class=\"elementor-button-content-wrapper\">\n\t\t\t\t\t\t<span class=\"elementor-button-icon elementor-align-icon-left\">\n\t\t\t\t<i aria-hidden=\"true\" class=\"fas fa-search-location\"><\/i>\t\t\t<\/span>\n\t\t\t\t\t\t<span class=\"elementor-button-text\">Find on map<\/span>\n\t\t<\/span>\n\t\t\t\t\t<\/a>\n\t\t<\/div>\n\t\t\t\t<\/div>\n\t\t\t\t<\/div>\n\t\t\t\t\t<\/div>\n\t\t<\/div>\n\t\t\t\t\t\t\t<\/div>\n\t\t<\/section>\n\t\t\t\t\t<\/div>\n\t\t<\/div>\n\t\t\t\t<div class=\"elementor-column elementor-col-50 elementor-top-column elementor-element elementor-element-1d3552bd\" data-id=\"1d3552bd\" data-element_type=\"column\">\n\t\t\t<div class=\"elementor-widget-wrap elementor-element-populated\">\n\t\t\t\t\t\t\t\t<div class=\"elementor-element elementor-element-5dfd5bd6 elementor-invisible elementor-widget elementor-widget-image\" data-id=\"5dfd5bd6\" data-element_type=\"widget\" data-settings=\"{&quot;_animation&quot;:&quot;pulse&quot;,&quot;_animation_delay&quot;:100}\" data-widget_type=\"image.default\">\n\t\t\t\t<div class=\"elementor-widget-container\">\n\t\t\t\t\t\t\t\t\t\t\t\t\t\t\t\t<a href=\"https:\/\/visitwroclaw.eu\/miejsce\/rynek-we-wroclawiu\">\n\t\t\t\t\t\t\t<img loading=\"lazy\" decoding=\"async\" width=\"480\" height=\"354\" src=\"https:\/\/wroclaw-info.pl\/wp-content\/uploads\/2021\/06\/rynek-we-wroclawiu.png\" class=\"elementor-animation-grow attachment-full size-full\" alt=\"rynek-we-wroclawiu\" srcset=\"https:\/\/wroclaw-info.pl\/wp-content\/uploads\/2021\/06\/rynek-we-wroclawiu.png 480w, https:\/\/wroclaw-info.pl\/wp-content\/uploads\/2021\/06\/rynek-we-wroclawiu-300x221.png 300w, https:\/\/wroclaw-info.pl\/wp-content\/uploads\/2021\/06\/rynek-we-wroclawiu-16x12.png 16w\" sizes=\"auto, (max-width: 480px) 100vw, 480px\" \/>\t\t\t\t\t\t\t\t<\/a>\n\t\t\t\t\t\t\t\t\t\t\t\t\t\t\t<\/div>\n\t\t\t\t<\/div>\n\t\t\t\t\t<\/div>\n\t\t<\/div>\n\t\t\t\t\t\t\t<\/div>\n\t\t<\/section>\n\t\t\t\t\t\t<\/div>\n\t\t\t\t\t<\/div>","protected":false},"excerpt":{"rendered":"<p>Odkryj Wroc\u0142aw w 1, 2 lub wi\u0119cej dni Et fugiat semiotics, authentic cloud bread kickstarter dolore quinoa tousled labore health goth selvage irony. Dolore affogato aliqua migas cold-pressed ea williamsburg.&hellip;&nbsp;<a href=\"https:\/\/wroclaw-info.pl\/en\/zaplanuj-pobyt\/wroclaw-jeden-dzien\/\" class=\"\" rel=\"bookmark\">Read More &raquo;<span class=\"screen-reader-text\">Wroc\u0142aw w 1 dzie\u0144<\/span><\/a><\/p>","protected":false},"author":1,"featured_media":0,"parent":315,"menu_order":0,"comment_status":"closed","ping_status":"closed","template":"elementor_header_footer","meta":{"neve_meta_sidebar":"full-width","neve_meta_container":"","neve_meta_enable_content_width":"on","neve_meta_content_width":100,"neve_meta_title_alignment":"","neve_meta_author_avatar":"","neve_post_elements_order":"","neve_meta_disable_header":"","neve_meta_disable_footer":"","neve_meta_disable_title":"","_themeisle_gutenberg_block_has_review":false,"_ti_tpc_template_sync":false,"_ti_tpc_template_id":"","footnotes":""},"class_list":["post-578","page","type-page","status-publish","hentry"],"yoast_head":"<!-- This site is optimized with the Yoast SEO Premium plugin v16.3 (Yoast SEO v21.7) - https:\/\/yoast.com\/wordpress\/plugins\/seo\/ -->\n<title>Wroc\u0142aw w 1 dzie\u0144 - Centrum Informacji Turystycznej<\/title>\n<meta name=\"robots\" content=\"index, follow, max-snippet:-1, max-image-preview:large, max-video-preview:-1\" \/>\n<link rel=\"canonical\" href=\"https:\/\/wroclaw-info.pl\/en\/zaplanuj-pobyt\/wroclaw-jeden-dzien\/\" \/>\n<meta property=\"og:locale\" content=\"en_GB\" \/>\n<meta property=\"og:type\" content=\"article\" \/>\n<meta property=\"og:title\" content=\"Wroc\u0142aw w 1 dzie\u0144 - Centrum Informacji Turystycznej\" \/>\n<meta property=\"og:description\" content=\"Odkryj Wroc\u0142aw w 1, 2 lub wi\u0119cej dni Et fugiat semiotics, authentic cloud bread kickstarter dolore quinoa tousled labore health goth selvage irony. Dolore affogato aliqua migas cold-pressed ea williamsburg.&hellip;&nbsp;Read More &raquo;Wroc\u0142aw w 1 dzie\u0144\" \/>\n<meta property=\"og:url\" content=\"https:\/\/wroclaw-info.pl\/en\/zaplanuj-pobyt\/wroclaw-jeden-dzien\/\" \/>\n<meta property=\"og:site_name\" content=\"Centrum Informacji Turystycznej\" \/>\n<meta property=\"article:modified_time\" content=\"2021-07-21T12:52:47+00:00\" \/>\n<meta property=\"og:image\" content=\"http:\/\/wroclaw-info.pl\/wp-content\/uploads\/2021\/05\/wroclaw-top-10-atrakcje.png\" \/>\n<meta name=\"twitter:card\" content=\"summary_large_image\" \/>\n<meta name=\"twitter:label1\" content=\"Estimated reading time\" \/>\n\t<meta name=\"twitter:data1\" content=\"1 minute\" \/>\n<script type=\"application\/ld+json\" class=\"yoast-schema-graph\">{\"@context\":\"https:\/\/schema.org\",\"@graph\":[{\"@type\":\"WebPage\",\"@id\":\"https:\/\/wroclaw-info.pl\/zaplanuj-pobyt\/wroclaw-jeden-dzien\/\",\"url\":\"https:\/\/wroclaw-info.pl\/zaplanuj-pobyt\/wroclaw-jeden-dzien\/\",\"name\":\"Wroc\u0142aw w 1 dzie\u0144 - Centrum Informacji Turystycznej\",\"isPartOf\":{\"@id\":\"https:\/\/wroclaw-info.pl\/#website\"},\"datePublished\":\"2021-07-21T12:50:26+00:00\",\"dateModified\":\"2021-07-21T12:52:47+00:00\",\"breadcrumb\":{\"@id\":\"https:\/\/wroclaw-info.pl\/zaplanuj-pobyt\/wroclaw-jeden-dzien\/#breadcrumb\"},\"inLanguage\":\"en-GB\",\"potentialAction\":[{\"@type\":\"ReadAction\",\"target\":[\"https:\/\/wroclaw-info.pl\/zaplanuj-pobyt\/wroclaw-jeden-dzien\/\"]}]},{\"@type\":\"BreadcrumbList\",\"@id\":\"https:\/\/wroclaw-info.pl\/zaplanuj-pobyt\/wroclaw-jeden-dzien\/#breadcrumb\",\"itemListElement\":[{\"@type\":\"ListItem\",\"position\":1,\"name\":\"Home\",\"item\":\"https:\/\/wroclaw-info.pl\/\"},{\"@type\":\"ListItem\",\"position\":2,\"name\":\"Zaplanuj Pobyt\",\"item\":\"https:\/\/wroclaw-info.pl\/zaplanuj-pobyt\/\"},{\"@type\":\"ListItem\",\"position\":3,\"name\":\"Wroc\u0142aw w 1 dzie\u0144\"}]},{\"@type\":\"WebSite\",\"@id\":\"https:\/\/wroclaw-info.pl\/#website\",\"url\":\"https:\/\/wroclaw-info.pl\/\",\"name\":\"Centrum Informacji Turystycznej\",\"description\":\"Centrum Informacji Turystycznej we Wroc\u0142awiu\",\"publisher\":{\"@id\":\"https:\/\/wroclaw-info.pl\/#organization\"},\"potentialAction\":[{\"@type\":\"SearchAction\",\"target\":{\"@type\":\"EntryPoint\",\"urlTemplate\":\"https:\/\/wroclaw-info.pl\/?s={search_term_string}\"},\"query-input\":\"required name=search_term_string\"}],\"inLanguage\":\"en-GB\"},{\"@type\":\"Organization\",\"@id\":\"https:\/\/wroclaw-info.pl\/#organization\",\"name\":\"Centrum Informacji Turystycznej\",\"url\":\"https:\/\/wroclaw-info.pl\/\",\"logo\":{\"@type\":\"ImageObject\",\"inLanguage\":\"en-GB\",\"@id\":\"https:\/\/wroclaw-info.pl\/#\/schema\/logo\/image\/\",\"url\":\"https:\/\/wroclaw-info.pl\/wp-content\/uploads\/2021\/05\/Wroclaw_info.png\",\"contentUrl\":\"https:\/\/wroclaw-info.pl\/wp-content\/uploads\/2021\/05\/Wroclaw_info.png\",\"width\":591,\"height\":591,\"caption\":\"Centrum Informacji Turystycznej\"},\"image\":{\"@id\":\"https:\/\/wroclaw-info.pl\/#\/schema\/logo\/image\/\"}}]}<\/script>\n<!-- \/ Yoast SEO Premium plugin. -->","yoast_head_json":{"title":"Wroc\u0142aw w 1 dzie\u0144 - Centrum Informacji Turystycznej","robots":{"index":"index","follow":"follow","max-snippet":"max-snippet:-1","max-image-preview":"max-image-preview:large","max-video-preview":"max-video-preview:-1"},"canonical":"https:\/\/wroclaw-info.pl\/en\/zaplanuj-pobyt\/wroclaw-jeden-dzien\/","og_locale":"en_GB","og_type":"article","og_title":"Wroc\u0142aw w 1 dzie\u0144 - Centrum Informacji Turystycznej","og_description":"Odkryj Wroc\u0142aw w 1, 2 lub wi\u0119cej dni Et fugiat semiotics, authentic cloud bread kickstarter dolore quinoa tousled labore health goth selvage irony. Dolore affogato aliqua migas cold-pressed ea williamsburg.&hellip;&nbsp;Read More &raquo;Wroc\u0142aw w 1 dzie\u0144","og_url":"https:\/\/wroclaw-info.pl\/en\/zaplanuj-pobyt\/wroclaw-jeden-dzien\/","og_site_name":"Centrum Informacji Turystycznej","article_modified_time":"2021-07-21T12:52:47+00:00","og_image":[{"url":"http:\/\/wroclaw-info.pl\/wp-content\/uploads\/2021\/05\/wroclaw-top-10-atrakcje.png"}],"twitter_card":"summary_large_image","twitter_misc":{"Estimated reading time":"1 minute"},"schema":{"@context":"https:\/\/schema.org","@graph":[{"@type":"WebPage","@id":"https:\/\/wroclaw-info.pl\/zaplanuj-pobyt\/wroclaw-jeden-dzien\/","url":"https:\/\/wroclaw-info.pl\/zaplanuj-pobyt\/wroclaw-jeden-dzien\/","name":"Wroc\u0142aw w 1 dzie\u0144 - Centrum Informacji Turystycznej","isPartOf":{"@id":"https:\/\/wroclaw-info.pl\/#website"},"datePublished":"2021-07-21T12:50:26+00:00","dateModified":"2021-07-21T12:52:47+00:00","breadcrumb":{"@id":"https:\/\/wroclaw-info.pl\/zaplanuj-pobyt\/wroclaw-jeden-dzien\/#breadcrumb"},"inLanguage":"en-GB","potentialAction":[{"@type":"ReadAction","target":["https:\/\/wroclaw-info.pl\/zaplanuj-pobyt\/wroclaw-jeden-dzien\/"]}]},{"@type":"BreadcrumbList","@id":"https:\/\/wroclaw-info.pl\/zaplanuj-pobyt\/wroclaw-jeden-dzien\/#breadcrumb","itemListElement":[{"@type":"ListItem","position":1,"name":"Home","item":"https:\/\/wroclaw-info.pl\/"},{"@type":"ListItem","position":2,"name":"Zaplanuj Pobyt","item":"https:\/\/wroclaw-info.pl\/zaplanuj-pobyt\/"},{"@type":"ListItem","position":3,"name":"Wroc\u0142aw w 1 dzie\u0144"}]},{"@type":"WebSite","@id":"https:\/\/wroclaw-info.pl\/#website","url":"https:\/\/wroclaw-info.pl\/","name":"Centrum Informacji Turystycznej","description":"Centrum Informacji Turystycznej we Wroc\u0142awiu","publisher":{"@id":"https:\/\/wroclaw-info.pl\/#organization"},"potentialAction":[{"@type":"SearchAction","target":{"@type":"EntryPoint","urlTemplate":"https:\/\/wroclaw-info.pl\/?s={search_term_string}"},"query-input":"required name=search_term_string"}],"inLanguage":"en-GB"},{"@type":"Organization","@id":"https:\/\/wroclaw-info.pl\/#organization","name":"Centrum Informacji Turystycznej","url":"https:\/\/wroclaw-info.pl\/","logo":{"@type":"ImageObject","inLanguage":"en-GB","@id":"https:\/\/wroclaw-info.pl\/#\/schema\/logo\/image\/","url":"https:\/\/wroclaw-info.pl\/wp-content\/uploads\/2021\/05\/Wroclaw_info.png","contentUrl":"https:\/\/wroclaw-info.pl\/wp-content\/uploads\/2021\/05\/Wroclaw_info.png","width":591,"height":591,"caption":"Centrum Informacji Turystycznej"},"image":{"@id":"https:\/\/wroclaw-info.pl\/#\/schema\/logo\/image\/"}}]}},"_links":{"self":[{"href":"https:\/\/wroclaw-info.pl\/en\/wp-json\/wp\/v2\/pages\/578","targetHints":{"allow":["GET"]}}],"collection":[{"href":"https:\/\/wroclaw-info.pl\/en\/wp-json\/wp\/v2\/pages"}],"about":[{"href":"https:\/\/wroclaw-info.pl\/en\/wp-json\/wp\/v2\/types\/page"}],"author":[{"embeddable":true,"href":"https:\/\/wroclaw-info.pl\/en\/wp-json\/wp\/v2\/users\/1"}],"replies":[{"embeddable":true,"href":"https:\/\/wroclaw-info.pl\/en\/wp-json\/wp\/v2\/comments?post=578"}],"version-history":[{"count":2,"href":"https:\/\/wroclaw-info.pl\/en\/wp-json\/wp\/v2\/pages\/578\/revisions"}],"predecessor-version":[{"id":580,"href":"https:\/\/wroclaw-info.pl\/en\/wp-json\/wp\/v2\/pages\/578\/revisions\/580"}],"up":[{"embeddable":true,"href":"https:\/\/wroclaw-info.pl\/en\/wp-json\/wp\/v2\/pages\/315"}],"wp:attachment":[{"href":"https:\/\/wroclaw-info.pl\/en\/wp-json\/wp\/v2\/media?parent=578"}],"curies":[{"name":"wp","href":"https:\/\/api.w.org\/{rel}","templated":true}]}}