{"id":618,"date":"2021-07-21T20:03:05","date_gmt":"2021-07-21T20:03:05","guid":{"rendered":"http:\/\/wroclaw-info.pl\/?page_id=618"},"modified":"2021-07-21T20:22:31","modified_gmt":"2021-07-21T20:22:31","slug":"dzielnica-czterech-wyznan","status":"publish","type":"page","link":"https:\/\/wroclaw-info.pl\/en\/top-10-we-wroclawiu\/dzielnica-czterech-wyznan\/","title":{"rendered":"Dzielnica Czterech Wyzna\u0144"},"content":{"rendered":"<div data-elementor-type=\"wp-page\" data-elementor-id=\"618\" class=\"elementor elementor-618\" data-elementor-settings=\"[]\">\n\t\t\t\t\t\t\t<div class=\"elementor-section-wrap\">\n\t\t\t\t\t\t\t<section class=\"elementor-section elementor-top-section elementor-element elementor-element-48f919c elementor-section-height-min-height elementor-section-boxed elementor-section-height-default elementor-section-items-middle\" data-id=\"48f919c\" data-element_type=\"section\" data-settings=\"{&quot;background_background&quot;:&quot;classic&quot;}\">\n\t\t\t\t\t\t\t<div class=\"elementor-background-overlay\"><\/div>\n\t\t\t\t\t\t\t<div class=\"elementor-container elementor-column-gap-extended\">\n\t\t\t\t\t<div class=\"elementor-column elementor-col-100 elementor-top-column elementor-element elementor-element-858f1dc\" data-id=\"858f1dc\" data-element_type=\"column\" data-settings=\"{&quot;background_background&quot;:&quot;classic&quot;}\">\n\t\t\t<div class=\"elementor-widget-wrap elementor-element-populated\">\n\t\t\t\t\t\t\t\t<div class=\"elementor-element elementor-element-a3af426 elementor-widget elementor-widget-heading\" data-id=\"a3af426\" data-element_type=\"widget\" data-widget_type=\"heading.default\">\n\t\t\t\t<div class=\"elementor-widget-container\">\n\t\t\t<h2 class=\"elementor-heading-title elementor-size-xl\">Dzielnica Czterech Wyzna\u0144<\/h2>\t\t<\/div>\n\t\t\t\t<\/div>\n\t\t\t\t<div class=\"elementor-element elementor-element-440c262 elementor-widget elementor-widget-text-editor\" data-id=\"440c262\" data-element_type=\"widget\" data-widget_type=\"text-editor.default\">\n\t\t\t\t<div class=\"elementor-widget-container\">\n\t\t\t\t\t\t\t\t<p style=\"text-align: left;\"><strong>Dzielnica wielu kultur!<\/strong><\/p><p style=\"text-align: left;\">Dzielnica Czterech Wyzna\u0144 nazywana r\u00f3wnie\u017c Dzielnic\u0105 Tolerancji czy Dzielnic\u0105 \u017bydowsk\u0105 to niezwyk\u0142e, niespotykane i pe\u0142ne sprzeczno\u015bci miejsce zlokalizowane w samym centrum Wroc\u0142awia. <img loading=\"lazy\" decoding=\"async\" class=\"alignleft wp-image-635\" src=\"http:\/\/wroclaw-info.pl\/wp-content\/uploads\/2021\/07\/Synagoga-pod-bialym-bocianem-1024x768.jpg\" alt=\"\" width=\"600\" height=\"450\" srcset=\"https:\/\/wroclaw-info.pl\/wp-content\/uploads\/2021\/07\/Synagoga-pod-bialym-bocianem-1024x768.jpg 1024w, https:\/\/wroclaw-info.pl\/wp-content\/uploads\/2021\/07\/Synagoga-pod-bialym-bocianem-300x225.jpg 300w, https:\/\/wroclaw-info.pl\/wp-content\/uploads\/2021\/07\/Synagoga-pod-bialym-bocianem-768x576.jpg 768w, https:\/\/wroclaw-info.pl\/wp-content\/uploads\/2021\/07\/Synagoga-pod-bialym-bocianem-1536x1152.jpg 1536w, https:\/\/wroclaw-info.pl\/wp-content\/uploads\/2021\/07\/Synagoga-pod-bialym-bocianem-16x12.jpg 16w, https:\/\/wroclaw-info.pl\/wp-content\/uploads\/2021\/07\/Synagoga-pod-bialym-bocianem.jpg 2048w\" sizes=\"auto, (max-width: 600px) 100vw, 600px\" \/>Swoj\u0105 nazw\u0119 wzi\u0119\u0142a od czterech \u015bwi\u0105ty\u0144 r\u00f3\u017cnych wyzna\u0144 zlokalizowanych na do\u015b\u0107 niewielkim obszarze, w kr\u0119gu zaledwie kilku ulic. Za dnia mo\u017cemy przechadza\u0107 si\u0119 tutaj podziwiaj\u0105c pi\u0119kne kamienice oraz zwiedzaj\u0105c wn\u0119trza zabytkowych ko\u015bcio\u0142\u00f3w oraz \u015bwi\u0105ty\u0144. Noc\u0105 miejsce to zamienia si\u0119 w centrum imprez i zabaw przyci\u0105gaj\u0105ce wielu Wroc\u0142awian. <br \/>U wej\u015bcia do Dzielnicy Czterech Wyzna\u0144 znajduje si\u0119 dwumetrowy pomnik Kryszta\u0142owej Planety, symbolizuj\u0105cy jedno\u015b\u0107 \u015bwiata pomimo wszelkich r\u00f3\u017cnic dziel\u0105cych ludzi &#8211; kulturowych czy religijnych. Dzielnic\u0119 tworz\u0105 cztery ko\u015bcio\u0142y, czterech r\u00f3\u017cnych wyzna\u0144: wyznania rzymskokatolickiego: ko\u015bci\u00f3\u0142 \u015bw. Antoniego, protestanckiego: ko\u015bci\u00f3\u0142 ewangelicko-augsburski, prawos\u0142awnego: Sob\u00f3r Narodzenia Przenaj\u015bwi\u0119tszej Bogurodzicy oraz judaizmu: Synagoga pod Bia\u0142ym Bocianem. W Synagodze znajdziemy wystaw\u0119 po\u015bwi\u0119con\u0105 wroc\u0142awskim \u017bydom, pokazuj\u0105c\u0105 \u017cycie i kultur\u0119 mieszka\u0144c\u00f3w. Jest to tak\u017ce miejsce wielu wydarze\u0144 kulturalnych, koncert\u00f3w i wystaw. Przechadzaj\u0105c si\u0119 ulicami: \u015bw. Antoniego i W\u0142odkowica pod wsp\u00f3\u0142czesnymi szyldami mo\u017cemy natkn\u0105\u0107 si\u0119 na \u015blady kultury \u017cydowskiej. <br \/>Wieczorami oraz noc\u0105 Dzielnica Czterech Wyzna\u0144 przyci\u0105ga r\u00f3\u017cnorodno\u015bci\u0105 wielu restauracji, serwuj\u0105cych wspania\u0142e potrawy. Znajdziemy tu kuchni\u0119 polsk\u0105, w\u0142osk\u0105, wegetaria\u0144sk\u0105, meksyka\u0144sk\u0105 oraz azjatyck\u0105. Tu\u017c obok znajduje si\u0119 Wroc\u0142awska Galeria Neon\u00f3w, sk\u0142adaj\u0105ca si\u0119 z ponad dwudziestu dawnych neon\u00f3w. Bez w\u0105tpienia jest to najbardziej roz\u015bwietlone podw\u00f3rko we Wroc\u0142awiu.<\/p>\t\t\t\t\t\t<\/div>\n\t\t\t\t<\/div>\n\t\t\t\t<div class=\"elementor-element elementor-element-6d7cdffa elementor-align-center elementor-mobile-align-justify elementor-tablet-align-left elementor-widget elementor-widget-button\" data-id=\"6d7cdffa\" data-element_type=\"widget\" data-widget_type=\"button.default\">\n\t\t\t\t<div class=\"elementor-widget-container\">\n\t\t\t\t\t<div class=\"elementor-button-wrapper\">\n\t\t\t<a href=\"https:\/\/visitwroclaw.eu\/dzielnica-czterech-wyznan-albo-wzajemnego-szacunku\" target=\"_blank\" class=\"elementor-button-link elementor-button elementor-size-lg\" role=\"button\">\n\t\t\t\t\t\t<span class=\"elementor-button-content-wrapper\">\n\t\t\t\t\t\t<span class=\"elementor-button-icon elementor-align-icon-left\">\n\t\t\t\t<i aria-hidden=\"true\" class=\"fas fa-search-location\"><\/i>\t\t\t<\/span>\n\t\t\t\t\t\t<span class=\"elementor-button-text\">Wi\u0119cej informacji<\/span>\n\t\t<\/span>\n\t\t\t\t\t<\/a>\n\t\t<\/div>\n\t\t\t\t<\/div>\n\t\t\t\t<\/div>\n\t\t\t\t\t<\/div>\n\t\t<\/div>\n\t\t\t\t\t\t\t<\/div>\n\t\t<\/section>\n\t\t\t\t<section class=\"elementor-section elementor-top-section elementor-element elementor-element-98fc40d elementor-section-boxed elementor-section-height-default elementor-section-height-default\" data-id=\"98fc40d\" data-element_type=\"section\" data-settings=\"{&quot;background_background&quot;:&quot;classic&quot;}\">\n\t\t\t\t\t\t<div class=\"elementor-container elementor-column-gap-default\">\n\t\t\t\t\t\t\t\t<\/div>\n\t\t<\/section>\n\t\t\t\t<section class=\"elementor-section elementor-top-section elementor-element elementor-element-9f050b1 elementor-section-boxed elementor-section-height-default elementor-section-height-default\" data-id=\"9f050b1\" data-element_type=\"section\">\n\t\t\t\t\t\t<div class=\"elementor-container elementor-column-gap-default\">\n\t\t\t\t\t<div class=\"elementor-column elementor-col-100 elementor-top-column elementor-element elementor-element-e6a152b\" data-id=\"e6a152b\" data-element_type=\"column\">\n\t\t\t<div class=\"elementor-widget-wrap elementor-element-populated\">\n\t\t\t\t\t\t\t\t<div class=\"elementor-element elementor-element-c3ba58b elementor-widget elementor-widget-spacer\" data-id=\"c3ba58b\" data-element_type=\"widget\" data-widget_type=\"spacer.default\">\n\t\t\t\t<div class=\"elementor-widget-container\">\n\t\t\t\t\t<div class=\"elementor-spacer\">\n\t\t\t<div class=\"elementor-spacer-inner\"><\/div>\n\t\t<\/div>\n\t\t\t\t<\/div>\n\t\t\t\t<\/div>\n\t\t\t\t<div class=\"elementor-element elementor-element-922744f elementor-view-default elementor-widget elementor-widget-icon\" data-id=\"922744f\" data-element_type=\"widget\" data-widget_type=\"icon.default\">\n\t\t\t\t<div class=\"elementor-widget-container\">\n\t\t\t\t\t<div class=\"elementor-icon-wrapper\">\n\t\t\t<div class=\"elementor-icon\">\n\t\t\t<i aria-hidden=\"true\" class=\"fas fa-map-marked-alt\"><\/i>\t\t\t<\/div>\n\t\t<\/div>\n\t\t\t\t<\/div>\n\t\t\t\t<\/div>\n\t\t\t\t<div class=\"elementor-element elementor-element-f337a79 elementor-widget elementor-widget-spacer\" data-id=\"f337a79\" data-element_type=\"widget\" data-widget_type=\"spacer.default\">\n\t\t\t\t<div class=\"elementor-widget-container\">\n\t\t\t\t\t<div class=\"elementor-spacer\">\n\t\t\t<div class=\"elementor-spacer-inner\"><\/div>\n\t\t<\/div>\n\t\t\t\t<\/div>\n\t\t\t\t<\/div>\n\t\t\t\t<div class=\"elementor-element elementor-element-299d04a elementor-widget elementor-widget-google_maps\" data-id=\"299d04a\" data-element_type=\"widget\" data-widget_type=\"google_maps.default\">\n\t\t\t\t<div class=\"elementor-widget-container\">\n\t\t\t<div class=\"elementor-custom-embed\"><iframe frameborder=\"0\" scrolling=\"no\" marginheight=\"0\" marginwidth=\"0\" src=\"https:\/\/maps.google.com\/maps?q=Dzielnica%20Czterech%20Wyznan&amp;t=m&amp;z=15&amp;output=embed&amp;iwloc=near\" title=\"Dzielnica Czterech Wyznan\" aria-label=\"Dzielnica Czterech Wyznan\"><\/iframe><\/div>\t\t<\/div>\n\t\t\t\t<\/div>\n\t\t\t\t<div class=\"elementor-element elementor-element-1de0884 elementor-widget elementor-widget-spacer\" data-id=\"1de0884\" data-element_type=\"widget\" data-widget_type=\"spacer.default\">\n\t\t\t\t<div class=\"elementor-widget-container\">\n\t\t\t\t\t<div class=\"elementor-spacer\">\n\t\t\t<div class=\"elementor-spacer-inner\"><\/div>\n\t\t<\/div>\n\t\t\t\t<\/div>\n\t\t\t\t<\/div>\n\t\t\t\t\t<\/div>\n\t\t<\/div>\n\t\t\t\t\t\t\t<\/div>\n\t\t<\/section>\n\t\t\t\t<section class=\"elementor-section elementor-top-section elementor-element elementor-element-e074e7d elementor-section-boxed elementor-section-height-default elementor-section-height-default\" data-id=\"e074e7d\" data-element_type=\"section\">\n\t\t\t\t\t\t<div class=\"elementor-container elementor-column-gap-default\">\n\t\t\t\t\t<div class=\"elementor-column elementor-col-100 elementor-top-column elementor-element elementor-element-1e25811\" data-id=\"1e25811\" data-element_type=\"column\">\n\t\t\t<div class=\"elementor-widget-wrap\">\n\t\t\t\t\t\t\t\t\t<\/div>\n\t\t<\/div>\n\t\t\t\t\t\t\t<\/div>\n\t\t<\/section>\n\t\t\t\t\t\t<\/div>\n\t\t\t\t\t<\/div>","protected":false},"excerpt":{"rendered":"<p>Dzielnica Czterech Wyzna\u0144 Dzielnica wielu kultur! Dzielnica Czterech Wyzna\u0144 nazywana r\u00f3wnie\u017c Dzielnic\u0105 Tolerancji czy Dzielnic\u0105 \u017bydowsk\u0105 to niezwyk\u0142e, niespotykane i pe\u0142ne sprzeczno\u015bci miejsce zlokalizowane w samym centrum Wroc\u0142awia. Swoj\u0105 nazw\u0119&hellip;&nbsp;<a href=\"https:\/\/wroclaw-info.pl\/en\/top-10-we-wroclawiu\/dzielnica-czterech-wyznan\/\" class=\"\" rel=\"bookmark\">Read More &raquo;<span class=\"screen-reader-text\">Dzielnica Czterech Wyzna\u0144<\/span><\/a><\/p>","protected":false},"author":1,"featured_media":0,"parent":476,"menu_order":-1,"comment_status":"closed","ping_status":"closed","template":"elementor_header_footer","meta":{"neve_meta_sidebar":"full-width","neve_meta_container":"","neve_meta_enable_content_width":"on","neve_meta_content_width":100,"neve_meta_title_alignment":"","neve_meta_author_avatar":"","neve_post_elements_order":"","neve_meta_disable_header":"","neve_meta_disable_footer":"","neve_meta_disable_title":"","_themeisle_gutenberg_block_has_review":false,"_ti_tpc_template_sync":false,"_ti_tpc_template_id":"","footnotes":""},"class_list":["post-618","page","type-page","status-publish","hentry"],"yoast_head":"<!-- This site is optimized with the Yoast SEO Premium plugin v16.3 (Yoast SEO v21.7) - https:\/\/yoast.com\/wordpress\/plugins\/seo\/ -->\n<title>Dzielnica Czterech Wyzna\u0144 - Centrum Informacji Turystycznej<\/title>\n<meta name=\"robots\" content=\"index, follow, max-snippet:-1, max-image-preview:large, max-video-preview:-1\" \/>\n<link rel=\"canonical\" href=\"https:\/\/wroclaw-info.pl\/en\/top-10-we-wroclawiu\/dzielnica-czterech-wyznan\/\" \/>\n<meta property=\"og:locale\" content=\"en_GB\" \/>\n<meta property=\"og:type\" content=\"article\" \/>\n<meta property=\"og:title\" content=\"Dzielnica Czterech Wyzna\u0144 - Centrum Informacji Turystycznej\" \/>\n<meta property=\"og:description\" content=\"Dzielnica Czterech Wyzna\u0144 Dzielnica wielu kultur! Dzielnica Czterech Wyzna\u0144 nazywana r\u00f3wnie\u017c Dzielnic\u0105 Tolerancji czy Dzielnic\u0105 \u017bydowsk\u0105 to niezwyk\u0142e, niespotykane i pe\u0142ne sprzeczno\u015bci miejsce zlokalizowane w samym centrum Wroc\u0142awia. Swoj\u0105 nazw\u0119&hellip;&nbsp;Read More &raquo;Dzielnica Czterech Wyzna\u0144\" \/>\n<meta property=\"og:url\" content=\"https:\/\/wroclaw-info.pl\/en\/top-10-we-wroclawiu\/dzielnica-czterech-wyznan\/\" \/>\n<meta property=\"og:site_name\" content=\"Centrum Informacji Turystycznej\" \/>\n<meta property=\"article:modified_time\" content=\"2021-07-21T20:22:31+00:00\" \/>\n<meta property=\"og:image\" content=\"http:\/\/wroclaw-info.pl\/wp-content\/uploads\/2021\/07\/Synagoga-pod-bialym-bocianem-1024x768.jpg\" \/>\n<meta name=\"twitter:card\" content=\"summary_large_image\" \/>\n<meta name=\"twitter:label1\" content=\"Estimated reading time\" \/>\n\t<meta name=\"twitter:data1\" content=\"2 minutes\" \/>\n<script type=\"application\/ld+json\" class=\"yoast-schema-graph\">{\"@context\":\"https:\/\/schema.org\",\"@graph\":[{\"@type\":\"WebPage\",\"@id\":\"https:\/\/wroclaw-info.pl\/top-10-we-wroclawiu\/dzielnica-czterech-wyznan\/\",\"url\":\"https:\/\/wroclaw-info.pl\/top-10-we-wroclawiu\/dzielnica-czterech-wyznan\/\",\"name\":\"Dzielnica Czterech Wyzna\u0144 - Centrum Informacji Turystycznej\",\"isPartOf\":{\"@id\":\"https:\/\/wroclaw-info.pl\/#website\"},\"datePublished\":\"2021-07-21T20:03:05+00:00\",\"dateModified\":\"2021-07-21T20:22:31+00:00\",\"breadcrumb\":{\"@id\":\"https:\/\/wroclaw-info.pl\/top-10-we-wroclawiu\/dzielnica-czterech-wyznan\/#breadcrumb\"},\"inLanguage\":\"en-GB\",\"potentialAction\":[{\"@type\":\"ReadAction\",\"target\":[\"https:\/\/wroclaw-info.pl\/top-10-we-wroclawiu\/dzielnica-czterech-wyznan\/\"]}]},{\"@type\":\"BreadcrumbList\",\"@id\":\"https:\/\/wroclaw-info.pl\/top-10-we-wroclawiu\/dzielnica-czterech-wyznan\/#breadcrumb\",\"itemListElement\":[{\"@type\":\"ListItem\",\"position\":1,\"name\":\"Home\",\"item\":\"https:\/\/wroclaw-info.pl\/\"},{\"@type\":\"ListItem\",\"position\":2,\"name\":\"Top 10\",\"item\":\"https:\/\/wroclaw-info.pl\/top-10-we-wroclawiu\/\"},{\"@type\":\"ListItem\",\"position\":3,\"name\":\"Dzielnica Czterech Wyzna\u0144\"}]},{\"@type\":\"WebSite\",\"@id\":\"https:\/\/wroclaw-info.pl\/#website\",\"url\":\"https:\/\/wroclaw-info.pl\/\",\"name\":\"Centrum Informacji Turystycznej\",\"description\":\"Centrum Informacji Turystycznej we Wroc\u0142awiu\",\"publisher\":{\"@id\":\"https:\/\/wroclaw-info.pl\/#organization\"},\"potentialAction\":[{\"@type\":\"SearchAction\",\"target\":{\"@type\":\"EntryPoint\",\"urlTemplate\":\"https:\/\/wroclaw-info.pl\/?s={search_term_string}\"},\"query-input\":\"required name=search_term_string\"}],\"inLanguage\":\"en-GB\"},{\"@type\":\"Organization\",\"@id\":\"https:\/\/wroclaw-info.pl\/#organization\",\"name\":\"Centrum Informacji Turystycznej\",\"url\":\"https:\/\/wroclaw-info.pl\/\",\"logo\":{\"@type\":\"ImageObject\",\"inLanguage\":\"en-GB\",\"@id\":\"https:\/\/wroclaw-info.pl\/#\/schema\/logo\/image\/\",\"url\":\"https:\/\/wroclaw-info.pl\/wp-content\/uploads\/2021\/05\/Wroclaw_info.png\",\"contentUrl\":\"https:\/\/wroclaw-info.pl\/wp-content\/uploads\/2021\/05\/Wroclaw_info.png\",\"width\":591,\"height\":591,\"caption\":\"Centrum Informacji Turystycznej\"},\"image\":{\"@id\":\"https:\/\/wroclaw-info.pl\/#\/schema\/logo\/image\/\"}}]}<\/script>\n<!-- \/ Yoast SEO Premium plugin. -->","yoast_head_json":{"title":"Dzielnica Czterech Wyzna\u0144 - Centrum Informacji Turystycznej","robots":{"index":"index","follow":"follow","max-snippet":"max-snippet:-1","max-image-preview":"max-image-preview:large","max-video-preview":"max-video-preview:-1"},"canonical":"https:\/\/wroclaw-info.pl\/en\/top-10-we-wroclawiu\/dzielnica-czterech-wyznan\/","og_locale":"en_GB","og_type":"article","og_title":"Dzielnica Czterech Wyzna\u0144 - Centrum Informacji Turystycznej","og_description":"Dzielnica Czterech Wyzna\u0144 Dzielnica wielu kultur! Dzielnica Czterech Wyzna\u0144 nazywana r\u00f3wnie\u017c Dzielnic\u0105 Tolerancji czy Dzielnic\u0105 \u017bydowsk\u0105 to niezwyk\u0142e, niespotykane i pe\u0142ne sprzeczno\u015bci miejsce zlokalizowane w samym centrum Wroc\u0142awia. Swoj\u0105 nazw\u0119&hellip;&nbsp;Read More &raquo;Dzielnica Czterech Wyzna\u0144","og_url":"https:\/\/wroclaw-info.pl\/en\/top-10-we-wroclawiu\/dzielnica-czterech-wyznan\/","og_site_name":"Centrum Informacji Turystycznej","article_modified_time":"2021-07-21T20:22:31+00:00","og_image":[{"url":"http:\/\/wroclaw-info.pl\/wp-content\/uploads\/2021\/07\/Synagoga-pod-bialym-bocianem-1024x768.jpg"}],"twitter_card":"summary_large_image","twitter_misc":{"Estimated reading time":"2 minutes"},"schema":{"@context":"https:\/\/schema.org","@graph":[{"@type":"WebPage","@id":"https:\/\/wroclaw-info.pl\/top-10-we-wroclawiu\/dzielnica-czterech-wyznan\/","url":"https:\/\/wroclaw-info.pl\/top-10-we-wroclawiu\/dzielnica-czterech-wyznan\/","name":"Dzielnica Czterech Wyzna\u0144 - Centrum Informacji Turystycznej","isPartOf":{"@id":"https:\/\/wroclaw-info.pl\/#website"},"datePublished":"2021-07-21T20:03:05+00:00","dateModified":"2021-07-21T20:22:31+00:00","breadcrumb":{"@id":"https:\/\/wroclaw-info.pl\/top-10-we-wroclawiu\/dzielnica-czterech-wyznan\/#breadcrumb"},"inLanguage":"en-GB","potentialAction":[{"@type":"ReadAction","target":["https:\/\/wroclaw-info.pl\/top-10-we-wroclawiu\/dzielnica-czterech-wyznan\/"]}]},{"@type":"BreadcrumbList","@id":"https:\/\/wroclaw-info.pl\/top-10-we-wroclawiu\/dzielnica-czterech-wyznan\/#breadcrumb","itemListElement":[{"@type":"ListItem","position":1,"name":"Home","item":"https:\/\/wroclaw-info.pl\/"},{"@type":"ListItem","position":2,"name":"Top 10","item":"https:\/\/wroclaw-info.pl\/top-10-we-wroclawiu\/"},{"@type":"ListItem","position":3,"name":"Dzielnica Czterech Wyzna\u0144"}]},{"@type":"WebSite","@id":"https:\/\/wroclaw-info.pl\/#website","url":"https:\/\/wroclaw-info.pl\/","name":"Centrum Informacji Turystycznej","description":"Centrum Informacji Turystycznej we Wroc\u0142awiu","publisher":{"@id":"https:\/\/wroclaw-info.pl\/#organization"},"potentialAction":[{"@type":"SearchAction","target":{"@type":"EntryPoint","urlTemplate":"https:\/\/wroclaw-info.pl\/?s={search_term_string}"},"query-input":"required name=search_term_string"}],"inLanguage":"en-GB"},{"@type":"Organization","@id":"https:\/\/wroclaw-info.pl\/#organization","name":"Centrum Informacji Turystycznej","url":"https:\/\/wroclaw-info.pl\/","logo":{"@type":"ImageObject","inLanguage":"en-GB","@id":"https:\/\/wroclaw-info.pl\/#\/schema\/logo\/image\/","url":"https:\/\/wroclaw-info.pl\/wp-content\/uploads\/2021\/05\/Wroclaw_info.png","contentUrl":"https:\/\/wroclaw-info.pl\/wp-content\/uploads\/2021\/05\/Wroclaw_info.png","width":591,"height":591,"caption":"Centrum Informacji Turystycznej"},"image":{"@id":"https:\/\/wroclaw-info.pl\/#\/schema\/logo\/image\/"}}]}},"_links":{"self":[{"href":"https:\/\/wroclaw-info.pl\/en\/wp-json\/wp\/v2\/pages\/618","targetHints":{"allow":["GET"]}}],"collection":[{"href":"https:\/\/wroclaw-info.pl\/en\/wp-json\/wp\/v2\/pages"}],"about":[{"href":"https:\/\/wroclaw-info.pl\/en\/wp-json\/wp\/v2\/types\/page"}],"author":[{"embeddable":true,"href":"https:\/\/wroclaw-info.pl\/en\/wp-json\/wp\/v2\/users\/1"}],"replies":[{"embeddable":true,"href":"https:\/\/wroclaw-info.pl\/en\/wp-json\/wp\/v2\/comments?post=618"}],"version-history":[{"count":4,"href":"https:\/\/wroclaw-info.pl\/en\/wp-json\/wp\/v2\/pages\/618\/revisions"}],"predecessor-version":[{"id":638,"href":"https:\/\/wroclaw-info.pl\/en\/wp-json\/wp\/v2\/pages\/618\/revisions\/638"}],"up":[{"embeddable":true,"href":"https:\/\/wroclaw-info.pl\/en\/wp-json\/wp\/v2\/pages\/476"}],"wp:attachment":[{"href":"https:\/\/wroclaw-info.pl\/en\/wp-json\/wp\/v2\/media?parent=618"}],"curies":[{"name":"wp","href":"https:\/\/api.w.org\/{rel}","templated":true}]}}