{"id":626,"date":"2021-07-21T20:05:27","date_gmt":"2021-07-21T20:05:27","guid":{"rendered":"http:\/\/wroclaw-info.pl\/?page_id=626"},"modified":"2021-07-22T08:39:20","modified_gmt":"2021-07-22T08:39:20","slug":"palac-krolewski","status":"publish","type":"page","link":"https:\/\/wroclaw-info.pl\/en\/top-10-we-wroclawiu\/palac-krolewski\/","title":{"rendered":"Pa\u0142ac Kr\u00f3lewski we Wroc\u0142awiu"},"content":{"rendered":"<div data-elementor-type=\"wp-page\" data-elementor-id=\"626\" class=\"elementor elementor-626\" data-elementor-settings=\"[]\">\n\t\t\t\t\t\t\t<div class=\"elementor-section-wrap\">\n\t\t\t\t\t\t\t<section class=\"elementor-section elementor-top-section elementor-element elementor-element-48f919c elementor-section-height-min-height elementor-section-boxed elementor-section-height-default elementor-section-items-middle\" data-id=\"48f919c\" data-element_type=\"section\" data-settings=\"{&quot;background_background&quot;:&quot;classic&quot;}\">\n\t\t\t\t\t\t\t<div class=\"elementor-background-overlay\"><\/div>\n\t\t\t\t\t\t\t<div class=\"elementor-container elementor-column-gap-extended\">\n\t\t\t\t\t<div class=\"elementor-column elementor-col-100 elementor-top-column elementor-element elementor-element-858f1dc\" data-id=\"858f1dc\" data-element_type=\"column\" data-settings=\"{&quot;background_background&quot;:&quot;classic&quot;}\">\n\t\t\t<div class=\"elementor-widget-wrap elementor-element-populated\">\n\t\t\t\t\t\t\t\t<div class=\"elementor-element elementor-element-a3af426 elementor-widget elementor-widget-heading\" data-id=\"a3af426\" data-element_type=\"widget\" data-widget_type=\"heading.default\">\n\t\t\t\t<div class=\"elementor-widget-container\">\n\t\t\t<h2 class=\"elementor-heading-title elementor-size-xl\">Pa\u0142ac Kr\u00f3lewski<\/h2>\t\t<\/div>\n\t\t\t\t<\/div>\n\t\t\t\t<div class=\"elementor-element elementor-element-440c262 elementor-widget elementor-widget-text-editor\" data-id=\"440c262\" data-element_type=\"widget\" data-widget_type=\"text-editor.default\">\n\t\t\t\t<div class=\"elementor-widget-container\">\n\t\t\t\t\t\t\t\t<p>Pa\u0142ac Kr\u00f3lewski we Wroc\u0142awiu mie\u015bci si\u0119 przy jednej z g\u0142\u00f3wnych ulic w centrum miasta &#8211; Kazimierza Wielkiego.<img loading=\"lazy\" decoding=\"async\" class=\"alignleft wp-image-667\" src=\"http:\/\/wroclaw-info.pl\/wp-content\/uploads\/2021\/07\/Wroclaw_-_Palac_Krolewski-1024x683.jpg\" alt=\"\" width=\"600\" height=\"400\" srcset=\"https:\/\/wroclaw-info.pl\/wp-content\/uploads\/2021\/07\/Wroclaw_-_Palac_Krolewski-1024x683.jpg 1024w, https:\/\/wroclaw-info.pl\/wp-content\/uploads\/2021\/07\/Wroclaw_-_Palac_Krolewski-300x200.jpg 300w, https:\/\/wroclaw-info.pl\/wp-content\/uploads\/2021\/07\/Wroclaw_-_Palac_Krolewski-768x512.jpg 768w, https:\/\/wroclaw-info.pl\/wp-content\/uploads\/2021\/07\/Wroclaw_-_Palac_Krolewski-1536x1024.jpg 1536w, https:\/\/wroclaw-info.pl\/wp-content\/uploads\/2021\/07\/Wroclaw_-_Palac_Krolewski-2048x1365.jpg 2048w, https:\/\/wroclaw-info.pl\/wp-content\/uploads\/2021\/07\/Wroclaw_-_Palac_Krolewski-16x12.jpg 16w, https:\/\/wroclaw-info.pl\/wp-content\/uploads\/2021\/07\/Wroclaw_-_Palac_Krolewski-930x620.jpg 930w\" sizes=\"auto, (max-width: 600px) 100vw, 600px\" \/> Stanowi niew\u0105tpliw\u0105 per\u0142\u0119 architektoniczn\u0105 Wroc\u0142awia. Dawniej zamek kr\u00f3l\u00f3w pruskich, zamieszka\u0142y w czasach, w kt\u00f3rych Wroc\u0142aw by\u0142 trzecim najwa\u017cniejszym miastem Prus, obecnie &#8211; siedziba Muzeum Historycznego oraz Muzeum Sztuki Medalierskiej. Ponadto, w Pa\u0142acu Kr\u00f3lewskim organizowanych jest wiele ciekawych wystaw (sta\u0142ych oraz czasowych). Muzeum Historyczne stale gromadzi r\u00f3\u017cnego rodzaju zabytki z zakresu sztuki oraz historii nawi\u0105zuj\u0105cej do rozwoju miast. W zbiorach muzeum znajduj\u0105 si\u0119 tak\u017ce wyroby rzemios\u0142a artystycznego, ikonografie, grafiki, fotografie oraz wiele innych ciekawych eksponat\u00f3w. Na szczeg\u00f3ln\u0105 uwag\u0119 zas\u0142uguje jedyna w swoim rodzaju kolekcja ilustruj\u0105ca histori\u0119 teatr\u00f3w wroc\u0142awskich. Odwied\u017a wystaw\u0119 sta\u0142\u0105 &#8211; \u201c1000 lat historii Wroc\u0142awia\u201d i zobacz, jak rozwija\u0142o si\u0119 miasto na przestrzeni wiek\u00f3w! Pa\u0142ac Kr\u00f3lewski we Wroc\u0142awiu jest r\u00f3wnie\u017c organizatorem wielu wyk\u0142ad\u00f3w, spotka\u0144 naukowych i innych wydarze\u0144 kulturalnych. Muzeum le\u017cy nieopodal Narodowego Forum Muzyki oraz Opery Wroc\u0142awskiej. Zwiedzanie pa\u0142acu kr\u00f3lewskiego, godziny otwarcia oraz cennik bilet\u00f3w znajduje si\u0119 na stronie www.muzeum.miejskie.wroclaw.pl.<\/p>\t\t\t\t\t\t<\/div>\n\t\t\t\t<\/div>\n\t\t\t\t<div class=\"elementor-element elementor-element-6d7cdffa elementor-align-center elementor-mobile-align-justify elementor-tablet-align-left elementor-widget elementor-widget-button\" data-id=\"6d7cdffa\" data-element_type=\"widget\" data-widget_type=\"button.default\">\n\t\t\t\t<div class=\"elementor-widget-container\">\n\t\t\t\t\t<div class=\"elementor-button-wrapper\">\n\t\t\t<a href=\"https:\/\/visitwroclaw.eu\/miejsce\/palac-krolewski-muzeum-historyczne-i-muzeum-sztuki-medalierskiej\" target=\"_blank\" class=\"elementor-button-link elementor-button elementor-size-lg\" role=\"button\">\n\t\t\t\t\t\t<span class=\"elementor-button-content-wrapper\">\n\t\t\t\t\t\t<span class=\"elementor-button-icon elementor-align-icon-left\">\n\t\t\t\t<i aria-hidden=\"true\" class=\"fas fa-search-location\"><\/i>\t\t\t<\/span>\n\t\t\t\t\t\t<span class=\"elementor-button-text\">Wi\u0119cej informacji<\/span>\n\t\t<\/span>\n\t\t\t\t\t<\/a>\n\t\t<\/div>\n\t\t\t\t<\/div>\n\t\t\t\t<\/div>\n\t\t\t\t\t<\/div>\n\t\t<\/div>\n\t\t\t\t\t\t\t<\/div>\n\t\t<\/section>\n\t\t\t\t<section class=\"elementor-section elementor-top-section elementor-element elementor-element-98fc40d elementor-section-boxed elementor-section-height-default elementor-section-height-default\" data-id=\"98fc40d\" data-element_type=\"section\" data-settings=\"{&quot;background_background&quot;:&quot;classic&quot;}\">\n\t\t\t\t\t\t<div class=\"elementor-container elementor-column-gap-default\">\n\t\t\t\t\t\t\t\t<\/div>\n\t\t<\/section>\n\t\t\t\t<section class=\"elementor-section elementor-top-section elementor-element elementor-element-9f050b1 elementor-section-boxed elementor-section-height-default elementor-section-height-default\" data-id=\"9f050b1\" data-element_type=\"section\">\n\t\t\t\t\t\t<div class=\"elementor-container elementor-column-gap-default\">\n\t\t\t\t\t<div class=\"elementor-column elementor-col-100 elementor-top-column elementor-element elementor-element-e6a152b\" data-id=\"e6a152b\" data-element_type=\"column\">\n\t\t\t<div class=\"elementor-widget-wrap elementor-element-populated\">\n\t\t\t\t\t\t\t\t<div class=\"elementor-element elementor-element-c3ba58b elementor-widget elementor-widget-spacer\" data-id=\"c3ba58b\" data-element_type=\"widget\" data-widget_type=\"spacer.default\">\n\t\t\t\t<div class=\"elementor-widget-container\">\n\t\t\t\t\t<div class=\"elementor-spacer\">\n\t\t\t<div class=\"elementor-spacer-inner\"><\/div>\n\t\t<\/div>\n\t\t\t\t<\/div>\n\t\t\t\t<\/div>\n\t\t\t\t<div class=\"elementor-element elementor-element-922744f elementor-view-default elementor-widget elementor-widget-icon\" data-id=\"922744f\" data-element_type=\"widget\" data-widget_type=\"icon.default\">\n\t\t\t\t<div class=\"elementor-widget-container\">\n\t\t\t\t\t<div class=\"elementor-icon-wrapper\">\n\t\t\t<div class=\"elementor-icon\">\n\t\t\t<i aria-hidden=\"true\" class=\"fas fa-map-marked-alt\"><\/i>\t\t\t<\/div>\n\t\t<\/div>\n\t\t\t\t<\/div>\n\t\t\t\t<\/div>\n\t\t\t\t<div class=\"elementor-element elementor-element-f337a79 elementor-widget elementor-widget-spacer\" data-id=\"f337a79\" data-element_type=\"widget\" data-widget_type=\"spacer.default\">\n\t\t\t\t<div class=\"elementor-widget-container\">\n\t\t\t\t\t<div class=\"elementor-spacer\">\n\t\t\t<div class=\"elementor-spacer-inner\"><\/div>\n\t\t<\/div>\n\t\t\t\t<\/div>\n\t\t\t\t<\/div>\n\t\t\t\t<div class=\"elementor-element elementor-element-299d04a elementor-widget elementor-widget-google_maps\" data-id=\"299d04a\" data-element_type=\"widget\" data-widget_type=\"google_maps.default\">\n\t\t\t\t<div class=\"elementor-widget-container\">\n\t\t\t<div class=\"elementor-custom-embed\"><iframe frameborder=\"0\" scrolling=\"no\" marginheight=\"0\" marginwidth=\"0\" src=\"https:\/\/maps.google.com\/maps?q=Pa%C5%82ac%20Kr%C3%B3lewski%20we%20Wroc%C5%82awiu&amp;t=m&amp;z=15&amp;output=embed&amp;iwloc=near\" title=\"Pa\u0142ac Kr\u00f3lewski we Wroc\u0142awiu\" aria-label=\"Pa\u0142ac Kr\u00f3lewski we Wroc\u0142awiu\"><\/iframe><\/div>\t\t<\/div>\n\t\t\t\t<\/div>\n\t\t\t\t<div class=\"elementor-element elementor-element-1de0884 elementor-widget elementor-widget-spacer\" data-id=\"1de0884\" data-element_type=\"widget\" data-widget_type=\"spacer.default\">\n\t\t\t\t<div class=\"elementor-widget-container\">\n\t\t\t\t\t<div class=\"elementor-spacer\">\n\t\t\t<div class=\"elementor-spacer-inner\"><\/div>\n\t\t<\/div>\n\t\t\t\t<\/div>\n\t\t\t\t<\/div>\n\t\t\t\t\t<\/div>\n\t\t<\/div>\n\t\t\t\t\t\t\t<\/div>\n\t\t<\/section>\n\t\t\t\t<section class=\"elementor-section elementor-top-section elementor-element elementor-element-e074e7d elementor-section-boxed elementor-section-height-default elementor-section-height-default\" data-id=\"e074e7d\" data-element_type=\"section\">\n\t\t\t\t\t\t<div class=\"elementor-container elementor-column-gap-default\">\n\t\t\t\t\t<div class=\"elementor-column elementor-col-100 elementor-top-column elementor-element elementor-element-1e25811\" data-id=\"1e25811\" data-element_type=\"column\">\n\t\t\t<div class=\"elementor-widget-wrap\">\n\t\t\t\t\t\t\t\t\t<\/div>\n\t\t<\/div>\n\t\t\t\t\t\t\t<\/div>\n\t\t<\/section>\n\t\t\t\t\t\t<\/div>\n\t\t\t\t\t<\/div>","protected":false},"excerpt":{"rendered":"<p>Pa\u0142ac Kr\u00f3lewski Pa\u0142ac Kr\u00f3lewski we Wroc\u0142awiu mie\u015bci si\u0119 przy jednej z g\u0142\u00f3wnych ulic w centrum miasta &#8211; Kazimierza Wielkiego. Stanowi niew\u0105tpliw\u0105 per\u0142\u0119 architektoniczn\u0105 Wroc\u0142awia. Dawniej zamek kr\u00f3l\u00f3w pruskich, zamieszka\u0142y w&hellip;&nbsp;<a href=\"https:\/\/wroclaw-info.pl\/en\/top-10-we-wroclawiu\/palac-krolewski\/\" class=\"\" rel=\"bookmark\">Read More &raquo;<span class=\"screen-reader-text\">Pa\u0142ac Kr\u00f3lewski we Wroc\u0142awiu<\/span><\/a><\/p>","protected":false},"author":1,"featured_media":0,"parent":476,"menu_order":-1,"comment_status":"closed","ping_status":"closed","template":"elementor_header_footer","meta":{"neve_meta_sidebar":"full-width","neve_meta_container":"","neve_meta_enable_content_width":"on","neve_meta_content_width":100,"neve_meta_title_alignment":"","neve_meta_author_avatar":"","neve_post_elements_order":"","neve_meta_disable_header":"","neve_meta_disable_footer":"","neve_meta_disable_title":"","_themeisle_gutenberg_block_has_review":false,"_ti_tpc_template_sync":false,"_ti_tpc_template_id":"","footnotes":""},"class_list":["post-626","page","type-page","status-publish","hentry"],"yoast_head":"<!-- This site is optimized with the Yoast SEO Premium plugin v16.3 (Yoast SEO v21.7) - https:\/\/yoast.com\/wordpress\/plugins\/seo\/ -->\n<title>Pa\u0142ac Kr\u00f3lewski we Wroc\u0142awiu - Centrum Informacji Turystycznej<\/title>\n<meta name=\"robots\" content=\"index, follow, max-snippet:-1, max-image-preview:large, max-video-preview:-1\" \/>\n<link rel=\"canonical\" href=\"https:\/\/wroclaw-info.pl\/en\/top-10-we-wroclawiu\/palac-krolewski\/\" \/>\n<meta property=\"og:locale\" content=\"en_GB\" \/>\n<meta property=\"og:type\" content=\"article\" \/>\n<meta property=\"og:title\" content=\"Pa\u0142ac Kr\u00f3lewski we Wroc\u0142awiu - Centrum Informacji Turystycznej\" \/>\n<meta property=\"og:description\" content=\"Pa\u0142ac Kr\u00f3lewski Pa\u0142ac Kr\u00f3lewski we Wroc\u0142awiu mie\u015bci si\u0119 przy jednej z g\u0142\u00f3wnych ulic w centrum miasta &#8211; Kazimierza Wielkiego. Stanowi niew\u0105tpliw\u0105 per\u0142\u0119 architektoniczn\u0105 Wroc\u0142awia. Dawniej zamek kr\u00f3l\u00f3w pruskich, zamieszka\u0142y w&hellip;&nbsp;Read More &raquo;Pa\u0142ac Kr\u00f3lewski we Wroc\u0142awiu\" \/>\n<meta property=\"og:url\" content=\"https:\/\/wroclaw-info.pl\/en\/top-10-we-wroclawiu\/palac-krolewski\/\" \/>\n<meta property=\"og:site_name\" content=\"Centrum Informacji Turystycznej\" \/>\n<meta property=\"article:modified_time\" content=\"2021-07-22T08:39:20+00:00\" \/>\n<meta property=\"og:image\" content=\"http:\/\/wroclaw-info.pl\/wp-content\/uploads\/2021\/07\/Wroclaw_-_Palac_Krolewski-1024x683.jpg\" \/>\n<meta name=\"twitter:card\" content=\"summary_large_image\" \/>\n<meta name=\"twitter:label1\" content=\"Estimated reading time\" \/>\n\t<meta name=\"twitter:data1\" content=\"1 minute\" \/>\n<script type=\"application\/ld+json\" class=\"yoast-schema-graph\">{\"@context\":\"https:\/\/schema.org\",\"@graph\":[{\"@type\":\"WebPage\",\"@id\":\"https:\/\/wroclaw-info.pl\/top-10-we-wroclawiu\/palac-krolewski\/\",\"url\":\"https:\/\/wroclaw-info.pl\/top-10-we-wroclawiu\/palac-krolewski\/\",\"name\":\"Pa\u0142ac Kr\u00f3lewski we Wroc\u0142awiu - Centrum Informacji Turystycznej\",\"isPartOf\":{\"@id\":\"https:\/\/wroclaw-info.pl\/#website\"},\"datePublished\":\"2021-07-21T20:05:27+00:00\",\"dateModified\":\"2021-07-22T08:39:20+00:00\",\"breadcrumb\":{\"@id\":\"https:\/\/wroclaw-info.pl\/top-10-we-wroclawiu\/palac-krolewski\/#breadcrumb\"},\"inLanguage\":\"en-GB\",\"potentialAction\":[{\"@type\":\"ReadAction\",\"target\":[\"https:\/\/wroclaw-info.pl\/top-10-we-wroclawiu\/palac-krolewski\/\"]}]},{\"@type\":\"BreadcrumbList\",\"@id\":\"https:\/\/wroclaw-info.pl\/top-10-we-wroclawiu\/palac-krolewski\/#breadcrumb\",\"itemListElement\":[{\"@type\":\"ListItem\",\"position\":1,\"name\":\"Home\",\"item\":\"https:\/\/wroclaw-info.pl\/\"},{\"@type\":\"ListItem\",\"position\":2,\"name\":\"Top 10\",\"item\":\"https:\/\/wroclaw-info.pl\/top-10-we-wroclawiu\/\"},{\"@type\":\"ListItem\",\"position\":3,\"name\":\"Pa\u0142ac Kr\u00f3lewski we Wroc\u0142awiu\"}]},{\"@type\":\"WebSite\",\"@id\":\"https:\/\/wroclaw-info.pl\/#website\",\"url\":\"https:\/\/wroclaw-info.pl\/\",\"name\":\"Centrum Informacji Turystycznej\",\"description\":\"Centrum Informacji Turystycznej we Wroc\u0142awiu\",\"publisher\":{\"@id\":\"https:\/\/wroclaw-info.pl\/#organization\"},\"potentialAction\":[{\"@type\":\"SearchAction\",\"target\":{\"@type\":\"EntryPoint\",\"urlTemplate\":\"https:\/\/wroclaw-info.pl\/?s={search_term_string}\"},\"query-input\":\"required name=search_term_string\"}],\"inLanguage\":\"en-GB\"},{\"@type\":\"Organization\",\"@id\":\"https:\/\/wroclaw-info.pl\/#organization\",\"name\":\"Centrum Informacji Turystycznej\",\"url\":\"https:\/\/wroclaw-info.pl\/\",\"logo\":{\"@type\":\"ImageObject\",\"inLanguage\":\"en-GB\",\"@id\":\"https:\/\/wroclaw-info.pl\/#\/schema\/logo\/image\/\",\"url\":\"https:\/\/wroclaw-info.pl\/wp-content\/uploads\/2021\/05\/Wroclaw_info.png\",\"contentUrl\":\"https:\/\/wroclaw-info.pl\/wp-content\/uploads\/2021\/05\/Wroclaw_info.png\",\"width\":591,\"height\":591,\"caption\":\"Centrum Informacji Turystycznej\"},\"image\":{\"@id\":\"https:\/\/wroclaw-info.pl\/#\/schema\/logo\/image\/\"}}]}<\/script>\n<!-- \/ Yoast SEO Premium plugin. -->","yoast_head_json":{"title":"Pa\u0142ac Kr\u00f3lewski we Wroc\u0142awiu - Centrum Informacji Turystycznej","robots":{"index":"index","follow":"follow","max-snippet":"max-snippet:-1","max-image-preview":"max-image-preview:large","max-video-preview":"max-video-preview:-1"},"canonical":"https:\/\/wroclaw-info.pl\/en\/top-10-we-wroclawiu\/palac-krolewski\/","og_locale":"en_GB","og_type":"article","og_title":"Pa\u0142ac Kr\u00f3lewski we Wroc\u0142awiu - Centrum Informacji Turystycznej","og_description":"Pa\u0142ac Kr\u00f3lewski Pa\u0142ac Kr\u00f3lewski we Wroc\u0142awiu mie\u015bci si\u0119 przy jednej z g\u0142\u00f3wnych ulic w centrum miasta &#8211; Kazimierza Wielkiego. Stanowi niew\u0105tpliw\u0105 per\u0142\u0119 architektoniczn\u0105 Wroc\u0142awia. Dawniej zamek kr\u00f3l\u00f3w pruskich, zamieszka\u0142y w&hellip;&nbsp;Read More &raquo;Pa\u0142ac Kr\u00f3lewski we Wroc\u0142awiu","og_url":"https:\/\/wroclaw-info.pl\/en\/top-10-we-wroclawiu\/palac-krolewski\/","og_site_name":"Centrum Informacji Turystycznej","article_modified_time":"2021-07-22T08:39:20+00:00","og_image":[{"url":"http:\/\/wroclaw-info.pl\/wp-content\/uploads\/2021\/07\/Wroclaw_-_Palac_Krolewski-1024x683.jpg"}],"twitter_card":"summary_large_image","twitter_misc":{"Estimated reading time":"1 minute"},"schema":{"@context":"https:\/\/schema.org","@graph":[{"@type":"WebPage","@id":"https:\/\/wroclaw-info.pl\/top-10-we-wroclawiu\/palac-krolewski\/","url":"https:\/\/wroclaw-info.pl\/top-10-we-wroclawiu\/palac-krolewski\/","name":"Pa\u0142ac Kr\u00f3lewski we Wroc\u0142awiu - Centrum Informacji Turystycznej","isPartOf":{"@id":"https:\/\/wroclaw-info.pl\/#website"},"datePublished":"2021-07-21T20:05:27+00:00","dateModified":"2021-07-22T08:39:20+00:00","breadcrumb":{"@id":"https:\/\/wroclaw-info.pl\/top-10-we-wroclawiu\/palac-krolewski\/#breadcrumb"},"inLanguage":"en-GB","potentialAction":[{"@type":"ReadAction","target":["https:\/\/wroclaw-info.pl\/top-10-we-wroclawiu\/palac-krolewski\/"]}]},{"@type":"BreadcrumbList","@id":"https:\/\/wroclaw-info.pl\/top-10-we-wroclawiu\/palac-krolewski\/#breadcrumb","itemListElement":[{"@type":"ListItem","position":1,"name":"Home","item":"https:\/\/wroclaw-info.pl\/"},{"@type":"ListItem","position":2,"name":"Top 10","item":"https:\/\/wroclaw-info.pl\/top-10-we-wroclawiu\/"},{"@type":"ListItem","position":3,"name":"Pa\u0142ac Kr\u00f3lewski we Wroc\u0142awiu"}]},{"@type":"WebSite","@id":"https:\/\/wroclaw-info.pl\/#website","url":"https:\/\/wroclaw-info.pl\/","name":"Centrum Informacji Turystycznej","description":"Centrum Informacji Turystycznej we Wroc\u0142awiu","publisher":{"@id":"https:\/\/wroclaw-info.pl\/#organization"},"potentialAction":[{"@type":"SearchAction","target":{"@type":"EntryPoint","urlTemplate":"https:\/\/wroclaw-info.pl\/?s={search_term_string}"},"query-input":"required name=search_term_string"}],"inLanguage":"en-GB"},{"@type":"Organization","@id":"https:\/\/wroclaw-info.pl\/#organization","name":"Centrum Informacji Turystycznej","url":"https:\/\/wroclaw-info.pl\/","logo":{"@type":"ImageObject","inLanguage":"en-GB","@id":"https:\/\/wroclaw-info.pl\/#\/schema\/logo\/image\/","url":"https:\/\/wroclaw-info.pl\/wp-content\/uploads\/2021\/05\/Wroclaw_info.png","contentUrl":"https:\/\/wroclaw-info.pl\/wp-content\/uploads\/2021\/05\/Wroclaw_info.png","width":591,"height":591,"caption":"Centrum Informacji Turystycznej"},"image":{"@id":"https:\/\/wroclaw-info.pl\/#\/schema\/logo\/image\/"}}]}},"_links":{"self":[{"href":"https:\/\/wroclaw-info.pl\/en\/wp-json\/wp\/v2\/pages\/626","targetHints":{"allow":["GET"]}}],"collection":[{"href":"https:\/\/wroclaw-info.pl\/en\/wp-json\/wp\/v2\/pages"}],"about":[{"href":"https:\/\/wroclaw-info.pl\/en\/wp-json\/wp\/v2\/types\/page"}],"author":[{"embeddable":true,"href":"https:\/\/wroclaw-info.pl\/en\/wp-json\/wp\/v2\/users\/1"}],"replies":[{"embeddable":true,"href":"https:\/\/wroclaw-info.pl\/en\/wp-json\/wp\/v2\/comments?post=626"}],"version-history":[{"count":4,"href":"https:\/\/wroclaw-info.pl\/en\/wp-json\/wp\/v2\/pages\/626\/revisions"}],"predecessor-version":[{"id":670,"href":"https:\/\/wroclaw-info.pl\/en\/wp-json\/wp\/v2\/pages\/626\/revisions\/670"}],"up":[{"embeddable":true,"href":"https:\/\/wroclaw-info.pl\/en\/wp-json\/wp\/v2\/pages\/476"}],"wp:attachment":[{"href":"https:\/\/wroclaw-info.pl\/en\/wp-json\/wp\/v2\/media?parent=626"}],"curies":[{"name":"wp","href":"https:\/\/api.w.org\/{rel}","templated":true}]}}