{"id":628,"date":"2021-07-21T20:05:48","date_gmt":"2021-07-21T20:05:48","guid":{"rendered":"http:\/\/wroclaw-info.pl\/?page_id=628"},"modified":"2021-07-22T08:45:44","modified_gmt":"2021-07-22T08:45:44","slug":"uniwersytet-wroclawski-2","status":"publish","type":"page","link":"https:\/\/wroclaw-info.pl\/en\/top-10-we-wroclawiu\/uniwersytet-wroclawski-2\/","title":{"rendered":"Gmach Uniwersytetu Wroc\u0142awskiego"},"content":{"rendered":"<div data-elementor-type=\"wp-page\" data-elementor-id=\"628\" class=\"elementor elementor-628\" data-elementor-settings=\"[]\">\n\t\t\t\t\t\t\t<div class=\"elementor-section-wrap\">\n\t\t\t\t\t\t\t<section class=\"elementor-section elementor-top-section elementor-element elementor-element-48f919c elementor-section-height-min-height elementor-section-boxed elementor-section-height-default elementor-section-items-middle\" data-id=\"48f919c\" data-element_type=\"section\" data-settings=\"{&quot;background_background&quot;:&quot;classic&quot;}\">\n\t\t\t\t\t\t\t<div class=\"elementor-background-overlay\"><\/div>\n\t\t\t\t\t\t\t<div class=\"elementor-container elementor-column-gap-extended\">\n\t\t\t\t\t<div class=\"elementor-column elementor-col-100 elementor-top-column elementor-element elementor-element-858f1dc\" data-id=\"858f1dc\" data-element_type=\"column\" data-settings=\"{&quot;background_background&quot;:&quot;classic&quot;}\">\n\t\t\t<div class=\"elementor-widget-wrap elementor-element-populated\">\n\t\t\t\t\t\t\t\t<div class=\"elementor-element elementor-element-a3af426 elementor-widget elementor-widget-heading\" data-id=\"a3af426\" data-element_type=\"widget\" data-widget_type=\"heading.default\">\n\t\t\t\t<div class=\"elementor-widget-container\">\n\t\t\t<h2 class=\"elementor-heading-title elementor-size-xl\">Gmach g\u0142\u00f3wny Uniwersytetu Wroc\u0142awskiego <\/h2>\t\t<\/div>\n\t\t\t\t<\/div>\n\t\t\t\t<div class=\"elementor-element elementor-element-440c262 elementor-widget elementor-widget-text-editor\" data-id=\"440c262\" data-element_type=\"widget\" data-widget_type=\"text-editor.default\">\n\t\t\t\t<div class=\"elementor-widget-container\">\n\t\t\t\t\t\t\t\t<p>Gmach g\u0142\u00f3wny Uniwersytetu Wroc\u0142awskiego stanowi jeden z najciekawszych obiekt\u00f3w architektonicznych w mie\u015bcie.<img loading=\"lazy\" decoding=\"async\" class=\"alignleft wp-image-671\" src=\"http:\/\/wroclaw-info.pl\/wp-content\/uploads\/2021\/07\/uniwersytet-wroclawski-1024x461.jpg\" alt=\"\" width=\"600\" height=\"270\" srcset=\"https:\/\/wroclaw-info.pl\/wp-content\/uploads\/2021\/07\/uniwersytet-wroclawski-1024x461.jpg 1024w, https:\/\/wroclaw-info.pl\/wp-content\/uploads\/2021\/07\/uniwersytet-wroclawski-300x135.jpg 300w, https:\/\/wroclaw-info.pl\/wp-content\/uploads\/2021\/07\/uniwersytet-wroclawski-768x346.jpg 768w, https:\/\/wroclaw-info.pl\/wp-content\/uploads\/2021\/07\/uniwersytet-wroclawski-1536x691.jpg 1536w, https:\/\/wroclaw-info.pl\/wp-content\/uploads\/2021\/07\/uniwersytet-wroclawski-2048x922.jpg 2048w, https:\/\/wroclaw-info.pl\/wp-content\/uploads\/2021\/07\/uniwersytet-wroclawski-16x7.jpg 16w\" sizes=\"auto, (max-width: 600px) 100vw, 600px\" \/> Wybudowany zosta\u0142 w miejscu dawnego zamku piastowskiego. Sam budynek uniwersytetu wraz ze sw\u0105 najd\u0142u\u017csz\u0105 (maj\u0105c\u0105 177 m!) fasad\u0105 barokow\u0105 w Europie skrywa wiele tajemnic oraz pi\u0119knych sal. W jego wn\u0119trzu znajduje si\u0119 m.in. odnowiona po wojnie Aula Leopoldyna oraz <strong>Muzeum Uniwersytetu Wroc\u0142awskiego. <\/strong>Wchodz\u0105c do \u015brodka zwr\u00f3\u0107 uwag\u0119 na przepi\u0119kne, barokowe, niebieskie drzwi prezentuj\u0105ce inicja\u0142y LI, nale\u017c\u0105ce do za\u0142o\u017cyciela uczelni &#8211; cesarza Leopolda I. Wchodz\u0105c na kolejne pi\u0119tra, dojdziesz do wspomnianej, wyj\u0105tkowej sali &#8211; per\u0142y malarstwa barokowego &#8211; <strong>Auli Leopoldina. <\/strong>Zwiedzaj\u0105c muzeum uniwersytetu Wroc\u0142awskiego warto tak\u017ce wej\u015b\u0107 do Oratorium Marianum &#8211; przepi\u0119knej sali muzycznej. Wizyt\u0119 zako\u0144czysz w <strong>Wie\u017cy Matematyczne<\/strong>j &#8211; czyli na tarasie widokowym, z kt\u00f3rego rozpo\u015bciera si\u0119 wyj\u0105tkowy widok na panoram\u0119 Starego Miasta oraz znan\u0105 z plenerowych imprez Wysp\u0119 S\u0142odow\u0105<\/p>\t\t\t\t\t\t<\/div>\n\t\t\t\t<\/div>\n\t\t\t\t<div class=\"elementor-element elementor-element-6d7cdffa elementor-align-center elementor-mobile-align-justify elementor-tablet-align-left elementor-widget elementor-widget-button\" data-id=\"6d7cdffa\" data-element_type=\"widget\" data-widget_type=\"button.default\">\n\t\t\t\t<div class=\"elementor-widget-container\">\n\t\t\t\t\t<div class=\"elementor-button-wrapper\">\n\t\t\t<a href=\"https:\/\/visitwroclaw.eu\/miejsce\/uniwersytet-wroclawski-gmach-glowny\" target=\"_blank\" class=\"elementor-button-link elementor-button elementor-size-lg\" role=\"button\">\n\t\t\t\t\t\t<span class=\"elementor-button-content-wrapper\">\n\t\t\t\t\t\t<span class=\"elementor-button-icon elementor-align-icon-left\">\n\t\t\t\t<i aria-hidden=\"true\" class=\"fas fa-search-location\"><\/i>\t\t\t<\/span>\n\t\t\t\t\t\t<span class=\"elementor-button-text\">Wi\u0119cej informacji<\/span>\n\t\t<\/span>\n\t\t\t\t\t<\/a>\n\t\t<\/div>\n\t\t\t\t<\/div>\n\t\t\t\t<\/div>\n\t\t\t\t\t<\/div>\n\t\t<\/div>\n\t\t\t\t\t\t\t<\/div>\n\t\t<\/section>\n\t\t\t\t<section class=\"elementor-section elementor-top-section elementor-element elementor-element-98fc40d elementor-section-boxed elementor-section-height-default elementor-section-height-default\" data-id=\"98fc40d\" data-element_type=\"section\" data-settings=\"{&quot;background_background&quot;:&quot;classic&quot;}\">\n\t\t\t\t\t\t<div class=\"elementor-container elementor-column-gap-default\">\n\t\t\t\t\t\t\t\t<\/div>\n\t\t<\/section>\n\t\t\t\t<section class=\"elementor-section elementor-top-section elementor-element elementor-element-9f050b1 elementor-section-boxed elementor-section-height-default elementor-section-height-default\" data-id=\"9f050b1\" data-element_type=\"section\">\n\t\t\t\t\t\t<div class=\"elementor-container elementor-column-gap-default\">\n\t\t\t\t\t<div class=\"elementor-column elementor-col-100 elementor-top-column elementor-element elementor-element-e6a152b\" data-id=\"e6a152b\" data-element_type=\"column\">\n\t\t\t<div class=\"elementor-widget-wrap elementor-element-populated\">\n\t\t\t\t\t\t\t\t<div class=\"elementor-element elementor-element-c3ba58b elementor-widget elementor-widget-spacer\" data-id=\"c3ba58b\" data-element_type=\"widget\" data-widget_type=\"spacer.default\">\n\t\t\t\t<div class=\"elementor-widget-container\">\n\t\t\t\t\t<div class=\"elementor-spacer\">\n\t\t\t<div class=\"elementor-spacer-inner\"><\/div>\n\t\t<\/div>\n\t\t\t\t<\/div>\n\t\t\t\t<\/div>\n\t\t\t\t<div class=\"elementor-element elementor-element-922744f elementor-view-default elementor-widget elementor-widget-icon\" data-id=\"922744f\" data-element_type=\"widget\" data-widget_type=\"icon.default\">\n\t\t\t\t<div class=\"elementor-widget-container\">\n\t\t\t\t\t<div class=\"elementor-icon-wrapper\">\n\t\t\t<div class=\"elementor-icon\">\n\t\t\t<i aria-hidden=\"true\" class=\"fas fa-map-marked-alt\"><\/i>\t\t\t<\/div>\n\t\t<\/div>\n\t\t\t\t<\/div>\n\t\t\t\t<\/div>\n\t\t\t\t<div class=\"elementor-element elementor-element-f337a79 elementor-widget elementor-widget-spacer\" data-id=\"f337a79\" data-element_type=\"widget\" data-widget_type=\"spacer.default\">\n\t\t\t\t<div class=\"elementor-widget-container\">\n\t\t\t\t\t<div class=\"elementor-spacer\">\n\t\t\t<div class=\"elementor-spacer-inner\"><\/div>\n\t\t<\/div>\n\t\t\t\t<\/div>\n\t\t\t\t<\/div>\n\t\t\t\t<div class=\"elementor-element elementor-element-299d04a elementor-widget elementor-widget-google_maps\" data-id=\"299d04a\" data-element_type=\"widget\" data-widget_type=\"google_maps.default\">\n\t\t\t\t<div class=\"elementor-widget-container\">\n\t\t\t<div class=\"elementor-custom-embed\"><iframe frameborder=\"0\" scrolling=\"no\" marginheight=\"0\" marginwidth=\"0\" src=\"https:\/\/maps.google.com\/maps?q=Gmach%20Uniwersytetu%20Wroc%C5%82awskiego&amp;t=m&amp;z=15&amp;output=embed&amp;iwloc=near\" title=\"Gmach Uniwersytetu Wroc\u0142awskiego\" aria-label=\"Gmach Uniwersytetu Wroc\u0142awskiego\"><\/iframe><\/div>\t\t<\/div>\n\t\t\t\t<\/div>\n\t\t\t\t<div class=\"elementor-element elementor-element-1de0884 elementor-widget elementor-widget-spacer\" data-id=\"1de0884\" data-element_type=\"widget\" data-widget_type=\"spacer.default\">\n\t\t\t\t<div class=\"elementor-widget-container\">\n\t\t\t\t\t<div class=\"elementor-spacer\">\n\t\t\t<div class=\"elementor-spacer-inner\"><\/div>\n\t\t<\/div>\n\t\t\t\t<\/div>\n\t\t\t\t<\/div>\n\t\t\t\t\t<\/div>\n\t\t<\/div>\n\t\t\t\t\t\t\t<\/div>\n\t\t<\/section>\n\t\t\t\t<section class=\"elementor-section elementor-top-section elementor-element elementor-element-e074e7d elementor-section-boxed elementor-section-height-default elementor-section-height-default\" data-id=\"e074e7d\" data-element_type=\"section\">\n\t\t\t\t\t\t<div class=\"elementor-container elementor-column-gap-default\">\n\t\t\t\t\t<div class=\"elementor-column elementor-col-100 elementor-top-column elementor-element elementor-element-1e25811\" data-id=\"1e25811\" data-element_type=\"column\">\n\t\t\t<div class=\"elementor-widget-wrap\">\n\t\t\t\t\t\t\t\t\t<\/div>\n\t\t<\/div>\n\t\t\t\t\t\t\t<\/div>\n\t\t<\/section>\n\t\t\t\t\t\t<\/div>\n\t\t\t\t\t<\/div>","protected":false},"excerpt":{"rendered":"<p>Gmach g\u0142\u00f3wny Uniwersytetu Wroc\u0142awskiego Gmach g\u0142\u00f3wny Uniwersytetu Wroc\u0142awskiego stanowi jeden z najciekawszych obiekt\u00f3w architektonicznych w mie\u015bcie. Wybudowany zosta\u0142 w miejscu dawnego zamku piastowskiego. Sam budynek uniwersytetu wraz ze sw\u0105 najd\u0142u\u017csz\u0105&hellip;&nbsp;<a href=\"https:\/\/wroclaw-info.pl\/en\/top-10-we-wroclawiu\/uniwersytet-wroclawski-2\/\" class=\"\" rel=\"bookmark\">Read More &raquo;<span class=\"screen-reader-text\">Gmach Uniwersytetu Wroc\u0142awskiego<\/span><\/a><\/p>","protected":false},"author":1,"featured_media":0,"parent":476,"menu_order":-1,"comment_status":"closed","ping_status":"closed","template":"elementor_header_footer","meta":{"neve_meta_sidebar":"full-width","neve_meta_container":"","neve_meta_enable_content_width":"on","neve_meta_content_width":100,"neve_meta_title_alignment":"","neve_meta_author_avatar":"","neve_post_elements_order":"","neve_meta_disable_header":"","neve_meta_disable_footer":"","neve_meta_disable_title":"","_themeisle_gutenberg_block_has_review":false,"_ti_tpc_template_sync":false,"_ti_tpc_template_id":"","footnotes":""},"class_list":["post-628","page","type-page","status-publish","hentry"],"yoast_head":"<!-- This site is optimized with the Yoast SEO Premium plugin v16.3 (Yoast SEO v21.7) - https:\/\/yoast.com\/wordpress\/plugins\/seo\/ -->\n<title>Gmach Uniwersytetu Wroc\u0142awskiego - Centrum Informacji Turystycznej<\/title>\n<meta name=\"robots\" content=\"index, follow, max-snippet:-1, max-image-preview:large, max-video-preview:-1\" \/>\n<link rel=\"canonical\" href=\"https:\/\/wroclaw-info.pl\/en\/top-10-we-wroclawiu\/uniwersytet-wroclawski-2\/\" \/>\n<meta property=\"og:locale\" content=\"en_GB\" \/>\n<meta property=\"og:type\" content=\"article\" \/>\n<meta property=\"og:title\" content=\"Gmach Uniwersytetu Wroc\u0142awskiego - Centrum Informacji Turystycznej\" \/>\n<meta property=\"og:description\" content=\"Gmach g\u0142\u00f3wny Uniwersytetu Wroc\u0142awskiego Gmach g\u0142\u00f3wny Uniwersytetu Wroc\u0142awskiego stanowi jeden z najciekawszych obiekt\u00f3w architektonicznych w mie\u015bcie. Wybudowany zosta\u0142 w miejscu dawnego zamku piastowskiego. Sam budynek uniwersytetu wraz ze sw\u0105 najd\u0142u\u017csz\u0105&hellip;&nbsp;Read More &raquo;Gmach Uniwersytetu Wroc\u0142awskiego\" \/>\n<meta property=\"og:url\" content=\"https:\/\/wroclaw-info.pl\/en\/top-10-we-wroclawiu\/uniwersytet-wroclawski-2\/\" \/>\n<meta property=\"og:site_name\" content=\"Centrum Informacji Turystycznej\" \/>\n<meta property=\"article:modified_time\" content=\"2021-07-22T08:45:44+00:00\" \/>\n<meta property=\"og:image\" content=\"http:\/\/wroclaw-info.pl\/wp-content\/uploads\/2021\/07\/uniwersytet-wroclawski-1024x461.jpg\" \/>\n<meta name=\"twitter:card\" content=\"summary_large_image\" \/>\n<meta name=\"twitter:label1\" content=\"Estimated reading time\" \/>\n\t<meta name=\"twitter:data1\" content=\"1 minute\" \/>\n<script type=\"application\/ld+json\" class=\"yoast-schema-graph\">{\"@context\":\"https:\/\/schema.org\",\"@graph\":[{\"@type\":\"WebPage\",\"@id\":\"https:\/\/wroclaw-info.pl\/top-10-we-wroclawiu\/uniwersytet-wroclawski-2\/\",\"url\":\"https:\/\/wroclaw-info.pl\/top-10-we-wroclawiu\/uniwersytet-wroclawski-2\/\",\"name\":\"Gmach Uniwersytetu Wroc\u0142awskiego - Centrum Informacji Turystycznej\",\"isPartOf\":{\"@id\":\"https:\/\/wroclaw-info.pl\/#website\"},\"datePublished\":\"2021-07-21T20:05:48+00:00\",\"dateModified\":\"2021-07-22T08:45:44+00:00\",\"breadcrumb\":{\"@id\":\"https:\/\/wroclaw-info.pl\/top-10-we-wroclawiu\/uniwersytet-wroclawski-2\/#breadcrumb\"},\"inLanguage\":\"en-GB\",\"potentialAction\":[{\"@type\":\"ReadAction\",\"target\":[\"https:\/\/wroclaw-info.pl\/top-10-we-wroclawiu\/uniwersytet-wroclawski-2\/\"]}]},{\"@type\":\"BreadcrumbList\",\"@id\":\"https:\/\/wroclaw-info.pl\/top-10-we-wroclawiu\/uniwersytet-wroclawski-2\/#breadcrumb\",\"itemListElement\":[{\"@type\":\"ListItem\",\"position\":1,\"name\":\"Home\",\"item\":\"https:\/\/wroclaw-info.pl\/\"},{\"@type\":\"ListItem\",\"position\":2,\"name\":\"Top 10\",\"item\":\"https:\/\/wroclaw-info.pl\/top-10-we-wroclawiu\/\"},{\"@type\":\"ListItem\",\"position\":3,\"name\":\"Gmach Uniwersytetu Wroc\u0142awskiego\"}]},{\"@type\":\"WebSite\",\"@id\":\"https:\/\/wroclaw-info.pl\/#website\",\"url\":\"https:\/\/wroclaw-info.pl\/\",\"name\":\"Centrum Informacji Turystycznej\",\"description\":\"Centrum Informacji Turystycznej we Wroc\u0142awiu\",\"publisher\":{\"@id\":\"https:\/\/wroclaw-info.pl\/#organization\"},\"potentialAction\":[{\"@type\":\"SearchAction\",\"target\":{\"@type\":\"EntryPoint\",\"urlTemplate\":\"https:\/\/wroclaw-info.pl\/?s={search_term_string}\"},\"query-input\":\"required name=search_term_string\"}],\"inLanguage\":\"en-GB\"},{\"@type\":\"Organization\",\"@id\":\"https:\/\/wroclaw-info.pl\/#organization\",\"name\":\"Centrum Informacji Turystycznej\",\"url\":\"https:\/\/wroclaw-info.pl\/\",\"logo\":{\"@type\":\"ImageObject\",\"inLanguage\":\"en-GB\",\"@id\":\"https:\/\/wroclaw-info.pl\/#\/schema\/logo\/image\/\",\"url\":\"https:\/\/wroclaw-info.pl\/wp-content\/uploads\/2021\/05\/Wroclaw_info.png\",\"contentUrl\":\"https:\/\/wroclaw-info.pl\/wp-content\/uploads\/2021\/05\/Wroclaw_info.png\",\"width\":591,\"height\":591,\"caption\":\"Centrum Informacji Turystycznej\"},\"image\":{\"@id\":\"https:\/\/wroclaw-info.pl\/#\/schema\/logo\/image\/\"}}]}<\/script>\n<!-- \/ Yoast SEO Premium plugin. -->","yoast_head_json":{"title":"Gmach Uniwersytetu Wroc\u0142awskiego - Centrum Informacji Turystycznej","robots":{"index":"index","follow":"follow","max-snippet":"max-snippet:-1","max-image-preview":"max-image-preview:large","max-video-preview":"max-video-preview:-1"},"canonical":"https:\/\/wroclaw-info.pl\/en\/top-10-we-wroclawiu\/uniwersytet-wroclawski-2\/","og_locale":"en_GB","og_type":"article","og_title":"Gmach Uniwersytetu Wroc\u0142awskiego - Centrum Informacji Turystycznej","og_description":"Gmach g\u0142\u00f3wny Uniwersytetu Wroc\u0142awskiego Gmach g\u0142\u00f3wny Uniwersytetu Wroc\u0142awskiego stanowi jeden z najciekawszych obiekt\u00f3w architektonicznych w mie\u015bcie. Wybudowany zosta\u0142 w miejscu dawnego zamku piastowskiego. Sam budynek uniwersytetu wraz ze sw\u0105 najd\u0142u\u017csz\u0105&hellip;&nbsp;Read More &raquo;Gmach Uniwersytetu Wroc\u0142awskiego","og_url":"https:\/\/wroclaw-info.pl\/en\/top-10-we-wroclawiu\/uniwersytet-wroclawski-2\/","og_site_name":"Centrum Informacji Turystycznej","article_modified_time":"2021-07-22T08:45:44+00:00","og_image":[{"url":"http:\/\/wroclaw-info.pl\/wp-content\/uploads\/2021\/07\/uniwersytet-wroclawski-1024x461.jpg"}],"twitter_card":"summary_large_image","twitter_misc":{"Estimated reading time":"1 minute"},"schema":{"@context":"https:\/\/schema.org","@graph":[{"@type":"WebPage","@id":"https:\/\/wroclaw-info.pl\/top-10-we-wroclawiu\/uniwersytet-wroclawski-2\/","url":"https:\/\/wroclaw-info.pl\/top-10-we-wroclawiu\/uniwersytet-wroclawski-2\/","name":"Gmach Uniwersytetu Wroc\u0142awskiego - Centrum Informacji Turystycznej","isPartOf":{"@id":"https:\/\/wroclaw-info.pl\/#website"},"datePublished":"2021-07-21T20:05:48+00:00","dateModified":"2021-07-22T08:45:44+00:00","breadcrumb":{"@id":"https:\/\/wroclaw-info.pl\/top-10-we-wroclawiu\/uniwersytet-wroclawski-2\/#breadcrumb"},"inLanguage":"en-GB","potentialAction":[{"@type":"ReadAction","target":["https:\/\/wroclaw-info.pl\/top-10-we-wroclawiu\/uniwersytet-wroclawski-2\/"]}]},{"@type":"BreadcrumbList","@id":"https:\/\/wroclaw-info.pl\/top-10-we-wroclawiu\/uniwersytet-wroclawski-2\/#breadcrumb","itemListElement":[{"@type":"ListItem","position":1,"name":"Home","item":"https:\/\/wroclaw-info.pl\/"},{"@type":"ListItem","position":2,"name":"Top 10","item":"https:\/\/wroclaw-info.pl\/top-10-we-wroclawiu\/"},{"@type":"ListItem","position":3,"name":"Gmach Uniwersytetu Wroc\u0142awskiego"}]},{"@type":"WebSite","@id":"https:\/\/wroclaw-info.pl\/#website","url":"https:\/\/wroclaw-info.pl\/","name":"Centrum Informacji Turystycznej","description":"Centrum Informacji Turystycznej we Wroc\u0142awiu","publisher":{"@id":"https:\/\/wroclaw-info.pl\/#organization"},"potentialAction":[{"@type":"SearchAction","target":{"@type":"EntryPoint","urlTemplate":"https:\/\/wroclaw-info.pl\/?s={search_term_string}"},"query-input":"required name=search_term_string"}],"inLanguage":"en-GB"},{"@type":"Organization","@id":"https:\/\/wroclaw-info.pl\/#organization","name":"Centrum Informacji Turystycznej","url":"https:\/\/wroclaw-info.pl\/","logo":{"@type":"ImageObject","inLanguage":"en-GB","@id":"https:\/\/wroclaw-info.pl\/#\/schema\/logo\/image\/","url":"https:\/\/wroclaw-info.pl\/wp-content\/uploads\/2021\/05\/Wroclaw_info.png","contentUrl":"https:\/\/wroclaw-info.pl\/wp-content\/uploads\/2021\/05\/Wroclaw_info.png","width":591,"height":591,"caption":"Centrum Informacji Turystycznej"},"image":{"@id":"https:\/\/wroclaw-info.pl\/#\/schema\/logo\/image\/"}}]}},"_links":{"self":[{"href":"https:\/\/wroclaw-info.pl\/en\/wp-json\/wp\/v2\/pages\/628","targetHints":{"allow":["GET"]}}],"collection":[{"href":"https:\/\/wroclaw-info.pl\/en\/wp-json\/wp\/v2\/pages"}],"about":[{"href":"https:\/\/wroclaw-info.pl\/en\/wp-json\/wp\/v2\/types\/page"}],"author":[{"embeddable":true,"href":"https:\/\/wroclaw-info.pl\/en\/wp-json\/wp\/v2\/users\/1"}],"replies":[{"embeddable":true,"href":"https:\/\/wroclaw-info.pl\/en\/wp-json\/wp\/v2\/comments?post=628"}],"version-history":[{"count":4,"href":"https:\/\/wroclaw-info.pl\/en\/wp-json\/wp\/v2\/pages\/628\/revisions"}],"predecessor-version":[{"id":675,"href":"https:\/\/wroclaw-info.pl\/en\/wp-json\/wp\/v2\/pages\/628\/revisions\/675"}],"up":[{"embeddable":true,"href":"https:\/\/wroclaw-info.pl\/en\/wp-json\/wp\/v2\/pages\/476"}],"wp:attachment":[{"href":"https:\/\/wroclaw-info.pl\/en\/wp-json\/wp\/v2\/media?parent=628"}],"curies":[{"name":"wp","href":"https:\/\/api.w.org\/{rel}","templated":true}]}}