{"id":630,"date":"2021-07-21T20:06:15","date_gmt":"2021-07-21T20:06:15","guid":{"rendered":"http:\/\/wroclaw-info.pl\/?page_id=630"},"modified":"2021-07-22T08:53:28","modified_gmt":"2021-07-22T08:53:28","slug":"hydropolis","status":"publish","type":"page","link":"https:\/\/wroclaw-info.pl\/en\/top-10-we-wroclawiu\/hydropolis\/","title":{"rendered":"Hydropolis"},"content":{"rendered":"<div data-elementor-type=\"wp-page\" data-elementor-id=\"630\" class=\"elementor elementor-630\" data-elementor-settings=\"[]\">\n\t\t\t\t\t\t\t<div class=\"elementor-section-wrap\">\n\t\t\t\t\t\t\t<section class=\"elementor-section elementor-top-section elementor-element elementor-element-48f919c elementor-section-height-min-height elementor-section-boxed elementor-section-height-default elementor-section-items-middle\" data-id=\"48f919c\" data-element_type=\"section\" data-settings=\"{&quot;background_background&quot;:&quot;classic&quot;}\">\n\t\t\t\t\t\t\t<div class=\"elementor-background-overlay\"><\/div>\n\t\t\t\t\t\t\t<div class=\"elementor-container elementor-column-gap-extended\">\n\t\t\t\t\t<div class=\"elementor-column elementor-col-100 elementor-top-column elementor-element elementor-element-858f1dc\" data-id=\"858f1dc\" data-element_type=\"column\" data-settings=\"{&quot;background_background&quot;:&quot;classic&quot;}\">\n\t\t\t<div class=\"elementor-widget-wrap elementor-element-populated\">\n\t\t\t\t\t\t\t\t<div class=\"elementor-element elementor-element-a3af426 elementor-widget elementor-widget-heading\" data-id=\"a3af426\" data-element_type=\"widget\" data-widget_type=\"heading.default\">\n\t\t\t\t<div class=\"elementor-widget-container\">\n\t\t\t<h2 class=\"elementor-heading-title elementor-size-xl\">Hydropolis<\/h2>\t\t<\/div>\n\t\t\t\t<\/div>\n\t\t\t\t<div class=\"elementor-element elementor-element-440c262 elementor-widget elementor-widget-text-editor\" data-id=\"440c262\" data-element_type=\"widget\" data-widget_type=\"text-editor.default\">\n\t\t\t\t<div class=\"elementor-widget-container\">\n\t\t\t\t\t\t\t\t<p>Wroc\u0142awskie Hydropolis to co\u015b wi\u0119cej ni\u017c zwyk\u0142e muzeum o wodzie.\u00a0To niesamowite, ca\u0142kowicie interaktywne centrum wiedzy wykonane w nowoczesnej formie.<img loading=\"lazy\" decoding=\"async\" class=\"size-full wp-image-502 alignleft\" src=\"http:\/\/wroclaw-info.pl\/wp-content\/uploads\/2021\/07\/wroclaw-hydropolis.png\" alt=\"\" width=\"478\" height=\"354\" srcset=\"https:\/\/wroclaw-info.pl\/wp-content\/uploads\/2021\/07\/wroclaw-hydropolis.png 478w, https:\/\/wroclaw-info.pl\/wp-content\/uploads\/2021\/07\/wroclaw-hydropolis-300x222.png 300w, https:\/\/wroclaw-info.pl\/wp-content\/uploads\/2021\/07\/wroclaw-hydropolis-16x12.png 16w\" sizes=\"auto, (max-width: 478px) 100vw, 478px\" \/> Stanowi \u015bwietny pomys\u0142 na sp\u0119dzenie czasu zar\u00f3wno dla dzieci jak i doros\u0142ych. Budynek Hydropolis znajduje si\u0119 w pi\u0119knym, zabytkowym, XIX-wiecznym zbiorniku wody pitnej. Wystawa jest podzielona na siedem tematycznych stref, gdzie mo\u017cna zobaczy\u0107 ponad 70 r\u00f3\u017cnego rodzaju eksponat\u00f3w, dziesi\u0105tki modeli statk\u00f3w, \u201cstwory\u201d zamieszkuj\u0105ce oceany i morza oraz wiele wi\u0119cej. W Hydropolis poznasz wszelkie procesy, w kt\u00f3rych woda odgrywa g\u0142\u00f3wn\u0105 rol\u0119 oraz b\u0119dziesz m\u00f3g\u0142 wej\u015b\u0107 do podwodnego Batyskafu. Hydropolis to wspania\u0142e centrum nauki o wodzie, stworzone w bardzo nowoczesnym stylu. Du\u017ca ilo\u015b\u0107 ekran\u00f3w oraz paneli dotykowych towarzyszy\u0107 nam b\u0119dzie podczas zwiedzania ca\u0142ego obiektu. We Wroc\u0142awskim Hydropolis nuda na pewno Ci nie grozi!<\/p><p>ul. Na Grobli 17<\/p>\t\t\t\t\t\t<\/div>\n\t\t\t\t<\/div>\n\t\t\t\t<div class=\"elementor-element elementor-element-6d7cdffa elementor-align-center elementor-mobile-align-justify elementor-tablet-align-left elementor-widget elementor-widget-button\" data-id=\"6d7cdffa\" data-element_type=\"widget\" data-widget_type=\"button.default\">\n\t\t\t\t<div class=\"elementor-widget-container\">\n\t\t\t\t\t<div class=\"elementor-button-wrapper\">\n\t\t\t<a href=\"https:\/\/hydropolis.pl\/\" target=\"_blank\" class=\"elementor-button-link elementor-button elementor-size-lg\" role=\"button\">\n\t\t\t\t\t\t<span class=\"elementor-button-content-wrapper\">\n\t\t\t\t\t\t<span class=\"elementor-button-icon elementor-align-icon-left\">\n\t\t\t\t<i aria-hidden=\"true\" class=\"fas fa-search-location\"><\/i>\t\t\t<\/span>\n\t\t\t\t\t\t<span class=\"elementor-button-text\">Wi\u0119cej informacji<\/span>\n\t\t<\/span>\n\t\t\t\t\t<\/a>\n\t\t<\/div>\n\t\t\t\t<\/div>\n\t\t\t\t<\/div>\n\t\t\t\t\t<\/div>\n\t\t<\/div>\n\t\t\t\t\t\t\t<\/div>\n\t\t<\/section>\n\t\t\t\t<section class=\"elementor-section elementor-top-section elementor-element elementor-element-98fc40d elementor-section-boxed elementor-section-height-default elementor-section-height-default\" data-id=\"98fc40d\" data-element_type=\"section\" data-settings=\"{&quot;background_background&quot;:&quot;classic&quot;}\">\n\t\t\t\t\t\t<div class=\"elementor-container elementor-column-gap-default\">\n\t\t\t\t\t\t\t\t<\/div>\n\t\t<\/section>\n\t\t\t\t<section class=\"elementor-section elementor-top-section elementor-element elementor-element-9f050b1 elementor-section-boxed elementor-section-height-default elementor-section-height-default\" data-id=\"9f050b1\" data-element_type=\"section\">\n\t\t\t\t\t\t<div class=\"elementor-container elementor-column-gap-default\">\n\t\t\t\t\t<div class=\"elementor-column elementor-col-100 elementor-top-column elementor-element elementor-element-e6a152b\" data-id=\"e6a152b\" data-element_type=\"column\">\n\t\t\t<div class=\"elementor-widget-wrap elementor-element-populated\">\n\t\t\t\t\t\t\t\t<div class=\"elementor-element elementor-element-c3ba58b elementor-widget elementor-widget-spacer\" data-id=\"c3ba58b\" data-element_type=\"widget\" data-widget_type=\"spacer.default\">\n\t\t\t\t<div class=\"elementor-widget-container\">\n\t\t\t\t\t<div class=\"elementor-spacer\">\n\t\t\t<div class=\"elementor-spacer-inner\"><\/div>\n\t\t<\/div>\n\t\t\t\t<\/div>\n\t\t\t\t<\/div>\n\t\t\t\t<div class=\"elementor-element elementor-element-922744f elementor-view-default elementor-widget elementor-widget-icon\" data-id=\"922744f\" data-element_type=\"widget\" data-widget_type=\"icon.default\">\n\t\t\t\t<div class=\"elementor-widget-container\">\n\t\t\t\t\t<div class=\"elementor-icon-wrapper\">\n\t\t\t<div class=\"elementor-icon\">\n\t\t\t<i aria-hidden=\"true\" class=\"fas fa-map-marked-alt\"><\/i>\t\t\t<\/div>\n\t\t<\/div>\n\t\t\t\t<\/div>\n\t\t\t\t<\/div>\n\t\t\t\t<div class=\"elementor-element elementor-element-f337a79 elementor-widget elementor-widget-spacer\" data-id=\"f337a79\" data-element_type=\"widget\" data-widget_type=\"spacer.default\">\n\t\t\t\t<div class=\"elementor-widget-container\">\n\t\t\t\t\t<div class=\"elementor-spacer\">\n\t\t\t<div class=\"elementor-spacer-inner\"><\/div>\n\t\t<\/div>\n\t\t\t\t<\/div>\n\t\t\t\t<\/div>\n\t\t\t\t<div class=\"elementor-element elementor-element-299d04a elementor-widget elementor-widget-google_maps\" data-id=\"299d04a\" data-element_type=\"widget\" data-widget_type=\"google_maps.default\">\n\t\t\t\t<div class=\"elementor-widget-container\">\n\t\t\t<div class=\"elementor-custom-embed\"><iframe frameborder=\"0\" scrolling=\"no\" marginheight=\"0\" marginwidth=\"0\" src=\"https:\/\/maps.google.com\/maps?q=Hydropolis&amp;t=m&amp;z=14&amp;output=embed&amp;iwloc=near\" title=\"Hydropolis\" aria-label=\"Hydropolis\"><\/iframe><\/div>\t\t<\/div>\n\t\t\t\t<\/div>\n\t\t\t\t<div class=\"elementor-element elementor-element-1de0884 elementor-widget elementor-widget-spacer\" data-id=\"1de0884\" data-element_type=\"widget\" data-widget_type=\"spacer.default\">\n\t\t\t\t<div class=\"elementor-widget-container\">\n\t\t\t\t\t<div class=\"elementor-spacer\">\n\t\t\t<div class=\"elementor-spacer-inner\"><\/div>\n\t\t<\/div>\n\t\t\t\t<\/div>\n\t\t\t\t<\/div>\n\t\t\t\t\t<\/div>\n\t\t<\/div>\n\t\t\t\t\t\t\t<\/div>\n\t\t<\/section>\n\t\t\t\t<section class=\"elementor-section elementor-top-section elementor-element elementor-element-e074e7d elementor-section-boxed elementor-section-height-default elementor-section-height-default\" data-id=\"e074e7d\" data-element_type=\"section\">\n\t\t\t\t\t\t<div class=\"elementor-container elementor-column-gap-default\">\n\t\t\t\t\t<div class=\"elementor-column elementor-col-100 elementor-top-column elementor-element elementor-element-1e25811\" data-id=\"1e25811\" data-element_type=\"column\">\n\t\t\t<div class=\"elementor-widget-wrap\">\n\t\t\t\t\t\t\t\t\t<\/div>\n\t\t<\/div>\n\t\t\t\t\t\t\t<\/div>\n\t\t<\/section>\n\t\t\t\t\t\t<\/div>\n\t\t\t\t\t<\/div>","protected":false},"excerpt":{"rendered":"<p>Hydropolis Wroc\u0142awskie Hydropolis to co\u015b wi\u0119cej ni\u017c zwyk\u0142e muzeum o wodzie.\u00a0To niesamowite, ca\u0142kowicie interaktywne centrum wiedzy wykonane w nowoczesnej formie. Stanowi \u015bwietny pomys\u0142 na sp\u0119dzenie czasu zar\u00f3wno dla dzieci jak&hellip;&nbsp;<a href=\"https:\/\/wroclaw-info.pl\/en\/top-10-we-wroclawiu\/hydropolis\/\" class=\"\" rel=\"bookmark\">Read More &raquo;<span class=\"screen-reader-text\">Hydropolis<\/span><\/a><\/p>","protected":false},"author":1,"featured_media":0,"parent":476,"menu_order":-1,"comment_status":"closed","ping_status":"closed","template":"elementor_header_footer","meta":{"neve_meta_sidebar":"full-width","neve_meta_container":"","neve_meta_enable_content_width":"on","neve_meta_content_width":100,"neve_meta_title_alignment":"","neve_meta_author_avatar":"","neve_post_elements_order":"","neve_meta_disable_header":"","neve_meta_disable_footer":"","neve_meta_disable_title":"","_themeisle_gutenberg_block_has_review":false,"_ti_tpc_template_sync":false,"_ti_tpc_template_id":"","footnotes":""},"class_list":["post-630","page","type-page","status-publish","hentry"],"yoast_head":"<!-- This site is optimized with the Yoast SEO Premium plugin v16.3 (Yoast SEO v21.7) - https:\/\/yoast.com\/wordpress\/plugins\/seo\/ -->\n<title>Hydropolis - Centrum Informacji Turystycznej<\/title>\n<meta name=\"robots\" content=\"index, follow, max-snippet:-1, max-image-preview:large, max-video-preview:-1\" \/>\n<link rel=\"canonical\" href=\"https:\/\/wroclaw-info.pl\/en\/top-10-we-wroclawiu\/hydropolis\/\" \/>\n<meta property=\"og:locale\" content=\"en_GB\" \/>\n<meta property=\"og:type\" content=\"article\" \/>\n<meta property=\"og:title\" content=\"Hydropolis - Centrum Informacji Turystycznej\" \/>\n<meta property=\"og:description\" content=\"Hydropolis Wroc\u0142awskie Hydropolis to co\u015b wi\u0119cej ni\u017c zwyk\u0142e muzeum o wodzie.\u00a0To niesamowite, ca\u0142kowicie interaktywne centrum wiedzy wykonane w nowoczesnej formie. Stanowi \u015bwietny pomys\u0142 na sp\u0119dzenie czasu zar\u00f3wno dla dzieci jak&hellip;&nbsp;Read More &raquo;Hydropolis\" \/>\n<meta property=\"og:url\" content=\"https:\/\/wroclaw-info.pl\/en\/top-10-we-wroclawiu\/hydropolis\/\" \/>\n<meta property=\"og:site_name\" content=\"Centrum Informacji Turystycznej\" \/>\n<meta property=\"article:modified_time\" content=\"2021-07-22T08:53:28+00:00\" \/>\n<meta property=\"og:image\" content=\"http:\/\/wroclaw-info.pl\/wp-content\/uploads\/2021\/07\/wroclaw-hydropolis.png\" \/>\n<meta name=\"twitter:card\" content=\"summary_large_image\" \/>\n<meta name=\"twitter:label1\" content=\"Estimated reading time\" \/>\n\t<meta name=\"twitter:data1\" content=\"1 minute\" \/>\n<script type=\"application\/ld+json\" class=\"yoast-schema-graph\">{\"@context\":\"https:\/\/schema.org\",\"@graph\":[{\"@type\":\"WebPage\",\"@id\":\"https:\/\/wroclaw-info.pl\/top-10-we-wroclawiu\/hydropolis\/\",\"url\":\"https:\/\/wroclaw-info.pl\/top-10-we-wroclawiu\/hydropolis\/\",\"name\":\"Hydropolis - Centrum Informacji Turystycznej\",\"isPartOf\":{\"@id\":\"https:\/\/wroclaw-info.pl\/#website\"},\"datePublished\":\"2021-07-21T20:06:15+00:00\",\"dateModified\":\"2021-07-22T08:53:28+00:00\",\"breadcrumb\":{\"@id\":\"https:\/\/wroclaw-info.pl\/top-10-we-wroclawiu\/hydropolis\/#breadcrumb\"},\"inLanguage\":\"en-GB\",\"potentialAction\":[{\"@type\":\"ReadAction\",\"target\":[\"https:\/\/wroclaw-info.pl\/top-10-we-wroclawiu\/hydropolis\/\"]}]},{\"@type\":\"BreadcrumbList\",\"@id\":\"https:\/\/wroclaw-info.pl\/top-10-we-wroclawiu\/hydropolis\/#breadcrumb\",\"itemListElement\":[{\"@type\":\"ListItem\",\"position\":1,\"name\":\"Home\",\"item\":\"https:\/\/wroclaw-info.pl\/\"},{\"@type\":\"ListItem\",\"position\":2,\"name\":\"Top 10\",\"item\":\"https:\/\/wroclaw-info.pl\/top-10-we-wroclawiu\/\"},{\"@type\":\"ListItem\",\"position\":3,\"name\":\"Hydropolis\"}]},{\"@type\":\"WebSite\",\"@id\":\"https:\/\/wroclaw-info.pl\/#website\",\"url\":\"https:\/\/wroclaw-info.pl\/\",\"name\":\"Centrum Informacji Turystycznej\",\"description\":\"Centrum Informacji Turystycznej we Wroc\u0142awiu\",\"publisher\":{\"@id\":\"https:\/\/wroclaw-info.pl\/#organization\"},\"potentialAction\":[{\"@type\":\"SearchAction\",\"target\":{\"@type\":\"EntryPoint\",\"urlTemplate\":\"https:\/\/wroclaw-info.pl\/?s={search_term_string}\"},\"query-input\":\"required name=search_term_string\"}],\"inLanguage\":\"en-GB\"},{\"@type\":\"Organization\",\"@id\":\"https:\/\/wroclaw-info.pl\/#organization\",\"name\":\"Centrum Informacji Turystycznej\",\"url\":\"https:\/\/wroclaw-info.pl\/\",\"logo\":{\"@type\":\"ImageObject\",\"inLanguage\":\"en-GB\",\"@id\":\"https:\/\/wroclaw-info.pl\/#\/schema\/logo\/image\/\",\"url\":\"https:\/\/wroclaw-info.pl\/wp-content\/uploads\/2021\/05\/Wroclaw_info.png\",\"contentUrl\":\"https:\/\/wroclaw-info.pl\/wp-content\/uploads\/2021\/05\/Wroclaw_info.png\",\"width\":591,\"height\":591,\"caption\":\"Centrum Informacji Turystycznej\"},\"image\":{\"@id\":\"https:\/\/wroclaw-info.pl\/#\/schema\/logo\/image\/\"}}]}<\/script>\n<!-- \/ Yoast SEO Premium plugin. -->","yoast_head_json":{"title":"Hydropolis - Centrum Informacji Turystycznej","robots":{"index":"index","follow":"follow","max-snippet":"max-snippet:-1","max-image-preview":"max-image-preview:large","max-video-preview":"max-video-preview:-1"},"canonical":"https:\/\/wroclaw-info.pl\/en\/top-10-we-wroclawiu\/hydropolis\/","og_locale":"en_GB","og_type":"article","og_title":"Hydropolis - Centrum Informacji Turystycznej","og_description":"Hydropolis Wroc\u0142awskie Hydropolis to co\u015b wi\u0119cej ni\u017c zwyk\u0142e muzeum o wodzie.\u00a0To niesamowite, ca\u0142kowicie interaktywne centrum wiedzy wykonane w nowoczesnej formie. Stanowi \u015bwietny pomys\u0142 na sp\u0119dzenie czasu zar\u00f3wno dla dzieci jak&hellip;&nbsp;Read More &raquo;Hydropolis","og_url":"https:\/\/wroclaw-info.pl\/en\/top-10-we-wroclawiu\/hydropolis\/","og_site_name":"Centrum Informacji Turystycznej","article_modified_time":"2021-07-22T08:53:28+00:00","og_image":[{"url":"http:\/\/wroclaw-info.pl\/wp-content\/uploads\/2021\/07\/wroclaw-hydropolis.png"}],"twitter_card":"summary_large_image","twitter_misc":{"Estimated reading time":"1 minute"},"schema":{"@context":"https:\/\/schema.org","@graph":[{"@type":"WebPage","@id":"https:\/\/wroclaw-info.pl\/top-10-we-wroclawiu\/hydropolis\/","url":"https:\/\/wroclaw-info.pl\/top-10-we-wroclawiu\/hydropolis\/","name":"Hydropolis - Centrum Informacji Turystycznej","isPartOf":{"@id":"https:\/\/wroclaw-info.pl\/#website"},"datePublished":"2021-07-21T20:06:15+00:00","dateModified":"2021-07-22T08:53:28+00:00","breadcrumb":{"@id":"https:\/\/wroclaw-info.pl\/top-10-we-wroclawiu\/hydropolis\/#breadcrumb"},"inLanguage":"en-GB","potentialAction":[{"@type":"ReadAction","target":["https:\/\/wroclaw-info.pl\/top-10-we-wroclawiu\/hydropolis\/"]}]},{"@type":"BreadcrumbList","@id":"https:\/\/wroclaw-info.pl\/top-10-we-wroclawiu\/hydropolis\/#breadcrumb","itemListElement":[{"@type":"ListItem","position":1,"name":"Home","item":"https:\/\/wroclaw-info.pl\/"},{"@type":"ListItem","position":2,"name":"Top 10","item":"https:\/\/wroclaw-info.pl\/top-10-we-wroclawiu\/"},{"@type":"ListItem","position":3,"name":"Hydropolis"}]},{"@type":"WebSite","@id":"https:\/\/wroclaw-info.pl\/#website","url":"https:\/\/wroclaw-info.pl\/","name":"Centrum Informacji Turystycznej","description":"Centrum Informacji Turystycznej we Wroc\u0142awiu","publisher":{"@id":"https:\/\/wroclaw-info.pl\/#organization"},"potentialAction":[{"@type":"SearchAction","target":{"@type":"EntryPoint","urlTemplate":"https:\/\/wroclaw-info.pl\/?s={search_term_string}"},"query-input":"required name=search_term_string"}],"inLanguage":"en-GB"},{"@type":"Organization","@id":"https:\/\/wroclaw-info.pl\/#organization","name":"Centrum Informacji Turystycznej","url":"https:\/\/wroclaw-info.pl\/","logo":{"@type":"ImageObject","inLanguage":"en-GB","@id":"https:\/\/wroclaw-info.pl\/#\/schema\/logo\/image\/","url":"https:\/\/wroclaw-info.pl\/wp-content\/uploads\/2021\/05\/Wroclaw_info.png","contentUrl":"https:\/\/wroclaw-info.pl\/wp-content\/uploads\/2021\/05\/Wroclaw_info.png","width":591,"height":591,"caption":"Centrum Informacji Turystycznej"},"image":{"@id":"https:\/\/wroclaw-info.pl\/#\/schema\/logo\/image\/"}}]}},"_links":{"self":[{"href":"https:\/\/wroclaw-info.pl\/en\/wp-json\/wp\/v2\/pages\/630","targetHints":{"allow":["GET"]}}],"collection":[{"href":"https:\/\/wroclaw-info.pl\/en\/wp-json\/wp\/v2\/pages"}],"about":[{"href":"https:\/\/wroclaw-info.pl\/en\/wp-json\/wp\/v2\/types\/page"}],"author":[{"embeddable":true,"href":"https:\/\/wroclaw-info.pl\/en\/wp-json\/wp\/v2\/users\/1"}],"replies":[{"embeddable":true,"href":"https:\/\/wroclaw-info.pl\/en\/wp-json\/wp\/v2\/comments?post=630"}],"version-history":[{"count":4,"href":"https:\/\/wroclaw-info.pl\/en\/wp-json\/wp\/v2\/pages\/630\/revisions"}],"predecessor-version":[{"id":680,"href":"https:\/\/wroclaw-info.pl\/en\/wp-json\/wp\/v2\/pages\/630\/revisions\/680"}],"up":[{"embeddable":true,"href":"https:\/\/wroclaw-info.pl\/en\/wp-json\/wp\/v2\/pages\/476"}],"wp:attachment":[{"href":"https:\/\/wroclaw-info.pl\/en\/wp-json\/wp\/v2\/media?parent=630"}],"curies":[{"name":"wp","href":"https:\/\/api.w.org\/{rel}","templated":true}]}}