{"id":632,"date":"2021-07-21T20:06:39","date_gmt":"2021-07-21T20:06:39","guid":{"rendered":"http:\/\/wroclaw-info.pl\/?page_id=632"},"modified":"2021-07-22T08:57:52","modified_gmt":"2021-07-22T08:57:52","slug":"nadodrze","status":"publish","type":"page","link":"https:\/\/wroclaw-info.pl\/en\/top-10-we-wroclawiu\/nadodrze\/","title":{"rendered":"Nadodrze"},"content":{"rendered":"<div data-elementor-type=\"wp-page\" data-elementor-id=\"632\" class=\"elementor elementor-632\" data-elementor-settings=\"[]\">\n\t\t\t\t\t\t\t<div class=\"elementor-section-wrap\">\n\t\t\t\t\t\t\t<section class=\"elementor-section elementor-top-section elementor-element elementor-element-48f919c elementor-section-height-min-height elementor-section-boxed elementor-section-height-default elementor-section-items-middle\" data-id=\"48f919c\" data-element_type=\"section\" data-settings=\"{&quot;background_background&quot;:&quot;classic&quot;}\">\n\t\t\t\t\t\t\t<div class=\"elementor-background-overlay\"><\/div>\n\t\t\t\t\t\t\t<div class=\"elementor-container elementor-column-gap-extended\">\n\t\t\t\t\t<div class=\"elementor-column elementor-col-100 elementor-top-column elementor-element elementor-element-858f1dc\" data-id=\"858f1dc\" data-element_type=\"column\" data-settings=\"{&quot;background_background&quot;:&quot;classic&quot;}\">\n\t\t\t<div class=\"elementor-widget-wrap elementor-element-populated\">\n\t\t\t\t\t\t\t\t<div class=\"elementor-element elementor-element-a3af426 elementor-widget elementor-widget-heading\" data-id=\"a3af426\" data-element_type=\"widget\" data-widget_type=\"heading.default\">\n\t\t\t\t<div class=\"elementor-widget-container\">\n\t\t\t<h2 class=\"elementor-heading-title elementor-size-xl\">Wroc\u0142awskie Nadodrze<\/h2>\t\t<\/div>\n\t\t\t\t<\/div>\n\t\t\t\t<div class=\"elementor-element elementor-element-440c262 elementor-widget elementor-widget-text-editor\" data-id=\"440c262\" data-element_type=\"widget\" data-widget_type=\"text-editor.default\">\n\t\t\t\t<div class=\"elementor-widget-container\">\n\t\t\t\t\t\t\t\t<p style=\"text-align: left;\"><strong>Odkryj tajemnice wroc\u0142awskich ulic!<\/strong><\/p><p>Wroc\u0142awskie osiedle Nadodrze jest pe\u0142nym sprzeczno\u015bci, fascynuj\u0105cym miejscem. Z jednej strony wsp\u00f3\u0142czesne, kolorowe, oraz pe\u0142ne miejskiego \u017cycia &#8211; z drugiej jednak, wci\u0105\u017c pami\u0119ta wojenne czasy i stale wymaga ogromnego nak\u0142adu pracy. Niezwyk\u0142e, tajemnicze, alternatywne &#8211; Wroc\u0142awskie nadodrze mo\u017cna opisa\u0107 na wiele sposob\u00f3w. <img loading=\"lazy\" decoding=\"async\" class=\"alignleft size-full wp-image-500\" src=\"http:\/\/wroclaw-info.pl\/wp-content\/uploads\/2021\/07\/podworze-nadodrze-wroclaw.png\" alt=\"\" width=\"478\" height=\"354\" srcset=\"https:\/\/wroclaw-info.pl\/wp-content\/uploads\/2021\/07\/podworze-nadodrze-wroclaw.png 478w, https:\/\/wroclaw-info.pl\/wp-content\/uploads\/2021\/07\/podworze-nadodrze-wroclaw-300x222.png 300w, https:\/\/wroclaw-info.pl\/wp-content\/uploads\/2021\/07\/podworze-nadodrze-wroclaw-16x12.png 16w\" sizes=\"auto, (max-width: 478px) 100vw, 478px\" \/>To tu, zaraz po zako\u0144czeniu II wojny \u015bwiatowej przybyli pierwsi Polacy, aby zasiedli\u0107 nowe ziemie. Na nadodrzu otworzono tak\u017ce pierwszy po wojnie dworzec kolejowy, kt\u00f3ry m\u00f3g\u0142 przyjmowa\u0107 poci\u0105gi ze wschodu. Otwarto tu tak\u017ce posterunek policji, restauracj\u0119 oraz lini\u0119 tramwajow\u0105 nr 1, \u0142\u0105cz\u0105c\u0105 Nadodrze wraz z Biskupinem. B\u0119d\u0105c na tym osiedlu, koniecznie polecamy zajrze\u0107 na ul. Roosevelta, gdzie znajduje si\u0119 tak zwane \u201cKolorowe Podw\u00f3rko\u201d &#8211; miejsce pracy zar\u00f3wno wielu artyst\u00f3w, jak i zwyk\u0142ych mieszka\u0144c\u00f3w. Pomys\u0142odawc\u0105 podw\u00f3rka by\u0142 malarz Mariusz Miko\u0142ajek, kt\u00f3ry anga\u017cuj\u0105c znaczn\u0105 cz\u0119\u015b\u0107 mieszka\u0144c\u00f3w osiedla, zach\u0119ca\u0142, by Ci zmienili swoje brzydkie, nieatrakcyjne podw\u00f3rko we wspania\u0142e miejsce, kt\u00f3re dzi\u015b odwiedza wielu turyst\u00f3w. \u201cNiemural\u201d &#8211; bo tak nazwano podw\u00f3rko (ze wzgl\u0119du na po\u0142\u0105czenie ceramiki, malarstwa oraz rze\u017aby) ma powierzchni\u0119 ponad 1200 m2 i 250 m d\u0142ugo\u015bci.<\/p><p>Polecamy zajrze\u0107 do InfoPunkt Nadodrze przy ul. \u0141okietka 5, gdzie mo\u017cna otrzyma\u0107 map\u0119 osiedla wraz z oznaczeniem najciekawszych miejsc, restauracji oraz miejsc pracy rzemie\u015blnik\u00f3w.<\/p>\t\t\t\t\t\t<\/div>\n\t\t\t\t<\/div>\n\t\t\t\t<div class=\"elementor-element elementor-element-6d7cdffa elementor-align-center elementor-mobile-align-justify elementor-tablet-align-left elementor-widget elementor-widget-button\" data-id=\"6d7cdffa\" data-element_type=\"widget\" data-widget_type=\"button.default\">\n\t\t\t\t<div class=\"elementor-widget-container\">\n\t\t\t\t\t<div class=\"elementor-button-wrapper\">\n\t\t\t<a href=\"http:\/\/footsteps.city\/trasy\/trasa\/?title=Wroc%C5%82awskie%20Nadodrze&#038;id=0RzNXJWl5B\" target=\"_blank\" class=\"elementor-button-link elementor-button elementor-size-lg\" role=\"button\">\n\t\t\t\t\t\t<span class=\"elementor-button-content-wrapper\">\n\t\t\t\t\t\t<span class=\"elementor-button-icon elementor-align-icon-left\">\n\t\t\t\t<i aria-hidden=\"true\" class=\"fas fa-search-location\"><\/i>\t\t\t<\/span>\n\t\t\t\t\t\t<span class=\"elementor-button-text\">Wi\u0119cej informacji<\/span>\n\t\t<\/span>\n\t\t\t\t\t<\/a>\n\t\t<\/div>\n\t\t\t\t<\/div>\n\t\t\t\t<\/div>\n\t\t\t\t\t<\/div>\n\t\t<\/div>\n\t\t\t\t\t\t\t<\/div>\n\t\t<\/section>\n\t\t\t\t<section class=\"elementor-section elementor-top-section elementor-element elementor-element-98fc40d elementor-section-boxed elementor-section-height-default elementor-section-height-default\" data-id=\"98fc40d\" data-element_type=\"section\" data-settings=\"{&quot;background_background&quot;:&quot;classic&quot;}\">\n\t\t\t\t\t\t<div class=\"elementor-container elementor-column-gap-default\">\n\t\t\t\t\t\t\t\t<\/div>\n\t\t<\/section>\n\t\t\t\t<section class=\"elementor-section elementor-top-section elementor-element elementor-element-9f050b1 elementor-section-boxed elementor-section-height-default elementor-section-height-default\" data-id=\"9f050b1\" data-element_type=\"section\">\n\t\t\t\t\t\t<div class=\"elementor-container elementor-column-gap-default\">\n\t\t\t\t\t<div class=\"elementor-column elementor-col-100 elementor-top-column elementor-element elementor-element-e6a152b\" data-id=\"e6a152b\" data-element_type=\"column\">\n\t\t\t<div class=\"elementor-widget-wrap elementor-element-populated\">\n\t\t\t\t\t\t\t\t<div class=\"elementor-element elementor-element-c3ba58b elementor-widget elementor-widget-spacer\" data-id=\"c3ba58b\" data-element_type=\"widget\" data-widget_type=\"spacer.default\">\n\t\t\t\t<div class=\"elementor-widget-container\">\n\t\t\t\t\t<div class=\"elementor-spacer\">\n\t\t\t<div class=\"elementor-spacer-inner\"><\/div>\n\t\t<\/div>\n\t\t\t\t<\/div>\n\t\t\t\t<\/div>\n\t\t\t\t<div class=\"elementor-element elementor-element-922744f elementor-view-default elementor-widget elementor-widget-icon\" data-id=\"922744f\" data-element_type=\"widget\" data-widget_type=\"icon.default\">\n\t\t\t\t<div class=\"elementor-widget-container\">\n\t\t\t\t\t<div class=\"elementor-icon-wrapper\">\n\t\t\t<div class=\"elementor-icon\">\n\t\t\t<i aria-hidden=\"true\" class=\"fas fa-map-marked-alt\"><\/i>\t\t\t<\/div>\n\t\t<\/div>\n\t\t\t\t<\/div>\n\t\t\t\t<\/div>\n\t\t\t\t<div class=\"elementor-element elementor-element-f337a79 elementor-widget elementor-widget-spacer\" data-id=\"f337a79\" data-element_type=\"widget\" data-widget_type=\"spacer.default\">\n\t\t\t\t<div class=\"elementor-widget-container\">\n\t\t\t\t\t<div class=\"elementor-spacer\">\n\t\t\t<div class=\"elementor-spacer-inner\"><\/div>\n\t\t<\/div>\n\t\t\t\t<\/div>\n\t\t\t\t<\/div>\n\t\t\t\t<div class=\"elementor-element elementor-element-299d04a elementor-widget elementor-widget-google_maps\" data-id=\"299d04a\" data-element_type=\"widget\" data-widget_type=\"google_maps.default\">\n\t\t\t\t<div class=\"elementor-widget-container\">\n\t\t\t<div class=\"elementor-custom-embed\"><iframe frameborder=\"0\" scrolling=\"no\" marginheight=\"0\" marginwidth=\"0\" src=\"https:\/\/maps.google.com\/maps?q=Nadodrze&amp;t=m&amp;z=15&amp;output=embed&amp;iwloc=near\" title=\"Nadodrze\" aria-label=\"Nadodrze\"><\/iframe><\/div>\t\t<\/div>\n\t\t\t\t<\/div>\n\t\t\t\t<div class=\"elementor-element elementor-element-1de0884 elementor-widget elementor-widget-spacer\" data-id=\"1de0884\" data-element_type=\"widget\" data-widget_type=\"spacer.default\">\n\t\t\t\t<div class=\"elementor-widget-container\">\n\t\t\t\t\t<div class=\"elementor-spacer\">\n\t\t\t<div class=\"elementor-spacer-inner\"><\/div>\n\t\t<\/div>\n\t\t\t\t<\/div>\n\t\t\t\t<\/div>\n\t\t\t\t\t<\/div>\n\t\t<\/div>\n\t\t\t\t\t\t\t<\/div>\n\t\t<\/section>\n\t\t\t\t<section class=\"elementor-section elementor-top-section elementor-element elementor-element-e074e7d elementor-section-boxed elementor-section-height-default elementor-section-height-default\" data-id=\"e074e7d\" data-element_type=\"section\">\n\t\t\t\t\t\t<div class=\"elementor-container elementor-column-gap-default\">\n\t\t\t\t\t<div class=\"elementor-column elementor-col-100 elementor-top-column elementor-element elementor-element-1e25811\" data-id=\"1e25811\" data-element_type=\"column\">\n\t\t\t<div class=\"elementor-widget-wrap\">\n\t\t\t\t\t\t\t\t\t<\/div>\n\t\t<\/div>\n\t\t\t\t\t\t\t<\/div>\n\t\t<\/section>\n\t\t\t\t\t\t<\/div>\n\t\t\t\t\t<\/div>","protected":false},"excerpt":{"rendered":"<p>Wroc\u0142awskie Nadodrze Odkryj tajemnice wroc\u0142awskich ulic! Wroc\u0142awskie osiedle Nadodrze jest pe\u0142nym sprzeczno\u015bci, fascynuj\u0105cym miejscem. Z jednej strony wsp\u00f3\u0142czesne, kolorowe, oraz pe\u0142ne miejskiego \u017cycia &#8211; z drugiej jednak, wci\u0105\u017c pami\u0119ta wojenne&hellip;&nbsp;<a href=\"https:\/\/wroclaw-info.pl\/en\/top-10-we-wroclawiu\/nadodrze\/\" class=\"\" rel=\"bookmark\">Read More &raquo;<span class=\"screen-reader-text\">Nadodrze<\/span><\/a><\/p>","protected":false},"author":1,"featured_media":0,"parent":476,"menu_order":-1,"comment_status":"closed","ping_status":"closed","template":"elementor_header_footer","meta":{"neve_meta_sidebar":"full-width","neve_meta_container":"","neve_meta_enable_content_width":"on","neve_meta_content_width":100,"neve_meta_title_alignment":"","neve_meta_author_avatar":"","neve_post_elements_order":"","neve_meta_disable_header":"","neve_meta_disable_footer":"","neve_meta_disable_title":"","_themeisle_gutenberg_block_has_review":false,"_ti_tpc_template_sync":false,"_ti_tpc_template_id":"","footnotes":""},"class_list":["post-632","page","type-page","status-publish","hentry"],"yoast_head":"<!-- This site is optimized with the Yoast SEO Premium plugin v16.3 (Yoast SEO v21.7) - https:\/\/yoast.com\/wordpress\/plugins\/seo\/ -->\n<title>Nadodrze - Centrum Informacji Turystycznej<\/title>\n<meta name=\"robots\" content=\"index, follow, max-snippet:-1, max-image-preview:large, max-video-preview:-1\" \/>\n<link rel=\"canonical\" href=\"https:\/\/wroclaw-info.pl\/en\/top-10-we-wroclawiu\/nadodrze\/\" \/>\n<meta property=\"og:locale\" content=\"en_GB\" \/>\n<meta property=\"og:type\" content=\"article\" \/>\n<meta property=\"og:title\" content=\"Nadodrze - Centrum Informacji Turystycznej\" \/>\n<meta property=\"og:description\" content=\"Wroc\u0142awskie Nadodrze Odkryj tajemnice wroc\u0142awskich ulic! Wroc\u0142awskie osiedle Nadodrze jest pe\u0142nym sprzeczno\u015bci, fascynuj\u0105cym miejscem. Z jednej strony wsp\u00f3\u0142czesne, kolorowe, oraz pe\u0142ne miejskiego \u017cycia &#8211; z drugiej jednak, wci\u0105\u017c pami\u0119ta wojenne&hellip;&nbsp;Read More &raquo;Nadodrze\" \/>\n<meta property=\"og:url\" content=\"https:\/\/wroclaw-info.pl\/en\/top-10-we-wroclawiu\/nadodrze\/\" \/>\n<meta property=\"og:site_name\" content=\"Centrum Informacji Turystycznej\" \/>\n<meta property=\"article:modified_time\" content=\"2021-07-22T08:57:52+00:00\" \/>\n<meta property=\"og:image\" content=\"http:\/\/wroclaw-info.pl\/wp-content\/uploads\/2021\/07\/podworze-nadodrze-wroclaw.png\" \/>\n<meta name=\"twitter:card\" content=\"summary_large_image\" \/>\n<meta name=\"twitter:label1\" content=\"Estimated reading time\" \/>\n\t<meta name=\"twitter:data1\" content=\"2 minutes\" \/>\n<script type=\"application\/ld+json\" class=\"yoast-schema-graph\">{\"@context\":\"https:\/\/schema.org\",\"@graph\":[{\"@type\":\"WebPage\",\"@id\":\"https:\/\/wroclaw-info.pl\/top-10-we-wroclawiu\/nadodrze\/\",\"url\":\"https:\/\/wroclaw-info.pl\/top-10-we-wroclawiu\/nadodrze\/\",\"name\":\"Nadodrze - Centrum Informacji Turystycznej\",\"isPartOf\":{\"@id\":\"https:\/\/wroclaw-info.pl\/#website\"},\"datePublished\":\"2021-07-21T20:06:39+00:00\",\"dateModified\":\"2021-07-22T08:57:52+00:00\",\"breadcrumb\":{\"@id\":\"https:\/\/wroclaw-info.pl\/top-10-we-wroclawiu\/nadodrze\/#breadcrumb\"},\"inLanguage\":\"en-GB\",\"potentialAction\":[{\"@type\":\"ReadAction\",\"target\":[\"https:\/\/wroclaw-info.pl\/top-10-we-wroclawiu\/nadodrze\/\"]}]},{\"@type\":\"BreadcrumbList\",\"@id\":\"https:\/\/wroclaw-info.pl\/top-10-we-wroclawiu\/nadodrze\/#breadcrumb\",\"itemListElement\":[{\"@type\":\"ListItem\",\"position\":1,\"name\":\"Home\",\"item\":\"https:\/\/wroclaw-info.pl\/\"},{\"@type\":\"ListItem\",\"position\":2,\"name\":\"Top 10\",\"item\":\"https:\/\/wroclaw-info.pl\/top-10-we-wroclawiu\/\"},{\"@type\":\"ListItem\",\"position\":3,\"name\":\"Nadodrze\"}]},{\"@type\":\"WebSite\",\"@id\":\"https:\/\/wroclaw-info.pl\/#website\",\"url\":\"https:\/\/wroclaw-info.pl\/\",\"name\":\"Centrum Informacji Turystycznej\",\"description\":\"Centrum Informacji Turystycznej we Wroc\u0142awiu\",\"publisher\":{\"@id\":\"https:\/\/wroclaw-info.pl\/#organization\"},\"potentialAction\":[{\"@type\":\"SearchAction\",\"target\":{\"@type\":\"EntryPoint\",\"urlTemplate\":\"https:\/\/wroclaw-info.pl\/?s={search_term_string}\"},\"query-input\":\"required name=search_term_string\"}],\"inLanguage\":\"en-GB\"},{\"@type\":\"Organization\",\"@id\":\"https:\/\/wroclaw-info.pl\/#organization\",\"name\":\"Centrum Informacji Turystycznej\",\"url\":\"https:\/\/wroclaw-info.pl\/\",\"logo\":{\"@type\":\"ImageObject\",\"inLanguage\":\"en-GB\",\"@id\":\"https:\/\/wroclaw-info.pl\/#\/schema\/logo\/image\/\",\"url\":\"https:\/\/wroclaw-info.pl\/wp-content\/uploads\/2021\/05\/Wroclaw_info.png\",\"contentUrl\":\"https:\/\/wroclaw-info.pl\/wp-content\/uploads\/2021\/05\/Wroclaw_info.png\",\"width\":591,\"height\":591,\"caption\":\"Centrum Informacji Turystycznej\"},\"image\":{\"@id\":\"https:\/\/wroclaw-info.pl\/#\/schema\/logo\/image\/\"}}]}<\/script>\n<!-- \/ Yoast SEO Premium plugin. -->","yoast_head_json":{"title":"Nadodrze - Centrum Informacji Turystycznej","robots":{"index":"index","follow":"follow","max-snippet":"max-snippet:-1","max-image-preview":"max-image-preview:large","max-video-preview":"max-video-preview:-1"},"canonical":"https:\/\/wroclaw-info.pl\/en\/top-10-we-wroclawiu\/nadodrze\/","og_locale":"en_GB","og_type":"article","og_title":"Nadodrze - Centrum Informacji Turystycznej","og_description":"Wroc\u0142awskie Nadodrze Odkryj tajemnice wroc\u0142awskich ulic! Wroc\u0142awskie osiedle Nadodrze jest pe\u0142nym sprzeczno\u015bci, fascynuj\u0105cym miejscem. Z jednej strony wsp\u00f3\u0142czesne, kolorowe, oraz pe\u0142ne miejskiego \u017cycia &#8211; z drugiej jednak, wci\u0105\u017c pami\u0119ta wojenne&hellip;&nbsp;Read More &raquo;Nadodrze","og_url":"https:\/\/wroclaw-info.pl\/en\/top-10-we-wroclawiu\/nadodrze\/","og_site_name":"Centrum Informacji Turystycznej","article_modified_time":"2021-07-22T08:57:52+00:00","og_image":[{"url":"http:\/\/wroclaw-info.pl\/wp-content\/uploads\/2021\/07\/podworze-nadodrze-wroclaw.png"}],"twitter_card":"summary_large_image","twitter_misc":{"Estimated reading time":"2 minutes"},"schema":{"@context":"https:\/\/schema.org","@graph":[{"@type":"WebPage","@id":"https:\/\/wroclaw-info.pl\/top-10-we-wroclawiu\/nadodrze\/","url":"https:\/\/wroclaw-info.pl\/top-10-we-wroclawiu\/nadodrze\/","name":"Nadodrze - Centrum Informacji Turystycznej","isPartOf":{"@id":"https:\/\/wroclaw-info.pl\/#website"},"datePublished":"2021-07-21T20:06:39+00:00","dateModified":"2021-07-22T08:57:52+00:00","breadcrumb":{"@id":"https:\/\/wroclaw-info.pl\/top-10-we-wroclawiu\/nadodrze\/#breadcrumb"},"inLanguage":"en-GB","potentialAction":[{"@type":"ReadAction","target":["https:\/\/wroclaw-info.pl\/top-10-we-wroclawiu\/nadodrze\/"]}]},{"@type":"BreadcrumbList","@id":"https:\/\/wroclaw-info.pl\/top-10-we-wroclawiu\/nadodrze\/#breadcrumb","itemListElement":[{"@type":"ListItem","position":1,"name":"Home","item":"https:\/\/wroclaw-info.pl\/"},{"@type":"ListItem","position":2,"name":"Top 10","item":"https:\/\/wroclaw-info.pl\/top-10-we-wroclawiu\/"},{"@type":"ListItem","position":3,"name":"Nadodrze"}]},{"@type":"WebSite","@id":"https:\/\/wroclaw-info.pl\/#website","url":"https:\/\/wroclaw-info.pl\/","name":"Centrum Informacji Turystycznej","description":"Centrum Informacji Turystycznej we Wroc\u0142awiu","publisher":{"@id":"https:\/\/wroclaw-info.pl\/#organization"},"potentialAction":[{"@type":"SearchAction","target":{"@type":"EntryPoint","urlTemplate":"https:\/\/wroclaw-info.pl\/?s={search_term_string}"},"query-input":"required name=search_term_string"}],"inLanguage":"en-GB"},{"@type":"Organization","@id":"https:\/\/wroclaw-info.pl\/#organization","name":"Centrum Informacji Turystycznej","url":"https:\/\/wroclaw-info.pl\/","logo":{"@type":"ImageObject","inLanguage":"en-GB","@id":"https:\/\/wroclaw-info.pl\/#\/schema\/logo\/image\/","url":"https:\/\/wroclaw-info.pl\/wp-content\/uploads\/2021\/05\/Wroclaw_info.png","contentUrl":"https:\/\/wroclaw-info.pl\/wp-content\/uploads\/2021\/05\/Wroclaw_info.png","width":591,"height":591,"caption":"Centrum Informacji Turystycznej"},"image":{"@id":"https:\/\/wroclaw-info.pl\/#\/schema\/logo\/image\/"}}]}},"_links":{"self":[{"href":"https:\/\/wroclaw-info.pl\/en\/wp-json\/wp\/v2\/pages\/632","targetHints":{"allow":["GET"]}}],"collection":[{"href":"https:\/\/wroclaw-info.pl\/en\/wp-json\/wp\/v2\/pages"}],"about":[{"href":"https:\/\/wroclaw-info.pl\/en\/wp-json\/wp\/v2\/types\/page"}],"author":[{"embeddable":true,"href":"https:\/\/wroclaw-info.pl\/en\/wp-json\/wp\/v2\/users\/1"}],"replies":[{"embeddable":true,"href":"https:\/\/wroclaw-info.pl\/en\/wp-json\/wp\/v2\/comments?post=632"}],"version-history":[{"count":7,"href":"https:\/\/wroclaw-info.pl\/en\/wp-json\/wp\/v2\/pages\/632\/revisions"}],"predecessor-version":[{"id":687,"href":"https:\/\/wroclaw-info.pl\/en\/wp-json\/wp\/v2\/pages\/632\/revisions\/687"}],"up":[{"embeddable":true,"href":"https:\/\/wroclaw-info.pl\/en\/wp-json\/wp\/v2\/pages\/476"}],"wp:attachment":[{"href":"https:\/\/wroclaw-info.pl\/en\/wp-json\/wp\/v2\/media?parent=632"}],"curies":[{"name":"wp","href":"https:\/\/api.w.org\/{rel}","templated":true}]}}