{"id":899,"date":"2021-07-28T19:41:23","date_gmt":"2021-07-28T19:41:23","guid":{"rendered":"https:\/\/wroclaw-info.pl\/?page_id=899"},"modified":"2021-11-28T10:41:06","modified_gmt":"2021-11-28T10:41:06","slug":"przewodnicy-po-wroclawiu","status":"publish","type":"page","link":"https:\/\/wroclaw-info.pl\/en\/zaplanuj-pobyt\/przewodnicy-po-wroclawiu\/","title":{"rendered":"Przewodnicy"},"content":{"rendered":"<div data-elementor-type=\"wp-page\" data-elementor-id=\"899\" class=\"elementor elementor-899\" data-elementor-settings=\"[]\">\n\t\t\t\t\t\t\t<div class=\"elementor-section-wrap\">\n\t\t\t\t\t\t\t<section class=\"elementor-section elementor-top-section elementor-element elementor-element-63a2b86 elementor-section-height-min-height elementor-section-boxed elementor-section-height-default elementor-section-items-middle\" data-id=\"63a2b86\" data-element_type=\"section\" data-settings=\"{&quot;background_background&quot;:&quot;classic&quot;}\">\n\t\t\t\t\t\t\t<div class=\"elementor-background-overlay\"><\/div>\n\t\t\t\t\t\t\t<div class=\"elementor-container elementor-column-gap-extended\">\n\t\t\t\t\t<div class=\"elementor-column elementor-col-50 elementor-top-column elementor-element elementor-element-9723513\" data-id=\"9723513\" data-element_type=\"column\">\n\t\t\t<div class=\"elementor-widget-wrap elementor-element-populated\">\n\t\t\t\t\t\t\t\t<div class=\"elementor-element elementor-element-bb05512 elementor-widget elementor-widget-image\" data-id=\"bb05512\" data-element_type=\"widget\" data-widget_type=\"image.default\">\n\t\t\t\t<div class=\"elementor-widget-container\">\n\t\t\t\t\t\t\t\t\t\t\t\t\t\t\t<img decoding=\"async\" src=\"https:\/\/wroclaw-info.pl\/wp-content\/uploads\/elementor\/thumbs\/261939764_4807186365959218_8460267652190598523_n-pgp55tp5snwgaq7bv81dest88w6mczy3s4361fx4uo.png\" title=\"261939764_4807186365959218_8460267652190598523_n\" alt=\"261939764_4807186365959218_8460267652190598523_n\" \/>\t\t\t\t\t\t\t\t\t\t\t\t\t\t\t<\/div>\n\t\t\t\t<\/div>\n\t\t\t\t\t<\/div>\n\t\t<\/div>\n\t\t\t\t<div class=\"elementor-column elementor-col-50 elementor-top-column elementor-element elementor-element-96d0f17\" data-id=\"96d0f17\" data-element_type=\"column\">\n\t\t\t<div class=\"elementor-widget-wrap elementor-element-populated\">\n\t\t\t\t\t\t\t\t<div class=\"elementor-element elementor-element-cfec9fc elementor-widget elementor-widget-heading\" data-id=\"cfec9fc\" data-element_type=\"widget\" data-widget_type=\"heading.default\">\n\t\t\t\t<div class=\"elementor-widget-container\">\n\t\t\t<h2 class=\"elementor-heading-title elementor-size-large\">Przewodnicy i wycieczki<\/h2>\t\t<\/div>\n\t\t\t\t<\/div>\n\t\t\t\t<div class=\"elementor-element elementor-element-25cf18f elementor-widget elementor-widget-text-editor\" data-id=\"25cf18f\" data-element_type=\"widget\" data-widget_type=\"text-editor.default\">\n\t\t\t\t<div class=\"elementor-widget-container\">\n\t\t\t\t\t\t\t\t<p>Wybierz najciekawsz\u0105 dla siebie form\u0119 zwiedzania Wroc\u0142awia. Z perspektywy meleksa, roweru czy te\u017c pieszego Wroc\u0142aw zawsze wygl\u0105da pi\u0119knie! Poni\u017cej znajdziesz najpopularniejsze rodzaje wycieczek po mie\u015bcie.\u00a0<\/p>\t\t\t\t\t\t<\/div>\n\t\t\t\t<\/div>\n\t\t\t\t\t<\/div>\n\t\t<\/div>\n\t\t\t\t\t\t\t<\/div>\n\t\t<\/section>\n\t\t\t\t<section class=\"elementor-section elementor-top-section elementor-element elementor-element-e0d71d3 elementor-section-boxed elementor-section-height-default elementor-section-height-default\" data-id=\"e0d71d3\" data-element_type=\"section\" data-settings=\"{&quot;background_background&quot;:&quot;classic&quot;}\">\n\t\t\t\t\t\t<div class=\"elementor-container elementor-column-gap-default\">\n\t\t\t\t\t<div class=\"elementor-column elementor-col-33 elementor-top-column elementor-element elementor-element-856b4a5\" data-id=\"856b4a5\" data-element_type=\"column\">\n\t\t\t<div class=\"elementor-widget-wrap elementor-element-populated\">\n\t\t\t\t\t\t\t\t<div class=\"elementor-element elementor-element-5783526 elementor-flip-box--effect-zoom-in elementor-widget elementor-widget-flip-box\" data-id=\"5783526\" data-element_type=\"widget\" data-widget_type=\"flip-box.default\">\n\t\t\t\t<div class=\"elementor-widget-container\">\n\t\t\t\t\t<div class=\"elementor-flip-box\">\n\t\t\t<div class=\"elementor-flip-box__layer elementor-flip-box__front\">\n\t\t\t\t<div class=\"elementor-flip-box__layer__overlay\">\n\t\t\t\t\t<div class=\"elementor-flip-box__layer__inner\">\n\t\t\t\t\t\t\t\t\t\t\t\t\t<div class=\"elementor-icon-wrapper elementor-view-default\">\n\t\t\t\t\t\t\t\t<div class=\"elementor-icon\">\n\t\t\t\t\t\t\t\t\t<svg xmlns=\"http:\/\/www.w3.org\/2000\/svg\" width=\"24px\" height=\"24px\" viewbox=\"0 0 24 24\" fill=\"none\" aria-labelledby=\"walkingIconTitle\" stroke=\"#000000\" stroke-width=\"2\" stroke-linecap=\"round\" stroke-linejoin=\"round\"><title id=\"walkingIconTitle\">Walking<\/title><circle cx=\"13\" cy=\"5\" r=\"1\"><\/circle><path d=\"M15 20L14 17L11 14M11 14L12 9M11 14L8 20M12 9L15 12L17 13M12 9L9 11L8 14\"><\/path><\/svg>\t\t\t\t\t\t\t\t<\/div>\n\t\t\t\t\t\t\t<\/div>\n\t\t\t\t\t\t\n\t\t\t\t\t\t\t\t\t\t\t\t\t<h3 class=\"elementor-flip-box__layer__title\">\n\t\t\t\t\t\t\t\tPieszo\t\t\t\t\t\t\t<\/h3>\n\t\t\t\t\t\t\n\t\t\t\t\t\t\t\t\t\t\t\t\t<div class=\"elementor-flip-box__layer__description\">\n\t\t\t\t\t\t\t\tLubisz zg\u0142\u0119bia\u0107 histori\u0119 w przyst\u0119pny spos\u00f3b? \t\t\t\t\t\t\t<\/div>\n\t\t\t\t\t\t\t\t\t\t\t<\/div>\n\t\t\t\t<\/div>\n\t\t\t<\/div>\n\t\t\t<div class=\"elementor-flip-box__layer elementor-flip-box__back\">\n\t\t\t<div class=\"elementor-flip-box__layer__overlay\">\n\t\t\t\t<div class=\"elementor-flip-box__layer__inner\">\n\t\t\t\t\t\t\t\t\t\t\t<h3 class=\"elementor-flip-box__layer__title\">\n\t\t\t\t\t\t\tPieszo\t\t\t\t\t\t<\/h3>\n\t\t\t\t\t\n\t\t\t\t\t\t\t\t\t\t\t<div class=\"elementor-flip-box__layer__description\">\n\t\t\t\t\t\t\tPolecamy spacery z licencjonowanymi przewodnikami!\t\t\t\t\t\t<\/div>\n\t\t\t\t\t\n\t\t\t\t\t\t\t\t\t\t\t<a class=\"elementor-flip-box__button elementor-button elementor-size-sm\" href=\"https:\/\/wroclaw-info.pl\/en\/zaplanuj-pobyt\/przewodnicy-po-wroclawiu\/zwiedzaj-pieszo\/\">\n\t\t\t\t\t\tSprawd\u017a\t\t\t\t\t\t<\/a>\n\t\t\t\t\t\t\t\t<\/div>\n\t\t<\/div>\n\t\t<\/div>\n\t\t<\/div>\n\t\t\t\t<\/div>\n\t\t\t\t<\/div>\n\t\t\t\t\t<\/div>\n\t\t<\/div>\n\t\t\t\t<div class=\"elementor-column elementor-col-33 elementor-top-column elementor-element elementor-element-bf1fb7a\" data-id=\"bf1fb7a\" data-element_type=\"column\">\n\t\t\t<div class=\"elementor-widget-wrap elementor-element-populated\">\n\t\t\t\t\t\t\t\t<div class=\"elementor-element elementor-element-3521b56 elementor-flip-box--effect-zoom-in elementor-widget elementor-widget-flip-box\" data-id=\"3521b56\" data-element_type=\"widget\" data-widget_type=\"flip-box.default\">\n\t\t\t\t<div class=\"elementor-widget-container\">\n\t\t\t\t\t<div class=\"elementor-flip-box\">\n\t\t\t<div class=\"elementor-flip-box__layer elementor-flip-box__front\">\n\t\t\t\t<div class=\"elementor-flip-box__layer__overlay\">\n\t\t\t\t\t<div class=\"elementor-flip-box__layer__inner\">\n\t\t\t\t\t\t\t\t\t\t\t\t\t<div class=\"elementor-icon-wrapper elementor-view-default\">\n\t\t\t\t\t\t\t\t<div class=\"elementor-icon\">\n\t\t\t\t\t\t\t\t\t<svg xmlns=\"http:\/\/www.w3.org\/2000\/svg\" xmlns:xlink=\"http:\/\/www.w3.org\/1999\/xlink\" id=\"Capa_1\" x=\"0px\" y=\"0px\" width=\"481.823px\" height=\"481.823px\" viewbox=\"0 0 481.823 481.823\" style=\"enable-background:new 0 0 481.823 481.823;\" xml:space=\"preserve\">\n<g>\n\t<g id=\"_x31_9_65_\">\n\t\t<path d=\"M393.043,206.632c-9.813,0-19.641,1.697-29.208,5.044l-1.996,0.698l-32.147-58.406v-25.365h38.517    c7.402,0,13.424-6.022,13.424-13.425s-6.021-13.425-13.424-13.425h-51.039c-7.401,0-13.424,6.022-13.424,13.425    c0,1.084,0.148,2.211,0.44,3.349l0.078,0.306v25.69H187.152l-9.644-21.476h27.897c7.009,0,12.71-5.703,12.71-12.714    c0-7.01-5.701-12.713-12.71-12.713h-95.083c-7.011,0-12.714,5.703-12.714,12.713c0,7.011,5.703,12.714,12.714,12.714h39.322    l8.49,19.248l-38.149,70.096l-2.007-0.703c-9.557-3.351-19.38-5.049-29.198-5.049C39.827,206.639,0,246.468,0,295.423    c0,48.953,39.827,88.779,88.78,88.779c43.436,0,80.206-31.113,87.434-73.98l0.351-2.086h37.787l0.724,0.688    c5.776,5.48,13.335,8.5,21.284,8.5c17.056,0,30.932-13.876,30.932-30.932c0-2.946-0.422-5.881-1.255-8.719l-0.293-0.998    l51.233-93.079l22.596,41.054l-1.652,1.312c-21.39,16.999-33.657,42.316-33.657,69.462c0,48.952,39.826,88.778,88.779,88.778    s88.78-39.826,88.78-88.778C481.823,246.464,441.996,206.632,393.043,206.632z M129.84,247.173l2.349,2.219    c8.702,8.213,14.881,18.647,17.867,30.177l0.811,3.127h-40.578L129.84,247.173z M150.056,311.265    c-7.254,27.965-32.451,47.496-61.274,47.496c-34.934,0-63.354-28.42-63.354-63.354s28.421-63.353,63.354-63.353    c5.101,0,10.373,0.686,15.672,2.039l3.128,0.8l-29.93,54.403c-0.076,0.199-0.158,0.396-0.259,0.59    c-0.208,0.43-0.363,0.803-0.488,1.164c-0.175,0.463-0.294,0.838-0.382,1.197c-0.099,0.373-0.169,0.73-0.239,1.193    c-0.085,0.504-0.126,0.924-0.131,1.293l-0.005,0.132c-0.012,0.169-0.034,0.339-0.06,0.51l-0.007,0.056l0.005,0.041    c0.02,0.144,0.036,0.285,0.045,0.426c0.028,0.504,0.081,0.981,0.145,1.453c0.054,0.344,0.116,0.729,0.214,1.114    c0.094,0.378,0.208,0.751,0.354,1.153c0.149,0.45,0.293,0.811,0.464,1.174c0.156,0.348,0.338,0.66,0.549,1.023l0.051,0.089    c0.215,0.377,0.407,0.674,0.611,0.944c0.229,0.313,0.479,0.619,0.814,0.994c0.263,0.285,0.534,0.586,0.834,0.86    c0.31,0.28,0.638,0.541,0.97,0.803c0.319,0.239,0.675,0.503,1.029,0.706l0.147,0.092c0.101,0.067,0.201,0.143,0.302,0.219    l0.092,0.067c0.202,0.064,0.4,0.148,0.598,0.255c0.341,0.166,0.741,0.334,1.105,0.459c0.461,0.17,0.852,0.293,1.258,0.398    c0.317,0.084,0.647,0.15,1.119,0.227c0.499,0.084,0.962,0.131,1.427,0.148c0.136-0.008,0.346,0.021,0.565,0.05l62.087,0.009    L150.056,311.265z M212.542,266.657c-3.338,4.023-5.611,8.865-6.574,13.998l-0.383,2.039h-29.02l-0.351-2.085    c-3.637-21.568-15.111-40.981-32.312-54.661l-1.651-1.313l29.183-53.023l42.102,93.848L212.542,266.657z M247.331,257.394    l-1.94-0.592c-2.246-0.686-4.594-1.11-6.979-1.268l-1.502-0.098l-38.342-85.497h96.908L247.331,257.394z M393.043,358.761    c-34.933,0-63.353-28.42-63.353-63.354c0-17.544,7.082-33.887,19.941-46.018l2.35-2.217l29.927,54.367    c2.227,4.061,6.499,6.58,11.15,6.58c2.17,0,4.229-0.529,6.122-1.575c2.977-1.635,5.133-4.331,6.076-7.593    c0.944-3.264,0.563-6.705-1.077-9.688l-29.925-54.372l3.126-0.8c5.291-1.354,10.564-2.04,15.678-2.04    c34.934,0,63.354,28.42,63.354,63.353C456.396,330.341,427.97,358.761,393.043,358.761z\"><\/path>\n\t<\/g>\n<\/g>\n<g>\n<\/g>\n<g>\n<\/g>\n<g>\n<\/g>\n<g>\n<\/g>\n<g>\n<\/g>\n<g>\n<\/g>\n<g>\n<\/g>\n<g>\n<\/g>\n<g>\n<\/g>\n<g>\n<\/g>\n<g>\n<\/g>\n<g>\n<\/g>\n<g>\n<\/g>\n<g>\n<\/g>\n<g>\n<\/g>\n<\/svg>\t\t\t\t\t\t\t\t<\/div>\n\t\t\t\t\t\t\t<\/div>\n\t\t\t\t\t\t\n\t\t\t\t\t\t\t\t\t\t\t\t\t<h3 class=\"elementor-flip-box__layer__title\">\n\t\t\t\t\t\t\t\tRowerem\t\t\t\t\t\t\t<\/h3>\n\t\t\t\t\t\t\n\t\t\t\t\t\t\t\t\t\t\t\t\t<div class=\"elementor-flip-box__layer__description\">\n\t\t\t\t\t\t\t\tInteresuje Ci\u0119 aktywne zwiedzanie? Nie lubisz by\u0107 ograniczany?\t\t\t\t\t\t\t<\/div>\n\t\t\t\t\t\t\t\t\t\t\t<\/div>\n\t\t\t\t<\/div>\n\t\t\t<\/div>\n\t\t\t<div class=\"elementor-flip-box__layer elementor-flip-box__back\">\n\t\t\t<div class=\"elementor-flip-box__layer__overlay\">\n\t\t\t\t<div class=\"elementor-flip-box__layer__inner\">\n\t\t\t\t\t\t\t\t\t\t\t<h3 class=\"elementor-flip-box__layer__title\">\n\t\t\t\t\t\t\tRowerem\t\t\t\t\t\t<\/h3>\n\t\t\t\t\t\n\t\t\t\t\t\t\t\t\t\t\t<div class=\"elementor-flip-box__layer__description\">\n\t\t\t\t\t\t\t Polecamy rowerowe wycieczki - w grupie lub indywidualnie\t\t\t\t\t\t<\/div>\n\t\t\t\t\t\n\t\t\t\t\t\t\t\t\t\t\t<a class=\"elementor-flip-box__button elementor-button elementor-size-sm\" href=\"https:\/\/wroclaw-info.pl\/en\/zaplanuj-pobyt\/przewodnicy-po-wroclawiu\/zwiedzaj-rowerem\/\">\n\t\t\t\t\t\tSprawd\u017a\t\t\t\t\t\t<\/a>\n\t\t\t\t\t\t\t\t<\/div>\n\t\t<\/div>\n\t\t<\/div>\n\t\t<\/div>\n\t\t\t\t<\/div>\n\t\t\t\t<\/div>\n\t\t\t\t\t<\/div>\n\t\t<\/div>\n\t\t\t\t<div class=\"elementor-column elementor-col-33 elementor-top-column elementor-element elementor-element-b2aeabc\" data-id=\"b2aeabc\" data-element_type=\"column\">\n\t\t\t<div class=\"elementor-widget-wrap elementor-element-populated\">\n\t\t\t\t\t\t\t\t<div class=\"elementor-element elementor-element-e7717e6 elementor-flip-box--effect-zoom-in elementor-widget elementor-widget-flip-box\" data-id=\"e7717e6\" data-element_type=\"widget\" data-widget_type=\"flip-box.default\">\n\t\t\t\t<div class=\"elementor-widget-container\">\n\t\t\t\t\t<div class=\"elementor-flip-box\">\n\t\t\t<div class=\"elementor-flip-box__layer elementor-flip-box__front\">\n\t\t\t\t<div class=\"elementor-flip-box__layer__overlay\">\n\t\t\t\t\t<div class=\"elementor-flip-box__layer__inner\">\n\t\t\t\t\t\t\t\t\t\t\t\t\t<div class=\"elementor-icon-wrapper elementor-view-default\">\n\t\t\t\t\t\t\t\t<div class=\"elementor-icon\">\n\t\t\t\t\t\t\t\t\t<svg xmlns=\"http:\/\/www.w3.org\/2000\/svg\" xmlns:xlink=\"http:\/\/www.w3.org\/1999\/xlink\" id=\"Capa_1\" x=\"0px\" y=\"0px\" viewbox=\"0 0 302 302\" style=\"enable-background:new 0 0 302 302;\" xml:space=\"preserve\">\n<g>\n\t<path style=\"fill:#211915;\" d=\"M292,169.938h-20.64c-0.063-0.377-0.143-0.755-0.252-1.132L228.826,22.323H292   c5.523,0,10-4.478,10-10s-4.477-10-10-10H10c-5.523,0-10,4.478-10,10s4.477,10,10,10h21.145v147.614H10c-5.523,0-10,4.478-10,10   v74.747c0,5.522,4.477,10,10,10h21.633c4.561,20.01,22.487,34.992,43.858,34.992s39.297-14.982,43.858-34.992h63.303   c4.561,20.01,22.487,34.992,43.858,34.992s39.297-14.982,43.858-34.992H292c5.523,0,10-4.478,10-10v-74.747   C302,174.415,297.523,169.938,292,169.938z M51.145,22.323h156.902c0.05,0.234,0.097,0.468,0.165,0.701l42.407,146.913h-18.099   c-0.299-0.451-0.628-0.889-1.009-1.299l-53.436-57.476l4.958-4.28c4.181-3.608,4.645-9.924,1.036-14.104   c-3.609-4.182-9.924-4.646-14.104-1.036l-25.499,22.009c-4.181,3.608-4.645,9.924-1.036,14.104   c1.978,2.291,4.768,3.466,7.575,3.466c2.314,0,4.64-0.799,6.53-2.43l5.39-4.652l42.486,45.698h-89.428v-9.445h14.632   c5.523,0,10-4.478,10-10s-4.477-10-10-10H91.35V83.673c0-5.522-4.477-10-10-10s-10,4.478-10,10v66.819c0,5.522,4.477,10,10,10   h14.632v9.445H51.145V22.323z M100.482,254.685c0,13.78-11.211,24.992-24.992,24.992s-24.992-11.212-24.992-24.992   s11.211-24.992,24.992-24.992S100.482,240.904,100.482,254.685z M251.501,254.685c0,13.78-11.211,24.992-24.992,24.992   s-24.992-11.212-24.992-24.992s11.211-24.992,24.992-24.992S251.501,240.904,251.501,254.685z M282,244.685h-11.633   c-4.561-20.01-22.487-34.992-43.858-34.992s-39.297,14.982-43.858,34.992h-63.303c-4.561-20.01-22.487-34.992-43.858-34.992   s-39.297,14.982-43.858,34.992H20v-54.747h262V244.685z\"><\/path>\n<\/g>\n<g>\n<\/g>\n<g>\n<\/g>\n<g>\n<\/g>\n<g>\n<\/g>\n<g>\n<\/g>\n<g>\n<\/g>\n<g>\n<\/g>\n<g>\n<\/g>\n<g>\n<\/g>\n<g>\n<\/g>\n<g>\n<\/g>\n<g>\n<\/g>\n<g>\n<\/g>\n<g>\n<\/g>\n<g>\n<\/g>\n<\/svg>\t\t\t\t\t\t\t\t<\/div>\n\t\t\t\t\t\t\t<\/div>\n\t\t\t\t\t\t\n\t\t\t\t\t\t\t\t\t\t\t\t\t<h3 class=\"elementor-flip-box__layer__title\">\n\t\t\t\t\t\t\t\tMeleksem\t\t\t\t\t\t\t<\/h3>\n\t\t\t\t\t\t\n\t\t\t\t\t\t\t\t\t\t\t\t\t<div class=\"elementor-flip-box__layer__description\">\n\t\t\t\t\t\t\t\tZale\u017cy Ci na szybkim zwiedzaniu miasta w \u201cpigu\u0142ce\u201d? \t\t\t\t\t\t\t<\/div>\n\t\t\t\t\t\t\t\t\t\t\t<\/div>\n\t\t\t\t<\/div>\n\t\t\t<\/div>\n\t\t\t<div class=\"elementor-flip-box__layer elementor-flip-box__back\">\n\t\t\t<div class=\"elementor-flip-box__layer__overlay\">\n\t\t\t\t<div class=\"elementor-flip-box__layer__inner\">\n\t\t\t\t\t\t\t\t\t\t\t<h3 class=\"elementor-flip-box__layer__title\">\n\t\t\t\t\t\t\tMeleksem\t\t\t\t\t\t<\/h3>\n\t\t\t\t\t\n\t\t\t\t\t\t\t\t\t\t\t<div class=\"elementor-flip-box__layer__description\">\n\t\t\t\t\t\t\tZapraszamy na przeja\u017cd\u017ck\u0119\nwroc\u0142awskimi meleksami!\t\t\t\t\t\t<\/div>\n\t\t\t\t\t\n\t\t\t\t\t\t\t\t\t\t\t<a class=\"elementor-flip-box__button elementor-button elementor-size-sm\" href=\"https:\/\/wroclaw-info.pl\/en\/zaplanuj-pobyt\/przewodnicy-po-wroclawiu\/zwiedzaj-meleksem\/\">\n\t\t\t\t\t\tSprawd\u017a\t\t\t\t\t\t<\/a>\n\t\t\t\t\t\t\t\t<\/div>\n\t\t<\/div>\n\t\t<\/div>\n\t\t<\/div>\n\t\t\t\t<\/div>\n\t\t\t\t<\/div>\n\t\t\t\t\t<\/div>\n\t\t<\/div>\n\t\t\t\t\t\t\t<\/div>\n\t\t<\/section>\n\t\t\t\t<section class=\"elementor-section elementor-top-section elementor-element elementor-element-1ecac9f elementor-section-boxed elementor-section-height-default elementor-section-height-default\" data-id=\"1ecac9f\" data-element_type=\"section\" data-settings=\"{&quot;motion_fx_motion_fx_scrolling&quot;:&quot;yes&quot;,&quot;motion_fx_devices&quot;:[&quot;desktop&quot;]}\">\n\t\t\t\t\t\t<div class=\"elementor-container elementor-column-gap-default\">\n\t\t\t\t\t<div class=\"elementor-column elementor-col-100 elementor-top-column elementor-element elementor-element-16cd158\" data-id=\"16cd158\" data-element_type=\"column\">\n\t\t\t<div class=\"elementor-widget-wrap elementor-element-populated\">\n\t\t\t\t\t\t\t\t<div class=\"elementor-element elementor-element-eca09c7 elementor-widget elementor-widget-spacer\" data-id=\"eca09c7\" data-element_type=\"widget\" data-widget_type=\"spacer.default\">\n\t\t\t\t<div class=\"elementor-widget-container\">\n\t\t\t\t\t<div class=\"elementor-spacer\">\n\t\t\t<div class=\"elementor-spacer-inner\"><\/div>\n\t\t<\/div>\n\t\t\t\t<\/div>\n\t\t\t\t<\/div>\n\t\t\t\t\t<\/div>\n\t\t<\/div>\n\t\t\t\t\t\t\t<\/div>\n\t\t<\/section>\n\t\t\t\t\t\t<\/div>\n\t\t\t\t\t<\/div>","protected":false},"excerpt":{"rendered":"<p>Przewodnicy i wycieczki Wybierz najciekawsz\u0105 dla siebie form\u0119 zwiedzania Wroc\u0142awia. Z perspektywy meleksa, roweru czy te\u017c pieszego Wroc\u0142aw zawsze wygl\u0105da pi\u0119knie! Poni\u017cej znajdziesz najpopularniejsze rodzaje wycieczek po mie\u015bcie.\u00a0 Walking Pieszo&hellip;&nbsp;<a href=\"https:\/\/wroclaw-info.pl\/en\/zaplanuj-pobyt\/przewodnicy-po-wroclawiu\/\" class=\"\" rel=\"bookmark\">Read More &raquo;<span class=\"screen-reader-text\">Przewodnicy<\/span><\/a><\/p>","protected":false},"author":1,"featured_media":0,"parent":315,"menu_order":0,"comment_status":"closed","ping_status":"closed","template":"elementor_header_footer","meta":{"neve_meta_sidebar":"full-width","neve_meta_container":"","neve_meta_enable_content_width":"on","neve_meta_content_width":100,"neve_meta_title_alignment":"","neve_meta_author_avatar":"","neve_post_elements_order":"","neve_meta_disable_header":"","neve_meta_disable_footer":"","neve_meta_disable_title":"","_themeisle_gutenberg_block_has_review":false,"_ti_tpc_template_sync":false,"_ti_tpc_template_id":"","footnotes":""},"class_list":["post-899","page","type-page","status-publish","hentry"],"yoast_head":"<!-- This site is optimized with the Yoast SEO Premium plugin v16.3 (Yoast SEO v21.7) - https:\/\/yoast.com\/wordpress\/plugins\/seo\/ -->\n<title>Przewodnicy - Centrum Informacji Turystycznej<\/title>\n<meta name=\"robots\" content=\"index, follow, max-snippet:-1, max-image-preview:large, max-video-preview:-1\" \/>\n<link rel=\"canonical\" href=\"https:\/\/wroclaw-info.pl\/en\/zaplanuj-pobyt\/przewodnicy-po-wroclawiu\/\" \/>\n<meta property=\"og:locale\" content=\"en_GB\" \/>\n<meta property=\"og:type\" content=\"article\" \/>\n<meta property=\"og:title\" content=\"Przewodnicy - Centrum Informacji Turystycznej\" \/>\n<meta property=\"og:description\" content=\"Przewodnicy i wycieczki Wybierz najciekawsz\u0105 dla siebie form\u0119 zwiedzania Wroc\u0142awia. Z perspektywy meleksa, roweru czy te\u017c pieszego Wroc\u0142aw zawsze wygl\u0105da pi\u0119knie! Poni\u017cej znajdziesz najpopularniejsze rodzaje wycieczek po mie\u015bcie.\u00a0 Walking Pieszo&hellip;&nbsp;Read More &raquo;Przewodnicy\" \/>\n<meta property=\"og:url\" content=\"https:\/\/wroclaw-info.pl\/en\/zaplanuj-pobyt\/przewodnicy-po-wroclawiu\/\" \/>\n<meta property=\"og:site_name\" content=\"Centrum Informacji Turystycznej\" \/>\n<meta property=\"article:modified_time\" content=\"2021-11-28T10:41:06+00:00\" \/>\n<meta property=\"og:image\" content=\"https:\/\/wroclaw-info.pl\/wp-content\/uploads\/elementor\/thumbs\/261939764_4807186365959218_8460267652190598523_n-pgp55tp5snwgaq7bv81dest88w6mczy3s4361fx4uo.png\" \/>\n<meta name=\"twitter:card\" content=\"summary_large_image\" \/>\n<meta name=\"twitter:label1\" content=\"Estimated reading time\" \/>\n\t<meta name=\"twitter:data1\" content=\"1 minute\" \/>\n<script type=\"application\/ld+json\" class=\"yoast-schema-graph\">{\"@context\":\"https:\/\/schema.org\",\"@graph\":[{\"@type\":\"WebPage\",\"@id\":\"https:\/\/wroclaw-info.pl\/zaplanuj-pobyt\/przewodnicy-po-wroclawiu\/\",\"url\":\"https:\/\/wroclaw-info.pl\/zaplanuj-pobyt\/przewodnicy-po-wroclawiu\/\",\"name\":\"Przewodnicy - Centrum Informacji Turystycznej\",\"isPartOf\":{\"@id\":\"https:\/\/wroclaw-info.pl\/#website\"},\"datePublished\":\"2021-07-28T19:41:23+00:00\",\"dateModified\":\"2021-11-28T10:41:06+00:00\",\"breadcrumb\":{\"@id\":\"https:\/\/wroclaw-info.pl\/zaplanuj-pobyt\/przewodnicy-po-wroclawiu\/#breadcrumb\"},\"inLanguage\":\"en-GB\",\"potentialAction\":[{\"@type\":\"ReadAction\",\"target\":[\"https:\/\/wroclaw-info.pl\/zaplanuj-pobyt\/przewodnicy-po-wroclawiu\/\"]}]},{\"@type\":\"BreadcrumbList\",\"@id\":\"https:\/\/wroclaw-info.pl\/zaplanuj-pobyt\/przewodnicy-po-wroclawiu\/#breadcrumb\",\"itemListElement\":[{\"@type\":\"ListItem\",\"position\":1,\"name\":\"Home\",\"item\":\"https:\/\/wroclaw-info.pl\/\"},{\"@type\":\"ListItem\",\"position\":2,\"name\":\"Zaplanuj Pobyt\",\"item\":\"https:\/\/wroclaw-info.pl\/zaplanuj-pobyt\/\"},{\"@type\":\"ListItem\",\"position\":3,\"name\":\"Przewodnicy\"}]},{\"@type\":\"WebSite\",\"@id\":\"https:\/\/wroclaw-info.pl\/#website\",\"url\":\"https:\/\/wroclaw-info.pl\/\",\"name\":\"Centrum Informacji Turystycznej\",\"description\":\"Centrum Informacji Turystycznej we Wroc\u0142awiu\",\"publisher\":{\"@id\":\"https:\/\/wroclaw-info.pl\/#organization\"},\"potentialAction\":[{\"@type\":\"SearchAction\",\"target\":{\"@type\":\"EntryPoint\",\"urlTemplate\":\"https:\/\/wroclaw-info.pl\/?s={search_term_string}\"},\"query-input\":\"required name=search_term_string\"}],\"inLanguage\":\"en-GB\"},{\"@type\":\"Organization\",\"@id\":\"https:\/\/wroclaw-info.pl\/#organization\",\"name\":\"Centrum Informacji Turystycznej\",\"url\":\"https:\/\/wroclaw-info.pl\/\",\"logo\":{\"@type\":\"ImageObject\",\"inLanguage\":\"en-GB\",\"@id\":\"https:\/\/wroclaw-info.pl\/#\/schema\/logo\/image\/\",\"url\":\"https:\/\/wroclaw-info.pl\/wp-content\/uploads\/2021\/05\/Wroclaw_info.png\",\"contentUrl\":\"https:\/\/wroclaw-info.pl\/wp-content\/uploads\/2021\/05\/Wroclaw_info.png\",\"width\":591,\"height\":591,\"caption\":\"Centrum Informacji Turystycznej\"},\"image\":{\"@id\":\"https:\/\/wroclaw-info.pl\/#\/schema\/logo\/image\/\"}}]}<\/script>\n<!-- \/ Yoast SEO Premium plugin. -->","yoast_head_json":{"title":"Przewodnicy - Centrum Informacji Turystycznej","robots":{"index":"index","follow":"follow","max-snippet":"max-snippet:-1","max-image-preview":"max-image-preview:large","max-video-preview":"max-video-preview:-1"},"canonical":"https:\/\/wroclaw-info.pl\/en\/zaplanuj-pobyt\/przewodnicy-po-wroclawiu\/","og_locale":"en_GB","og_type":"article","og_title":"Przewodnicy - Centrum Informacji Turystycznej","og_description":"Przewodnicy i wycieczki Wybierz najciekawsz\u0105 dla siebie form\u0119 zwiedzania Wroc\u0142awia. Z perspektywy meleksa, roweru czy te\u017c pieszego Wroc\u0142aw zawsze wygl\u0105da pi\u0119knie! Poni\u017cej znajdziesz najpopularniejsze rodzaje wycieczek po mie\u015bcie.\u00a0 Walking Pieszo&hellip;&nbsp;Read More &raquo;Przewodnicy","og_url":"https:\/\/wroclaw-info.pl\/en\/zaplanuj-pobyt\/przewodnicy-po-wroclawiu\/","og_site_name":"Centrum Informacji Turystycznej","article_modified_time":"2021-11-28T10:41:06+00:00","og_image":[{"url":"https:\/\/wroclaw-info.pl\/wp-content\/uploads\/elementor\/thumbs\/261939764_4807186365959218_8460267652190598523_n-pgp55tp5snwgaq7bv81dest88w6mczy3s4361fx4uo.png"}],"twitter_card":"summary_large_image","twitter_misc":{"Estimated reading time":"1 minute"},"schema":{"@context":"https:\/\/schema.org","@graph":[{"@type":"WebPage","@id":"https:\/\/wroclaw-info.pl\/zaplanuj-pobyt\/przewodnicy-po-wroclawiu\/","url":"https:\/\/wroclaw-info.pl\/zaplanuj-pobyt\/przewodnicy-po-wroclawiu\/","name":"Przewodnicy - Centrum Informacji Turystycznej","isPartOf":{"@id":"https:\/\/wroclaw-info.pl\/#website"},"datePublished":"2021-07-28T19:41:23+00:00","dateModified":"2021-11-28T10:41:06+00:00","breadcrumb":{"@id":"https:\/\/wroclaw-info.pl\/zaplanuj-pobyt\/przewodnicy-po-wroclawiu\/#breadcrumb"},"inLanguage":"en-GB","potentialAction":[{"@type":"ReadAction","target":["https:\/\/wroclaw-info.pl\/zaplanuj-pobyt\/przewodnicy-po-wroclawiu\/"]}]},{"@type":"BreadcrumbList","@id":"https:\/\/wroclaw-info.pl\/zaplanuj-pobyt\/przewodnicy-po-wroclawiu\/#breadcrumb","itemListElement":[{"@type":"ListItem","position":1,"name":"Home","item":"https:\/\/wroclaw-info.pl\/"},{"@type":"ListItem","position":2,"name":"Zaplanuj Pobyt","item":"https:\/\/wroclaw-info.pl\/zaplanuj-pobyt\/"},{"@type":"ListItem","position":3,"name":"Przewodnicy"}]},{"@type":"WebSite","@id":"https:\/\/wroclaw-info.pl\/#website","url":"https:\/\/wroclaw-info.pl\/","name":"Centrum Informacji Turystycznej","description":"Centrum Informacji Turystycznej we Wroc\u0142awiu","publisher":{"@id":"https:\/\/wroclaw-info.pl\/#organization"},"potentialAction":[{"@type":"SearchAction","target":{"@type":"EntryPoint","urlTemplate":"https:\/\/wroclaw-info.pl\/?s={search_term_string}"},"query-input":"required name=search_term_string"}],"inLanguage":"en-GB"},{"@type":"Organization","@id":"https:\/\/wroclaw-info.pl\/#organization","name":"Centrum Informacji Turystycznej","url":"https:\/\/wroclaw-info.pl\/","logo":{"@type":"ImageObject","inLanguage":"en-GB","@id":"https:\/\/wroclaw-info.pl\/#\/schema\/logo\/image\/","url":"https:\/\/wroclaw-info.pl\/wp-content\/uploads\/2021\/05\/Wroclaw_info.png","contentUrl":"https:\/\/wroclaw-info.pl\/wp-content\/uploads\/2021\/05\/Wroclaw_info.png","width":591,"height":591,"caption":"Centrum Informacji Turystycznej"},"image":{"@id":"https:\/\/wroclaw-info.pl\/#\/schema\/logo\/image\/"}}]}},"_links":{"self":[{"href":"https:\/\/wroclaw-info.pl\/en\/wp-json\/wp\/v2\/pages\/899","targetHints":{"allow":["GET"]}}],"collection":[{"href":"https:\/\/wroclaw-info.pl\/en\/wp-json\/wp\/v2\/pages"}],"about":[{"href":"https:\/\/wroclaw-info.pl\/en\/wp-json\/wp\/v2\/types\/page"}],"author":[{"embeddable":true,"href":"https:\/\/wroclaw-info.pl\/en\/wp-json\/wp\/v2\/users\/1"}],"replies":[{"embeddable":true,"href":"https:\/\/wroclaw-info.pl\/en\/wp-json\/wp\/v2\/comments?post=899"}],"version-history":[{"count":125,"href":"https:\/\/wroclaw-info.pl\/en\/wp-json\/wp\/v2\/pages\/899\/revisions"}],"predecessor-version":[{"id":1422,"href":"https:\/\/wroclaw-info.pl\/en\/wp-json\/wp\/v2\/pages\/899\/revisions\/1422"}],"up":[{"embeddable":true,"href":"https:\/\/wroclaw-info.pl\/en\/wp-json\/wp\/v2\/pages\/315"}],"wp:attachment":[{"href":"https:\/\/wroclaw-info.pl\/en\/wp-json\/wp\/v2\/media?parent=899"}],"curies":[{"name":"wp","href":"https:\/\/api.w.org\/{rel}","templated":true}]}}