{"id":925,"date":"2021-07-28T20:36:31","date_gmt":"2021-07-28T20:36:31","guid":{"rendered":"https:\/\/wroclaw-info.pl\/?page_id=925"},"modified":"2021-11-28T12:02:06","modified_gmt":"2021-11-28T12:02:06","slug":"zwiedzaj-rowerem","status":"publish","type":"page","link":"https:\/\/wroclaw-info.pl\/en\/zaplanuj-pobyt\/przewodnicy-po-wroclawiu\/zwiedzaj-rowerem\/","title":{"rendered":"Zwiedzaj rowerem"},"content":{"rendered":"<div data-elementor-type=\"wp-page\" data-elementor-id=\"925\" class=\"elementor elementor-925\" data-elementor-settings=\"[]\">\n\t\t\t\t\t\t\t<div class=\"elementor-section-wrap\">\n\t\t\t\t\t\t\t<section class=\"elementor-section elementor-top-section elementor-element elementor-element-114dd04 elementor-section-height-min-height elementor-section-boxed elementor-section-height-default elementor-section-items-middle\" data-id=\"114dd04\" data-element_type=\"section\" data-settings=\"{&quot;background_background&quot;:&quot;classic&quot;}\">\n\t\t\t\t\t\t\t<div class=\"elementor-background-overlay\"><\/div>\n\t\t\t\t\t\t\t<div class=\"elementor-container elementor-column-gap-extended\">\n\t\t\t\t\t<div class=\"elementor-column elementor-col-50 elementor-top-column elementor-element elementor-element-fb9b7fc\" data-id=\"fb9b7fc\" data-element_type=\"column\">\n\t\t\t<div class=\"elementor-widget-wrap elementor-element-populated\">\n\t\t\t\t\t\t\t\t<div class=\"elementor-element elementor-element-ae3b188 elementor-widget elementor-widget-image\" data-id=\"ae3b188\" data-element_type=\"widget\" data-widget_type=\"image.default\">\n\t\t\t\t<div class=\"elementor-widget-container\">\n\t\t\t\t\t\t\t\t\t\t\t\t\t\t\t<img decoding=\"async\" src=\"https:\/\/wroclaw-info.pl\/wp-content\/uploads\/elementor\/thumbs\/261939764_4807186365959218_8460267652190598523_n-pgp55tp5snwgaq7bv81dest88w6mczy3s4361fx4uo.png\" title=\"261939764_4807186365959218_8460267652190598523_n\" alt=\"261939764_4807186365959218_8460267652190598523_n\" \/>\t\t\t\t\t\t\t\t\t\t\t\t\t\t\t<\/div>\n\t\t\t\t<\/div>\n\t\t\t\t\t<\/div>\n\t\t<\/div>\n\t\t\t\t<div class=\"elementor-column elementor-col-50 elementor-top-column elementor-element elementor-element-e47df36\" data-id=\"e47df36\" data-element_type=\"column\">\n\t\t\t<div class=\"elementor-widget-wrap elementor-element-populated\">\n\t\t\t\t\t\t\t\t<div class=\"elementor-element elementor-element-4081301 elementor-widget elementor-widget-heading\" data-id=\"4081301\" data-element_type=\"widget\" data-widget_type=\"heading.default\">\n\t\t\t\t<div class=\"elementor-widget-container\">\n\t\t\t<h2 class=\"elementor-heading-title elementor-size-large\">Wroc\u0142aw rowerem<\/h2>\t\t<\/div>\n\t\t\t\t<\/div>\n\t\t\t\t<div class=\"elementor-element elementor-element-3fa6b13 elementor-widget elementor-widget-text-editor\" data-id=\"3fa6b13\" data-element_type=\"widget\" data-widget_type=\"text-editor.default\">\n\t\t\t\t<div class=\"elementor-widget-container\">\n\t\t\t\t\t\t\t\t<p><span style=\"font-weight: 400;\">Interesuje Ci\u0119 aktywne zwiedzanie? Nie lubisz by\u0107 ograniczany? Polecamy zwiedzanie rowerem &#8211; indywidualnie lub grupowo.<\/span><\/p>\t\t\t\t\t\t<\/div>\n\t\t\t\t<\/div>\n\t\t\t\t\t<\/div>\n\t\t<\/div>\n\t\t\t\t\t\t\t<\/div>\n\t\t<\/section>\n\t\t\t\t<section class=\"elementor-section elementor-top-section elementor-element elementor-element-fbfc5ec elementor-section-boxed elementor-section-height-default elementor-section-height-default\" data-id=\"fbfc5ec\" data-element_type=\"section\" data-settings=\"{&quot;motion_fx_motion_fx_scrolling&quot;:&quot;yes&quot;,&quot;motion_fx_devices&quot;:[&quot;desktop&quot;]}\">\n\t\t\t\t\t\t<div class=\"elementor-container elementor-column-gap-default\">\n\t\t\t\t\t<div class=\"elementor-column elementor-col-100 elementor-top-column elementor-element elementor-element-26b4907\" data-id=\"26b4907\" data-element_type=\"column\">\n\t\t\t<div class=\"elementor-widget-wrap elementor-element-populated\">\n\t\t\t\t\t\t\t\t<div class=\"elementor-element elementor-element-d71ee29 elementor-widget elementor-widget-spacer\" data-id=\"d71ee29\" data-element_type=\"widget\" data-widget_type=\"spacer.default\">\n\t\t\t\t<div class=\"elementor-widget-container\">\n\t\t\t\t\t<div class=\"elementor-spacer\">\n\t\t\t<div class=\"elementor-spacer-inner\"><\/div>\n\t\t<\/div>\n\t\t\t\t<\/div>\n\t\t\t\t<\/div>\n\t\t\t\t<div class=\"elementor-element elementor-element-86eedcb elementor-widget-divider--view-line_icon animated-slow elementor-view-default elementor-widget-divider--element-align-center elementor-invisible elementor-widget elementor-widget-divider\" data-id=\"86eedcb\" data-element_type=\"widget\" data-settings=\"{&quot;_animation&quot;:&quot;fadeIn&quot;,&quot;_animation_delay&quot;:300}\" data-widget_type=\"divider.default\">\n\t\t\t\t<div class=\"elementor-widget-container\">\n\t\t\t\t\t<div class=\"elementor-divider\">\n\t\t\t<span class=\"elementor-divider-separator\">\n\t\t\t\t\t\t\t<div class=\"elementor-icon elementor-divider__element\">\n\t\t\t\t\t<i aria-hidden=\"true\" class=\"fas fa-chevron-down\"><\/i><\/div>\n\t\t\t\t\t\t<\/span>\n\t\t<\/div>\n\t\t\t\t<\/div>\n\t\t\t\t<\/div>\n\t\t\t\t<div class=\"elementor-element elementor-element-6852d0e elementor-widget elementor-widget-image\" data-id=\"6852d0e\" data-element_type=\"widget\" data-widget_type=\"image.default\">\n\t\t\t\t<div class=\"elementor-widget-container\">\n\t\t\t\t\t\t\t\t\t\t\t\t\t\t\t\t<a href=\"https:\/\/bestcitytours.pl\/\">\n\t\t\t\t\t\t\t<img loading=\"lazy\" decoding=\"async\" width=\"741\" height=\"185\" src=\"https:\/\/wroclaw-info.pl\/wp-content\/uploads\/2021\/10\/DT-banner-741x185-v1-16c-en.gif\" class=\"attachment-large size-large\" alt=\"\" \/>\t\t\t\t\t\t\t\t<\/a>\n\t\t\t\t\t\t\t\t\t\t\t\t\t\t\t<\/div>\n\t\t\t\t<\/div>\n\t\t\t\t<div class=\"elementor-element elementor-element-3e27ce3 elementor-widget elementor-widget-spacer\" data-id=\"3e27ce3\" data-element_type=\"widget\" data-widget_type=\"spacer.default\">\n\t\t\t\t<div class=\"elementor-widget-container\">\n\t\t\t\t\t<div class=\"elementor-spacer\">\n\t\t\t<div class=\"elementor-spacer-inner\"><\/div>\n\t\t<\/div>\n\t\t\t\t<\/div>\n\t\t\t\t<\/div>\n\t\t\t\t<section class=\"elementor-section elementor-inner-section elementor-element elementor-element-5e9619c elementor-section-boxed elementor-section-height-default elementor-section-height-default\" data-id=\"5e9619c\" data-element_type=\"section\">\n\t\t\t\t\t\t<div class=\"elementor-container elementor-column-gap-default\">\n\t\t\t\t\t<div class=\"elementor-column elementor-col-100 elementor-inner-column elementor-element elementor-element-3477c4e\" data-id=\"3477c4e\" data-element_type=\"column\">\n\t\t\t<div class=\"elementor-widget-wrap elementor-element-populated\">\n\t\t\t\t\t\t\t\t<div class=\"elementor-element elementor-element-475b225 elementor-widget elementor-widget-heading\" data-id=\"475b225\" data-element_type=\"widget\" data-widget_type=\"heading.default\">\n\t\t\t\t<div class=\"elementor-widget-container\">\n\t\t\t<h2 class=\"elementor-heading-title elementor-size-xl\">Rowerem przez Wroc\u0142aw<\/h2>\t\t<\/div>\n\t\t\t\t<\/div>\n\t\t\t\t<div class=\"elementor-element elementor-element-a4241ba elementor-widget elementor-widget-text-editor\" data-id=\"a4241ba\" data-element_type=\"widget\" data-widget_type=\"text-editor.default\">\n\t\t\t\t<div class=\"elementor-widget-container\">\n\t\t\t\t\t\t\t\t<p><strong>1. Rowery od Best City Tours<\/strong><\/p><p><span style=\"font-weight: 400;\">Rowery s\u0105 dost\u0119pne do wypo\u017cyczenia w sezonie wiosenno-letnim tj. od marca do pa\u017adziernika w godz. 9-19. Aby zyska\u0107 pewno\u015b\u0107 co do dost\u0119pno\u015bci sprz\u0119tu, prosimy o wcze\u015bniejsz\u0105 rezerwacj\u0119 pod numerem: <\/span><em><span style=\"font-weight: 400;\">785 107 999. <\/span><\/em><span style=\"font-weight: 400;\">Oferujemy r\u00f3wnie\u017c zwiedzanie grupowe z przewodnikiem w j\u0119zykach: polskim, angielskim, niemieckim.\u00a0<\/span><\/p><p><strong>Cennik:<\/strong><\/p><ul><li><span style=\"font-weight: 400;\">3h\/40 z\u0142otych<\/span><\/li><li><span style=\"font-weight: 400;\">ca\u0142y dzie\u0144 (od 9 do 19)\/60 z\u0142otych<\/span><\/li><\/ul><p><span style=\"font-weight: 400;\">2 dni\/100 z\u0142otych<\/span><\/p><p><span style=\"font-weight: 400;\"><strong>2. Wroc\u0142awski Rower Miejski<\/strong> to propozycja skierowana nie tylko do mieszka\u0144c\u00f3w miasta. Wystarczy \u015bci\u0105gn\u0105\u0107 aplikacj\u0119, za\u0142o\u017cy\u0107 konto, zasili\u0107 je odpowiedni\u0105 kwot\u0105 i ju\u017c mo\u017cna cieszy\u0107 si\u0119 miejsk\u0105 przeja\u017cd\u017ck\u0105.<\/span><\/p><p>www.wroclawskirower.pl<\/p>\t\t\t\t\t\t<\/div>\n\t\t\t\t<\/div>\n\t\t\t\t\t<\/div>\n\t\t<\/div>\n\t\t\t\t\t\t\t<\/div>\n\t\t<\/section>\n\t\t\t\t\t<\/div>\n\t\t<\/div>\n\t\t\t\t\t\t\t<\/div>\n\t\t<\/section>\n\t\t\t\t<section class=\"elementor-section elementor-top-section elementor-element elementor-element-37cf3be elementor-section-boxed elementor-section-height-default elementor-section-height-default\" data-id=\"37cf3be\" data-element_type=\"section\">\n\t\t\t\t\t\t<div class=\"elementor-container elementor-column-gap-default\">\n\t\t\t\t\t<div class=\"elementor-column elementor-col-100 elementor-top-column elementor-element elementor-element-083c7e8\" data-id=\"083c7e8\" data-element_type=\"column\">\n\t\t\t<div class=\"elementor-widget-wrap elementor-element-populated\">\n\t\t\t\t\t\t\t\t<div class=\"elementor-element elementor-element-0f319c6 elementor-widget elementor-widget-gallery\" data-id=\"0f319c6\" data-element_type=\"widget\" data-settings=\"{&quot;columns&quot;:2,&quot;gap&quot;:{&quot;unit&quot;:&quot;px&quot;,&quot;size&quot;:15,&quot;sizes&quot;:[]},&quot;gap_mobile&quot;:{&quot;unit&quot;:&quot;px&quot;,&quot;size&quot;:20,&quot;sizes&quot;:[]},&quot;lazyload&quot;:&quot;yes&quot;,&quot;gallery_layout&quot;:&quot;grid&quot;,&quot;columns_tablet&quot;:2,&quot;columns_mobile&quot;:1,&quot;gap_tablet&quot;:{&quot;unit&quot;:&quot;px&quot;,&quot;size&quot;:10,&quot;sizes&quot;:[]},&quot;link_to&quot;:&quot;file&quot;,&quot;aspect_ratio&quot;:&quot;3:2&quot;,&quot;overlay_background&quot;:&quot;yes&quot;,&quot;content_hover_animation&quot;:&quot;fade-in&quot;}\" data-widget_type=\"gallery.default\">\n\t\t\t\t<div class=\"elementor-widget-container\">\n\t\t\t\t\t<div class=\"elementor-gallery__container\">\n\t\t\t\t\t\t\t<a class=\"e-gallery-item elementor-gallery-item elementor-animated-content\" href=\"https:\/\/wroclaw-info.pl\/wp-content\/uploads\/2021\/11\/gallery_21_48_w630_h630-pdf.jpg\" data-elementor-open-lightbox=\"yes\" data-elementor-lightbox-slideshow=\"all-0f319c6\" data-elementor-lightbox-title=\"gallery_21_48_w630_h630\">\n\t\t\t\t\t<div class=\"e-gallery-image elementor-gallery-item__image\" data-thumbnail=\"https:\/\/wroclaw-info.pl\/wp-content\/uploads\/2021\/11\/gallery_21_48_w630_h630-pdf.jpg\" data-width=\"768\" data-height=\"434\" alt=\"\" ><\/div>\n\t\t\t\t\t\t\t\t\t\t<div class=\"elementor-gallery-item__overlay\"><\/div>\n\t\t\t\t\t\t\t\t\t\t\t\t\t\t<\/a>\n\t\t\t\t\t\t\t<a class=\"e-gallery-item elementor-gallery-item elementor-animated-content\" href=\"https:\/\/wroclaw-info.pl\/wp-content\/uploads\/2021\/11\/fot.Agata_Cykof-8054-2-pdf.jpg\" data-elementor-open-lightbox=\"yes\" data-elementor-lightbox-slideshow=\"all-0f319c6\" data-elementor-lightbox-title=\"fot.Agata_Cykof-8054-2\">\n\t\t\t\t\t<div class=\"e-gallery-image elementor-gallery-item__image\" data-thumbnail=\"https:\/\/wroclaw-info.pl\/wp-content\/uploads\/2021\/11\/fot.Agata_Cykof-8054-2-pdf.jpg\" data-width=\"683\" data-height=\"455\" alt=\"\" ><\/div>\n\t\t\t\t\t\t\t\t\t\t<div class=\"elementor-gallery-item__overlay\"><\/div>\n\t\t\t\t\t\t\t\t\t\t\t\t\t\t<\/a>\n\t\t\t\t\t\t\t<a class=\"e-gallery-item elementor-gallery-item elementor-animated-content\" href=\"https:\/\/wroclaw-info.pl\/wp-content\/uploads\/2021\/11\/fot.Agata_Cykof-7981-pdf.jpg\" data-elementor-open-lightbox=\"yes\" data-elementor-lightbox-slideshow=\"all-0f319c6\" data-elementor-lightbox-title=\"fot.Agata_Cykof-7981\">\n\t\t\t\t\t<div class=\"e-gallery-image elementor-gallery-item__image\" data-thumbnail=\"https:\/\/wroclaw-info.pl\/wp-content\/uploads\/2021\/11\/fot.Agata_Cykof-7981-pdf.jpg\" data-width=\"683\" data-height=\"455\" alt=\"\" ><\/div>\n\t\t\t\t\t\t\t\t\t\t<div class=\"elementor-gallery-item__overlay\"><\/div>\n\t\t\t\t\t\t\t\t\t\t\t\t\t\t<\/a>\n\t\t\t\t\t\t\t<a class=\"e-gallery-item elementor-gallery-item elementor-animated-content\" href=\"https:\/\/wroclaw-info.pl\/wp-content\/uploads\/2021\/11\/gallery_29_117_w630_h630-pdf.jpg\" data-elementor-open-lightbox=\"yes\" data-elementor-lightbox-slideshow=\"all-0f319c6\" data-elementor-lightbox-title=\"gallery_29_117_w630_h630\">\n\t\t\t\t\t<div class=\"e-gallery-image elementor-gallery-item__image\" data-thumbnail=\"https:\/\/wroclaw-info.pl\/wp-content\/uploads\/2021\/11\/gallery_29_117_w630_h630-pdf.jpg\" data-width=\"768\" data-height=\"434\" alt=\"\" ><\/div>\n\t\t\t\t\t\t\t\t\t\t<div class=\"elementor-gallery-item__overlay\"><\/div>\n\t\t\t\t\t\t\t\t\t\t\t\t\t\t<\/a>\n\t\t\t\t\t\t\t<a class=\"e-gallery-item elementor-gallery-item elementor-animated-content\" href=\"https:\/\/wroclaw-info.pl\/wp-content\/uploads\/2021\/11\/iStock-917339746.jpg\" data-elementor-open-lightbox=\"yes\" data-elementor-lightbox-slideshow=\"all-0f319c6\" data-elementor-lightbox-title=\"iStock-917339746\">\n\t\t\t\t\t<div class=\"e-gallery-image elementor-gallery-item__image\" data-thumbnail=\"https:\/\/wroclaw-info.pl\/wp-content\/uploads\/2021\/11\/iStock-917339746-768x512.jpg\" data-width=\"768\" data-height=\"512\" alt=\"\" ><\/div>\n\t\t\t\t\t\t\t\t\t\t<div class=\"elementor-gallery-item__overlay\"><\/div>\n\t\t\t\t\t\t\t\t\t\t\t\t\t\t<\/a>\n\t\t\t\t\t\t\t<a class=\"e-gallery-item elementor-gallery-item elementor-animated-content\" href=\"https:\/\/wroclaw-info.pl\/wp-content\/uploads\/2021\/11\/iStock-1150341697.jpg\" data-elementor-open-lightbox=\"yes\" data-elementor-lightbox-slideshow=\"all-0f319c6\" data-elementor-lightbox-title=\"iStock-1150341697\">\n\t\t\t\t\t<div class=\"e-gallery-image elementor-gallery-item__image\" data-thumbnail=\"https:\/\/wroclaw-info.pl\/wp-content\/uploads\/2021\/11\/iStock-1150341697-768x432.jpg\" data-width=\"768\" data-height=\"432\" alt=\"\" ><\/div>\n\t\t\t\t\t\t\t\t\t\t<div class=\"elementor-gallery-item__overlay\"><\/div>\n\t\t\t\t\t\t\t\t\t\t\t\t\t\t<\/a>\n\t\t\t\t\t<\/div>\n\t\t\t<\/div>\n\t\t\t\t<\/div>\n\t\t\t\t\t<\/div>\n\t\t<\/div>\n\t\t\t\t\t\t\t<\/div>\n\t\t<\/section>\n\t\t\t\t<section class=\"elementor-section elementor-top-section elementor-element elementor-element-1ecac9f elementor-section-boxed elementor-section-height-default elementor-section-height-default\" data-id=\"1ecac9f\" data-element_type=\"section\" data-settings=\"{&quot;motion_fx_motion_fx_scrolling&quot;:&quot;yes&quot;,&quot;motion_fx_devices&quot;:[&quot;desktop&quot;]}\">\n\t\t\t\t\t\t<div class=\"elementor-container elementor-column-gap-default\">\n\t\t\t\t\t<div class=\"elementor-column elementor-col-100 elementor-top-column elementor-element elementor-element-16cd158\" data-id=\"16cd158\" data-element_type=\"column\">\n\t\t\t<div class=\"elementor-widget-wrap elementor-element-populated\">\n\t\t\t\t\t\t\t\t<div class=\"elementor-element elementor-element-817ac51 animated-slow elementor-widget-divider--separator-type-pattern elementor-widget-divider--view-line elementor-invisible elementor-widget elementor-widget-divider\" data-id=\"817ac51\" data-element_type=\"widget\" data-settings=\"{&quot;_animation&quot;:&quot;fadeIn&quot;}\" data-widget_type=\"divider.default\">\n\t\t\t\t<div class=\"elementor-widget-container\">\n\t\t\t\t\t<div class=\"elementor-divider\" style=\"--divider-pattern-url: url(&quot;data:image\/svg+xml,%3Csvg xmlns=&#039;http:\/\/www.w3.org\/2000\/svg&#039; preserveAspectRatio=&#039;none&#039; overflow=&#039;visible&#039; height=&#039;100%&#039; viewBox=&#039;0 0 24 24&#039; fill=&#039;none&#039; stroke=&#039;black&#039; stroke-width=&#039;1&#039; stroke-linecap=&#039;square&#039; stroke-miterlimit=&#039;10&#039;%3E%3Cpolyline points=&#039;0,18 12,6 24,18 &#039;\/%3E%3C\/svg%3E&quot;);\">\n\t\t\t<span class=\"elementor-divider-separator\">\n\t\t\t\t\t\t<\/span>\n\t\t<\/div>\n\t\t\t\t<\/div>\n\t\t\t\t<\/div>\n\t\t\t\t<div class=\"elementor-element elementor-element-eca09c7 elementor-widget elementor-widget-spacer\" data-id=\"eca09c7\" data-element_type=\"widget\" data-widget_type=\"spacer.default\">\n\t\t\t\t<div class=\"elementor-widget-container\">\n\t\t\t\t\t<div class=\"elementor-spacer\">\n\t\t\t<div class=\"elementor-spacer-inner\"><\/div>\n\t\t<\/div>\n\t\t\t\t<\/div>\n\t\t\t\t<\/div>\n\t\t\t\t\t<\/div>\n\t\t<\/div>\n\t\t\t\t\t\t\t<\/div>\n\t\t<\/section>\n\t\t\t\t\t\t<\/div>\n\t\t\t\t\t<\/div>","protected":false},"excerpt":{"rendered":"<p>Wroc\u0142aw rowerem Interesuje Ci\u0119 aktywne zwiedzanie? Nie lubisz by\u0107 ograniczany? Polecamy zwiedzanie rowerem &#8211; indywidualnie lub grupowo. Rowerem przez Wroc\u0142aw 1. Rowery od Best City Tours Rowery s\u0105 dost\u0119pne do&hellip;&nbsp;<a href=\"https:\/\/wroclaw-info.pl\/en\/zaplanuj-pobyt\/przewodnicy-po-wroclawiu\/zwiedzaj-rowerem\/\" class=\"\" rel=\"bookmark\">Read More &raquo;<span class=\"screen-reader-text\">Zwiedzaj rowerem<\/span><\/a><\/p>","protected":false},"author":1,"featured_media":0,"parent":899,"menu_order":0,"comment_status":"closed","ping_status":"closed","template":"elementor_header_footer","meta":{"neve_meta_sidebar":"full-width","neve_meta_container":"","neve_meta_enable_content_width":"on","neve_meta_content_width":100,"neve_meta_title_alignment":"","neve_meta_author_avatar":"","neve_post_elements_order":"","neve_meta_disable_header":"","neve_meta_disable_footer":"","neve_meta_disable_title":"","_themeisle_gutenberg_block_has_review":false,"_ti_tpc_template_sync":false,"_ti_tpc_template_id":"","footnotes":""},"class_list":["post-925","page","type-page","status-publish","hentry"],"yoast_head":"<!-- This site is optimized with the Yoast SEO Premium plugin v16.3 (Yoast SEO v21.7) - https:\/\/yoast.com\/wordpress\/plugins\/seo\/ -->\n<title>Zwiedzaj rowerem - Centrum Informacji Turystycznej<\/title>\n<meta name=\"robots\" content=\"index, follow, max-snippet:-1, max-image-preview:large, max-video-preview:-1\" \/>\n<link rel=\"canonical\" href=\"https:\/\/wroclaw-info.pl\/en\/zaplanuj-pobyt\/przewodnicy-po-wroclawiu\/zwiedzaj-rowerem\/\" \/>\n<meta property=\"og:locale\" content=\"en_GB\" \/>\n<meta property=\"og:type\" content=\"article\" \/>\n<meta property=\"og:title\" content=\"Zwiedzaj rowerem - Centrum Informacji Turystycznej\" \/>\n<meta property=\"og:description\" content=\"Wroc\u0142aw rowerem Interesuje Ci\u0119 aktywne zwiedzanie? Nie lubisz by\u0107 ograniczany? Polecamy zwiedzanie rowerem &#8211; indywidualnie lub grupowo. Rowerem przez Wroc\u0142aw 1. Rowery od Best City Tours Rowery s\u0105 dost\u0119pne do&hellip;&nbsp;Read More &raquo;Zwiedzaj rowerem\" \/>\n<meta property=\"og:url\" content=\"https:\/\/wroclaw-info.pl\/en\/zaplanuj-pobyt\/przewodnicy-po-wroclawiu\/zwiedzaj-rowerem\/\" \/>\n<meta property=\"og:site_name\" content=\"Centrum Informacji Turystycznej\" \/>\n<meta property=\"article:modified_time\" content=\"2021-11-28T12:02:06+00:00\" \/>\n<meta property=\"og:image\" content=\"https:\/\/wroclaw-info.pl\/wp-content\/uploads\/elementor\/thumbs\/261939764_4807186365959218_8460267652190598523_n-pgp55tp5snwgaq7bv81dest88w6mczy3s4361fx4uo.png\" \/>\n<meta name=\"twitter:card\" content=\"summary_large_image\" \/>\n<meta name=\"twitter:label1\" content=\"Estimated reading time\" \/>\n\t<meta name=\"twitter:data1\" content=\"1 minute\" \/>\n<script type=\"application\/ld+json\" class=\"yoast-schema-graph\">{\"@context\":\"https:\/\/schema.org\",\"@graph\":[{\"@type\":\"WebPage\",\"@id\":\"https:\/\/wroclaw-info.pl\/zaplanuj-pobyt\/przewodnicy-po-wroclawiu\/zwiedzaj-rowerem\/\",\"url\":\"https:\/\/wroclaw-info.pl\/zaplanuj-pobyt\/przewodnicy-po-wroclawiu\/zwiedzaj-rowerem\/\",\"name\":\"Zwiedzaj rowerem - Centrum Informacji Turystycznej\",\"isPartOf\":{\"@id\":\"https:\/\/wroclaw-info.pl\/#website\"},\"datePublished\":\"2021-07-28T20:36:31+00:00\",\"dateModified\":\"2021-11-28T12:02:06+00:00\",\"breadcrumb\":{\"@id\":\"https:\/\/wroclaw-info.pl\/zaplanuj-pobyt\/przewodnicy-po-wroclawiu\/zwiedzaj-rowerem\/#breadcrumb\"},\"inLanguage\":\"en-GB\",\"potentialAction\":[{\"@type\":\"ReadAction\",\"target\":[\"https:\/\/wroclaw-info.pl\/zaplanuj-pobyt\/przewodnicy-po-wroclawiu\/zwiedzaj-rowerem\/\"]}]},{\"@type\":\"BreadcrumbList\",\"@id\":\"https:\/\/wroclaw-info.pl\/zaplanuj-pobyt\/przewodnicy-po-wroclawiu\/zwiedzaj-rowerem\/#breadcrumb\",\"itemListElement\":[{\"@type\":\"ListItem\",\"position\":1,\"name\":\"Home\",\"item\":\"https:\/\/wroclaw-info.pl\/\"},{\"@type\":\"ListItem\",\"position\":2,\"name\":\"Zaplanuj Pobyt\",\"item\":\"https:\/\/wroclaw-info.pl\/zaplanuj-pobyt\/\"},{\"@type\":\"ListItem\",\"position\":3,\"name\":\"Przewodnicy\",\"item\":\"https:\/\/wroclaw-info.pl\/zaplanuj-pobyt\/przewodnicy-po-wroclawiu\/\"},{\"@type\":\"ListItem\",\"position\":4,\"name\":\"Zwiedzaj rowerem\"}]},{\"@type\":\"WebSite\",\"@id\":\"https:\/\/wroclaw-info.pl\/#website\",\"url\":\"https:\/\/wroclaw-info.pl\/\",\"name\":\"Centrum Informacji Turystycznej\",\"description\":\"Centrum Informacji Turystycznej we Wroc\u0142awiu\",\"publisher\":{\"@id\":\"https:\/\/wroclaw-info.pl\/#organization\"},\"potentialAction\":[{\"@type\":\"SearchAction\",\"target\":{\"@type\":\"EntryPoint\",\"urlTemplate\":\"https:\/\/wroclaw-info.pl\/?s={search_term_string}\"},\"query-input\":\"required name=search_term_string\"}],\"inLanguage\":\"en-GB\"},{\"@type\":\"Organization\",\"@id\":\"https:\/\/wroclaw-info.pl\/#organization\",\"name\":\"Centrum Informacji Turystycznej\",\"url\":\"https:\/\/wroclaw-info.pl\/\",\"logo\":{\"@type\":\"ImageObject\",\"inLanguage\":\"en-GB\",\"@id\":\"https:\/\/wroclaw-info.pl\/#\/schema\/logo\/image\/\",\"url\":\"https:\/\/wroclaw-info.pl\/wp-content\/uploads\/2021\/05\/Wroclaw_info.png\",\"contentUrl\":\"https:\/\/wroclaw-info.pl\/wp-content\/uploads\/2021\/05\/Wroclaw_info.png\",\"width\":591,\"height\":591,\"caption\":\"Centrum Informacji Turystycznej\"},\"image\":{\"@id\":\"https:\/\/wroclaw-info.pl\/#\/schema\/logo\/image\/\"}}]}<\/script>\n<!-- \/ Yoast SEO Premium plugin. -->","yoast_head_json":{"title":"Zwiedzaj rowerem - Centrum Informacji Turystycznej","robots":{"index":"index","follow":"follow","max-snippet":"max-snippet:-1","max-image-preview":"max-image-preview:large","max-video-preview":"max-video-preview:-1"},"canonical":"https:\/\/wroclaw-info.pl\/en\/zaplanuj-pobyt\/przewodnicy-po-wroclawiu\/zwiedzaj-rowerem\/","og_locale":"en_GB","og_type":"article","og_title":"Zwiedzaj rowerem - Centrum Informacji Turystycznej","og_description":"Wroc\u0142aw rowerem Interesuje Ci\u0119 aktywne zwiedzanie? Nie lubisz by\u0107 ograniczany? Polecamy zwiedzanie rowerem &#8211; indywidualnie lub grupowo. Rowerem przez Wroc\u0142aw 1. Rowery od Best City Tours Rowery s\u0105 dost\u0119pne do&hellip;&nbsp;Read More &raquo;Zwiedzaj rowerem","og_url":"https:\/\/wroclaw-info.pl\/en\/zaplanuj-pobyt\/przewodnicy-po-wroclawiu\/zwiedzaj-rowerem\/","og_site_name":"Centrum Informacji Turystycznej","article_modified_time":"2021-11-28T12:02:06+00:00","og_image":[{"url":"https:\/\/wroclaw-info.pl\/wp-content\/uploads\/elementor\/thumbs\/261939764_4807186365959218_8460267652190598523_n-pgp55tp5snwgaq7bv81dest88w6mczy3s4361fx4uo.png"}],"twitter_card":"summary_large_image","twitter_misc":{"Estimated reading time":"1 minute"},"schema":{"@context":"https:\/\/schema.org","@graph":[{"@type":"WebPage","@id":"https:\/\/wroclaw-info.pl\/zaplanuj-pobyt\/przewodnicy-po-wroclawiu\/zwiedzaj-rowerem\/","url":"https:\/\/wroclaw-info.pl\/zaplanuj-pobyt\/przewodnicy-po-wroclawiu\/zwiedzaj-rowerem\/","name":"Zwiedzaj rowerem - Centrum Informacji Turystycznej","isPartOf":{"@id":"https:\/\/wroclaw-info.pl\/#website"},"datePublished":"2021-07-28T20:36:31+00:00","dateModified":"2021-11-28T12:02:06+00:00","breadcrumb":{"@id":"https:\/\/wroclaw-info.pl\/zaplanuj-pobyt\/przewodnicy-po-wroclawiu\/zwiedzaj-rowerem\/#breadcrumb"},"inLanguage":"en-GB","potentialAction":[{"@type":"ReadAction","target":["https:\/\/wroclaw-info.pl\/zaplanuj-pobyt\/przewodnicy-po-wroclawiu\/zwiedzaj-rowerem\/"]}]},{"@type":"BreadcrumbList","@id":"https:\/\/wroclaw-info.pl\/zaplanuj-pobyt\/przewodnicy-po-wroclawiu\/zwiedzaj-rowerem\/#breadcrumb","itemListElement":[{"@type":"ListItem","position":1,"name":"Home","item":"https:\/\/wroclaw-info.pl\/"},{"@type":"ListItem","position":2,"name":"Zaplanuj Pobyt","item":"https:\/\/wroclaw-info.pl\/zaplanuj-pobyt\/"},{"@type":"ListItem","position":3,"name":"Przewodnicy","item":"https:\/\/wroclaw-info.pl\/zaplanuj-pobyt\/przewodnicy-po-wroclawiu\/"},{"@type":"ListItem","position":4,"name":"Zwiedzaj rowerem"}]},{"@type":"WebSite","@id":"https:\/\/wroclaw-info.pl\/#website","url":"https:\/\/wroclaw-info.pl\/","name":"Centrum Informacji Turystycznej","description":"Centrum Informacji Turystycznej we Wroc\u0142awiu","publisher":{"@id":"https:\/\/wroclaw-info.pl\/#organization"},"potentialAction":[{"@type":"SearchAction","target":{"@type":"EntryPoint","urlTemplate":"https:\/\/wroclaw-info.pl\/?s={search_term_string}"},"query-input":"required name=search_term_string"}],"inLanguage":"en-GB"},{"@type":"Organization","@id":"https:\/\/wroclaw-info.pl\/#organization","name":"Centrum Informacji Turystycznej","url":"https:\/\/wroclaw-info.pl\/","logo":{"@type":"ImageObject","inLanguage":"en-GB","@id":"https:\/\/wroclaw-info.pl\/#\/schema\/logo\/image\/","url":"https:\/\/wroclaw-info.pl\/wp-content\/uploads\/2021\/05\/Wroclaw_info.png","contentUrl":"https:\/\/wroclaw-info.pl\/wp-content\/uploads\/2021\/05\/Wroclaw_info.png","width":591,"height":591,"caption":"Centrum Informacji Turystycznej"},"image":{"@id":"https:\/\/wroclaw-info.pl\/#\/schema\/logo\/image\/"}}]}},"_links":{"self":[{"href":"https:\/\/wroclaw-info.pl\/en\/wp-json\/wp\/v2\/pages\/925","targetHints":{"allow":["GET"]}}],"collection":[{"href":"https:\/\/wroclaw-info.pl\/en\/wp-json\/wp\/v2\/pages"}],"about":[{"href":"https:\/\/wroclaw-info.pl\/en\/wp-json\/wp\/v2\/types\/page"}],"author":[{"embeddable":true,"href":"https:\/\/wroclaw-info.pl\/en\/wp-json\/wp\/v2\/users\/1"}],"replies":[{"embeddable":true,"href":"https:\/\/wroclaw-info.pl\/en\/wp-json\/wp\/v2\/comments?post=925"}],"version-history":[{"count":51,"href":"https:\/\/wroclaw-info.pl\/en\/wp-json\/wp\/v2\/pages\/925\/revisions"}],"predecessor-version":[{"id":1476,"href":"https:\/\/wroclaw-info.pl\/en\/wp-json\/wp\/v2\/pages\/925\/revisions\/1476"}],"up":[{"embeddable":true,"href":"https:\/\/wroclaw-info.pl\/en\/wp-json\/wp\/v2\/pages\/899"}],"wp:attachment":[{"href":"https:\/\/wroclaw-info.pl\/en\/wp-json\/wp\/v2\/media?parent=925"}],"curies":[{"name":"wp","href":"https:\/\/api.w.org\/{rel}","templated":true}]}}